{"id":3046,"date":"2024-11-04T06:58:39","date_gmt":"2024-11-04T06:58:39","guid":{"rendered":"https:\/\/sentaiyuanbio.com\/?post_type=product&#038;p=3046"},"modified":"2026-02-13T08:33:31","modified_gmt":"2026-02-13T08:33:31","slug":"ramen-de-frango-instantaneo","status":"publish","type":"product","link":"https:\/\/sentaiyuanbio.com\/pt\/produto\/ramen-de-frango-instantaneo\/","title":{"rendered":"Ramen com sabor a galinha de alta prote\u00edna, Ramen de prote\u00edna a granel"},"content":{"rendered":"<h2>Chicken Ramen Instant\u00e2neo Informa\u00e7\u00e3o nutricional (62 g por por\u00e7\u00e3o)<\/h2>\n<p><img fetchpriority=\"high\" decoding=\"async\" class=\"alignnone wp-image-3051 size-full\" title=\"Ramen de frango instant\u00e2neo\" src=\"https:\/\/sentaiyuanbio.com\/wp-content\/uploads\/2024\/11\/Chicken-Flavor-Instant-Noodles.jpg\" alt=\"Ramen de frango instant\u00e2neo\" width=\"1000\" height=\"1000\" srcset=\"https:\/\/sentaiyuanbio.com\/wp-content\/uploads\/2024\/11\/Chicken-Flavor-Instant-Noodles.jpg 1000w, https:\/\/sentaiyuanbio.com\/wp-content\/uploads\/2024\/11\/Chicken-Flavor-Instant-Noodles-600x600.jpg 600w, https:\/\/sentaiyuanbio.com\/wp-content\/uploads\/2024\/11\/Chicken-Flavor-Instant-Noodles-100x100.jpg 100w, https:\/\/sentaiyuanbio.com\/wp-content\/uploads\/2024\/11\/Chicken-Flavor-Instant-Noodles-300x300.jpg 300w, https:\/\/sentaiyuanbio.com\/wp-content\/uploads\/2024\/11\/Chicken-Flavor-Instant-Noodles-150x150.jpg 150w, https:\/\/sentaiyuanbio.com\/wp-content\/uploads\/2024\/11\/Chicken-Flavor-Instant-Noodles-768x768.jpg 768w\" sizes=\"(max-width: 1000px) 100vw, 1000px\" \/><\/p>\n<table border=\"1\" cellspacing=\"1\">\n<tbody>\n<tr>\n<td align=\"center\" width=\"284\"><b>Energia<\/b><\/td>\n<td align=\"center\" width=\"284\">220 Kcal<\/td>\n<\/tr>\n<tr>\n<td align=\"center\" width=\"284\"><b>Hidratos de carbono<\/b><\/td>\n<td align=\"center\" width=\"284\">21g<\/td>\n<\/tr>\n<tr>\n<td align=\"center\" width=\"284\"><b>Gordura total<\/b><\/td>\n<td align=\"center\" width=\"284\">2.5g<\/td>\n<\/tr>\n<tr>\n<td align=\"center\" width=\"284\"><b>Prote\u00edna<\/b><\/td>\n<td align=\"center\" width=\"284\">32g<\/td>\n<\/tr>\n<tr>\n<td align=\"center\" width=\"284\"><b>Fibra alimentar<\/b><\/td>\n<td align=\"center\" width=\"284\">5g<\/td>\n<\/tr>\n<tr>\n<td align=\"center\" width=\"284\"><b>S\u00f3dio<\/b><\/td>\n<td align=\"center\" width=\"284\">700 mg<\/td>\n<\/tr>\n<tr>\n<td align=\"center\" width=\"284\"><b>Ferro<\/b><\/td>\n<td align=\"center\" width=\"284\">4,9 mg<\/td>\n<\/tr>\n<tr>\n<td align=\"center\" width=\"284\"><b>Pot\u00e1ssio<\/b><\/td>\n<td align=\"center\" width=\"284\">164 mg<\/td>\n<\/tr>\n<tr>\n<td align=\"center\" width=\"284\"><b>C\u00e1lcio<\/b><\/td>\n<td align=\"center\" width=\"284\">47,8 mg<\/td>\n<\/tr>\n<\/tbody>\n<\/table>\n<h2>Macarr\u00e3o instant\u00e2neo com alto teor de prote\u00edna, massa de prote\u00edna a granel Carater\u00edsticas<\/h2>\n<ul>\n<li>Prote\u00edna elevada<\/li>\n<li>Secagem ao ar<\/li>\n<li>Baixo teor de carboidratos<\/li>\n<li>\u00c0 base de plantas<\/li>\n<li>N\u00e3o frito<\/li>\n<li>Baixo teor de gordura<\/li>\n<\/ul>\n<p><img decoding=\"async\" class=\"alignnone wp-image-3052 size-full\" title=\"Massa instant\u00e2nea rica em prote\u00ednas\" src=\"https:\/\/sentaiyuanbio.com\/wp-content\/uploads\/2024\/11\/ramen-chicken-packet-1.jpg\" alt=\"Massa instant\u00e2nea rica em prote\u00ednas\" width=\"1000\" height=\"1000\" srcset=\"https:\/\/sentaiyuanbio.com\/wp-content\/uploads\/2024\/11\/ramen-chicken-packet-1.jpg 1000w, https:\/\/sentaiyuanbio.com\/wp-content\/uploads\/2024\/11\/ramen-chicken-packet-1-600x600.jpg 600w, https:\/\/sentaiyuanbio.com\/wp-content\/uploads\/2024\/11\/ramen-chicken-packet-1-100x100.jpg 100w, https:\/\/sentaiyuanbio.com\/wp-content\/uploads\/2024\/11\/ramen-chicken-packet-1-300x300.jpg 300w, https:\/\/sentaiyuanbio.com\/wp-content\/uploads\/2024\/11\/ramen-chicken-packet-1-150x150.jpg 150w, https:\/\/sentaiyuanbio.com\/wp-content\/uploads\/2024\/11\/ramen-chicken-packet-1-768x768.jpg 768w\" sizes=\"(max-width: 1000px) 100vw, 1000px\" \/><img decoding=\"async\" class=\"alignnone wp-image-3053 size-full\" src=\"https:\/\/sentaiyuanbio.com\/wp-content\/uploads\/2024\/11\/ramen-chicken-packet-2.jpg\" alt=\"Massa instant\u00e2nea rica em prote\u00ednas\" width=\"1000\" height=\"1000\" srcset=\"https:\/\/sentaiyuanbio.com\/wp-content\/uploads\/2024\/11\/ramen-chicken-packet-2.jpg 1000w, https:\/\/sentaiyuanbio.com\/wp-content\/uploads\/2024\/11\/ramen-chicken-packet-2-600x600.jpg 600w, https:\/\/sentaiyuanbio.com\/wp-content\/uploads\/2024\/11\/ramen-chicken-packet-2-100x100.jpg 100w, https:\/\/sentaiyuanbio.com\/wp-content\/uploads\/2024\/11\/ramen-chicken-packet-2-300x300.jpg 300w, https:\/\/sentaiyuanbio.com\/wp-content\/uploads\/2024\/11\/ramen-chicken-packet-2-150x150.jpg 150w, https:\/\/sentaiyuanbio.com\/wp-content\/uploads\/2024\/11\/ramen-chicken-packet-2-768x768.jpg 768w\" sizes=\"(max-width: 1000px) 100vw, 1000px\" \/><img loading=\"lazy\" decoding=\"async\" class=\"alignnone wp-image-3054 size-full\" src=\"https:\/\/sentaiyuanbio.com\/wp-content\/uploads\/2024\/11\/ramen-chicken-packet-5.jpg\" alt=\"pacote de frango ramen\" width=\"1000\" height=\"1000\" srcset=\"https:\/\/sentaiyuanbio.com\/wp-content\/uploads\/2024\/11\/ramen-chicken-packet-5.jpg 1000w, https:\/\/sentaiyuanbio.com\/wp-content\/uploads\/2024\/11\/ramen-chicken-packet-5-600x600.jpg 600w, https:\/\/sentaiyuanbio.com\/wp-content\/uploads\/2024\/11\/ramen-chicken-packet-5-100x100.jpg 100w, https:\/\/sentaiyuanbio.com\/wp-content\/uploads\/2024\/11\/ramen-chicken-packet-5-300x300.jpg 300w, https:\/\/sentaiyuanbio.com\/wp-content\/uploads\/2024\/11\/ramen-chicken-packet-5-150x150.jpg 150w, https:\/\/sentaiyuanbio.com\/wp-content\/uploads\/2024\/11\/ramen-chicken-packet-5-768x768.jpg 768w\" sizes=\"(max-width: 1000px) 100vw, 1000px\" \/><img loading=\"lazy\" decoding=\"async\" class=\"alignnone wp-image-3055 size-full\" src=\"https:\/\/sentaiyuanbio.com\/wp-content\/uploads\/2024\/11\/ramen-chicken-packet-6.jpg\" alt=\"pacote de frango ramen\" width=\"1000\" height=\"1000\" srcset=\"https:\/\/sentaiyuanbio.com\/wp-content\/uploads\/2024\/11\/ramen-chicken-packet-6.jpg 1000w, https:\/\/sentaiyuanbio.com\/wp-content\/uploads\/2024\/11\/ramen-chicken-packet-6-600x600.jpg 600w, https:\/\/sentaiyuanbio.com\/wp-content\/uploads\/2024\/11\/ramen-chicken-packet-6-100x100.jpg 100w, https:\/\/sentaiyuanbio.com\/wp-content\/uploads\/2024\/11\/ramen-chicken-packet-6-300x300.jpg 300w, https:\/\/sentaiyuanbio.com\/wp-content\/uploads\/2024\/11\/ramen-chicken-packet-6-150x150.jpg 150w, https:\/\/sentaiyuanbio.com\/wp-content\/uploads\/2024\/11\/ramen-chicken-packet-6-768x768.jpg 768w\" sizes=\"(max-width: 1000px) 100vw, 1000px\" \/><img loading=\"lazy\" decoding=\"async\" class=\"alignnone wp-image-3056 size-full\" src=\"https:\/\/sentaiyuanbio.com\/wp-content\/uploads\/2024\/11\/ramen-chicken-packet-3.jpg\" alt=\"pacote de frango ramen\" width=\"1000\" height=\"1000\" srcset=\"https:\/\/sentaiyuanbio.com\/wp-content\/uploads\/2024\/11\/ramen-chicken-packet-3.jpg 1000w, https:\/\/sentaiyuanbio.com\/wp-content\/uploads\/2024\/11\/ramen-chicken-packet-3-600x600.jpg 600w, https:\/\/sentaiyuanbio.com\/wp-content\/uploads\/2024\/11\/ramen-chicken-packet-3-100x100.jpg 100w, https:\/\/sentaiyuanbio.com\/wp-content\/uploads\/2024\/11\/ramen-chicken-packet-3-300x300.jpg 300w, https:\/\/sentaiyuanbio.com\/wp-content\/uploads\/2024\/11\/ramen-chicken-packet-3-150x150.jpg 150w, https:\/\/sentaiyuanbio.com\/wp-content\/uploads\/2024\/11\/ramen-chicken-packet-3-768x768.jpg 768w\" sizes=\"(max-width: 1000px) 100vw, 1000px\" \/><\/p>","protected":false},"excerpt":{"rendered":"<p><strong>Ingredientes de Ramen de Frango com elevado teor proteico<\/strong>: Gl\u00faten de trigo vital, Prote\u00edna de ervilha, Farinha de trigo, Farinha de trigo sarraceno, Fibra de ervilha em p\u00f3, Farinha de arroz glutinoso, Folha de amoreira, <a href=\"https:\/\/sentaiyuanbio.com\/pt\/produto\/po-de-konjac\/\" target=\"_blank\" rel=\"noopener\">P\u00f3 de konjac<\/a>, <a href=\"https:\/\/hethstia.com\/konjac-powder-vs-xanthan-gum\/\" target=\"_blank\" rel=\"noopener\">Goma xantana<\/a>, Carbonato de s\u00f3dio.<\/p>\n<p><strong>Tempero para frango<\/strong>: Maltodextrina, a\u00e7\u00facar branco granulado, sal, ess\u00eancia alimentar, 5\u2019-ribonucle\u00f3tido diss\u00f3dico, alho em p\u00f3, cebola em p\u00f3, gengibre em p\u00f3, prote\u00edna vegetal hidrolisada, extrato de levedura, pimenta branca, malagueta em p\u00f3, caril em p\u00f3, curcuma em p\u00f3, di\u00f3xido de sil\u00edcio.<\/p>","protected":false},"featured_media":5510,"template":"","meta":{"site-sidebar-layout":"default","site-content-layout":"","ast-site-content-layout":"default","site-content-style":"default","site-sidebar-style":"default","ast-global-header-display":"","ast-banner-title-visibility":"","ast-main-header-display":"","ast-hfb-above-header-display":"","ast-hfb-below-header-display":"","ast-hfb-mobile-header-display":"","site-post-title":"","ast-breadcrumbs-content":"","ast-featured-img":"","footer-sml-layout":"","ast-disable-related-posts":"","theme-transparent-header-meta":"default","adv-header-id-meta":"","stick-header-meta":"default","header-above-stick-meta":"","header-main-stick-meta":"","header-below-stick-meta":"","astra-migrate-meta-layouts":"set","ast-page-background-enabled":"default","ast-page-background-meta":{"desktop":{"background-color":"","background-image":"","background-repeat":"repeat","background-position":"center center","background-size":"auto","background-attachment":"scroll","background-type":"","background-media":"","overlay-type":"","overlay-color":"","overlay-opacity":"","overlay-gradient":""},"tablet":{"background-color":"","background-image":"","background-repeat":"repeat","background-position":"center center","background-size":"auto","background-attachment":"scroll","background-type":"","background-media":"","overlay-type":"","overlay-color":"","overlay-opacity":"","overlay-gradient":""},"mobile":{"background-color":"","background-image":"","background-repeat":"repeat","background-position":"center center","background-size":"auto","background-attachment":"scroll","background-type":"","background-media":"","overlay-type":"","overlay-color":"","overlay-opacity":"","overlay-gradient":""}},"ast-content-background-meta":{"desktop":{"background-color":"var(--ast-global-color-5)","background-image":"","background-repeat":"repeat","background-position":"center center","background-size":"auto","background-attachment":"scroll","background-type":"","background-media":"","overlay-type":"","overlay-color":"","overlay-opacity":"","overlay-gradient":""},"tablet":{"background-color":"var(--ast-global-color-5)","background-image":"","background-repeat":"repeat","background-position":"center center","background-size":"auto","background-attachment":"scroll","background-type":"","background-media":"","overlay-type":"","overlay-color":"","overlay-opacity":"","overlay-gradient":""},"mobile":{"background-color":"var(--ast-global-color-5)","background-image":"","background-repeat":"repeat","background-position":"center center","background-size":"auto","background-attachment":"scroll","background-type":"","background-media":"","overlay-type":"","overlay-color":"","overlay-opacity":"","overlay-gradient":""}}},"product_brand":[],"product_cat":[248],"product_tag":[],"class_list":{"0":"post-3046","1":"product","2":"type-product","3":"status-publish","4":"has-post-thumbnail","6":"product_cat-low-carb-high-protein-noodles","7":"desktop-align-left","8":"tablet-align-left","9":"mobile-align-left","10":"ast-product-gallery-layout-horizontal-slider","11":"ast-product-tabs-layout-horizontal","13":"first","14":"instock","15":"shipping-taxable","16":"product-type-simple"},"_links":{"self":[{"href":"https:\/\/sentaiyuanbio.com\/pt\/wp-json\/wp\/v2\/product\/3046","targetHints":{"allow":["GET"]}}],"collection":[{"href":"https:\/\/sentaiyuanbio.com\/pt\/wp-json\/wp\/v2\/product"}],"about":[{"href":"https:\/\/sentaiyuanbio.com\/pt\/wp-json\/wp\/v2\/types\/product"}],"version-history":[{"count":0,"href":"https:\/\/sentaiyuanbio.com\/pt\/wp-json\/wp\/v2\/product\/3046\/revisions"}],"wp:featuredmedia":[{"embeddable":true,"href":"https:\/\/sentaiyuanbio.com\/pt\/wp-json\/wp\/v2\/media\/5510"}],"wp:attachment":[{"href":"https:\/\/sentaiyuanbio.com\/pt\/wp-json\/wp\/v2\/media?parent=3046"}],"wp:term":[{"taxonomy":"product_brand","embeddable":true,"href":"https:\/\/sentaiyuanbio.com\/pt\/wp-json\/wp\/v2\/product_brand?post=3046"},{"taxonomy":"product_cat","embeddable":true,"href":"https:\/\/sentaiyuanbio.com\/pt\/wp-json\/wp\/v2\/product_cat?post=3046"},{"taxonomy":"product_tag","embeddable":true,"href":"https:\/\/sentaiyuanbio.com\/pt\/wp-json\/wp\/v2\/product_tag?post=3046"}],"curies":[{"name":"wp","href":"https:\/\/api.w.org\/{rel}","templated":true}]}}