{"id":3061,"date":"2024-11-05T06:41:49","date_gmt":"2024-11-05T06:41:49","guid":{"rendered":"https:\/\/sentaiyuanbio.com\/?post_type=product&#038;p=3061"},"modified":"2026-02-13T08:33:23","modified_gmt":"2026-02-13T08:33:23","slug":"pacote-de-massa-ramen-de-carne","status":"publish","type":"product","link":"https:\/\/sentaiyuanbio.com\/pt\/produto\/pacote-de-massa-ramen-de-carne\/","title":{"rendered":"Pacote de Ramen com sabor a carne de vaca com elevado teor de prote\u00ednas, Ramen a granel com prote\u00ednas"},"content":{"rendered":"<h2>Ramen de carne de vaca com elevado teor proteico, massa proteica Informa\u00e7\u00e3o nutricional a granel<\/h2>\n<table border=\"1\" cellspacing=\"1\">\n<tbody>\n<tr>\n<td colspan=\"2\" align=\"center\">Factos nutricionais por pacote (62g)<\/td>\n<\/tr>\n<tr>\n<td align=\"center\" width=\"284\"><b>Energia<\/b><\/td>\n<td align=\"center\" width=\"284\">230kcal<\/td>\n<\/tr>\n<tr>\n<td align=\"center\" width=\"284\"><b>Prote\u00edna<\/b><\/td>\n<td align=\"center\" width=\"284\">32g<\/td>\n<\/tr>\n<tr>\n<td align=\"center\" width=\"284\"><b>Gordura total<\/b><\/td>\n<td align=\"center\" width=\"284\">3g<\/td>\n<\/tr>\n<tr>\n<td align=\"center\" width=\"284\"><b>Hidratos de carbono totais<\/b><\/td>\n<td align=\"center\" width=\"284\">21g<\/td>\n<\/tr>\n<tr>\n<td align=\"center\" width=\"284\"><b>Fibra alimentar<\/b><\/td>\n<td align=\"center\" width=\"284\">5g<\/td>\n<\/tr>\n<tr>\n<td align=\"center\" width=\"284\"><b>S\u00f3dio<\/b><\/td>\n<td align=\"center\" width=\"284\">630mg<\/td>\n<\/tr>\n<\/tbody>\n<\/table>\n<p><img fetchpriority=\"high\" decoding=\"async\" class=\"alignnone wp-image-3066 size-full\" src=\"https:\/\/sentaiyuanbio.com\/wp-content\/uploads\/2024\/11\/High-Protein-Noodles-2.jpg\" alt=\"Pacote de massa Ramen de carne\" width=\"1000\" height=\"1000\" srcset=\"https:\/\/sentaiyuanbio.com\/wp-content\/uploads\/2024\/11\/High-Protein-Noodles-2.jpg 1000w, https:\/\/sentaiyuanbio.com\/wp-content\/uploads\/2024\/11\/High-Protein-Noodles-2-600x600.jpg 600w, https:\/\/sentaiyuanbio.com\/wp-content\/uploads\/2024\/11\/High-Protein-Noodles-2-100x100.jpg 100w, https:\/\/sentaiyuanbio.com\/wp-content\/uploads\/2024\/11\/High-Protein-Noodles-2-300x300.jpg 300w, https:\/\/sentaiyuanbio.com\/wp-content\/uploads\/2024\/11\/High-Protein-Noodles-2-150x150.jpg 150w, https:\/\/sentaiyuanbio.com\/wp-content\/uploads\/2024\/11\/High-Protein-Noodles-2-768x768.jpg 768w\" sizes=\"(max-width: 1000px) 100vw, 1000px\" \/><\/p>\n<h2>Compara\u00e7\u00e3o entre o macarr\u00e3o Ramen de carne e o macarr\u00e3o instant\u00e2neo tradicional<\/h2>\n<p><img decoding=\"async\" class=\"alignnone wp-image-5058 size-full\" title=\"Pacote de massa Ramen de carne\" src=\"https:\/\/sentaiyuanbio.com\/wp-content\/uploads\/2024\/11\/Beef-Ramen-Noodles-Packet_1-8.webp\" alt=\"Pacote de massa Ramen de carne\" width=\"1000\" height=\"1000\" srcset=\"https:\/\/sentaiyuanbio.com\/wp-content\/uploads\/2024\/11\/Beef-Ramen-Noodles-Packet_1-8.webp 1000w, https:\/\/sentaiyuanbio.com\/wp-content\/uploads\/2024\/11\/Beef-Ramen-Noodles-Packet_1-8-600x600.webp 600w, https:\/\/sentaiyuanbio.com\/wp-content\/uploads\/2024\/11\/Beef-Ramen-Noodles-Packet_1-8-100x100.webp 100w, https:\/\/sentaiyuanbio.com\/wp-content\/uploads\/2024\/11\/Beef-Ramen-Noodles-Packet_1-8-300x300.webp 300w, https:\/\/sentaiyuanbio.com\/wp-content\/uploads\/2024\/11\/Beef-Ramen-Noodles-Packet_1-8-150x150.webp 150w, https:\/\/sentaiyuanbio.com\/wp-content\/uploads\/2024\/11\/Beef-Ramen-Noodles-Packet_1-8-768x768.webp 768w\" sizes=\"(max-width: 1000px) 100vw, 1000px\" \/><\/p>\n<h2>Ramen instant\u00e2neo com elevado teor proteico e sabor a carne picante<\/h2>\n<p><img decoding=\"async\" class=\"alignnone wp-image-5059 size-full\" title=\"Massas proteicas a granel\" src=\"https:\/\/sentaiyuanbio.com\/wp-content\/uploads\/2024\/11\/Protein-Pasta-Bulk_1-1.webp\" alt=\"Massas proteicas a granel\" width=\"750\" height=\"577\" srcset=\"https:\/\/sentaiyuanbio.com\/wp-content\/uploads\/2024\/11\/Protein-Pasta-Bulk_1-1.webp 750w, https:\/\/sentaiyuanbio.com\/wp-content\/uploads\/2024\/11\/Protein-Pasta-Bulk_1-1-300x231.webp 300w, https:\/\/sentaiyuanbio.com\/wp-content\/uploads\/2024\/11\/Protein-Pasta-Bulk_1-1-600x462.webp 600w\" sizes=\"(max-width: 750px) 100vw, 750px\" \/> <img loading=\"lazy\" decoding=\"async\" class=\"alignnone wp-image-5060 size-full\" title=\"Massas proteicas a granel\" src=\"https:\/\/sentaiyuanbio.com\/wp-content\/uploads\/2024\/11\/Protein-Pasta-Bulk_1-2.webp\" alt=\"Massas proteicas a granel\" width=\"750\" height=\"476\" srcset=\"https:\/\/sentaiyuanbio.com\/wp-content\/uploads\/2024\/11\/Protein-Pasta-Bulk_1-2.webp 750w, https:\/\/sentaiyuanbio.com\/wp-content\/uploads\/2024\/11\/Protein-Pasta-Bulk_1-2-300x190.webp 300w, https:\/\/sentaiyuanbio.com\/wp-content\/uploads\/2024\/11\/Protein-Pasta-Bulk_1-2-600x381.webp 600w\" sizes=\"(max-width: 750px) 100vw, 750px\" \/> <img loading=\"lazy\" decoding=\"async\" class=\"alignnone wp-image-5061 size-full\" title=\"Massas proteicas a granel\" src=\"https:\/\/sentaiyuanbio.com\/wp-content\/uploads\/2024\/11\/Protein-Pasta-Bulk_1-3.webp\" alt=\"Massas proteicas a granel\" width=\"750\" height=\"575\" srcset=\"https:\/\/sentaiyuanbio.com\/wp-content\/uploads\/2024\/11\/Protein-Pasta-Bulk_1-3.webp 750w, https:\/\/sentaiyuanbio.com\/wp-content\/uploads\/2024\/11\/Protein-Pasta-Bulk_1-3-300x230.webp 300w, https:\/\/sentaiyuanbio.com\/wp-content\/uploads\/2024\/11\/Protein-Pasta-Bulk_1-3-600x460.webp 600w\" sizes=\"(max-width: 750px) 100vw, 750px\" \/> <img loading=\"lazy\" decoding=\"async\" class=\"alignnone wp-image-5062 size-full\" title=\"Massas proteicas a granel\" src=\"https:\/\/sentaiyuanbio.com\/wp-content\/uploads\/2024\/11\/Protein-Pasta-Bulk_1-4.webp\" alt=\"Massas proteicas a granel\" width=\"750\" height=\"597\" srcset=\"https:\/\/sentaiyuanbio.com\/wp-content\/uploads\/2024\/11\/Protein-Pasta-Bulk_1-4.webp 750w, https:\/\/sentaiyuanbio.com\/wp-content\/uploads\/2024\/11\/Protein-Pasta-Bulk_1-4-300x239.webp 300w, https:\/\/sentaiyuanbio.com\/wp-content\/uploads\/2024\/11\/Protein-Pasta-Bulk_1-4-600x478.webp 600w\" sizes=\"(max-width: 750px) 100vw, 750px\" \/> <img loading=\"lazy\" decoding=\"async\" class=\"alignnone wp-image-5063 size-full\" title=\"Massas proteicas a granel\" src=\"https:\/\/sentaiyuanbio.com\/wp-content\/uploads\/2024\/11\/Protein-Pasta-Bulk_1-5.webp\" alt=\"Massas proteicas a granel\" width=\"750\" height=\"600\" srcset=\"https:\/\/sentaiyuanbio.com\/wp-content\/uploads\/2024\/11\/Protein-Pasta-Bulk_1-5.webp 750w, https:\/\/sentaiyuanbio.com\/wp-content\/uploads\/2024\/11\/Protein-Pasta-Bulk_1-5-300x240.webp 300w, https:\/\/sentaiyuanbio.com\/wp-content\/uploads\/2024\/11\/Protein-Pasta-Bulk_1-5-600x480.webp 600w\" sizes=\"(max-width: 750px) 100vw, 750px\" \/> <img loading=\"lazy\" decoding=\"async\" class=\"alignnone wp-image-5064 size-full\" title=\"Massas proteicas a granel\" src=\"https:\/\/sentaiyuanbio.com\/wp-content\/uploads\/2024\/11\/Protein-Pasta-Bulk_1-6.webp\" alt=\"Massas proteicas a granel\" width=\"750\" height=\"601\" srcset=\"https:\/\/sentaiyuanbio.com\/wp-content\/uploads\/2024\/11\/Protein-Pasta-Bulk_1-6.webp 750w, https:\/\/sentaiyuanbio.com\/wp-content\/uploads\/2024\/11\/Protein-Pasta-Bulk_1-6-300x240.webp 300w, https:\/\/sentaiyuanbio.com\/wp-content\/uploads\/2024\/11\/Protein-Pasta-Bulk_1-6-600x481.webp 600w\" sizes=\"(max-width: 750px) 100vw, 750px\" \/> <img loading=\"lazy\" decoding=\"async\" class=\"alignnone wp-image-5065 size-full\" title=\"Massas proteicas a granel\" src=\"https:\/\/sentaiyuanbio.com\/wp-content\/uploads\/2024\/11\/Protein-Pasta-Bulk_1-7.webp\" alt=\"Massas proteicas a granel\" width=\"750\" height=\"479\" srcset=\"https:\/\/sentaiyuanbio.com\/wp-content\/uploads\/2024\/11\/Protein-Pasta-Bulk_1-7.webp 750w, https:\/\/sentaiyuanbio.com\/wp-content\/uploads\/2024\/11\/Protein-Pasta-Bulk_1-7-300x192.webp 300w, https:\/\/sentaiyuanbio.com\/wp-content\/uploads\/2024\/11\/Protein-Pasta-Bulk_1-7-600x383.webp 600w\" sizes=\"(max-width: 750px) 100vw, 750px\" \/><\/p>","protected":false},"excerpt":{"rendered":"<p>Pacote de massa Ramen de carne de vaca Ingredientes: Gl\u00faten de trigo vital, Prote\u00edna de ervilha, Farinha de trigo, Farinha de trigo sarraceno, Fibra de ervilha em p\u00f3, Farinha de arroz glutinoso, Folha de amora, <a href=\"https:\/\/sentaiyuanbio.com\/pt\/categoria-produto\/fibra-alimentar-de-konjac\/\" target=\"_blank\" rel=\"noopener\">P\u00f3 de konjac<\/a>, Goma xantana, <a href=\"https:\/\/pubchem.ncbi.nlm.nih.gov\/compound\/Sodium-Carbonate\" target=\"_blank\" rel=\"noopener\">Carbonato de s\u00f3dio<\/a>. Legumes: Cebolinha verde, Cenoura.<\/p>\n<p>Tempero para carne de vaca: Maltodextrina, sal, a\u00e7\u00facar branco granulado, coco em p\u00f3, edibleessence, 5\u2032-ribonucle\u00f3tido diss\u00f3dico, prote\u00edna vegetal hidrolisada, cebola em p\u00f3, malagueta em p\u00f3, alho em p\u00f3, extrato de levedura, condimento (caril em p\u00f3, pimenta mo\u00edda), di\u00f3xido de sil\u00edcio.<\/p>","protected":false},"featured_media":5119,"template":"","meta":{"site-sidebar-layout":"default","site-content-layout":"","ast-site-content-layout":"default","site-content-style":"default","site-sidebar-style":"default","ast-global-header-display":"","ast-banner-title-visibility":"","ast-main-header-display":"","ast-hfb-above-header-display":"","ast-hfb-below-header-display":"","ast-hfb-mobile-header-display":"","site-post-title":"","ast-breadcrumbs-content":"","ast-featured-img":"","footer-sml-layout":"","ast-disable-related-posts":"","theme-transparent-header-meta":"default","adv-header-id-meta":"","stick-header-meta":"default","header-above-stick-meta":"","header-main-stick-meta":"","header-below-stick-meta":"","astra-migrate-meta-layouts":"set","ast-page-background-enabled":"default","ast-page-background-meta":{"desktop":{"background-color":"","background-image":"","background-repeat":"repeat","background-position":"center center","background-size":"auto","background-attachment":"scroll","background-type":"","background-media":"","overlay-type":"","overlay-color":"","overlay-opacity":"","overlay-gradient":""},"tablet":{"background-color":"","background-image":"","background-repeat":"repeat","background-position":"center center","background-size":"auto","background-attachment":"scroll","background-type":"","background-media":"","overlay-type":"","overlay-color":"","overlay-opacity":"","overlay-gradient":""},"mobile":{"background-color":"","background-image":"","background-repeat":"repeat","background-position":"center center","background-size":"auto","background-attachment":"scroll","background-type":"","background-media":"","overlay-type":"","overlay-color":"","overlay-opacity":"","overlay-gradient":""}},"ast-content-background-meta":{"desktop":{"background-color":"var(--ast-global-color-5)","background-image":"","background-repeat":"repeat","background-position":"center center","background-size":"auto","background-attachment":"scroll","background-type":"","background-media":"","overlay-type":"","overlay-color":"","overlay-opacity":"","overlay-gradient":""},"tablet":{"background-color":"var(--ast-global-color-5)","background-image":"","background-repeat":"repeat","background-position":"center center","background-size":"auto","background-attachment":"scroll","background-type":"","background-media":"","overlay-type":"","overlay-color":"","overlay-opacity":"","overlay-gradient":""},"mobile":{"background-color":"var(--ast-global-color-5)","background-image":"","background-repeat":"repeat","background-position":"center center","background-size":"auto","background-attachment":"scroll","background-type":"","background-media":"","overlay-type":"","overlay-color":"","overlay-opacity":"","overlay-gradient":""}}},"product_brand":[],"product_cat":[248],"product_tag":[],"class_list":{"0":"post-3061","1":"product","2":"type-product","3":"status-publish","4":"has-post-thumbnail","6":"product_cat-low-carb-high-protein-noodles","7":"desktop-align-left","8":"tablet-align-left","9":"mobile-align-left","10":"ast-product-gallery-layout-horizontal-slider","11":"ast-product-tabs-layout-horizontal","13":"first","14":"instock","15":"shipping-taxable","16":"product-type-simple"},"_links":{"self":[{"href":"https:\/\/sentaiyuanbio.com\/pt\/wp-json\/wp\/v2\/product\/3061","targetHints":{"allow":["GET"]}}],"collection":[{"href":"https:\/\/sentaiyuanbio.com\/pt\/wp-json\/wp\/v2\/product"}],"about":[{"href":"https:\/\/sentaiyuanbio.com\/pt\/wp-json\/wp\/v2\/types\/product"}],"version-history":[{"count":0,"href":"https:\/\/sentaiyuanbio.com\/pt\/wp-json\/wp\/v2\/product\/3061\/revisions"}],"wp:featuredmedia":[{"embeddable":true,"href":"https:\/\/sentaiyuanbio.com\/pt\/wp-json\/wp\/v2\/media\/5119"}],"wp:attachment":[{"href":"https:\/\/sentaiyuanbio.com\/pt\/wp-json\/wp\/v2\/media?parent=3061"}],"wp:term":[{"taxonomy":"product_brand","embeddable":true,"href":"https:\/\/sentaiyuanbio.com\/pt\/wp-json\/wp\/v2\/product_brand?post=3061"},{"taxonomy":"product_cat","embeddable":true,"href":"https:\/\/sentaiyuanbio.com\/pt\/wp-json\/wp\/v2\/product_cat?post=3061"},{"taxonomy":"product_tag","embeddable":true,"href":"https:\/\/sentaiyuanbio.com\/pt\/wp-json\/wp\/v2\/product_tag?post=3061"}],"curies":[{"name":"wp","href":"https:\/\/api.w.org\/{rel}","templated":true}]}}