{"id":3074,"date":"2024-11-06T07:28:53","date_gmt":"2024-11-06T07:28:53","guid":{"rendered":"https:\/\/sentaiyuanbio.com\/?post_type=product&#038;p=3074"},"modified":"2026-02-13T08:27:06","modified_gmt":"2026-02-13T08:27:06","slug":"macarrao-instantaneo-com-osso-de-porco","status":"publish","type":"product","link":"https:\/\/sentaiyuanbio.com\/pt\/produto\/macarrao-instantaneo-com-osso-de-porco\/","title":{"rendered":"Ramen com sabor a carne de porco Tonkotsu com alto teor de prote\u00ednas, Ramen a granel com prote\u00ednas"},"content":{"rendered":"<h2>Macarr\u00e3o instant\u00e2neo Tonkotsu de carne de porco, Ramen de prote\u00edna a granel Factos nutricionais<\/h2>\n<p><img fetchpriority=\"high\" decoding=\"async\" class=\"alignnone wp-image-3081 size-full\" src=\"https:\/\/sentaiyuanbio.com\/wp-content\/uploads\/2024\/11\/pork-bone-noodle-3.jpg\" alt=\"Massa com baixo teor cal\u00f3rico e elevado teor proteico\" width=\"1000\" height=\"1000\" srcset=\"https:\/\/sentaiyuanbio.com\/wp-content\/uploads\/2024\/11\/pork-bone-noodle-3.jpg 1000w, https:\/\/sentaiyuanbio.com\/wp-content\/uploads\/2024\/11\/pork-bone-noodle-3-600x600.jpg 600w, https:\/\/sentaiyuanbio.com\/wp-content\/uploads\/2024\/11\/pork-bone-noodle-3-100x100.jpg 100w, https:\/\/sentaiyuanbio.com\/wp-content\/uploads\/2024\/11\/pork-bone-noodle-3-300x300.jpg 300w, https:\/\/sentaiyuanbio.com\/wp-content\/uploads\/2024\/11\/pork-bone-noodle-3-150x150.jpg 150w, https:\/\/sentaiyuanbio.com\/wp-content\/uploads\/2024\/11\/pork-bone-noodle-3-768x768.jpg 768w\" sizes=\"(max-width: 1000px) 100vw, 1000px\" \/><\/p>\n<h2>Ramen com baixo teor cal\u00f3rico e elevado teor proteico<\/h2>\n<p><img decoding=\"async\" class=\"alignnone wp-image-3080 size-full\" style=\"font-style: inherit; font-weight: 600;\" src=\"https:\/\/sentaiyuanbio.com\/wp-content\/uploads\/2024\/11\/pork-bone-noodle-2.jpg\" alt=\"Massa com baixo teor cal\u00f3rico e elevado teor proteico\" width=\"1000\" height=\"1000\" srcset=\"https:\/\/sentaiyuanbio.com\/wp-content\/uploads\/2024\/11\/pork-bone-noodle-2.jpg 1000w, https:\/\/sentaiyuanbio.com\/wp-content\/uploads\/2024\/11\/pork-bone-noodle-2-600x600.jpg 600w, https:\/\/sentaiyuanbio.com\/wp-content\/uploads\/2024\/11\/pork-bone-noodle-2-100x100.jpg 100w, https:\/\/sentaiyuanbio.com\/wp-content\/uploads\/2024\/11\/pork-bone-noodle-2-300x300.jpg 300w, https:\/\/sentaiyuanbio.com\/wp-content\/uploads\/2024\/11\/pork-bone-noodle-2-150x150.jpg 150w, https:\/\/sentaiyuanbio.com\/wp-content\/uploads\/2024\/11\/pork-bone-noodle-2-768x768.jpg 768w\" sizes=\"(max-width: 1000px) 100vw, 1000px\" \/><\/p>\n<h2>Comparado com o Ramen tradicional<\/h2>\n<p><img decoding=\"async\" class=\"alignnone wp-image-3082 size-full\" src=\"https:\/\/sentaiyuanbio.com\/wp-content\/uploads\/2024\/11\/pork-bone-noodle-4.jpg\" alt=\"Massa com baixo teor cal\u00f3rico e elevado teor proteico\" width=\"1000\" height=\"1000\" srcset=\"https:\/\/sentaiyuanbio.com\/wp-content\/uploads\/2024\/11\/pork-bone-noodle-4.jpg 1000w, https:\/\/sentaiyuanbio.com\/wp-content\/uploads\/2024\/11\/pork-bone-noodle-4-600x600.jpg 600w, https:\/\/sentaiyuanbio.com\/wp-content\/uploads\/2024\/11\/pork-bone-noodle-4-100x100.jpg 100w, https:\/\/sentaiyuanbio.com\/wp-content\/uploads\/2024\/11\/pork-bone-noodle-4-300x300.jpg 300w, https:\/\/sentaiyuanbio.com\/wp-content\/uploads\/2024\/11\/pork-bone-noodle-4-150x150.jpg 150w, https:\/\/sentaiyuanbio.com\/wp-content\/uploads\/2024\/11\/pork-bone-noodle-4-768x768.jpg 768w\" sizes=\"(max-width: 1000px) 100vw, 1000px\" \/><img loading=\"lazy\" decoding=\"async\" class=\"alignnone wp-image-3079 size-full\" style=\"font-size: 16px; font-style: inherit; font-weight: inherit;\" src=\"https:\/\/sentaiyuanbio.com\/wp-content\/uploads\/2024\/11\/pork-bone-noodle-1.jpg\" alt=\"Massa instant\u00e2nea rica em prote\u00ednas\" width=\"1000\" height=\"1000\" srcset=\"https:\/\/sentaiyuanbio.com\/wp-content\/uploads\/2024\/11\/pork-bone-noodle-1.jpg 1000w, https:\/\/sentaiyuanbio.com\/wp-content\/uploads\/2024\/11\/pork-bone-noodle-1-600x600.jpg 600w, https:\/\/sentaiyuanbio.com\/wp-content\/uploads\/2024\/11\/pork-bone-noodle-1-100x100.jpg 100w, https:\/\/sentaiyuanbio.com\/wp-content\/uploads\/2024\/11\/pork-bone-noodle-1-300x300.jpg 300w, https:\/\/sentaiyuanbio.com\/wp-content\/uploads\/2024\/11\/pork-bone-noodle-1-150x150.jpg 150w, https:\/\/sentaiyuanbio.com\/wp-content\/uploads\/2024\/11\/pork-bone-noodle-1-768x768.jpg 768w\" sizes=\"(max-width: 1000px) 100vw, 1000px\" \/><img loading=\"lazy\" decoding=\"async\" class=\"alignnone wp-image-3083 size-full\" src=\"https:\/\/sentaiyuanbio.com\/wp-content\/uploads\/2024\/11\/pork-bone-noodle-5.jpg\" alt=\"Massa com baixo teor cal\u00f3rico e elevado teor proteico\" width=\"1000\" height=\"1000\" srcset=\"https:\/\/sentaiyuanbio.com\/wp-content\/uploads\/2024\/11\/pork-bone-noodle-5.jpg 1000w, https:\/\/sentaiyuanbio.com\/wp-content\/uploads\/2024\/11\/pork-bone-noodle-5-600x600.jpg 600w, https:\/\/sentaiyuanbio.com\/wp-content\/uploads\/2024\/11\/pork-bone-noodle-5-100x100.jpg 100w, https:\/\/sentaiyuanbio.com\/wp-content\/uploads\/2024\/11\/pork-bone-noodle-5-300x300.jpg 300w, https:\/\/sentaiyuanbio.com\/wp-content\/uploads\/2024\/11\/pork-bone-noodle-5-150x150.jpg 150w, https:\/\/sentaiyuanbio.com\/wp-content\/uploads\/2024\/11\/pork-bone-noodle-5-768x768.jpg 768w\" sizes=\"(max-width: 1000px) 100vw, 1000px\" \/><img loading=\"lazy\" decoding=\"async\" class=\"alignnone wp-image-3084 size-full\" src=\"https:\/\/sentaiyuanbio.com\/wp-content\/uploads\/2024\/11\/pork-bone-noodle-6.jpg\" alt=\"Massa com baixo teor cal\u00f3rico e elevado teor proteico\" width=\"1000\" height=\"1000\" srcset=\"https:\/\/sentaiyuanbio.com\/wp-content\/uploads\/2024\/11\/pork-bone-noodle-6.jpg 1000w, https:\/\/sentaiyuanbio.com\/wp-content\/uploads\/2024\/11\/pork-bone-noodle-6-600x600.jpg 600w, https:\/\/sentaiyuanbio.com\/wp-content\/uploads\/2024\/11\/pork-bone-noodle-6-100x100.jpg 100w, https:\/\/sentaiyuanbio.com\/wp-content\/uploads\/2024\/11\/pork-bone-noodle-6-300x300.jpg 300w, https:\/\/sentaiyuanbio.com\/wp-content\/uploads\/2024\/11\/pork-bone-noodle-6-150x150.jpg 150w, https:\/\/sentaiyuanbio.com\/wp-content\/uploads\/2024\/11\/pork-bone-noodle-6-768x768.jpg 768w\" sizes=\"(max-width: 1000px) 100vw, 1000px\" \/><img loading=\"lazy\" decoding=\"async\" class=\"alignnone wp-image-3085 size-full\" src=\"https:\/\/sentaiyuanbio.com\/wp-content\/uploads\/2024\/11\/pork-bone-noodle-7.jpg\" alt=\"Massa instant\u00e2nea rica em prote\u00ednas\" width=\"1000\" height=\"1000\" srcset=\"https:\/\/sentaiyuanbio.com\/wp-content\/uploads\/2024\/11\/pork-bone-noodle-7.jpg 1000w, https:\/\/sentaiyuanbio.com\/wp-content\/uploads\/2024\/11\/pork-bone-noodle-7-600x600.jpg 600w, https:\/\/sentaiyuanbio.com\/wp-content\/uploads\/2024\/11\/pork-bone-noodle-7-100x100.jpg 100w, https:\/\/sentaiyuanbio.com\/wp-content\/uploads\/2024\/11\/pork-bone-noodle-7-300x300.jpg 300w, https:\/\/sentaiyuanbio.com\/wp-content\/uploads\/2024\/11\/pork-bone-noodle-7-150x150.jpg 150w, https:\/\/sentaiyuanbio.com\/wp-content\/uploads\/2024\/11\/pork-bone-noodle-7-768x768.jpg 768w\" sizes=\"(max-width: 1000px) 100vw, 1000px\" \/><img loading=\"lazy\" decoding=\"async\" class=\"alignnone wp-image-3086 size-full\" src=\"https:\/\/sentaiyuanbio.com\/wp-content\/uploads\/2024\/11\/pork-bone-noodle-8.jpg\" alt=\"Massa instant\u00e2nea rica em prote\u00ednas\" width=\"1000\" height=\"1000\" srcset=\"https:\/\/sentaiyuanbio.com\/wp-content\/uploads\/2024\/11\/pork-bone-noodle-8.jpg 1000w, https:\/\/sentaiyuanbio.com\/wp-content\/uploads\/2024\/11\/pork-bone-noodle-8-600x600.jpg 600w, https:\/\/sentaiyuanbio.com\/wp-content\/uploads\/2024\/11\/pork-bone-noodle-8-100x100.jpg 100w, https:\/\/sentaiyuanbio.com\/wp-content\/uploads\/2024\/11\/pork-bone-noodle-8-300x300.jpg 300w, https:\/\/sentaiyuanbio.com\/wp-content\/uploads\/2024\/11\/pork-bone-noodle-8-150x150.jpg 150w, https:\/\/sentaiyuanbio.com\/wp-content\/uploads\/2024\/11\/pork-bone-noodle-8-768x768.jpg 768w\" sizes=\"(max-width: 1000px) 100vw, 1000px\" \/><\/p>","protected":false},"excerpt":{"rendered":"<p><strong>Ingredientes do macarr\u00e3o instant\u00e2neo rico em prote\u00ednas<\/strong>: Gl\u00faten de trigo vital, Prote\u00edna de ervilha, Farinha de trigo, Farinha de trigo sarraceno, Fibra de ervilha em p\u00f3, Farinha de arroz glutinoso, Folha de amoreira, <a href=\"https:\/\/sentaiyuanbio.com\/pt\/produto\/fabricante-de-goma-konjac\/\" target=\"_blank\" rel=\"noopener\">P\u00f3 de konjac<\/a>, Goma xantana, carbonato de s\u00f3dio.<br \/>\n<strong>Tempero Tonkotsu de porco<\/strong>: A\u00e7\u00facar branco granulado, sal, maltodextrina, cebola em p\u00f3, ess\u00eancia alimentar, <a href=\"https:\/\/www.atamanchemicals.com\/disodium-5--ribonucleotide_u26322\/#\" target=\"_blank\" rel=\"noopener\">5\u2032-ribonucle\u00f3tidos diss\u00f3dicos<\/a>, Prote\u00edna vegetal hidrolisada, Alho em p\u00f3, Gengibre em p\u00f3, Extrato de levedura, Pimenta mo\u00edda, Di\u00f3xido de sil\u00edcio.<br \/>\n<strong>Legumes<\/strong>: Cebolinha verde, Cenoura.<br \/>\n<strong>Cont\u00e9m<\/strong>: Trigo, soja e produtos \u00e0 base de soja<br \/>\n<strong>Armazenamento<\/strong>: Conservar num local fresco e seco. Manter ao abrigo da luz e do calor.<\/p>","protected":false},"featured_media":5127,"template":"","meta":{"site-sidebar-layout":"default","site-content-layout":"","ast-site-content-layout":"default","site-content-style":"default","site-sidebar-style":"default","ast-global-header-display":"","ast-banner-title-visibility":"","ast-main-header-display":"","ast-hfb-above-header-display":"","ast-hfb-below-header-display":"","ast-hfb-mobile-header-display":"","site-post-title":"","ast-breadcrumbs-content":"","ast-featured-img":"","footer-sml-layout":"","ast-disable-related-posts":"","theme-transparent-header-meta":"default","adv-header-id-meta":"","stick-header-meta":"default","header-above-stick-meta":"","header-main-stick-meta":"","header-below-stick-meta":"","astra-migrate-meta-layouts":"set","ast-page-background-enabled":"default","ast-page-background-meta":{"desktop":{"background-color":"","background-image":"","background-repeat":"repeat","background-position":"center center","background-size":"auto","background-attachment":"scroll","background-type":"","background-media":"","overlay-type":"","overlay-color":"","overlay-opacity":"","overlay-gradient":""},"tablet":{"background-color":"","background-image":"","background-repeat":"repeat","background-position":"center center","background-size":"auto","background-attachment":"scroll","background-type":"","background-media":"","overlay-type":"","overlay-color":"","overlay-opacity":"","overlay-gradient":""},"mobile":{"background-color":"","background-image":"","background-repeat":"repeat","background-position":"center center","background-size":"auto","background-attachment":"scroll","background-type":"","background-media":"","overlay-type":"","overlay-color":"","overlay-opacity":"","overlay-gradient":""}},"ast-content-background-meta":{"desktop":{"background-color":"var(--ast-global-color-5)","background-image":"","background-repeat":"repeat","background-position":"center center","background-size":"auto","background-attachment":"scroll","background-type":"","background-media":"","overlay-type":"","overlay-color":"","overlay-opacity":"","overlay-gradient":""},"tablet":{"background-color":"var(--ast-global-color-5)","background-image":"","background-repeat":"repeat","background-position":"center center","background-size":"auto","background-attachment":"scroll","background-type":"","background-media":"","overlay-type":"","overlay-color":"","overlay-opacity":"","overlay-gradient":""},"mobile":{"background-color":"var(--ast-global-color-5)","background-image":"","background-repeat":"repeat","background-position":"center center","background-size":"auto","background-attachment":"scroll","background-type":"","background-media":"","overlay-type":"","overlay-color":"","overlay-opacity":"","overlay-gradient":""}}},"product_brand":[],"product_cat":[248],"product_tag":[],"class_list":{"0":"post-3074","1":"product","2":"type-product","3":"status-publish","4":"has-post-thumbnail","6":"product_cat-low-carb-high-protein-noodles","7":"desktop-align-left","8":"tablet-align-left","9":"mobile-align-left","10":"ast-product-gallery-layout-horizontal-slider","11":"ast-product-tabs-layout-horizontal","13":"first","14":"instock","15":"shipping-taxable","16":"product-type-simple"},"_links":{"self":[{"href":"https:\/\/sentaiyuanbio.com\/pt\/wp-json\/wp\/v2\/product\/3074","targetHints":{"allow":["GET"]}}],"collection":[{"href":"https:\/\/sentaiyuanbio.com\/pt\/wp-json\/wp\/v2\/product"}],"about":[{"href":"https:\/\/sentaiyuanbio.com\/pt\/wp-json\/wp\/v2\/types\/product"}],"version-history":[{"count":0,"href":"https:\/\/sentaiyuanbio.com\/pt\/wp-json\/wp\/v2\/product\/3074\/revisions"}],"wp:featuredmedia":[{"embeddable":true,"href":"https:\/\/sentaiyuanbio.com\/pt\/wp-json\/wp\/v2\/media\/5127"}],"wp:attachment":[{"href":"https:\/\/sentaiyuanbio.com\/pt\/wp-json\/wp\/v2\/media?parent=3074"}],"wp:term":[{"taxonomy":"product_brand","embeddable":true,"href":"https:\/\/sentaiyuanbio.com\/pt\/wp-json\/wp\/v2\/product_brand?post=3074"},{"taxonomy":"product_cat","embeddable":true,"href":"https:\/\/sentaiyuanbio.com\/pt\/wp-json\/wp\/v2\/product_cat?post=3074"},{"taxonomy":"product_tag","embeddable":true,"href":"https:\/\/sentaiyuanbio.com\/pt\/wp-json\/wp\/v2\/product_tag?post=3074"}],"curies":[{"name":"wp","href":"https:\/\/api.w.org\/{rel}","templated":true}]}}