{"id":3123,"date":"2024-11-08T06:55:17","date_gmt":"2024-11-08T06:55:17","guid":{"rendered":"https:\/\/sentaiyuanbio.com\/?post_type=product&#038;p=3123"},"modified":"2026-01-06T02:42:41","modified_gmt":"2026-01-06T02:42:41","slug":"bolsas-de-gelatina-konjac-sem-acucar","status":"publish","type":"product","link":"https:\/\/sentaiyuanbio.com\/pt\/produto\/bolsas-de-gelatina-konjac-sem-acucar\/","title":{"rendered":"Gelatina konjac de maracuj\u00e1, Bolsas de gelatina konjac"},"content":{"rendered":"<h2>Ingredientes da Geleia de Maracuj\u00e1 Konjac<\/h2>\n<p>\u00c1gua, sumo concentrado de maracuj\u00e1, eritritol, p\u00f3 de konjac, carragenina, \u00e1cido c\u00edtrico, cloreto de pot\u00e1ssio, sorbato de pot\u00e1ssio e vitamina C.<\/p>\n<h2>Bolsas de gelatina konjac com sabor a manga Ingredientes<\/h2>\n<p>\u00c1gua, sumo concentrado de manga, eritritol, p\u00f3 de konjac, carragenina, \u00e1cido c\u00edtrico, cloreto de pot\u00e1ssio, sorbato de pot\u00e1ssio e vitamina C.<\/p>\n<h2>Bolsas de gelatina konjac com sabor a laranja Ingredientes<\/h2>\n<p>\u00c1gua, sumo concentrado de laranja, eritritol, p\u00f3 de konjac, carragenina, \u00e1cido c\u00edtrico, cloreto de pot\u00e1ssio, sorbato de pot\u00e1ssio, vitamina C e p\u00e9ptido de colag\u00e9nio.<\/p>\n<h2>Ingredientes da geleia konjac sem a\u00e7\u00facar com sabor a p\u00eassego<\/h2>\n<p>\u00c1gua, sumo concentrado de p\u00eassego, eritritol, p\u00f3 de konjac, carragenina, \u00e1cido c\u00edtrico, cloreto de pot\u00e1ssio, sorbato de pot\u00e1ssio e vitamina C.<\/p>\n<h2>Ingredientes da geleia konjac sem a\u00e7\u00facar com sabor a p\u00eassego<\/h2>\n<p>\u00c1gua, sumo de uvas verdes concentrado, eritritol, <a href=\"https:\/\/www.webmd.com\/vitamins\/ai\/ingredientmono-1606\/collagen-peptides\" target=\"_blank\" rel=\"noopener\">P\u00e9ptido de colag\u00e9nio<\/a>, Vitamina C, p\u00f3 de konjac, carragenina, \u00e1cido c\u00edtrico, cloreto de pot\u00e1ssio e sorbato de pot\u00e1ssio.<\/p>\n<p><img fetchpriority=\"high\" decoding=\"async\" class=\"alignnone wp-image-3563 size-full\" src=\"https:\/\/sentaiyuanbio.com\/wp-content\/uploads\/2024\/11\/Konjac-jelly-pouches-1.webp\" alt=\"Bolsas de gelatina konjac\" width=\"750\" height=\"487\" srcset=\"https:\/\/sentaiyuanbio.com\/wp-content\/uploads\/2024\/11\/Konjac-jelly-pouches-1.webp 750w, https:\/\/sentaiyuanbio.com\/wp-content\/uploads\/2024\/11\/Konjac-jelly-pouches-1-300x195.webp 300w, https:\/\/sentaiyuanbio.com\/wp-content\/uploads\/2024\/11\/Konjac-jelly-pouches-1-600x390.webp 600w\" sizes=\"(max-width: 750px) 100vw, 750px\" \/><img decoding=\"async\" class=\"alignnone wp-image-3564 size-full\" style=\"font-style: inherit; font-weight: 600;\" src=\"https:\/\/sentaiyuanbio.com\/wp-content\/uploads\/2024\/11\/Konjac-jelly-pouches-2.webp\" alt=\"Bolsas de gelatina konjac\" width=\"750\" height=\"415\" srcset=\"https:\/\/sentaiyuanbio.com\/wp-content\/uploads\/2024\/11\/Konjac-jelly-pouches-2.webp 750w, https:\/\/sentaiyuanbio.com\/wp-content\/uploads\/2024\/11\/Konjac-jelly-pouches-2-300x166.webp 300w, https:\/\/sentaiyuanbio.com\/wp-content\/uploads\/2024\/11\/Konjac-jelly-pouches-2-600x332.webp 600w\" sizes=\"(max-width: 750px) 100vw, 750px\" \/><img decoding=\"async\" class=\"alignnone wp-image-3565 size-full\" src=\"https:\/\/sentaiyuanbio.com\/wp-content\/uploads\/2024\/11\/Konjac-jelly-pouches-3.webp\" alt=\"Bolsas de gelatina konjac\" width=\"750\" height=\"439\" srcset=\"https:\/\/sentaiyuanbio.com\/wp-content\/uploads\/2024\/11\/Konjac-jelly-pouches-3.webp 750w, https:\/\/sentaiyuanbio.com\/wp-content\/uploads\/2024\/11\/Konjac-jelly-pouches-3-300x176.webp 300w, https:\/\/sentaiyuanbio.com\/wp-content\/uploads\/2024\/11\/Konjac-jelly-pouches-3-600x351.webp 600w\" sizes=\"(max-width: 750px) 100vw, 750px\" \/><img loading=\"lazy\" decoding=\"async\" class=\"alignnone wp-image-3566 size-full\" src=\"https:\/\/sentaiyuanbio.com\/wp-content\/uploads\/2024\/11\/Konjac-jelly-pouches-4.webp\" alt=\"geleia de konnyaku em p\u00f3, geleia de konjac em p\u00f3\" width=\"750\" height=\"459\" srcset=\"https:\/\/sentaiyuanbio.com\/wp-content\/uploads\/2024\/11\/Konjac-jelly-pouches-4.webp 750w, https:\/\/sentaiyuanbio.com\/wp-content\/uploads\/2024\/11\/Konjac-jelly-pouches-4-300x184.webp 300w, https:\/\/sentaiyuanbio.com\/wp-content\/uploads\/2024\/11\/Konjac-jelly-pouches-4-600x367.webp 600w\" sizes=\"(max-width: 750px) 100vw, 750px\" \/><img loading=\"lazy\" decoding=\"async\" class=\"alignnone wp-image-3567 size-full\" style=\"font-style: inherit; font-weight: 600;\" src=\"https:\/\/sentaiyuanbio.com\/wp-content\/uploads\/2024\/11\/Konjac-jelly-pouches-5.webp\" alt=\"geleia de konnyaku em p\u00f3, geleia de konjac em p\u00f3\" width=\"750\" height=\"568\" srcset=\"https:\/\/sentaiyuanbio.com\/wp-content\/uploads\/2024\/11\/Konjac-jelly-pouches-5.webp 750w, https:\/\/sentaiyuanbio.com\/wp-content\/uploads\/2024\/11\/Konjac-jelly-pouches-5-300x227.webp 300w, https:\/\/sentaiyuanbio.com\/wp-content\/uploads\/2024\/11\/Konjac-jelly-pouches-5-600x454.webp 600w\" sizes=\"(max-width: 750px) 100vw, 750px\" \/><\/p>\n<h2>Cuidado<\/h2>\n<p>Quando as crian\u00e7as e os idosos comerem, tenham o cuidado de n\u00e3o entupir a garganta com a presen\u00e7a dos pais. Se congelar, ser\u00e1 mais dif\u00edcil. N\u00e3o congele. Pode haver gotas de \u00e1gua no saco, mas a qualidade n\u00e3o \u00e9 um problema. Comer demasiado pode perturbar o est\u00f4mago. Raramente se v\u00eaem pequenos pontos negros. Trata-se de uma casca de konjac, pelo que n\u00e3o h\u00e1 qualquer problema de qualidade.<\/p>","protected":false},"excerpt":{"rendered":"<p>Estas bolsas de geleia de Konjac s\u00e3o o snack perfeito para levar consigo. S\u00e3o tamb\u00e9m consideradas a solu\u00e7\u00e3o para controlar o seu gosto por doces e sentir-se saciado entre as refei\u00e7\u00f5es. Fabricadas a partir de <a href=\"https:\/\/sentaiyuanbio.com\/pt\/produto\/glucomanano-de-raiz-de-konjac\/\" target=\"_blank\" rel=\"noopener\">p\u00f3 de raiz de konjac<\/a>, A sua composi\u00e7\u00e3o \u00e9 de apenas 7 calorias por saco, o que os torna numa excelente bebida pr\u00e9-treino de baixas calorias. Tamb\u00e9m s\u00e3o feitas com p\u00eassegos, manga, laranjas ou uvas. Experimente esta bebida se quiser come\u00e7ar a ter um estilo de vida mais saud\u00e1vel!<\/p>","protected":false},"featured_media":4318,"template":"","meta":{"site-sidebar-layout":"default","site-content-layout":"","ast-site-content-layout":"default","site-content-style":"default","site-sidebar-style":"default","ast-global-header-display":"","ast-banner-title-visibility":"","ast-main-header-display":"","ast-hfb-above-header-display":"","ast-hfb-below-header-display":"","ast-hfb-mobile-header-display":"","site-post-title":"","ast-breadcrumbs-content":"","ast-featured-img":"","footer-sml-layout":"","ast-disable-related-posts":"","theme-transparent-header-meta":"default","adv-header-id-meta":"","stick-header-meta":"default","header-above-stick-meta":"","header-main-stick-meta":"","header-below-stick-meta":"","astra-migrate-meta-layouts":"set","ast-page-background-enabled":"default","ast-page-background-meta":{"desktop":{"background-color":"","background-image":"","background-repeat":"repeat","background-position":"center center","background-size":"auto","background-attachment":"scroll","background-type":"","background-media":"","overlay-type":"","overlay-color":"","overlay-opacity":"","overlay-gradient":""},"tablet":{"background-color":"","background-image":"","background-repeat":"repeat","background-position":"center center","background-size":"auto","background-attachment":"scroll","background-type":"","background-media":"","overlay-type":"","overlay-color":"","overlay-opacity":"","overlay-gradient":""},"mobile":{"background-color":"","background-image":"","background-repeat":"repeat","background-position":"center center","background-size":"auto","background-attachment":"scroll","background-type":"","background-media":"","overlay-type":"","overlay-color":"","overlay-opacity":"","overlay-gradient":""}},"ast-content-background-meta":{"desktop":{"background-color":"var(--ast-global-color-5)","background-image":"","background-repeat":"repeat","background-position":"center center","background-size":"auto","background-attachment":"scroll","background-type":"","background-media":"","overlay-type":"","overlay-color":"","overlay-opacity":"","overlay-gradient":""},"tablet":{"background-color":"var(--ast-global-color-5)","background-image":"","background-repeat":"repeat","background-position":"center center","background-size":"auto","background-attachment":"scroll","background-type":"","background-media":"","overlay-type":"","overlay-color":"","overlay-opacity":"","overlay-gradient":""},"mobile":{"background-color":"var(--ast-global-color-5)","background-image":"","background-repeat":"repeat","background-position":"center center","background-size":"auto","background-attachment":"scroll","background-type":"","background-media":"","overlay-type":"","overlay-color":"","overlay-opacity":"","overlay-gradient":""}}},"product_brand":[],"product_cat":[52],"product_tag":[53],"class_list":{"0":"post-3123","1":"product","2":"type-product","3":"status-publish","4":"has-post-thumbnail","6":"product_cat-konjac-powder-jelly","7":"product_tag-konjac-jelly-snack","8":"desktop-align-left","9":"tablet-align-left","10":"mobile-align-left","11":"ast-product-gallery-layout-horizontal-slider","12":"ast-product-tabs-layout-horizontal","14":"first","15":"instock","16":"shipping-taxable","17":"product-type-simple"},"_links":{"self":[{"href":"https:\/\/sentaiyuanbio.com\/pt\/wp-json\/wp\/v2\/product\/3123","targetHints":{"allow":["GET"]}}],"collection":[{"href":"https:\/\/sentaiyuanbio.com\/pt\/wp-json\/wp\/v2\/product"}],"about":[{"href":"https:\/\/sentaiyuanbio.com\/pt\/wp-json\/wp\/v2\/types\/product"}],"version-history":[{"count":0,"href":"https:\/\/sentaiyuanbio.com\/pt\/wp-json\/wp\/v2\/product\/3123\/revisions"}],"wp:featuredmedia":[{"embeddable":true,"href":"https:\/\/sentaiyuanbio.com\/pt\/wp-json\/wp\/v2\/media\/4318"}],"wp:attachment":[{"href":"https:\/\/sentaiyuanbio.com\/pt\/wp-json\/wp\/v2\/media?parent=3123"}],"wp:term":[{"taxonomy":"product_brand","embeddable":true,"href":"https:\/\/sentaiyuanbio.com\/pt\/wp-json\/wp\/v2\/product_brand?post=3123"},{"taxonomy":"product_cat","embeddable":true,"href":"https:\/\/sentaiyuanbio.com\/pt\/wp-json\/wp\/v2\/product_cat?post=3123"},{"taxonomy":"product_tag","embeddable":true,"href":"https:\/\/sentaiyuanbio.com\/pt\/wp-json\/wp\/v2\/product_tag?post=3123"}],"curies":[{"name":"wp","href":"https:\/\/api.w.org\/{rel}","templated":true}]}}