{"id":3133,"date":"2024-11-12T07:01:07","date_gmt":"2024-11-12T07:01:07","guid":{"rendered":"https:\/\/sentaiyuanbio.com\/?post_type=product&#038;p=3133"},"modified":"2026-01-06T02:42:22","modified_gmt":"2026-01-06T02:42:22","slug":"geleia-de-konjac-sabor-maca-sem-acucar","status":"publish","type":"product","link":"https:\/\/sentaiyuanbio.com\/pt\/produto\/geleia-de-konjac-sabor-maca-sem-acucar\/","title":{"rendered":"Gelatina konjac de ma\u00e7\u00e3, gelatina de frutos konjac, gelatina konjac a granel"},"content":{"rendered":"<h2>Descri\u00e7\u00e3o da geleia de konjac com sabor a ma\u00e7\u00e3<\/h2>\n<p>A geleia de konjac \u00e9 uma geleia leve, por isso \u00e9 mais um snack do que uma bebida. No entanto, vem num saco macio para que a possa beber em viagem sem a comer com uma colher, como acontece com outros snacks de geleia.<\/p>\n<p>Antes de comer, aperte suavemente o saco de gelatina para esmagar completamente a gelatina, de modo a que seja f\u00e1cil de sugar. Outro ponto \u00e9 que os nossos sacos de gelatina s\u00e3o recicl\u00e1veis!<\/p>\n<p>Para real\u00e7ar o sabor, adicion\u00e1mos vitamina C, concentrado de sumo de ma\u00e7\u00e3, <a href=\"https:\/\/www.webmd.com\/diet\/what-is-erythritol\" target=\"_blank\" rel=\"noopener\">eritritol<\/a>, pept\u00eddeos de colag\u00e9nio e \u00e1cido c\u00edtrico na f\u00f3rmula para fazer sobressair os nossos sabores.<\/p>\n<p><img fetchpriority=\"high\" decoding=\"async\" class=\"alignnone wp-image-3572 size-full\" src=\"https:\/\/sentaiyuanbio.com\/wp-content\/uploads\/2024\/11\/Konjac-jelly-bulk-1.webp\" alt=\"Geleia de konjac de ma\u00e7\u00e3, geleia de konjac a granel\" width=\"750\" height=\"572\" srcset=\"https:\/\/sentaiyuanbio.com\/wp-content\/uploads\/2024\/11\/Konjac-jelly-bulk-1.webp 750w, https:\/\/sentaiyuanbio.com\/wp-content\/uploads\/2024\/11\/Konjac-jelly-bulk-1-300x229.webp 300w, https:\/\/sentaiyuanbio.com\/wp-content\/uploads\/2024\/11\/Konjac-jelly-bulk-1-600x458.webp 600w\" sizes=\"(max-width: 750px) 100vw, 750px\" \/><img decoding=\"async\" class=\"alignnone wp-image-3573 size-full\" src=\"https:\/\/sentaiyuanbio.com\/wp-content\/uploads\/2024\/11\/Konjac-jelly-bulk-2.webp\" alt=\"Geleia de konjac de ma\u00e7\u00e3, geleia de konjac a granel\" width=\"750\" height=\"495\" srcset=\"https:\/\/sentaiyuanbio.com\/wp-content\/uploads\/2024\/11\/Konjac-jelly-bulk-2.webp 750w, https:\/\/sentaiyuanbio.com\/wp-content\/uploads\/2024\/11\/Konjac-jelly-bulk-2-300x198.webp 300w, https:\/\/sentaiyuanbio.com\/wp-content\/uploads\/2024\/11\/Konjac-jelly-bulk-2-600x396.webp 600w\" sizes=\"(max-width: 750px) 100vw, 750px\" \/><img decoding=\"async\" class=\"alignnone wp-image-3574 size-full\" src=\"https:\/\/sentaiyuanbio.com\/wp-content\/uploads\/2024\/11\/Konjac-jelly-bulk-3.webp\" alt=\"Geleia de konjac de ma\u00e7\u00e3, geleia de konjac a granel\" width=\"750\" height=\"452\" srcset=\"https:\/\/sentaiyuanbio.com\/wp-content\/uploads\/2024\/11\/Konjac-jelly-bulk-3.webp 750w, https:\/\/sentaiyuanbio.com\/wp-content\/uploads\/2024\/11\/Konjac-jelly-bulk-3-300x181.webp 300w, https:\/\/sentaiyuanbio.com\/wp-content\/uploads\/2024\/11\/Konjac-jelly-bulk-3-600x362.webp 600w\" sizes=\"(max-width: 750px) 100vw, 750px\" \/><img loading=\"lazy\" decoding=\"async\" class=\"alignnone wp-image-3575 size-full\" src=\"https:\/\/sentaiyuanbio.com\/wp-content\/uploads\/2024\/11\/Konjac-jelly-bulk-4.webp\" alt=\"Geleia de konjac de ma\u00e7\u00e3, geleia de konjac a granel\" width=\"750\" height=\"478\" srcset=\"https:\/\/sentaiyuanbio.com\/wp-content\/uploads\/2024\/11\/Konjac-jelly-bulk-4.webp 750w, https:\/\/sentaiyuanbio.com\/wp-content\/uploads\/2024\/11\/Konjac-jelly-bulk-4-300x191.webp 300w, https:\/\/sentaiyuanbio.com\/wp-content\/uploads\/2024\/11\/Konjac-jelly-bulk-4-600x382.webp 600w\" sizes=\"(max-width: 750px) 100vw, 750px\" \/><img loading=\"lazy\" decoding=\"async\" class=\"alignnone wp-image-3576 size-full\" src=\"https:\/\/sentaiyuanbio.com\/wp-content\/uploads\/2024\/11\/Konjac-jelly-bulk-5.webp\" alt=\"Geleia de konjac de ma\u00e7\u00e3, geleia de konjac a granel\" width=\"750\" height=\"421\" srcset=\"https:\/\/sentaiyuanbio.com\/wp-content\/uploads\/2024\/11\/Konjac-jelly-bulk-5.webp 750w, https:\/\/sentaiyuanbio.com\/wp-content\/uploads\/2024\/11\/Konjac-jelly-bulk-5-300x168.webp 300w, https:\/\/sentaiyuanbio.com\/wp-content\/uploads\/2024\/11\/Konjac-jelly-bulk-5-600x337.webp 600w\" sizes=\"(max-width: 750px) 100vw, 750px\" \/><\/p>","protected":false},"excerpt":{"rendered":"<p>Um saco de ma\u00e7\u00e3s de gelatina konjac por dia mant\u00e9m o m\u00e9dico afastado.  A mat\u00e9ria-prima da ma\u00e7\u00e3 gelatinosa Konjac \u00e9 <a href=\"https:\/\/sentaiyuanbio.com\/pt\/produto\/po-de-konjac\/\" target=\"_blank\" rel=\"noopener\">p\u00f3 de raiz de konjac<\/a>, que cont\u00e9m glucomanano, um ingrediente que tem uma forte capacidade de absorver \u00e1gua e que se expande gradualmente. Isto ajuda-o a manter-se cheio durante mais tempo, sendo extremamente baixo em calorias.<\/p>","protected":false},"featured_media":4300,"template":"","meta":{"site-sidebar-layout":"default","site-content-layout":"","ast-site-content-layout":"default","site-content-style":"default","site-sidebar-style":"default","ast-global-header-display":"","ast-banner-title-visibility":"","ast-main-header-display":"","ast-hfb-above-header-display":"","ast-hfb-below-header-display":"","ast-hfb-mobile-header-display":"","site-post-title":"","ast-breadcrumbs-content":"","ast-featured-img":"","footer-sml-layout":"","ast-disable-related-posts":"","theme-transparent-header-meta":"default","adv-header-id-meta":"","stick-header-meta":"default","header-above-stick-meta":"","header-main-stick-meta":"","header-below-stick-meta":"","astra-migrate-meta-layouts":"set","ast-page-background-enabled":"default","ast-page-background-meta":{"desktop":{"background-color":"","background-image":"","background-repeat":"repeat","background-position":"center center","background-size":"auto","background-attachment":"scroll","background-type":"","background-media":"","overlay-type":"","overlay-color":"","overlay-opacity":"","overlay-gradient":""},"tablet":{"background-color":"","background-image":"","background-repeat":"repeat","background-position":"center center","background-size":"auto","background-attachment":"scroll","background-type":"","background-media":"","overlay-type":"","overlay-color":"","overlay-opacity":"","overlay-gradient":""},"mobile":{"background-color":"","background-image":"","background-repeat":"repeat","background-position":"center center","background-size":"auto","background-attachment":"scroll","background-type":"","background-media":"","overlay-type":"","overlay-color":"","overlay-opacity":"","overlay-gradient":""}},"ast-content-background-meta":{"desktop":{"background-color":"var(--ast-global-color-5)","background-image":"","background-repeat":"repeat","background-position":"center center","background-size":"auto","background-attachment":"scroll","background-type":"","background-media":"","overlay-type":"","overlay-color":"","overlay-opacity":"","overlay-gradient":""},"tablet":{"background-color":"var(--ast-global-color-5)","background-image":"","background-repeat":"repeat","background-position":"center center","background-size":"auto","background-attachment":"scroll","background-type":"","background-media":"","overlay-type":"","overlay-color":"","overlay-opacity":"","overlay-gradient":""},"mobile":{"background-color":"var(--ast-global-color-5)","background-image":"","background-repeat":"repeat","background-position":"center center","background-size":"auto","background-attachment":"scroll","background-type":"","background-media":"","overlay-type":"","overlay-color":"","overlay-opacity":"","overlay-gradient":""}}},"product_brand":[],"product_cat":[52],"product_tag":[53],"class_list":{"0":"post-3133","1":"product","2":"type-product","3":"status-publish","4":"has-post-thumbnail","6":"product_cat-konjac-powder-jelly","7":"product_tag-konjac-jelly-snack","8":"desktop-align-left","9":"tablet-align-left","10":"mobile-align-left","11":"ast-product-gallery-layout-horizontal-slider","12":"ast-product-tabs-layout-horizontal","14":"first","15":"instock","16":"shipping-taxable","17":"product-type-simple"},"_links":{"self":[{"href":"https:\/\/sentaiyuanbio.com\/pt\/wp-json\/wp\/v2\/product\/3133","targetHints":{"allow":["GET"]}}],"collection":[{"href":"https:\/\/sentaiyuanbio.com\/pt\/wp-json\/wp\/v2\/product"}],"about":[{"href":"https:\/\/sentaiyuanbio.com\/pt\/wp-json\/wp\/v2\/types\/product"}],"version-history":[{"count":0,"href":"https:\/\/sentaiyuanbio.com\/pt\/wp-json\/wp\/v2\/product\/3133\/revisions"}],"wp:featuredmedia":[{"embeddable":true,"href":"https:\/\/sentaiyuanbio.com\/pt\/wp-json\/wp\/v2\/media\/4300"}],"wp:attachment":[{"href":"https:\/\/sentaiyuanbio.com\/pt\/wp-json\/wp\/v2\/media?parent=3133"}],"wp:term":[{"taxonomy":"product_brand","embeddable":true,"href":"https:\/\/sentaiyuanbio.com\/pt\/wp-json\/wp\/v2\/product_brand?post=3133"},{"taxonomy":"product_cat","embeddable":true,"href":"https:\/\/sentaiyuanbio.com\/pt\/wp-json\/wp\/v2\/product_cat?post=3133"},{"taxonomy":"product_tag","embeddable":true,"href":"https:\/\/sentaiyuanbio.com\/pt\/wp-json\/wp\/v2\/product_tag?post=3133"}],"curies":[{"name":"wp","href":"https:\/\/api.w.org\/{rel}","templated":true}]}}