{"id":3799,"date":"2025-02-18T09:50:48","date_gmt":"2025-02-18T09:50:48","guid":{"rendered":"https:\/\/sentaiyuanbio.com\/?post_type=product&#038;p=3799"},"modified":"2026-04-20T08:29:26","modified_gmt":"2026-04-20T08:29:26","slug":"arroz-shirataki-1kg","status":"publish","type":"product","link":"https:\/\/sentaiyuanbio.com\/pt\/produto\/arroz-shirataki-1kg\/","title":{"rendered":"Arroz Shirataki 1kg, Arroz Konjac seco por atacado"},"content":{"rendered":"<h2>Arroz Shirataki 1kg Especifica\u00e7\u00e3o<\/h2>\n<table width=\"100%\" cellspacing=\"0\" cellpadding=\"0\">\n<colgroup>\n<col style=\"width: 180px;\" width=\"215\" \/>\n<col style=\"width: 383px;\" width=\"383\" \/> <\/colgroup>\n<tbody>\n<tr style=\"height: 20px;\">\n<td width=\"180\" height=\"20\">Nome do produto<\/td>\n<td width=\"392\">Arroz Shirataki seco 1kg<\/td>\n<\/tr>\n<tr style=\"height: 20px;\">\n<td width=\"180\" height=\"21\">Ingrediente prim\u00e1rio<\/td>\n<td width=\"392\">Farinha de konjac, \u00e1gua<\/td>\n<\/tr>\n<tr style=\"height: 39px;\">\n<td width=\"180\" height=\"39\">Carater\u00edstica<\/td>\n<td width=\"392\">Sem cheiro, baixa caloria, baixo teor de carboidratos, sem gl\u00faten, sem a\u00e7\u00facar, sem gordura, sem OGM, rico em fibras<\/td>\n<\/tr>\n<tr style=\"height: 41px;\">\n<td width=\"180\" height=\"41\">Fun\u00e7\u00f5es<\/td>\n<td width=\"392\">Dieta vegetariana, perda de peso, aumento da saciedade<\/td>\n<\/tr>\n<tr style=\"height: 20px;\">\n<td width=\"180\" height=\"21\">Fibra alimentar<\/td>\n<td width=\"392\">2,8g\/100g<\/td>\n<\/tr>\n<tr style=\"height: 20px;\">\n<td width=\"180\" height=\"21\">Tempo de cozedura<\/td>\n<td width=\"392\">8 minutos<\/td>\n<\/tr>\n<tr style=\"height: 20px;\">\n<td width=\"180\" height=\"21\">Teor de gordura<\/td>\n<td width=\"392\">&lt;0,1g\/100g<\/td>\n<\/tr>\n<tr style=\"height: 20px;\">\n<td width=\"180\" height=\"21\">Peso<\/td>\n<td width=\"392\">1kg<\/td>\n<\/tr>\n<tr style=\"height: 20px;\">\n<td width=\"180\" height=\"21\">Prazo de validade<\/td>\n<td width=\"392\">24 meses<\/td>\n<\/tr>\n<tr style=\"height: 20px;\">\n<td width=\"180\" height=\"21\">Certificados<\/td>\n<td width=\"392\">IFS, BRC, KOSHER, HALAL, HACCP<\/td>\n<\/tr>\n<tr style=\"height: 20px;\">\n<td width=\"180\" height=\"21\">Embalagem<\/td>\n<td width=\"392\">Saco interior + bolsa de p\u00e9\/caixa de papel<\/td>\n<\/tr>\n<tr style=\"height: 20px;\">\n<td width=\"180\" height=\"21\">Armazenamento<\/td>\n<td width=\"392\">Temperatura ambiente, num local fresco e seco, evitar a luz solar direta<\/td>\n<\/tr>\n<tr style=\"height: 20px;\">\n<td width=\"180\" height=\"21\">Servi\u00e7o<\/td>\n<td width=\"392\">OEM, ODM, OBM<\/td>\n<\/tr>\n<tr style=\"height: 20px;\">\n<td width=\"180\" height=\"21\">Prazo de entrega<\/td>\n<td width=\"392\">15-30 dias \u00fateis<\/td>\n<\/tr>\n<\/tbody>\n<\/table>\n<h2>BENEF\u00cdCIOS PARA A SA\u00daDE do arroz Shirataki seco 1kg<\/h2>\n<ul>\n<li>Baixo teor de calorias e hidratos de carbono<\/li>\n<li>Rico em fibras sol\u00faveis (glucomanano)<\/li>\n<li>Ajuda a controlar os n\u00edveis de a\u00e7\u00facar no sangue<\/li>\n<li>Ajuda na perda de peso<\/li>\n<li>Melhora a sa\u00fade intestinal<\/li>\n<li>Sem gl\u00faten e sem cereais<\/li>\n<li>Baixo \u00edndice glic\u00e9mico<\/li>\n<li>Potenciais benef\u00edcios para a sa\u00fade do cora\u00e7\u00e3o<\/li>\n<\/ul>\n<h2>\u00cdndice Glic\u00e9mico do Arroz Shirataki e Guia de Compra<\/h2>\n<h3>\u00cdndice Glic\u00e9mico (IG) do Arroz Shirataki<\/h3>\n<p>O <a href=\"https:\/\/www.healthline.com\/nutrition\/glycemic-index\" target=\"_blank\" rel=\"noopener\">\u00edndice glic\u00e9mico<\/a> O \u00edndice glic\u00e9mico do arroz shirataki \u00e9 muito baixo, de acordo com a investiga\u00e7\u00e3o, \u00e9 de 17, e a carga glic\u00e9mica \u00e9 de 0. Isto deve-se ao facto de o arroz shirataki ser composto principalmente por fibra alimentar sol\u00favel em \u00e1gua e quase n\u00e3o conter hidratos de carbono diger\u00edveis. \u00c9 um alimento com um \u00edndice glic\u00e9mico baixo e uma carga glic\u00e9mica baixa, pelo que n\u00e3o provoca um aumento significativo dos n\u00edveis de a\u00e7\u00facar no sangue.<\/p>\n<h3>Guia de compra de arroz Shirataki<\/h3>\n<p><strong>1. Inspe\u00e7\u00e3o do aspeto<\/strong><br \/>\nCor: O arroz shirataki de alta qualidade apresenta normalmente uma cor natural esbranqui\u00e7ada ou branca leitosa. Se a cor for demasiado branca ou apresentar altera\u00e7\u00f5es de cor anormais, pode ter sido adicionada lix\u00edvia ou outros produtos qu\u00edmicos.<br \/>\nForma: Os gr\u00e3os devem ser uniformes e completos, sem danos ou deforma\u00e7\u00f5es evidentes.<\/p>\n<p><strong>2. Teste de textura<\/strong><br \/>\nElasticidade: Pressionando suavemente o arroz konjac, deve sentir uma certa elasticidade e dureza, e n\u00e3o se parte ou cola facilmente.<br \/>\nSuavidade da superf\u00edcie: A superf\u00edcie de um bom arroz konjac deve ser lisa e n\u00e3o deve apresentar rugosidade ou sensa\u00e7\u00e3o de corpo estranho.<\/p>\n<p><strong>3. O cheiro<\/strong><br \/>\nFragr\u00e2ncia natural: O arroz shirataki fresco deve ter um leve aroma natural e n\u00e3o deve ter qualquer cheiro peculiar, como bolor, azedo ou outros cheiros anormais.<\/p>\n<p><strong>4. Lista de ingredientes<\/strong><br \/>\nPureza: Tente escolher produtos com ingredientes simples, de prefer\u00eancia apenas <a href=\"https:\/\/sentaiyuanbio.com\/pt\/produto\/farinha-de-inhame-konjac-inhame-konjac-em-po\/\" target=\"_blank\" rel=\"noopener\">p\u00f3 de konjac<\/a> e outros aditivos necess\u00e1rios (por exemplo, uma pequena quantidade de \u00e1cido c\u00edtrico para melhorar o sabor).<br \/>\nSem aditivos: Evite comprar produtos com demasiados corantes e aromas artificiais ou outros aditivos desnecess\u00e1rios.<\/p>\n<p><strong>5. Integridade da embalagem<\/strong><br \/>\nSelagem: Verificar se a embalagem est\u00e1 danificada ou com fugas. Um bom desempenho da selagem pode impedir eficazmente que o produto fique h\u00famido e se deteriore.<br \/>\nTranspar\u00eancia: Alguns tipos de arroz shirataki de alta qualidade utilizam embalagens transparentes para que se possa observar diretamente o estado do produto.<\/p>","protected":false},"excerpt":{"rendered":"<p>Arroz Shirataki 1kg, tem 97% de \u00e1gua, 3% de fibra e vest\u00edgios de prote\u00edna, gordura e c\u00e1lcio. Assim, \u00e9 um substituto do arroz sem culpa, com zero calorias e quase zero hidratos de carbono.<br \/>\nSinta-se \u00e0 vontade para saborear o delicioso arroz Shirataki sem culpa. Desde o controlo do peso e do a\u00e7\u00facar no sangue at\u00e9 \u00e0 redu\u00e7\u00e3o do colesterol e \u00e0 melhoria da digest\u00e3o, este substituto do arroz \u00e9 o seu caminho duradouro para a boa sa\u00fade.<\/p>","protected":false},"featured_media":4215,"template":"","meta":{"site-sidebar-layout":"default","site-content-layout":"","ast-site-content-layout":"default","site-content-style":"default","site-sidebar-style":"default","ast-global-header-display":"","ast-banner-title-visibility":"","ast-main-header-display":"","ast-hfb-above-header-display":"","ast-hfb-below-header-display":"","ast-hfb-mobile-header-display":"","site-post-title":"","ast-breadcrumbs-content":"","ast-featured-img":"","footer-sml-layout":"","ast-disable-related-posts":"","theme-transparent-header-meta":"default","adv-header-id-meta":"","stick-header-meta":"default","header-above-stick-meta":"","header-main-stick-meta":"","header-below-stick-meta":"","astra-migrate-meta-layouts":"set","ast-page-background-enabled":"default","ast-page-background-meta":{"desktop":{"background-color":"","background-image":"","background-repeat":"repeat","background-position":"center center","background-size":"auto","background-attachment":"scroll","background-type":"","background-media":"","overlay-type":"","overlay-color":"","overlay-opacity":"","overlay-gradient":""},"tablet":{"background-color":"","background-image":"","background-repeat":"repeat","background-position":"center center","background-size":"auto","background-attachment":"scroll","background-type":"","background-media":"","overlay-type":"","overlay-color":"","overlay-opacity":"","overlay-gradient":""},"mobile":{"background-color":"","background-image":"","background-repeat":"repeat","background-position":"center center","background-size":"auto","background-attachment":"scroll","background-type":"","background-media":"","overlay-type":"","overlay-color":"","overlay-opacity":"","overlay-gradient":""}},"ast-content-background-meta":{"desktop":{"background-color":"var(--ast-global-color-5)","background-image":"","background-repeat":"repeat","background-position":"center center","background-size":"auto","background-attachment":"scroll","background-type":"","background-media":"","overlay-type":"","overlay-color":"","overlay-opacity":"","overlay-gradient":""},"tablet":{"background-color":"var(--ast-global-color-5)","background-image":"","background-repeat":"repeat","background-position":"center center","background-size":"auto","background-attachment":"scroll","background-type":"","background-media":"","overlay-type":"","overlay-color":"","overlay-opacity":"","overlay-gradient":""},"mobile":{"background-color":"var(--ast-global-color-5)","background-image":"","background-repeat":"repeat","background-position":"center center","background-size":"auto","background-attachment":"scroll","background-type":"","background-media":"","overlay-type":"","overlay-color":"","overlay-opacity":"","overlay-gradient":""}}},"product_brand":[],"product_cat":[50],"product_tag":[37],"class_list":{"0":"post-3799","1":"product","2":"type-product","3":"status-publish","4":"has-post-thumbnail","6":"product_cat-shirataki-dried-rice","7":"product_tag-konjac-rice","8":"desktop-align-left","9":"tablet-align-left","10":"mobile-align-left","11":"ast-product-gallery-layout-horizontal-slider","12":"ast-product-tabs-layout-horizontal","14":"first","15":"instock","16":"shipping-taxable","17":"product-type-simple"},"_links":{"self":[{"href":"https:\/\/sentaiyuanbio.com\/pt\/wp-json\/wp\/v2\/product\/3799","targetHints":{"allow":["GET"]}}],"collection":[{"href":"https:\/\/sentaiyuanbio.com\/pt\/wp-json\/wp\/v2\/product"}],"about":[{"href":"https:\/\/sentaiyuanbio.com\/pt\/wp-json\/wp\/v2\/types\/product"}],"version-history":[{"count":1,"href":"https:\/\/sentaiyuanbio.com\/pt\/wp-json\/wp\/v2\/product\/3799\/revisions"}],"predecessor-version":[{"id":6160,"href":"https:\/\/sentaiyuanbio.com\/pt\/wp-json\/wp\/v2\/product\/3799\/revisions\/6160"}],"wp:featuredmedia":[{"embeddable":true,"href":"https:\/\/sentaiyuanbio.com\/pt\/wp-json\/wp\/v2\/media\/4215"}],"wp:attachment":[{"href":"https:\/\/sentaiyuanbio.com\/pt\/wp-json\/wp\/v2\/media?parent=3799"}],"wp:term":[{"taxonomy":"product_brand","embeddable":true,"href":"https:\/\/sentaiyuanbio.com\/pt\/wp-json\/wp\/v2\/product_brand?post=3799"},{"taxonomy":"product_cat","embeddable":true,"href":"https:\/\/sentaiyuanbio.com\/pt\/wp-json\/wp\/v2\/product_cat?post=3799"},{"taxonomy":"product_tag","embeddable":true,"href":"https:\/\/sentaiyuanbio.com\/pt\/wp-json\/wp\/v2\/product_tag?post=3799"}],"curies":[{"name":"wp","href":"https:\/\/api.w.org\/{rel}","templated":true}]}}