{"id":4332,"date":"2025-02-27T07:28:49","date_gmt":"2025-02-27T07:28:49","guid":{"rendered":"https:\/\/sentaiyuanbio.com\/?post_type=product&#038;p=4332"},"modified":"2026-01-06T02:15:56","modified_gmt":"2026-01-06T02:15:56","slug":"massa-de-fettuccine-shirataki-original","status":"publish","type":"product","link":"https:\/\/sentaiyuanbio.com\/pt\/produto\/massa-de-fettuccine-shirataki-original\/","title":{"rendered":"Macarr\u00e3o Fettuccine Shirataki Original, macarr\u00e3o seco Konjac"},"content":{"rendered":"<h2>Shirataki Fettuccine Noodles Original Flavor Descri\u00e7\u00e3o<\/h2>\n<p>Fabricada a partir da adorada planta konjac, nativa de Sichuan, na China, esta massa fettuccine shirataki traz um rico impulso nutricional \u00e0 sua mesa. O elevado teor de fibra garante que se mant\u00e9m cheio e satisfeito, para que possa desfrutar da verdadeira ess\u00eancia da massa sem a culpa das calorias.<\/p>\n<p>Quer esteja numa <a href=\"https:\/\/www.webmd.com\/diet\/ss\/slideshow-ketogenic-diet\" target=\"_blank\" rel=\"noopener\">dieta cet\u00f3nica<\/a> ou simplesmente \u00e0 procura de uma alternativa mais saud\u00e1vel, esta \u00e9 a sua viagem para um prazer requintado e sem culpa.<\/p>\n<p>Um delicioso elixir para quem come sem gl\u00faten, o nosso macarr\u00e3o shirataki tem o sabor e o aroma aut\u00eanticos da massa tradicional sem gl\u00faten.<\/p>\n<table>\n<tbody>\n<tr>\n<td>Nome do produto<\/td>\n<td>Macarr\u00e3o Shirataki Fettuccine Sabor Original<\/td>\n<\/tr>\n<tr>\n<td>Ingrediente prim\u00e1rio<\/td>\n<td><a href=\"https:\/\/sentaiyuanbio.com\/pt\/produto\/po-de-konjac\/\" target=\"_blank\" rel=\"noopener\">P\u00f3 de konjac<\/a>, tapioca em p\u00f3, \u00e1gua<\/td>\n<\/tr>\n<tr>\n<td>Aromas<\/td>\n<td>Original, espinafres, algas, cenoura, farinha de aveia<\/td>\n<\/tr>\n<tr>\n<td>Carater\u00edstica<\/td>\n<td>Sem cheiro, baixa caloria, baixo teor de carboidratos, sem gl\u00faten, sem a\u00e7\u00facar, sem gordura, sem OGM, rico em fibras<\/td>\n<\/tr>\n<tr>\n<td>Fun\u00e7\u00f5es<\/td>\n<td>Dieta vegetariana, perda de peso, aumentar a saciedade<\/td>\n<\/tr>\n<tr>\n<td>Fibra alimentar<\/td>\n<td>2,8g\/100g<\/td>\n<\/tr>\n<tr>\n<td>Peso<\/td>\n<td>0,08 kg<\/td>\n<\/tr>\n<tr>\n<td>Tempo de cozedura<\/td>\n<td>10 minutos<\/td>\n<\/tr>\n<tr>\n<td>Prazo de validade<\/td>\n<td>24 meses<\/td>\n<\/tr>\n<\/tbody>\n<\/table>\n<p><img fetchpriority=\"high\" decoding=\"async\" class=\"alignleft wp-image-4342 size-full\" src=\"https:\/\/sentaiyuanbio.com\/wp-content\/uploads\/2025\/02\/Konjac-Dry-Noodles-Nutrition-Facts.webp\" alt=\"Factos nutricionais da massa seca de konjac\" width=\"600\" height=\"600\" srcset=\"https:\/\/sentaiyuanbio.com\/wp-content\/uploads\/2025\/02\/Konjac-Dry-Noodles-Nutrition-Facts.webp 600w, https:\/\/sentaiyuanbio.com\/wp-content\/uploads\/2025\/02\/Konjac-Dry-Noodles-Nutrition-Facts-100x100.webp 100w, https:\/\/sentaiyuanbio.com\/wp-content\/uploads\/2025\/02\/Konjac-Dry-Noodles-Nutrition-Facts-300x300.webp 300w, https:\/\/sentaiyuanbio.com\/wp-content\/uploads\/2025\/02\/Konjac-Dry-Noodles-Nutrition-Facts-150x150.webp 150w\" sizes=\"(max-width: 600px) 100vw, 600px\" \/><img decoding=\"async\" class=\"alignleft wp-image-4341 size-full\" src=\"https:\/\/sentaiyuanbio.com\/wp-content\/uploads\/2025\/02\/Konjac-Dry-Noodles.webp\" alt=\"Massa seca de konjac\" width=\"600\" height=\"600\" srcset=\"https:\/\/sentaiyuanbio.com\/wp-content\/uploads\/2025\/02\/Konjac-Dry-Noodles.webp 600w, https:\/\/sentaiyuanbio.com\/wp-content\/uploads\/2025\/02\/Konjac-Dry-Noodles-100x100.webp 100w, https:\/\/sentaiyuanbio.com\/wp-content\/uploads\/2025\/02\/Konjac-Dry-Noodles-300x300.webp 300w, https:\/\/sentaiyuanbio.com\/wp-content\/uploads\/2025\/02\/Konjac-Dry-Noodles-150x150.webp 150w\" sizes=\"(max-width: 600px) 100vw, 600px\" \/><\/p>\n<p>&nbsp;<\/p>","protected":false},"excerpt":{"rendered":"<p>O nosso macarr\u00e3o shirataki fettuccine sabor original \u00e9 baixo em calorias, rico em fibras, rico em fibras para uma melhor digest\u00e3o, longa vida \u00fatil, e tem uma textura e sabor \u00fanicos para satisfazer o seu paladar. Experimente o macarr\u00e3o konjac de Sentaiyuan, saud\u00e1vel, com poucas calorias e sem gl\u00faten!<\/p>","protected":false},"featured_media":4336,"template":"","meta":{"site-sidebar-layout":"default","site-content-layout":"","ast-site-content-layout":"default","site-content-style":"default","site-sidebar-style":"default","ast-global-header-display":"","ast-banner-title-visibility":"","ast-main-header-display":"","ast-hfb-above-header-display":"","ast-hfb-below-header-display":"","ast-hfb-mobile-header-display":"","site-post-title":"","ast-breadcrumbs-content":"","ast-featured-img":"","footer-sml-layout":"","ast-disable-related-posts":"","theme-transparent-header-meta":"default","adv-header-id-meta":"","stick-header-meta":"default","header-above-stick-meta":"","header-main-stick-meta":"","header-below-stick-meta":"","astra-migrate-meta-layouts":"set","ast-page-background-enabled":"default","ast-page-background-meta":{"desktop":{"background-color":"","background-image":"","background-repeat":"repeat","background-position":"center center","background-size":"auto","background-attachment":"scroll","background-type":"","background-media":"","overlay-type":"","overlay-color":"","overlay-opacity":"","overlay-gradient":""},"tablet":{"background-color":"","background-image":"","background-repeat":"repeat","background-position":"center center","background-size":"auto","background-attachment":"scroll","background-type":"","background-media":"","overlay-type":"","overlay-color":"","overlay-opacity":"","overlay-gradient":""},"mobile":{"background-color":"","background-image":"","background-repeat":"repeat","background-position":"center center","background-size":"auto","background-attachment":"scroll","background-type":"","background-media":"","overlay-type":"","overlay-color":"","overlay-opacity":"","overlay-gradient":""}},"ast-content-background-meta":{"desktop":{"background-color":"var(--ast-global-color-5)","background-image":"","background-repeat":"repeat","background-position":"center center","background-size":"auto","background-attachment":"scroll","background-type":"","background-media":"","overlay-type":"","overlay-color":"","overlay-opacity":"","overlay-gradient":""},"tablet":{"background-color":"var(--ast-global-color-5)","background-image":"","background-repeat":"repeat","background-position":"center center","background-size":"auto","background-attachment":"scroll","background-type":"","background-media":"","overlay-type":"","overlay-color":"","overlay-opacity":"","overlay-gradient":""},"mobile":{"background-color":"var(--ast-global-color-5)","background-image":"","background-repeat":"repeat","background-position":"center center","background-size":"auto","background-attachment":"scroll","background-type":"","background-media":"","overlay-type":"","overlay-color":"","overlay-opacity":"","overlay-gradient":""}}},"product_brand":[],"product_cat":[249],"product_tag":[32],"class_list":{"0":"post-4332","1":"product","2":"type-product","3":"status-publish","4":"has-post-thumbnail","6":"product_cat-dry-shirataki-noodles","7":"product_tag-konjac-pasta","8":"desktop-align-left","9":"tablet-align-left","10":"mobile-align-left","11":"ast-product-gallery-layout-horizontal-slider","12":"ast-product-tabs-layout-horizontal","14":"first","15":"instock","16":"shipping-taxable","17":"product-type-simple"},"_links":{"self":[{"href":"https:\/\/sentaiyuanbio.com\/pt\/wp-json\/wp\/v2\/product\/4332","targetHints":{"allow":["GET"]}}],"collection":[{"href":"https:\/\/sentaiyuanbio.com\/pt\/wp-json\/wp\/v2\/product"}],"about":[{"href":"https:\/\/sentaiyuanbio.com\/pt\/wp-json\/wp\/v2\/types\/product"}],"version-history":[{"count":0,"href":"https:\/\/sentaiyuanbio.com\/pt\/wp-json\/wp\/v2\/product\/4332\/revisions"}],"wp:featuredmedia":[{"embeddable":true,"href":"https:\/\/sentaiyuanbio.com\/pt\/wp-json\/wp\/v2\/media\/4336"}],"wp:attachment":[{"href":"https:\/\/sentaiyuanbio.com\/pt\/wp-json\/wp\/v2\/media?parent=4332"}],"wp:term":[{"taxonomy":"product_brand","embeddable":true,"href":"https:\/\/sentaiyuanbio.com\/pt\/wp-json\/wp\/v2\/product_brand?post=4332"},{"taxonomy":"product_cat","embeddable":true,"href":"https:\/\/sentaiyuanbio.com\/pt\/wp-json\/wp\/v2\/product_cat?post=4332"},{"taxonomy":"product_tag","embeddable":true,"href":"https:\/\/sentaiyuanbio.com\/pt\/wp-json\/wp\/v2\/product_tag?post=4332"}],"curies":[{"name":"wp","href":"https:\/\/api.w.org\/{rel}","templated":true}]}}