{"id":4353,"date":"2025-02-27T09:24:51","date_gmt":"2025-02-27T09:24:51","guid":{"rendered":"https:\/\/sentaiyuanbio.com\/?post_type=product&#038;p=4353"},"modified":"2026-01-06T02:28:38","modified_gmt":"2026-01-06T02:28:38","slug":"noodles-de-algas-konjac-secos","status":"publish","type":"product","link":"https:\/\/sentaiyuanbio.com\/pt\/produto\/noodles-de-algas-konjac-secos\/","title":{"rendered":"Macarr\u00e3o de algas konjac, macarr\u00e3o seco de algas shirataki"},"content":{"rendered":"<h2>Noodles de algas marinhas Konjac secas Descri\u00e7\u00e3o<\/h2>\n<p>A massa de algas konjac \u00e9 muito baixa em calorias, o que a torna uma escolha popular para as pessoas que est\u00e3o a limitar a sua ingest\u00e3o de calorias. Uma por\u00e7\u00e3o de massa seca de algas shirataki tem muito poucas calorias em compara\u00e7\u00e3o com a massa de trigo tradicional, que tem muito mais calorias.<\/p>\n<p>Como tem muito poucos hidratos de carbono, pode ser consumido por pessoas que seguem uma dieta baixa em hidratos de carbono ou cetog\u00e9nica.<\/p>\n<p>Sendo rica em fibras nutritivas, pode promover uma melhor digest\u00e3o e saciedade. A regularidade intestinal e a melhoria da sa\u00fade intestinal tamb\u00e9m podem ser atribu\u00eddas ao alto teor de fibras da massa konjac.<\/p>\n<p>Como n\u00e3o cont\u00e9m gl\u00faten, tamb\u00e9m pode ser apreciado por pessoas sens\u00edveis ao gl\u00faten ou que estejam a seguir uma dieta sem gl\u00faten. \u00c9 uma alternativa semelhante \u00e0 massa para aqueles que n\u00e3o podem evitar o gl\u00faten mas querem desfrutar de pratos de massa.<\/p>\n<p>Devido \u00e0 sua baixa <a href=\"https:\/\/www.diabetes.ca\/DiabetesCanadaWebsite\/media\/Managing-My-Diabetes\/Tools%20and%20Resources\/glycemic-index-food-guide.pdf?ext=.pdf\" target=\"_blank\" rel=\"noopener\">\u00edndice glic\u00e9mico<\/a>, O seu consumo n\u00e3o provoca um aumento acentuado dos n\u00edveis de a\u00e7\u00facar no sangue. Isto pode ser \u00fatil para pessoas com diabetes ou que estejam a tentar equilibrar os seus n\u00edveis de a\u00e7\u00facar no sangue.<\/p>\n<p>Devido ao seu baixo teor cal\u00f3rico e elevado teor de fibras, \u00e9 uma escolha inteligente para o controlo de peso. Pode proporcionar uma refei\u00e7\u00e3o satisfat\u00f3ria e saud\u00e1vel que ajuda a reduzir a ingest\u00e3o geral de calorias, ajudando na perda de peso e no controlo das por\u00e7\u00f5es.<\/p>\n<table style=\"font-size: 16px; font-style: normal;\">\n<tbody>\n<tr>\n<td>Nome do produto<\/td>\n<td>Noodles secos de algas marinhas Konjac, Noodles secos de algas marinhas Shirataki<\/td>\n<\/tr>\n<tr>\n<td>Ingrediente prim\u00e1rio<\/td>\n<td><a href=\"https:\/\/sentaiyuanbio.com\/pt\/produto\/po-de-konjac\/\" target=\"_blank\" rel=\"noopener\">P\u00f3 de konjac<\/a>, tapioca em p\u00f3, \u00e1gua<\/td>\n<\/tr>\n<tr>\n<td>Aromas<\/td>\n<td>Original, espinafres, algas, cenoura, farinha de aveia<\/td>\n<\/tr>\n<tr>\n<td>Carater\u00edstica<\/td>\n<td>Sem cheiro, baixa caloria, baixo teor de carboidratos, sem gl\u00faten, sem a\u00e7\u00facar, sem gordura, sem OGM, rico em fibras<\/td>\n<\/tr>\n<tr>\n<td>Fun\u00e7\u00f5es<\/td>\n<td>Dieta vegetariana, perda de peso, aumentar a saciedade<\/td>\n<\/tr>\n<tr>\n<td>Fibra alimentar<\/td>\n<td>2,8g\/100g<\/td>\n<\/tr>\n<tr>\n<td>Calorias<\/td>\n<td>25Kcal\/100g<\/td>\n<\/tr>\n<tr>\n<td>Teor de gordura<\/td>\n<td>0<\/td>\n<\/tr>\n<tr>\n<td>Peso<\/td>\n<td>80g<\/td>\n<\/tr>\n<tr>\n<td>Tempo de cozedura<\/td>\n<td>10 minutos<\/td>\n<\/tr>\n<tr>\n<td>Prazo de validade<\/td>\n<td>24 meses<\/td>\n<\/tr>\n<\/tbody>\n<\/table>\n<h2>F\u00e1cil de cozinhar<\/h2>\n<p>Cozinhar noodles de algas konjac secas \u00e9 r\u00e1pido e f\u00e1cil, proporcionando-lhe uma refei\u00e7\u00e3o saud\u00e1vel e deliciosa em pouco tempo.<br \/>\nColoque o esparguete lavado numa panela com \u00e1gua a ferver e cozinhe durante 10 minutos, depois escorra.<br \/>\nMisture a massa com o seu molho preferido, os legumes, as prote\u00ednas e os temperos, mexendo bem para garantir uma distribui\u00e7\u00e3o uniforme.<\/p>\n<style>.embed-container { position: relative; padding-bottom: 56.25%; height: 0; overflow: hidden; max-width: 100%; } .embed-container iframe, .embed-container object, .embed-container embed { position: absolute; top: 0; left: 0; width: 100%; height: 100%; }<\/style>\n<div class=\"embed-container\"><iframe src=\"https:\/\/www.youtube.com\/embed\/zuGhC6Jdsv4\" frameborder=\"0\" allowfullscreen=\"allowfullscreen\"><\/iframe><\/div>","protected":false},"excerpt":{"rendered":"<p>Os Noodles secos de algas marinhas Konjac n\u00e3o s\u00f3 n\u00e3o cont\u00eam gl\u00faten e cumprem as normas halal, como tamb\u00e9m s\u00e3o nutritivos e uma \u00f3ptima escolha para quem procura manter uma dieta saud\u00e1vel.<br \/>\nPode comprar as nossas massas a granel e fornec\u00ea-las aos seus clientes a pre\u00e7os acess\u00edveis.<\/p>","protected":false},"featured_media":4361,"template":"","meta":{"site-sidebar-layout":"default","site-content-layout":"","ast-site-content-layout":"default","site-content-style":"default","site-sidebar-style":"default","ast-global-header-display":"","ast-banner-title-visibility":"","ast-main-header-display":"","ast-hfb-above-header-display":"","ast-hfb-below-header-display":"","ast-hfb-mobile-header-display":"","site-post-title":"","ast-breadcrumbs-content":"","ast-featured-img":"","footer-sml-layout":"","ast-disable-related-posts":"","theme-transparent-header-meta":"default","adv-header-id-meta":"","stick-header-meta":"default","header-above-stick-meta":"","header-main-stick-meta":"","header-below-stick-meta":"","astra-migrate-meta-layouts":"set","ast-page-background-enabled":"default","ast-page-background-meta":{"desktop":{"background-color":"","background-image":"","background-repeat":"repeat","background-position":"center center","background-size":"auto","background-attachment":"scroll","background-type":"","background-media":"","overlay-type":"","overlay-color":"","overlay-opacity":"","overlay-gradient":""},"tablet":{"background-color":"","background-image":"","background-repeat":"repeat","background-position":"center center","background-size":"auto","background-attachment":"scroll","background-type":"","background-media":"","overlay-type":"","overlay-color":"","overlay-opacity":"","overlay-gradient":""},"mobile":{"background-color":"","background-image":"","background-repeat":"repeat","background-position":"center center","background-size":"auto","background-attachment":"scroll","background-type":"","background-media":"","overlay-type":"","overlay-color":"","overlay-opacity":"","overlay-gradient":""}},"ast-content-background-meta":{"desktop":{"background-color":"var(--ast-global-color-5)","background-image":"","background-repeat":"repeat","background-position":"center center","background-size":"auto","background-attachment":"scroll","background-type":"","background-media":"","overlay-type":"","overlay-color":"","overlay-opacity":"","overlay-gradient":""},"tablet":{"background-color":"var(--ast-global-color-5)","background-image":"","background-repeat":"repeat","background-position":"center center","background-size":"auto","background-attachment":"scroll","background-type":"","background-media":"","overlay-type":"","overlay-color":"","overlay-opacity":"","overlay-gradient":""},"mobile":{"background-color":"var(--ast-global-color-5)","background-image":"","background-repeat":"repeat","background-position":"center center","background-size":"auto","background-attachment":"scroll","background-type":"","background-media":"","overlay-type":"","overlay-color":"","overlay-opacity":"","overlay-gradient":""}}},"product_brand":[],"product_cat":[249],"product_tag":[29],"class_list":{"0":"post-4353","1":"product","2":"type-product","3":"status-publish","4":"has-post-thumbnail","6":"product_cat-dry-shirataki-noodles","7":"product_tag-konjac-spaghetti","8":"desktop-align-left","9":"tablet-align-left","10":"mobile-align-left","11":"ast-product-gallery-layout-horizontal-slider","12":"ast-product-tabs-layout-horizontal","14":"first","15":"instock","16":"shipping-taxable","17":"product-type-simple"},"_links":{"self":[{"href":"https:\/\/sentaiyuanbio.com\/pt\/wp-json\/wp\/v2\/product\/4353","targetHints":{"allow":["GET"]}}],"collection":[{"href":"https:\/\/sentaiyuanbio.com\/pt\/wp-json\/wp\/v2\/product"}],"about":[{"href":"https:\/\/sentaiyuanbio.com\/pt\/wp-json\/wp\/v2\/types\/product"}],"version-history":[{"count":0,"href":"https:\/\/sentaiyuanbio.com\/pt\/wp-json\/wp\/v2\/product\/4353\/revisions"}],"wp:featuredmedia":[{"embeddable":true,"href":"https:\/\/sentaiyuanbio.com\/pt\/wp-json\/wp\/v2\/media\/4361"}],"wp:attachment":[{"href":"https:\/\/sentaiyuanbio.com\/pt\/wp-json\/wp\/v2\/media?parent=4353"}],"wp:term":[{"taxonomy":"product_brand","embeddable":true,"href":"https:\/\/sentaiyuanbio.com\/pt\/wp-json\/wp\/v2\/product_brand?post=4353"},{"taxonomy":"product_cat","embeddable":true,"href":"https:\/\/sentaiyuanbio.com\/pt\/wp-json\/wp\/v2\/product_cat?post=4353"},{"taxonomy":"product_tag","embeddable":true,"href":"https:\/\/sentaiyuanbio.com\/pt\/wp-json\/wp\/v2\/product_tag?post=4353"}],"curies":[{"name":"wp","href":"https:\/\/api.w.org\/{rel}","templated":true}]}}