{"id":4364,"date":"2025-02-28T02:39:09","date_gmt":"2025-02-28T02:39:09","guid":{"rendered":"https:\/\/sentaiyuanbio.com\/?post_type=product&#038;p=4364"},"modified":"2026-01-06T02:15:35","modified_gmt":"2026-01-06T02:15:35","slug":"massa-de-aveia-konjac-fettuccine","status":"publish","type":"product","link":"https:\/\/sentaiyuanbio.com\/pt\/produto\/massa-de-aveia-konjac-fettuccine\/","title":{"rendered":"Fettuccine de Aveia Konjac Noodles, Noodles Konjac com Fibra de Aveia"},"content":{"rendered":"<h2>Fettuccine de Aveia Konjac Noodles Descri\u00e7\u00e3o<\/h2>\n<p>O macarr\u00e3o konjac tamb\u00e9m \u00e9 conhecido como macarr\u00e3o Shirataki. Os noodles konjac s\u00e3o transl\u00facidos e gelatinosos, sem sabor percet\u00edvel, mas absorvem o sabor principal da sopa ou do prato a que s\u00e3o adicionados.<br \/>\nOs fettuccine de massa de aveia Konjac s\u00e3o feitos de fibra sol\u00favel natural - <a href=\"https:\/\/sentaiyuanbio.com\/pt\/produto\/fabricante-de-goma-konjac\/\" target=\"_blank\" rel=\"noopener\">glucomanano<\/a> e \u00e1gua, e s\u00e3o um alimento natural com um teor extremamente baixo de hidratos de carbono e de glic\u00e9mia.<br \/>\nO glucomanano \u00e9 o produto de maior viscosidade <a href=\"https:\/\/www.mayoclinic.org\/healthy-lifestyle\/nutrition-and-healthy-eating\/in-depth\/fiber\/art-20043983\" target=\"_blank\" rel=\"noopener\">fibra sol\u00favel<\/a> na natureza.<br \/>\nPara al\u00e9m das formas de macarr\u00e3o, o macarr\u00e3o konjac tamb\u00e9m tem v\u00e1rias formas, como a aletria e o macarr\u00e3o em tubo.<br \/>\nO fettuccine de massa seca de aveia Konjac pode ser conservado \u00e0 temperatura ambiente durante dois anos, n\u00e3o refrigerar.<\/p>\n<table>\n<tbody>\n<tr>\n<td>Nome do produto<\/td>\n<td>Fettuccine de Aveia Konjac Noodles, Noodles Konjac com Fibra de Aveia<\/td>\n<\/tr>\n<tr>\n<td>Ingrediente prim\u00e1rio<\/td>\n<td>P\u00f3 de konjac, p\u00f3 de tapioca, \u00e1gua<\/td>\n<\/tr>\n<tr>\n<td>Aromas<\/td>\n<td>Original, espinafres, algas, cenoura, farinha de aveia<\/td>\n<\/tr>\n<tr>\n<td>Carater\u00edstica<\/td>\n<td>Sem cheiro, baixa caloria, baixo teor de carboidratos, sem gl\u00faten, sem a\u00e7\u00facar, sem gordura, sem OGM, rico em fibras<\/td>\n<\/tr>\n<tr>\n<td>Fun\u00e7\u00f5es<\/td>\n<td>Dieta vegetariana, perda de peso, aumentar a saciedade<\/td>\n<\/tr>\n<tr>\n<td>Fibra alimentar<\/td>\n<td>2,8g\/100g<\/td>\n<\/tr>\n<tr>\n<td>Calorias<\/td>\n<td>25Kcal\/100g<\/td>\n<\/tr>\n<tr>\n<td>Teor de gordura<\/td>\n<td>0<\/td>\n<\/tr>\n<tr>\n<td>Peso<\/td>\n<td>80g<\/td>\n<\/tr>\n<tr>\n<td>Tempo de cozedura<\/td>\n<td>10 minutos<\/td>\n<\/tr>\n<tr>\n<td>Prazo de validade<\/td>\n<td>24 meses<\/td>\n<\/tr>\n<\/tbody>\n<\/table>\n<h2>Carater\u00edsticas do macarr\u00e3o Konjac de aveia seco<\/h2>\n<p>Eis algumas das suas vantagens:<\/p>\n<ul>\n<li>Baixo teor de calorias<\/li>\n<li>Baixo teor de hidratos de carbono<\/li>\n<li>Alto teor de fibras<\/li>\n<li>Sem gl\u00faten<\/li>\n<li>Gest\u00e3o do a\u00e7\u00facar no sangue<\/li>\n<li>Vers\u00e1til e adapt\u00e1vel<\/li>\n<li>Controlo do peso<\/li>\n<li>F\u00e1cil de cozinhar<\/li>\n<\/ul>\n<h2>Como cozinhar<\/h2>\n<style>.embed-container { position: relative; padding-bottom: 56.25%; height: 0; overflow: hidden; max-width: 100%; } .embed-container iframe, .embed-container object, .embed-container embed { position: absolute; top: 0; left: 0; width: 100%; height: 100%; }<\/style>\n<div class=\"embed-container\"><iframe src=\"https:\/\/www.youtube.com\/embed\/KCbiRjui6ac\" frameborder=\"0\" allowfullscreen=\"allowfullscreen\"><\/iframe><\/div>","protected":false},"excerpt":{"rendered":"<p>Os fettuccine de massa seca de aveia konjac Sentaiyuan Sugar Free s\u00e3o perfeitos para quem procura uma alternativa de baixas calorias, baixo teor de hidratos de carbono e sem gl\u00faten \u00e0 massa tradicional. Feitos a partir da raiz da planta konjac, estes noodles n\u00e3o s\u00e3o apenas deliciosos, mas tamb\u00e9m incrivelmente saud\u00e1veis.<\/p>","protected":false},"featured_media":4368,"template":"","meta":{"site-sidebar-layout":"default","site-content-layout":"","ast-site-content-layout":"default","site-content-style":"default","site-sidebar-style":"default","ast-global-header-display":"","ast-banner-title-visibility":"","ast-main-header-display":"","ast-hfb-above-header-display":"","ast-hfb-below-header-display":"","ast-hfb-mobile-header-display":"","site-post-title":"","ast-breadcrumbs-content":"","ast-featured-img":"","footer-sml-layout":"","ast-disable-related-posts":"","theme-transparent-header-meta":"default","adv-header-id-meta":"","stick-header-meta":"default","header-above-stick-meta":"","header-main-stick-meta":"","header-below-stick-meta":"","astra-migrate-meta-layouts":"set","ast-page-background-enabled":"default","ast-page-background-meta":{"desktop":{"background-color":"","background-image":"","background-repeat":"repeat","background-position":"center center","background-size":"auto","background-attachment":"scroll","background-type":"","background-media":"","overlay-type":"","overlay-color":"","overlay-opacity":"","overlay-gradient":""},"tablet":{"background-color":"","background-image":"","background-repeat":"repeat","background-position":"center center","background-size":"auto","background-attachment":"scroll","background-type":"","background-media":"","overlay-type":"","overlay-color":"","overlay-opacity":"","overlay-gradient":""},"mobile":{"background-color":"","background-image":"","background-repeat":"repeat","background-position":"center center","background-size":"auto","background-attachment":"scroll","background-type":"","background-media":"","overlay-type":"","overlay-color":"","overlay-opacity":"","overlay-gradient":""}},"ast-content-background-meta":{"desktop":{"background-color":"var(--ast-global-color-5)","background-image":"","background-repeat":"repeat","background-position":"center center","background-size":"auto","background-attachment":"scroll","background-type":"","background-media":"","overlay-type":"","overlay-color":"","overlay-opacity":"","overlay-gradient":""},"tablet":{"background-color":"var(--ast-global-color-5)","background-image":"","background-repeat":"repeat","background-position":"center center","background-size":"auto","background-attachment":"scroll","background-type":"","background-media":"","overlay-type":"","overlay-color":"","overlay-opacity":"","overlay-gradient":""},"mobile":{"background-color":"var(--ast-global-color-5)","background-image":"","background-repeat":"repeat","background-position":"center center","background-size":"auto","background-attachment":"scroll","background-type":"","background-media":"","overlay-type":"","overlay-color":"","overlay-opacity":"","overlay-gradient":""}}},"product_brand":[],"product_cat":[249],"product_tag":[32],"class_list":{"0":"post-4364","1":"product","2":"type-product","3":"status-publish","4":"has-post-thumbnail","6":"product_cat-dry-shirataki-noodles","7":"product_tag-konjac-pasta","8":"desktop-align-left","9":"tablet-align-left","10":"mobile-align-left","11":"ast-product-gallery-layout-horizontal-slider","12":"ast-product-tabs-layout-horizontal","14":"first","15":"instock","16":"shipping-taxable","17":"product-type-simple"},"_links":{"self":[{"href":"https:\/\/sentaiyuanbio.com\/pt\/wp-json\/wp\/v2\/product\/4364","targetHints":{"allow":["GET"]}}],"collection":[{"href":"https:\/\/sentaiyuanbio.com\/pt\/wp-json\/wp\/v2\/product"}],"about":[{"href":"https:\/\/sentaiyuanbio.com\/pt\/wp-json\/wp\/v2\/types\/product"}],"version-history":[{"count":0,"href":"https:\/\/sentaiyuanbio.com\/pt\/wp-json\/wp\/v2\/product\/4364\/revisions"}],"wp:featuredmedia":[{"embeddable":true,"href":"https:\/\/sentaiyuanbio.com\/pt\/wp-json\/wp\/v2\/media\/4368"}],"wp:attachment":[{"href":"https:\/\/sentaiyuanbio.com\/pt\/wp-json\/wp\/v2\/media?parent=4364"}],"wp:term":[{"taxonomy":"product_brand","embeddable":true,"href":"https:\/\/sentaiyuanbio.com\/pt\/wp-json\/wp\/v2\/product_brand?post=4364"},{"taxonomy":"product_cat","embeddable":true,"href":"https:\/\/sentaiyuanbio.com\/pt\/wp-json\/wp\/v2\/product_cat?post=4364"},{"taxonomy":"product_tag","embeddable":true,"href":"https:\/\/sentaiyuanbio.com\/pt\/wp-json\/wp\/v2\/product_tag?post=4364"}],"curies":[{"name":"wp","href":"https:\/\/api.w.org\/{rel}","templated":true}]}}