{"id":4383,"date":"2025-02-28T05:56:16","date_gmt":"2025-02-28T05:56:16","guid":{"rendered":"https:\/\/sentaiyuanbio.com\/?post_type=product&#038;p=4383"},"modified":"2025-02-28T08:28:31","modified_gmt":"2025-02-28T08:28:31","slug":"massa-seca-de-konjac-esparguete","status":"publish","type":"product","link":"https:\/\/sentaiyuanbio.com\/pt\/produto\/massa-seca-de-konjac-esparguete\/","title":{"rendered":"Macarr\u00e3o Konjac Seco a Granel, Macarr\u00e3o Shirataki Seco Sabor Cenoura"},"content":{"rendered":"<h2>Descri\u00e7\u00e3o do sabor do macarr\u00e3o konjac seco com esparguete e cenoura<\/h2>\n<p>O esparguete de massa seca Konjac \u00e9 feito a partir de \u00e1gua e da raiz em p\u00f3 da planta konjac. Esta mat\u00e9ria-prima \u00e9 caracterizada por um baixo teor de hidratos de carbono, gorduras e prote\u00ednas, e um elevado teor de fibras vegetais valiosas, chamadas <a href=\"https:\/\/sentaiyuanbio.com\/pt\/produto\/fabricante-de-goma-konjac\/\" target=\"_blank\" rel=\"noopener\">glucomanano<\/a>. Esta massa n\u00e3o cont\u00e9m alerg\u00e9nios nem conservantes.<br \/>\nDevido \u00e0 adi\u00e7\u00e3o de cenoura em p\u00f3, os noodles t\u00eam um sabor doce delicado e uma cor amarela atractiva. Os nossos noodles Konjac absorvem perfeitamente o sabor dos temperos, pelo que complementam uma grande variedade de ingredientes.<\/p>\n<table>\n<tbody>\n<tr>\n<td>Nome do produto<\/td>\n<td>Massa seca de konjac esparguete com sabor a cenoura, esparguete shirataki<\/td>\n<\/tr>\n<tr>\n<td>Ingrediente prim\u00e1rio<\/td>\n<td>P\u00f3 de konjac, p\u00f3 de tapioca, \u00e1gua<\/td>\n<\/tr>\n<tr>\n<td>Aromas<\/td>\n<td>Original, espinafres, algas, cenoura, farinha de aveia<\/td>\n<\/tr>\n<tr>\n<td>Carater\u00edstica<\/td>\n<td>Sem cheiro, baixa caloria, baixo teor de carboidratos, sem gl\u00faten, sem a\u00e7\u00facar, sem gordura, sem OGM, rico em fibras<\/td>\n<\/tr>\n<tr>\n<td>Fun\u00e7\u00f5es<\/td>\n<td>Dieta vegetariana, perda de peso, aumentar a saciedade<\/td>\n<\/tr>\n<tr>\n<td>Fibra alimentar<\/td>\n<td>2,8g\/100g<\/td>\n<\/tr>\n<tr>\n<td>Calorias<\/td>\n<td>25Kcal\/100g<\/td>\n<\/tr>\n<tr>\n<td>Teor de gordura<\/td>\n<td>0<\/td>\n<\/tr>\n<tr>\n<td>Peso<\/td>\n<td>80g<\/td>\n<\/tr>\n<tr>\n<td>Tempo de cozedura<\/td>\n<td>10 minutos<\/td>\n<\/tr>\n<tr>\n<td>Prazo de validade<\/td>\n<td>24 meses<\/td>\n<\/tr>\n<\/tbody>\n<\/table>\n<h2>As carater\u00edsticas mais importantes da nossa massa:<\/h2>\n<ul>\n<li>Ideal para quem est\u00e1 a fazer dieta - 100 g da nossa massa de cenoura konjac cont\u00e9m apenas 20 kcal. Isto \u00e9 cerca de 6 vezes menos do que 100 g de massa de trigo cozinhada.<\/li>\n<li>Baixo \u00edndice glic\u00e9mico - O macarr\u00e3o konjac n\u00e3o cont\u00e9m a\u00e7\u00facar, o<br \/>\no teor de hidratos de carbono por 100 g de produto n\u00e3o excede 2,8 g, e o <a href=\"https:\/\/www.verywellhealth.com\/glycemic-index-chart-for-common-foods-1087476\" target=\"_blank\" rel=\"noopener\">\u00edndice glic\u00e9mico<\/a> \u00e9 baixo. As pessoas que seguem uma dieta de baixo \u00edndice glic\u00e9mico podem comer estas massas.<\/li>\n<li>Receitas vegetarianas - Os nossos noodles n\u00e3o cont\u00eam subst\u00e2ncias de origem animal e s\u00e3o, por isso, perfeitos para sopas vegetarianas e refei\u00e7\u00f5es vegan.<\/li>\n<li>Adequado para uma variedade de refei\u00e7\u00f5es - O sabor universal do macarr\u00e3o Konjac \u00e9 adequado tanto para sopas como para pratos cl\u00e1ssicos de massa.<\/li>\n<\/ul>\n<h2>Como cozinhar<\/h2>\n<p>A prepara\u00e7\u00e3o do macarr\u00e3o Konjac seco \u00e9 muito simples e qualquer dona de casa pode faz\u00ea-la. Basta p\u00f4r o macarr\u00e3o seco de molho em \u00e1gua quente durante 5 minutos, depois enxaguar o macarr\u00e3o em \u00e1gua corrente durante 2-3 minutos, adicion\u00e1-lo a sopas ou mexer numa frigideira com o seu molho preferido e fritar durante dois minutos.<\/p>\n<style>.embed-container { position: relative; padding-bottom: 56.25%; height: 0; overflow: hidden; max-width: 100%; } .embed-container iframe, .embed-container object, .embed-container embed { position: absolute; top: 0; left: 0; width: 100%; height: 100%; }<\/style>\n<div class=\"embed-container\"><iframe src=\"https:\/\/www.youtube.com\/embed\/WgphpfRnFp8\" frameborder=\"0\" allowfullscreen=\"allowfullscreen\"><\/iframe><\/div>","protected":false},"excerpt":{"rendered":"<p>O macarr\u00e3o Konjac seco com sabor a esparguete e cenoura \u00e9 uma alternativa de baixas calorias ao macarr\u00e3o italiano tradicional. \u00c9 feita \u00e0 base de farinha de konjac e de farinha de cenoura. S\u00e3o conhecidas pelo seu baixo \u00edndice glic\u00e9mico e baixo teor de gordura.<\/p>","protected":false},"featured_media":4384,"template":"","meta":{"site-sidebar-layout":"default","site-content-layout":"","ast-site-content-layout":"default","site-content-style":"default","site-sidebar-style":"default","ast-global-header-display":"","ast-banner-title-visibility":"","ast-main-header-display":"","ast-hfb-above-header-display":"","ast-hfb-below-header-display":"","ast-hfb-mobile-header-display":"","site-post-title":"","ast-breadcrumbs-content":"","ast-featured-img":"","footer-sml-layout":"","ast-disable-related-posts":"","theme-transparent-header-meta":"default","adv-header-id-meta":"","stick-header-meta":"default","header-above-stick-meta":"","header-main-stick-meta":"","header-below-stick-meta":"","astra-migrate-meta-layouts":"set","ast-page-background-enabled":"default","ast-page-background-meta":{"desktop":{"background-color":"","background-image":"","background-repeat":"repeat","background-position":"center center","background-size":"auto","background-attachment":"scroll","background-type":"","background-media":"","overlay-type":"","overlay-color":"","overlay-opacity":"","overlay-gradient":""},"tablet":{"background-color":"","background-image":"","background-repeat":"repeat","background-position":"center center","background-size":"auto","background-attachment":"scroll","background-type":"","background-media":"","overlay-type":"","overlay-color":"","overlay-opacity":"","overlay-gradient":""},"mobile":{"background-color":"","background-image":"","background-repeat":"repeat","background-position":"center center","background-size":"auto","background-attachment":"scroll","background-type":"","background-media":"","overlay-type":"","overlay-color":"","overlay-opacity":"","overlay-gradient":""}},"ast-content-background-meta":{"desktop":{"background-color":"var(--ast-global-color-5)","background-image":"","background-repeat":"repeat","background-position":"center center","background-size":"auto","background-attachment":"scroll","background-type":"","background-media":"","overlay-type":"","overlay-color":"","overlay-opacity":"","overlay-gradient":""},"tablet":{"background-color":"var(--ast-global-color-5)","background-image":"","background-repeat":"repeat","background-position":"center center","background-size":"auto","background-attachment":"scroll","background-type":"","background-media":"","overlay-type":"","overlay-color":"","overlay-opacity":"","overlay-gradient":""},"mobile":{"background-color":"var(--ast-global-color-5)","background-image":"","background-repeat":"repeat","background-position":"center center","background-size":"auto","background-attachment":"scroll","background-type":"","background-media":"","overlay-type":"","overlay-color":"","overlay-opacity":"","overlay-gradient":""}}},"product_brand":[],"product_cat":[249],"product_tag":[],"class_list":{"0":"post-4383","1":"product","2":"type-product","3":"status-publish","4":"has-post-thumbnail","6":"product_cat-dry-shirataki-noodles","7":"desktop-align-left","8":"tablet-align-left","9":"mobile-align-left","10":"ast-product-gallery-layout-horizontal-slider","11":"ast-product-tabs-layout-horizontal","13":"first","14":"instock","15":"shipping-taxable","16":"product-type-simple"},"_links":{"self":[{"href":"https:\/\/sentaiyuanbio.com\/pt\/wp-json\/wp\/v2\/product\/4383","targetHints":{"allow":["GET"]}}],"collection":[{"href":"https:\/\/sentaiyuanbio.com\/pt\/wp-json\/wp\/v2\/product"}],"about":[{"href":"https:\/\/sentaiyuanbio.com\/pt\/wp-json\/wp\/v2\/types\/product"}],"version-history":[{"count":0,"href":"https:\/\/sentaiyuanbio.com\/pt\/wp-json\/wp\/v2\/product\/4383\/revisions"}],"wp:featuredmedia":[{"embeddable":true,"href":"https:\/\/sentaiyuanbio.com\/pt\/wp-json\/wp\/v2\/media\/4384"}],"wp:attachment":[{"href":"https:\/\/sentaiyuanbio.com\/pt\/wp-json\/wp\/v2\/media?parent=4383"}],"wp:term":[{"taxonomy":"product_brand","embeddable":true,"href":"https:\/\/sentaiyuanbio.com\/pt\/wp-json\/wp\/v2\/product_brand?post=4383"},{"taxonomy":"product_cat","embeddable":true,"href":"https:\/\/sentaiyuanbio.com\/pt\/wp-json\/wp\/v2\/product_cat?post=4383"},{"taxonomy":"product_tag","embeddable":true,"href":"https:\/\/sentaiyuanbio.com\/pt\/wp-json\/wp\/v2\/product_tag?post=4383"}],"curies":[{"name":"wp","href":"https:\/\/api.w.org\/{rel}","templated":true}]}}