{"id":4392,"date":"2025-02-28T06:34:50","date_gmt":"2025-02-28T06:34:50","guid":{"rendered":"https:\/\/sentaiyuanbio.com\/?post_type=product&#038;p=4392"},"modified":"2026-01-06T02:25:59","modified_gmt":"2026-01-06T02:25:59","slug":"massa-de-aveia-konjac-esparguete","status":"publish","type":"product","link":"https:\/\/sentaiyuanbio.com\/pt\/produto\/massa-de-aveia-konjac-esparguete\/","title":{"rendered":"Macarr\u00e3o Konjac seco de aveia a granel, macarr\u00e3o de fibra de aveia Shirataki"},"content":{"rendered":"<h2>Descri\u00e7\u00e3o do espaguete de aveia e konjac<\/h2>\n<p>Complemente qualquer dieta com esparguete de massa de aveia konjac, \u00e9 t\u00e3o saud\u00e1vel como qualquer massa, mas com a adi\u00e7\u00e3o de aveia para um maior teor de fibra alimentar.<\/p>\n<p>Os Konjac Oat Noodles s\u00e3o feitos de fibra de aveia e fibra de konjac (glucomanano), contendo ambos <a href=\"https:\/\/www.healthline.com\/health\/soluble-vs-insoluble-fiber\" target=\"_blank\" rel=\"noopener\">fibra sol\u00favel<\/a> glucomanano de konjac e fibra insol\u00favel de aveia.<\/p>\n<p>Sentaiyuan tem trabalhado arduamente para melhorar a textura do macarr\u00e3o, mantendo-o baixo em calorias. Descobrimos que, ao adicionar fibra de aveia, a textura do macarr\u00e3o konjac \u00e9 mais macia e o macarr\u00e3o tem maior probabilidade de absorver mais sabor.<\/p>\n<p>Como todos os nossos noodles, os noodles de aveia konjac s\u00e3o cuidadosamente preparados para que possa mistur\u00e1-los com o seu molho preferido, adicion\u00e1-los \u00e0 sopa ou frit\u00e1-los com os seus legumes, carne ou peixe preferidos.<br \/>\nA massa de aveia konjac em si n\u00e3o tem cheiro. Quando abre a embalagem pela primeira vez, pode notar um ligeiro cheiro a peixe, mas este \u00e9 f\u00e1cil de eliminar. Basta p\u00f4r a massa de molho em \u00e1gua quente durante 5 minutos, depois enxagu\u00e1-la em \u00e1gua durante 2-3 minutos e o cheiro desaparecer\u00e1 completamente.<\/p>\n<table>\n<tbody>\n<tr>\n<td>Nome do produto<\/td>\n<td>Esparguete de massa de aveia konjac, massa de fibra de aveia shirataki<\/td>\n<\/tr>\n<tr>\n<td>Ingrediente prim\u00e1rio<\/td>\n<td><a href=\"https:\/\/sentaiyuanbio.com\/pt\/produto\/po-de-konjac\/\" target=\"_blank\" rel=\"noopener\">P\u00f3 de konjac<\/a>, tapioca em p\u00f3, \u00e1gua<\/td>\n<\/tr>\n<tr>\n<td>Aromas<\/td>\n<td>Original, espinafres, algas, cenoura, farinha de aveia<\/td>\n<\/tr>\n<tr>\n<td>Carater\u00edstica<\/td>\n<td>Sem cheiro, baixa caloria, baixo teor de carboidratos, sem gl\u00faten, sem a\u00e7\u00facar, sem gordura, sem OGM, rico em fibras<\/td>\n<\/tr>\n<tr>\n<td>Fun\u00e7\u00f5es<\/td>\n<td>Dieta vegetariana, perda de peso, aumentar a saciedade<\/td>\n<\/tr>\n<tr>\n<td>Fibra alimentar<\/td>\n<td>2,8g\/100g<\/td>\n<\/tr>\n<tr>\n<td>Calorias<\/td>\n<td>25Kcal\/100g<\/td>\n<\/tr>\n<tr>\n<td>Teor de gordura<\/td>\n<td>0<\/td>\n<\/tr>\n<tr>\n<td>Peso<\/td>\n<td>80g<\/td>\n<\/tr>\n<tr>\n<td>Tempo de cozedura<\/td>\n<td>10 minutos<\/td>\n<\/tr>\n<tr>\n<td>Prazo de validade<\/td>\n<td>24 meses<\/td>\n<\/tr>\n<\/tbody>\n<\/table>\n<p><img fetchpriority=\"high\" decoding=\"async\" class=\"alignnone wp-image-4402 size-full\" src=\"https:\/\/sentaiyuanbio.com\/wp-content\/uploads\/2025\/02\/Shirataki-Oat-Fiber-Noodles-2.webp\" alt=\"Noodles Shirataki de fibra de aveia\" width=\"1000\" height=\"1000\" srcset=\"https:\/\/sentaiyuanbio.com\/wp-content\/uploads\/2025\/02\/Shirataki-Oat-Fiber-Noodles-2.webp 1000w, https:\/\/sentaiyuanbio.com\/wp-content\/uploads\/2025\/02\/Shirataki-Oat-Fiber-Noodles-2-600x600.webp 600w, https:\/\/sentaiyuanbio.com\/wp-content\/uploads\/2025\/02\/Shirataki-Oat-Fiber-Noodles-2-100x100.webp 100w, https:\/\/sentaiyuanbio.com\/wp-content\/uploads\/2025\/02\/Shirataki-Oat-Fiber-Noodles-2-300x300.webp 300w, https:\/\/sentaiyuanbio.com\/wp-content\/uploads\/2025\/02\/Shirataki-Oat-Fiber-Noodles-2-150x150.webp 150w, https:\/\/sentaiyuanbio.com\/wp-content\/uploads\/2025\/02\/Shirataki-Oat-Fiber-Noodles-2-768x768.webp 768w\" sizes=\"(max-width: 1000px) 100vw, 1000px\" \/><img decoding=\"async\" class=\"alignnone wp-image-4401 size-full\" src=\"https:\/\/sentaiyuanbio.com\/wp-content\/uploads\/2025\/02\/Shirataki-Oat-Fiber-Noodles.webp\" alt=\"Noodles Shirataki de fibra de aveia\" width=\"1000\" height=\"1000\" srcset=\"https:\/\/sentaiyuanbio.com\/wp-content\/uploads\/2025\/02\/Shirataki-Oat-Fiber-Noodles.webp 1000w, https:\/\/sentaiyuanbio.com\/wp-content\/uploads\/2025\/02\/Shirataki-Oat-Fiber-Noodles-600x600.webp 600w, https:\/\/sentaiyuanbio.com\/wp-content\/uploads\/2025\/02\/Shirataki-Oat-Fiber-Noodles-100x100.webp 100w, https:\/\/sentaiyuanbio.com\/wp-content\/uploads\/2025\/02\/Shirataki-Oat-Fiber-Noodles-300x300.webp 300w, https:\/\/sentaiyuanbio.com\/wp-content\/uploads\/2025\/02\/Shirataki-Oat-Fiber-Noodles-150x150.webp 150w, https:\/\/sentaiyuanbio.com\/wp-content\/uploads\/2025\/02\/Shirataki-Oat-Fiber-Noodles-768x768.webp 768w\" sizes=\"(max-width: 1000px) 100vw, 1000px\" \/><\/p>","protected":false},"excerpt":{"rendered":"<p>O esparguete de massa de aveia konjac \u00e9 feito a partir da planta konjac, 100% planta pura, sem quaisquer alerg\u00e9nios e contendo apenas 25 kcal por 100 g. A massa konjac \u00e9 uma massa sem gl\u00faten e um alimento de baixas calorias. O macarr\u00e3o konjac \u00e9 diferente da massa tradicional, permitindo-lhe fazer receitas saud\u00e1veis e seguir uma dieta de perda de peso. S\u00e3o perfeitos para qualquer dieta ou apenas para um estilo de vida saud\u00e1vel.<\/p>","protected":false},"featured_media":4393,"template":"","meta":{"site-sidebar-layout":"default","site-content-layout":"","ast-site-content-layout":"default","site-content-style":"default","site-sidebar-style":"default","ast-global-header-display":"","ast-banner-title-visibility":"","ast-main-header-display":"","ast-hfb-above-header-display":"","ast-hfb-below-header-display":"","ast-hfb-mobile-header-display":"","site-post-title":"","ast-breadcrumbs-content":"","ast-featured-img":"","footer-sml-layout":"","ast-disable-related-posts":"","theme-transparent-header-meta":"default","adv-header-id-meta":"","stick-header-meta":"default","header-above-stick-meta":"","header-main-stick-meta":"","header-below-stick-meta":"","astra-migrate-meta-layouts":"set","ast-page-background-enabled":"default","ast-page-background-meta":{"desktop":{"background-color":"","background-image":"","background-repeat":"repeat","background-position":"center center","background-size":"auto","background-attachment":"scroll","background-type":"","background-media":"","overlay-type":"","overlay-color":"","overlay-opacity":"","overlay-gradient":""},"tablet":{"background-color":"","background-image":"","background-repeat":"repeat","background-position":"center center","background-size":"auto","background-attachment":"scroll","background-type":"","background-media":"","overlay-type":"","overlay-color":"","overlay-opacity":"","overlay-gradient":""},"mobile":{"background-color":"","background-image":"","background-repeat":"repeat","background-position":"center center","background-size":"auto","background-attachment":"scroll","background-type":"","background-media":"","overlay-type":"","overlay-color":"","overlay-opacity":"","overlay-gradient":""}},"ast-content-background-meta":{"desktop":{"background-color":"var(--ast-global-color-5)","background-image":"","background-repeat":"repeat","background-position":"center center","background-size":"auto","background-attachment":"scroll","background-type":"","background-media":"","overlay-type":"","overlay-color":"","overlay-opacity":"","overlay-gradient":""},"tablet":{"background-color":"var(--ast-global-color-5)","background-image":"","background-repeat":"repeat","background-position":"center center","background-size":"auto","background-attachment":"scroll","background-type":"","background-media":"","overlay-type":"","overlay-color":"","overlay-opacity":"","overlay-gradient":""},"mobile":{"background-color":"var(--ast-global-color-5)","background-image":"","background-repeat":"repeat","background-position":"center center","background-size":"auto","background-attachment":"scroll","background-type":"","background-media":"","overlay-type":"","overlay-color":"","overlay-opacity":"","overlay-gradient":""}}},"product_brand":[],"product_cat":[249],"product_tag":[29],"class_list":{"0":"post-4392","1":"product","2":"type-product","3":"status-publish","4":"has-post-thumbnail","6":"product_cat-dry-shirataki-noodles","7":"product_tag-konjac-spaghetti","8":"desktop-align-left","9":"tablet-align-left","10":"mobile-align-left","11":"ast-product-gallery-layout-horizontal-slider","12":"ast-product-tabs-layout-horizontal","14":"first","15":"instock","16":"shipping-taxable","17":"product-type-simple"},"_links":{"self":[{"href":"https:\/\/sentaiyuanbio.com\/pt\/wp-json\/wp\/v2\/product\/4392","targetHints":{"allow":["GET"]}}],"collection":[{"href":"https:\/\/sentaiyuanbio.com\/pt\/wp-json\/wp\/v2\/product"}],"about":[{"href":"https:\/\/sentaiyuanbio.com\/pt\/wp-json\/wp\/v2\/types\/product"}],"version-history":[{"count":0,"href":"https:\/\/sentaiyuanbio.com\/pt\/wp-json\/wp\/v2\/product\/4392\/revisions"}],"wp:featuredmedia":[{"embeddable":true,"href":"https:\/\/sentaiyuanbio.com\/pt\/wp-json\/wp\/v2\/media\/4393"}],"wp:attachment":[{"href":"https:\/\/sentaiyuanbio.com\/pt\/wp-json\/wp\/v2\/media?parent=4392"}],"wp:term":[{"taxonomy":"product_brand","embeddable":true,"href":"https:\/\/sentaiyuanbio.com\/pt\/wp-json\/wp\/v2\/product_brand?post=4392"},{"taxonomy":"product_cat","embeddable":true,"href":"https:\/\/sentaiyuanbio.com\/pt\/wp-json\/wp\/v2\/product_cat?post=4392"},{"taxonomy":"product_tag","embeddable":true,"href":"https:\/\/sentaiyuanbio.com\/pt\/wp-json\/wp\/v2\/product_tag?post=4392"}],"curies":[{"name":"wp","href":"https:\/\/api.w.org\/{rel}","templated":true}]}}