{"id":4524,"date":"2025-03-03T09:23:44","date_gmt":"2025-03-03T09:23:44","guid":{"rendered":"https:\/\/sentaiyuanbio.com\/?post_type=product&#038;p=4524"},"modified":"2025-03-05T09:55:22","modified_gmt":"2025-03-05T09:55:22","slug":"arroz-milagroso-arroz-shirataki","status":"publish","type":"product","link":"https:\/\/sentaiyuanbio.com\/pt\/produto\/arroz-milagroso-arroz-shirataki\/","title":{"rendered":"Arroz Milagroso, Macarr\u00e3o Milagroso Arroz Shirataki"},"content":{"rendered":"<p>O arroz milagroso, tamb\u00e9m conhecido como arroz Shirataki ou arroz Konjac, \u00e9 uma alternativa de baixa caloria e baixo teor de carboidratos ao arroz tradicional. \u00c9 feito a partir da planta Konjac, um tipo de tub\u00e9rculo consumido na \u00c1sia h\u00e1 mais de 1000 anos.<\/p>\n<table>\n<tbody>\n<tr>\n<td>Nome do produto<\/td>\n<td>Arroz Shirataki Macarr\u00e3o Milagroso<\/td>\n<\/tr>\n<tr>\n<td>Ingrediente prim\u00e1rio<\/td>\n<td><a href=\"https:\/\/sentaiyuanbio.com\/pt\/produto\/po-de-konjac\/\" target=\"_blank\" rel=\"noopener\">P\u00f3 de konjac<\/a>, \u00e1gua<\/td>\n<\/tr>\n<tr>\n<td>Aromas<\/td>\n<td>Sabores Original, Cenoura, Aveia, Algas, Trigo mourisco, Feij\u00e3o mungo e Feij\u00e3o vermelho<\/td>\n<\/tr>\n<tr>\n<td>Carater\u00edstica<\/td>\n<td>Sem cheiro, baixa caloria, baixo teor de carboidratos, sem gl\u00faten, sem a\u00e7\u00facar, sem gordura, sem OGM, rico em fibras<\/td>\n<\/tr>\n<tr>\n<td>Fun\u00e7\u00f5es<\/td>\n<td>Dieta vegetariana, perda de peso, aumentar a saciedade<\/td>\n<\/tr>\n<tr>\n<td>Fibra alimentar<\/td>\n<td>3g\/100g<\/td>\n<\/tr>\n<tr>\n<td>Calorias<\/td>\n<td>6Kcal\/100g<\/td>\n<\/tr>\n<tr>\n<td>Teor de gordura<\/td>\n<td>0<\/td>\n<\/tr>\n<tr>\n<td>Peso<\/td>\n<td>Personalizado<\/td>\n<\/tr>\n<tr>\n<td>Tempo de cozedura<\/td>\n<td>3 minutos<\/td>\n<\/tr>\n<tr>\n<td>Prazo de validade<\/td>\n<td>12 meses<\/td>\n<\/tr>\n<\/tbody>\n<\/table>\n<p>Aqui est\u00e3o algumas das principais caracter\u00edsticas do arroz Miracle:<\/p>\n<h2>Carater\u00edsticas principais do Miracle Rice<\/h2>\n<ol>\n<li>Composi\u00e7\u00e3o: O Miracle Rice \u00e9 composto por 97% de \u00e1gua e 3% de fibra, o que o torna extremamente baixo em calorias e hidratos de carbono.<\/li>\n<li>Conte\u00fado nutricional: Cont\u00e9m apenas cerca de 1 grama de hidratos de carbono por por\u00e7\u00e3o, o que o torna adequado para dietas baixas em hidratos de carbono. Uma por\u00e7\u00e3o de 100g tem aproximadamente 6 calorias.<\/li>\n<li>Textura e sabor: Quando preparado corretamente, tem uma textura saltitante e n\u00e3o tem sabor, o que lhe permite absorver bem os sabores.<\/li>\n<li>Benef\u00edcios diet\u00e9ticos: N\u00e3o cont\u00e9m gl\u00faten, n\u00e3o cont\u00e9m soja e \u00e9 fabricado com ingredientes n\u00e3o OGM, o que o torna uma boa op\u00e7\u00e3o para quem tem restri\u00e7\u00f5es alimentares.<\/li>\n<li>Propriedades prebi\u00f3ticas: O <a href=\"https:\/\/www.metamucil.com\/en-us\/articles\/fiber-101\/what-is-soluble-fiber\/?msclkid=2ac0ed7e93171fdbb20f8abbe7f432cb\" target=\"_blank\" rel=\"noopener\">fibra sol\u00favel<\/a> em Miracle Rice actua como um prebi\u00f3tico, apoiando a sa\u00fade intestinal ao alimentar as bact\u00e9rias ben\u00e9ficas.<\/li>\n<\/ol>\n<h2>Usos e cozinhados<\/h2>\n<p>O arroz milagroso pode ser usado como substituto do arroz tradicional em v\u00e1rios pratos, como salteados, pilafs de arroz e at\u00e9 sobremesas como pudim de arroz. Para cozinhar, basta enxaguar o arroz em \u00e1gua corrente e, em seguida, salte\u00e1-lo numa frigideira para remover o excesso de humidade antes de adicionar os temperos.<\/p>\n<style>.embed-container { position: relative; padding-bottom: 56.25%; height: 0; overflow: hidden; max-width: 100%; } .embed-container iframe, .embed-container object, .embed-container embed { position: absolute; top: 0; left: 0; width: 100%; height: 100%; }<\/style>\n<div class=\"embed-container\"><iframe src=\"https:\/\/www.youtube.com\/embed\/Y9r1fgiu6-A\" frameborder=\"0\" allowfullscreen=\"allowfullscreen\"><\/iframe><\/div>\n<style>.embed-container { position: relative; padding-bottom: 56.25%; height: 0; overflow: hidden; max-width: 100%; } .embed-container iframe, .embed-container object, .embed-container embed { position: absolute; top: 0; left: 0; width: 100%; height: 100%; }<\/style>\n<div class=\"embed-container\"><iframe src=\"https:\/\/www.youtube.com\/embed\/BaWQKlIDx-U\" frameborder=\"0\" allowfullscreen=\"allowfullscreen\"><\/iframe><\/div>","protected":false},"excerpt":{"rendered":"<p>O arroz milagroso Sentaiyuan \u00e9 feito a partir da farinha de konjac da mais alta qualidade. \u00c9 baixo em calorias, baixo em \u00e1gua carb\u00f3nica e rico em fibras. Tem uma variedade de sabores, incluindo o original, cenoura, aveia, algas marinhas, trigo sarraceno, feij\u00e3o mungo e feij\u00e3o vermelho.<\/p>","protected":false},"featured_media":4530,"template":"","meta":{"site-sidebar-layout":"default","site-content-layout":"","ast-site-content-layout":"default","site-content-style":"default","site-sidebar-style":"default","ast-global-header-display":"","ast-banner-title-visibility":"","ast-main-header-display":"","ast-hfb-above-header-display":"","ast-hfb-below-header-display":"","ast-hfb-mobile-header-display":"","site-post-title":"","ast-breadcrumbs-content":"","ast-featured-img":"","footer-sml-layout":"","ast-disable-related-posts":"","theme-transparent-header-meta":"default","adv-header-id-meta":"","stick-header-meta":"default","header-above-stick-meta":"","header-main-stick-meta":"","header-below-stick-meta":"","astra-migrate-meta-layouts":"set","ast-page-background-enabled":"default","ast-page-background-meta":{"desktop":{"background-color":"","background-image":"","background-repeat":"repeat","background-position":"center center","background-size":"auto","background-attachment":"scroll","background-type":"","background-media":"","overlay-type":"","overlay-color":"","overlay-opacity":"","overlay-gradient":""},"tablet":{"background-color":"","background-image":"","background-repeat":"repeat","background-position":"center center","background-size":"auto","background-attachment":"scroll","background-type":"","background-media":"","overlay-type":"","overlay-color":"","overlay-opacity":"","overlay-gradient":""},"mobile":{"background-color":"","background-image":"","background-repeat":"repeat","background-position":"center center","background-size":"auto","background-attachment":"scroll","background-type":"","background-media":"","overlay-type":"","overlay-color":"","overlay-opacity":"","overlay-gradient":""}},"ast-content-background-meta":{"desktop":{"background-color":"var(--ast-global-color-5)","background-image":"","background-repeat":"repeat","background-position":"center center","background-size":"auto","background-attachment":"scroll","background-type":"","background-media":"","overlay-type":"","overlay-color":"","overlay-opacity":"","overlay-gradient":""},"tablet":{"background-color":"var(--ast-global-color-5)","background-image":"","background-repeat":"repeat","background-position":"center center","background-size":"auto","background-attachment":"scroll","background-type":"","background-media":"","overlay-type":"","overlay-color":"","overlay-opacity":"","overlay-gradient":""},"mobile":{"background-color":"var(--ast-global-color-5)","background-image":"","background-repeat":"repeat","background-position":"center center","background-size":"auto","background-attachment":"scroll","background-type":"","background-media":"","overlay-type":"","overlay-color":"","overlay-opacity":"","overlay-gradient":""}}},"product_brand":[],"product_cat":[250],"product_tag":[],"class_list":{"0":"post-4524","1":"product","2":"type-product","3":"status-publish","4":"has-post-thumbnail","6":"product_cat-wet-shirataki-rice","7":"desktop-align-left","8":"tablet-align-left","9":"mobile-align-left","10":"ast-product-gallery-layout-horizontal-slider","11":"ast-product-tabs-layout-horizontal","13":"first","14":"instock","15":"shipping-taxable","16":"product-type-simple"},"_links":{"self":[{"href":"https:\/\/sentaiyuanbio.com\/pt\/wp-json\/wp\/v2\/product\/4524","targetHints":{"allow":["GET"]}}],"collection":[{"href":"https:\/\/sentaiyuanbio.com\/pt\/wp-json\/wp\/v2\/product"}],"about":[{"href":"https:\/\/sentaiyuanbio.com\/pt\/wp-json\/wp\/v2\/types\/product"}],"version-history":[{"count":0,"href":"https:\/\/sentaiyuanbio.com\/pt\/wp-json\/wp\/v2\/product\/4524\/revisions"}],"wp:featuredmedia":[{"embeddable":true,"href":"https:\/\/sentaiyuanbio.com\/pt\/wp-json\/wp\/v2\/media\/4530"}],"wp:attachment":[{"href":"https:\/\/sentaiyuanbio.com\/pt\/wp-json\/wp\/v2\/media?parent=4524"}],"wp:term":[{"taxonomy":"product_brand","embeddable":true,"href":"https:\/\/sentaiyuanbio.com\/pt\/wp-json\/wp\/v2\/product_brand?post=4524"},{"taxonomy":"product_cat","embeddable":true,"href":"https:\/\/sentaiyuanbio.com\/pt\/wp-json\/wp\/v2\/product_cat?post=4524"},{"taxonomy":"product_tag","embeddable":true,"href":"https:\/\/sentaiyuanbio.com\/pt\/wp-json\/wp\/v2\/product_tag?post=4524"}],"curies":[{"name":"wp","href":"https:\/\/api.w.org\/{rel}","templated":true}]}}