{"id":4534,"date":"2025-03-04T03:26:53","date_gmt":"2025-03-04T03:26:53","guid":{"rendered":"https:\/\/sentaiyuanbio.com\/?post_type=product&#038;p=4534"},"modified":"2025-03-05T09:56:20","modified_gmt":"2025-03-05T09:56:20","slug":"aveia-konjac-arroz-a-granel","status":"publish","type":"product","link":"https:\/\/sentaiyuanbio.com\/pt\/produto\/aveia-konjac-arroz-a-granel\/","title":{"rendered":"Arroz de aveia Konjac a granel, arroz Shirataki Konjac"},"content":{"rendered":"<h2>Aveia Konjac Arroz a granel Carater\u00edsticas principais<\/h2>\n<p>Ingredientes: Tipicamente feito de uma combina\u00e7\u00e3o de aveia, konjac e \u00e1gua. O componente konjac \u00e9 derivado da planta konjac, conhecida pelo seu cormo amil\u00e1ceo, que \u00e9 utilizado em v\u00e1rios suplementos diet\u00e9ticos para controlo de peso e <a href=\"https:\/\/www.betterhealth.vic.gov.au\/health\/conditionsandtreatments\/cholesterol-healthy-eating-tips\" target=\"_blank\" rel=\"noopener\">controlo do colesterol<\/a>.<\/p>\n<p>Benef\u00edcios nutricionais: Tem poucas calorias, \u00e9 rico em fibra alimentar e, frequentemente, n\u00e3o cont\u00e9m gl\u00faten, a\u00e7\u00facar ou gordura. Isto torna-o uma excelente escolha para quem est\u00e1 a fazer uma dieta de baixas calorias ou procura controlar os n\u00edveis de a\u00e7\u00facar no sangue.<\/p>\n<p>Textura e sabor: O arroz konjac de aveia oferece uma textura ligeiramente mastig\u00e1vel semelhante \u00e0 do arroz tradicional, mas com um sabor neutro. \u00c9 frequentemente descrito como inodoro, o que aumenta o seu atrativo como substituto do arroz.<\/p>\n<p>F\u00e1cil de preparar: Pode ser preparado rapidamente utilizando m\u00e9todos como o micro-ondas, a frigideira ou a cozedura, o que o torna conveniente para pessoas ocupadas.<\/p>\n<table>\n<tbody>\n<tr>\n<td>Nome do produto<\/td>\n<td>Arroz de aveia Konjac a granel, arroz Shirataki Konjac<\/td>\n<\/tr>\n<tr>\n<td>Ingrediente prim\u00e1rio<\/td>\n<td><a href=\"https:\/\/sentaiyuanbio.com\/pt\/produto\/farinha-de-inhame-konjac-inhame-konjac-em-po\/\" target=\"_blank\" rel=\"noopener\">P\u00f3 de konjac<\/a>, \u00e1gua<\/td>\n<\/tr>\n<tr>\n<td>Aromas<\/td>\n<td>Sabores Original, Cenoura, Aveia, Algas, Trigo mourisco, Feij\u00e3o mungo e Feij\u00e3o vermelho<\/td>\n<\/tr>\n<tr>\n<td>Carater\u00edstica<\/td>\n<td>Sem cheiro, baixa caloria, baixo teor de carboidratos, sem gl\u00faten, sem a\u00e7\u00facar, sem gordura, sem OGM, rico em fibras<\/td>\n<\/tr>\n<tr>\n<td>Fun\u00e7\u00f5es<\/td>\n<td>Dieta vegetariana, perda de peso, aumentar a saciedade<\/td>\n<\/tr>\n<tr>\n<td>Fibra alimentar<\/td>\n<td>3g\/100g<\/td>\n<\/tr>\n<tr>\n<td>Calorias<\/td>\n<td>6Kcal\/100g<\/td>\n<\/tr>\n<tr>\n<td>Teor de gordura<\/td>\n<td>0<\/td>\n<\/tr>\n<tr>\n<td>Peso<\/td>\n<td>Personalizado<\/td>\n<\/tr>\n<tr>\n<td>Tempo de cozedura<\/td>\n<td>3 minutos<\/td>\n<\/tr>\n<tr>\n<td>Prazo de validade<\/td>\n<td>12 meses<\/td>\n<\/tr>\n<\/tbody>\n<\/table>\n<p>Cada 100g cont\u00e9m 3g de fibra alimentar, apenas 6kcal de energia e nenhuma gordura. Muito adequado para quem est\u00e1 a tentar perder peso, para quem \u00e9 vegetariano ou para quem quer apenas aumentar a saciedade.<\/p>\n<h2>Como cozinhar o arroz de aveia konjac<\/h2>\n<p>Cozinhar arroz de aveia konjac \u00e9 r\u00e1pido e f\u00e1cil, permitindo-lhe desfrutar de uma refei\u00e7\u00e3o saud\u00e1vel e deliciosa num instante. Siga estes passos simples para preparar:<\/p>\n<p>Escorrer e enxaguar: Abrir a embalagem e escorrer o l\u00edquido. Enxag\u00fae bem o arroz shirataki konjac em \u00e1gua fria durante 1-2 minutos. Isto ajudar\u00e1 a remover o sabor alcalino e de peixe do konjac.<\/p>\n<p>Cozer ou refogar: Embora o arroz shirataki konjac j\u00e1 esteja pr\u00e9-cozinhado e possa ser consumido sem mais cozedura, ferv\u00ea-lo ou salte\u00e1-lo pode melhorar o seu sabor. Para cozer, coloque o arroz lavado numa panela com \u00e1gua a ferver durante 1-2 minutos e escorra. Para saltear, coloque o arroz lavado numa frigideira antiaderente em lume m\u00e9dio, mexendo ocasionalmente, at\u00e9 o arroz estar cozido e a humidade restante ter evaporado.<\/p>\n<p>Adicione molhos e coberturas: Tem um sabor neutro e \u00e9 a base perfeita para os seus molhos e coberturas de massa favoritos. Combine o arroz shirataki konjac com os seus molhos, legumes, prote\u00ednas e temperos favoritos, mexendo bem para garantir uma distribui\u00e7\u00e3o uniforme.<\/p>\n<p>Aquecer e servir: Se os molhos e as coberturas j\u00e1 estiverem quentes, pode servi-los. Caso contr\u00e1rio, aque\u00e7a o arroz, o molho e as coberturas numa frigideira em lume brando at\u00e9 ficarem bem quentes. Em alternativa, pode colocar a mistura no micro-ondas durante 1-2 minutos, ou at\u00e9 atingir a temperatura desejada.<\/p>\n<p>Decore e sirva: Emprate e decore com ervas frescas, queijo ou outras coberturas, conforme desejado. Sirva imediatamente para uma refei\u00e7\u00e3o deliciosa e sem culpa!<\/p>\n<p>Lembre-se de que o arroz de aveia konjac \u00e9 vers\u00e1til e pode ser utilizado numa variedade de pratos, desde cl\u00e1ssicos italianos a salteados de inspira\u00e7\u00e3o asi\u00e1tica. N\u00e3o tenha medo de ser criativo e experimente diferentes combina\u00e7\u00f5es de sabores para encontrar a sua refei\u00e7\u00e3o perfeita.<\/p>\n<style>.embed-container { position: relative; padding-bottom: 56.25%; height: 0; overflow: hidden; max-width: 100%; } .embed-container iframe, .embed-container object, .embed-container embed { position: absolute; top: 0; left: 0; width: 100%; height: 100%; }<\/style>\n<div class=\"embed-container\"><iframe src=\"https:\/\/www.youtube.com\/embed\/BaWQKlIDx-U\" frameborder=\"0\" allowfullscreen=\"allowfullscreen\"><\/iframe><\/div>","protected":false},"excerpt":{"rendered":"<p>O Arroz de Aveia Konjac (Wet Rice) \u00e9 uma alternativa de baixas calorias e rica em fibras ao arroz tradicional, combinando os benef\u00edcios da aveia e do konjac. O elevado teor de fibra ajuda a aumentar a saciedade, o que facilita o controlo do peso. Rico em fibra alimentar, que ajuda na digest\u00e3o e promove a sa\u00fade intestinal.<\/p>","protected":false},"featured_media":4542,"template":"","meta":{"site-sidebar-layout":"default","site-content-layout":"","ast-site-content-layout":"default","site-content-style":"default","site-sidebar-style":"default","ast-global-header-display":"","ast-banner-title-visibility":"","ast-main-header-display":"","ast-hfb-above-header-display":"","ast-hfb-below-header-display":"","ast-hfb-mobile-header-display":"","site-post-title":"","ast-breadcrumbs-content":"","ast-featured-img":"","footer-sml-layout":"","ast-disable-related-posts":"","theme-transparent-header-meta":"default","adv-header-id-meta":"","stick-header-meta":"default","header-above-stick-meta":"","header-main-stick-meta":"","header-below-stick-meta":"","astra-migrate-meta-layouts":"set","ast-page-background-enabled":"default","ast-page-background-meta":{"desktop":{"background-color":"","background-image":"","background-repeat":"repeat","background-position":"center center","background-size":"auto","background-attachment":"scroll","background-type":"","background-media":"","overlay-type":"","overlay-color":"","overlay-opacity":"","overlay-gradient":""},"tablet":{"background-color":"","background-image":"","background-repeat":"repeat","background-position":"center center","background-size":"auto","background-attachment":"scroll","background-type":"","background-media":"","overlay-type":"","overlay-color":"","overlay-opacity":"","overlay-gradient":""},"mobile":{"background-color":"","background-image":"","background-repeat":"repeat","background-position":"center center","background-size":"auto","background-attachment":"scroll","background-type":"","background-media":"","overlay-type":"","overlay-color":"","overlay-opacity":"","overlay-gradient":""}},"ast-content-background-meta":{"desktop":{"background-color":"var(--ast-global-color-5)","background-image":"","background-repeat":"repeat","background-position":"center center","background-size":"auto","background-attachment":"scroll","background-type":"","background-media":"","overlay-type":"","overlay-color":"","overlay-opacity":"","overlay-gradient":""},"tablet":{"background-color":"var(--ast-global-color-5)","background-image":"","background-repeat":"repeat","background-position":"center center","background-size":"auto","background-attachment":"scroll","background-type":"","background-media":"","overlay-type":"","overlay-color":"","overlay-opacity":"","overlay-gradient":""},"mobile":{"background-color":"var(--ast-global-color-5)","background-image":"","background-repeat":"repeat","background-position":"center center","background-size":"auto","background-attachment":"scroll","background-type":"","background-media":"","overlay-type":"","overlay-color":"","overlay-opacity":"","overlay-gradient":""}}},"product_brand":[],"product_cat":[250],"product_tag":[],"class_list":{"0":"post-4534","1":"product","2":"type-product","3":"status-publish","4":"has-post-thumbnail","6":"product_cat-wet-shirataki-rice","7":"desktop-align-left","8":"tablet-align-left","9":"mobile-align-left","10":"ast-product-gallery-layout-horizontal-slider","11":"ast-product-tabs-layout-horizontal","13":"first","14":"instock","15":"shipping-taxable","16":"product-type-simple"},"_links":{"self":[{"href":"https:\/\/sentaiyuanbio.com\/pt\/wp-json\/wp\/v2\/product\/4534","targetHints":{"allow":["GET"]}}],"collection":[{"href":"https:\/\/sentaiyuanbio.com\/pt\/wp-json\/wp\/v2\/product"}],"about":[{"href":"https:\/\/sentaiyuanbio.com\/pt\/wp-json\/wp\/v2\/types\/product"}],"version-history":[{"count":0,"href":"https:\/\/sentaiyuanbio.com\/pt\/wp-json\/wp\/v2\/product\/4534\/revisions"}],"wp:featuredmedia":[{"embeddable":true,"href":"https:\/\/sentaiyuanbio.com\/pt\/wp-json\/wp\/v2\/media\/4542"}],"wp:attachment":[{"href":"https:\/\/sentaiyuanbio.com\/pt\/wp-json\/wp\/v2\/media?parent=4534"}],"wp:term":[{"taxonomy":"product_brand","embeddable":true,"href":"https:\/\/sentaiyuanbio.com\/pt\/wp-json\/wp\/v2\/product_brand?post=4534"},{"taxonomy":"product_cat","embeddable":true,"href":"https:\/\/sentaiyuanbio.com\/pt\/wp-json\/wp\/v2\/product_cat?post=4534"},{"taxonomy":"product_tag","embeddable":true,"href":"https:\/\/sentaiyuanbio.com\/pt\/wp-json\/wp\/v2\/product_tag?post=4534"}],"curies":[{"name":"wp","href":"https:\/\/api.w.org\/{rel}","templated":true}]}}