{"id":4543,"date":"2025-03-04T07:04:09","date_gmt":"2025-03-04T07:04:09","guid":{"rendered":"https:\/\/sentaiyuanbio.com\/?post_type=product&#038;p=4543"},"modified":"2025-03-05T09:15:43","modified_gmt":"2025-03-05T09:15:43","slug":"shirataki-de-algas-marinhas-arroz-konjac","status":"publish","type":"product","link":"https:\/\/sentaiyuanbio.com\/pt\/produto\/shirataki-de-algas-marinhas-arroz-konjac\/","title":{"rendered":"Arroz Shirataki Konjac com Algas Marinhas, Arroz Shirataki H\u00famido"},"content":{"rendered":"<h2>Carater\u00edsticas principais do arroz shirataki konjac com algas marinhas<\/h2>\n<p>O Arroz Shirataki Konjac com Algas Marinhas \u00e9 o melhor companheiro para a perda de gordura e um substituto perfeito para o arroz. Tem baixo teor de gordura e calorias, apenas 6 kcal por 100 gramas, pelo que pode comer o que quiser, mesmo que controle a sua ingest\u00e3o. O konjac d\u00e1 uma sensa\u00e7\u00e3o de saciedade, e o delicioso sabor marinho das algas marinhas \u00e9 delicioso sem se preocupar em ganhar peso. Pode ser utilizada para fazer bibimbap, arroz frito, papas de aveia, etc. Basta pass\u00e1-la por \u00e1gua corrente durante 2-3 minutos para remover o cheiro a peixe, depois cozinh\u00e1-la e adicion\u00e1-la \u00e0 receita da sua prefer\u00eancia.<\/p>\n<table>\n<tbody>\n<tr>\n<td>Nome do produto<\/td>\n<td>Arroz konjac com algas marinhas Shirataki<\/td>\n<\/tr>\n<tr>\n<td>Ingrediente prim\u00e1rio<\/td>\n<td><a href=\"https:\/\/sentaiyuanbio.com\/pt\/produto\/farinha-de-inhame-konjac-inhame-konjac-em-po\/\" target=\"_blank\" rel=\"noopener\">P\u00f3 de konjac<\/a>, <a href=\"https:\/\/regencyspices.hk\/products\/seaweed-ground-powder?srsltid=AfmBOopyFMW9OQcCqSg2UtTrrVRpxMW1hLqBxhhNTu-xTvyPbUEoVgHT\" target=\"_blank\" rel=\"noopener\">Algas marinhas em p\u00f3<\/a>, \u00e1gua<\/td>\n<\/tr>\n<tr>\n<td>Aromas<\/td>\n<td>Sabores Original, Cenoura, Aveia, Algas, Trigo mourisco, Feij\u00e3o mungo e Feij\u00e3o vermelho<\/td>\n<\/tr>\n<tr>\n<td>Carater\u00edstica<\/td>\n<td>Sem cheiro, baixa caloria, baixo teor de carboidratos, sem gl\u00faten, sem a\u00e7\u00facar, sem gordura, sem OGM, rico em fibras<\/td>\n<\/tr>\n<tr>\n<td>Fun\u00e7\u00f5es<\/td>\n<td>Dieta vegetariana, perda de peso, aumentar a saciedade<\/td>\n<\/tr>\n<tr>\n<td>Fibra alimentar<\/td>\n<td>3g\/100g<\/td>\n<\/tr>\n<tr>\n<td>Calorias<\/td>\n<td>6Kcal\/100g<\/td>\n<\/tr>\n<tr>\n<td>Teor de gordura<\/td>\n<td>0<\/td>\n<\/tr>\n<tr>\n<td>Peso<\/td>\n<td>Personalizado<\/td>\n<\/tr>\n<tr>\n<td>Tempo de cozedura<\/td>\n<td>3 minutos<\/td>\n<\/tr>\n<tr>\n<td>Prazo de validade<\/td>\n<td>12 meses<\/td>\n<\/tr>\n<\/tbody>\n<\/table>\n<p><img fetchpriority=\"high\" decoding=\"async\" class=\"alignnone wp-image-4555 size-full\" src=\"https:\/\/sentaiyuanbio.com\/wp-content\/uploads\/2025\/03\/Help-to-balance-diet-2.jpg\" alt=\"Arroz Konjac Shirataki com Algas Marinhas, Melhor Arroz Konjac\" width=\"750\" height=\"400\" srcset=\"https:\/\/sentaiyuanbio.com\/wp-content\/uploads\/2025\/03\/Help-to-balance-diet-2.jpg 750w, https:\/\/sentaiyuanbio.com\/wp-content\/uploads\/2025\/03\/Help-to-balance-diet-2-300x160.jpg 300w, https:\/\/sentaiyuanbio.com\/wp-content\/uploads\/2025\/03\/Help-to-balance-diet-2-600x320.jpg 600w\" sizes=\"(max-width: 750px) 100vw, 750px\" \/><img decoding=\"async\" class=\"alignnone wp-image-4557 size-full\" src=\"https:\/\/sentaiyuanbio.com\/wp-content\/uploads\/2025\/03\/Start-the-instant-food-era2.jpg\" alt=\"Arroz Konjac Shirataki com Algas Marinhas, Melhor Arroz Konjac\" width=\"750\" height=\"750\" srcset=\"https:\/\/sentaiyuanbio.com\/wp-content\/uploads\/2025\/03\/Start-the-instant-food-era2.jpg 750w, https:\/\/sentaiyuanbio.com\/wp-content\/uploads\/2025\/03\/Start-the-instant-food-era2-600x600.jpg 600w, https:\/\/sentaiyuanbio.com\/wp-content\/uploads\/2025\/03\/Start-the-instant-food-era2-100x100.jpg 100w, https:\/\/sentaiyuanbio.com\/wp-content\/uploads\/2025\/03\/Start-the-instant-food-era2-300x300.jpg 300w, https:\/\/sentaiyuanbio.com\/wp-content\/uploads\/2025\/03\/Start-the-instant-food-era2-150x150.jpg 150w\" sizes=\"(max-width: 750px) 100vw, 750px\" \/><img decoding=\"async\" class=\"alignnone wp-image-4556 size-full\" src=\"https:\/\/sentaiyuanbio.com\/wp-content\/uploads\/2025\/03\/Seaweed-Konjac-Meal-Replacement-Rice.jpg\" alt=\"Arroz Konjac Shirataki com Algas Marinhas, Melhor Arroz Konjac\" width=\"750\" height=\"1100\" srcset=\"https:\/\/sentaiyuanbio.com\/wp-content\/uploads\/2025\/03\/Seaweed-Konjac-Meal-Replacement-Rice.jpg 750w, https:\/\/sentaiyuanbio.com\/wp-content\/uploads\/2025\/03\/Seaweed-Konjac-Meal-Replacement-Rice-205x300.jpg 205w, https:\/\/sentaiyuanbio.com\/wp-content\/uploads\/2025\/03\/Seaweed-Konjac-Meal-Replacement-Rice-698x1024.jpg 698w, https:\/\/sentaiyuanbio.com\/wp-content\/uploads\/2025\/03\/Seaweed-Konjac-Meal-Replacement-Rice-409x600.jpg 409w, https:\/\/sentaiyuanbio.com\/wp-content\/uploads\/2025\/03\/Seaweed-Konjac-Meal-Replacement-Rice-600x880.jpg 600w\" sizes=\"(max-width: 750px) 100vw, 750px\" \/><\/p>","protected":false},"excerpt":{"rendered":"<p>Este arroz shirataki konjac de algas marinhas n\u00e3o s\u00f3 tem um sabor \u00fanico, como tamb\u00e9m \u00e9 baixo em calorias. As baixas calorias e o baixo teor de hidratos de carbono do konjac s\u00e3o muito adequados para pessoas que querem perder peso e controlar o seu peso. A adi\u00e7\u00e3o de algas marinhas n\u00e3o s\u00f3 acrescenta um delicioso sabor marinho, como tamb\u00e9m fornece vitaminas e minerais ricos, como o c\u00e1lcio e o ferro.<\/p>","protected":false},"featured_media":4544,"template":"","meta":{"site-sidebar-layout":"default","site-content-layout":"","ast-site-content-layout":"default","site-content-style":"default","site-sidebar-style":"default","ast-global-header-display":"","ast-banner-title-visibility":"","ast-main-header-display":"","ast-hfb-above-header-display":"","ast-hfb-below-header-display":"","ast-hfb-mobile-header-display":"","site-post-title":"","ast-breadcrumbs-content":"","ast-featured-img":"","footer-sml-layout":"","ast-disable-related-posts":"","theme-transparent-header-meta":"default","adv-header-id-meta":"","stick-header-meta":"default","header-above-stick-meta":"","header-main-stick-meta":"","header-below-stick-meta":"","astra-migrate-meta-layouts":"set","ast-page-background-enabled":"default","ast-page-background-meta":{"desktop":{"background-color":"","background-image":"","background-repeat":"repeat","background-position":"center center","background-size":"auto","background-attachment":"scroll","background-type":"","background-media":"","overlay-type":"","overlay-color":"","overlay-opacity":"","overlay-gradient":""},"tablet":{"background-color":"","background-image":"","background-repeat":"repeat","background-position":"center center","background-size":"auto","background-attachment":"scroll","background-type":"","background-media":"","overlay-type":"","overlay-color":"","overlay-opacity":"","overlay-gradient":""},"mobile":{"background-color":"","background-image":"","background-repeat":"repeat","background-position":"center center","background-size":"auto","background-attachment":"scroll","background-type":"","background-media":"","overlay-type":"","overlay-color":"","overlay-opacity":"","overlay-gradient":""}},"ast-content-background-meta":{"desktop":{"background-color":"var(--ast-global-color-5)","background-image":"","background-repeat":"repeat","background-position":"center center","background-size":"auto","background-attachment":"scroll","background-type":"","background-media":"","overlay-type":"","overlay-color":"","overlay-opacity":"","overlay-gradient":""},"tablet":{"background-color":"var(--ast-global-color-5)","background-image":"","background-repeat":"repeat","background-position":"center center","background-size":"auto","background-attachment":"scroll","background-type":"","background-media":"","overlay-type":"","overlay-color":"","overlay-opacity":"","overlay-gradient":""},"mobile":{"background-color":"var(--ast-global-color-5)","background-image":"","background-repeat":"repeat","background-position":"center center","background-size":"auto","background-attachment":"scroll","background-type":"","background-media":"","overlay-type":"","overlay-color":"","overlay-opacity":"","overlay-gradient":""}}},"product_brand":[],"product_cat":[250],"product_tag":[],"class_list":{"0":"post-4543","1":"product","2":"type-product","3":"status-publish","4":"has-post-thumbnail","6":"product_cat-wet-shirataki-rice","7":"desktop-align-left","8":"tablet-align-left","9":"mobile-align-left","10":"ast-product-gallery-layout-horizontal-slider","11":"ast-product-tabs-layout-horizontal","13":"first","14":"instock","15":"shipping-taxable","16":"product-type-simple"},"_links":{"self":[{"href":"https:\/\/sentaiyuanbio.com\/pt\/wp-json\/wp\/v2\/product\/4543","targetHints":{"allow":["GET"]}}],"collection":[{"href":"https:\/\/sentaiyuanbio.com\/pt\/wp-json\/wp\/v2\/product"}],"about":[{"href":"https:\/\/sentaiyuanbio.com\/pt\/wp-json\/wp\/v2\/types\/product"}],"version-history":[{"count":0,"href":"https:\/\/sentaiyuanbio.com\/pt\/wp-json\/wp\/v2\/product\/4543\/revisions"}],"wp:featuredmedia":[{"embeddable":true,"href":"https:\/\/sentaiyuanbio.com\/pt\/wp-json\/wp\/v2\/media\/4544"}],"wp:attachment":[{"href":"https:\/\/sentaiyuanbio.com\/pt\/wp-json\/wp\/v2\/media?parent=4543"}],"wp:term":[{"taxonomy":"product_brand","embeddable":true,"href":"https:\/\/sentaiyuanbio.com\/pt\/wp-json\/wp\/v2\/product_brand?post=4543"},{"taxonomy":"product_cat","embeddable":true,"href":"https:\/\/sentaiyuanbio.com\/pt\/wp-json\/wp\/v2\/product_cat?post=4543"},{"taxonomy":"product_tag","embeddable":true,"href":"https:\/\/sentaiyuanbio.com\/pt\/wp-json\/wp\/v2\/product_tag?post=4543"}],"curies":[{"name":"wp","href":"https:\/\/api.w.org\/{rel}","templated":true}]}}