{"id":4565,"date":"2025-03-04T08:38:06","date_gmt":"2025-03-04T08:38:06","guid":{"rendered":"https:\/\/sentaiyuanbio.com\/?post_type=product&#038;p=4565"},"modified":"2025-03-05T09:08:01","modified_gmt":"2025-03-05T09:08:01","slug":"arroz-konjac-de-feijao-mungo-por-atacado","status":"publish","type":"product","link":"https:\/\/sentaiyuanbio.com\/pt\/produto\/arroz-konjac-de-feijao-mungo-por-atacado\/","title":{"rendered":"Arroz konjac de feij\u00e3o mungo, arroz shirataki konjac por atacado"},"content":{"rendered":"<h2>Carater\u00edsticas principais do arroz konjac de feij\u00e3o mungo<\/h2>\n<p>O arroz de feij\u00e3o mungo konjac \u00e9 pobre em calorias e hidratos de carbono, sendo muito adequado para pessoas que querem perder gordura e controlar o seu peso.<\/p>\n<p>O konjac \u00e9 combinado com feij\u00e3o mungo. Os componentes polissac\u00e1ridos do feij\u00e3o mungo podem aumentar a atividade da lipoproteinase s\u00e9rica, hidrolisar os triglic\u00e9ridos nas lipoprote\u00ednas para obter o efeito de redu\u00e7\u00e3o dos l\u00edpidos no sangue, prevenindo e tratando assim as doen\u00e7as coron\u00e1rias e a angina de peito.<\/p>\n<p>O feij\u00e3o mungo cont\u00e9m um tipo de globulina e polissac\u00e1rido que pode promover a decomposi\u00e7\u00e3o do colesterol no corpo humano em \u00e1cido biliar no f\u00edgado, acelerar a secre\u00e7\u00e3o de sais biliares na b\u00edlis e reduzir a absor\u00e7\u00e3o de colesterol no intestino delgado.<\/p>\n<p>Ao dar uma dentada, a fragr\u00e2ncia do feij\u00e3o mungo e o sabor suave do arroz shirataki konjac est\u00e3o perfeitamente integrados, proporcionando uma experi\u00eancia de sabor saud\u00e1vel e deliciosa.<\/p>\n<p>Pode ser utilizado para fazer uma variedade de iguarias, como bolinhas de arroz konjac, papas de arroz konjac e at\u00e9 salada de arroz konjac, que podem satisfazer as papilas gustativas e cuidar da sa\u00fade.<\/p>\n<p>Quer seja ao pequeno-almo\u00e7o, ao almo\u00e7o ou ao jantar, este arroz de feij\u00e3o mungo konjac \u00e9 a sua melhor escolha.<\/p>\n<table>\n<tbody>\n<tr>\n<td>Nome do produto<\/td>\n<td>Arroz konjac de feij\u00e3o mungo, arroz shirataki konjac por atacado<\/td>\n<\/tr>\n<tr>\n<td>Ingrediente prim\u00e1rio<\/td>\n<td><a href=\"https:\/\/sentaiyuanbio.com\/pt\/produto\/glucomanano-de-raiz-de-konjac\/\" target=\"_blank\" rel=\"noopener\">P\u00f3 de konjac<\/a>, <a href=\"https:\/\/naturapunkt.com\/blogs\/news\/mung-bean-powder\" target=\"_blank\" rel=\"noopener\">Feij\u00e3o-mungo em p\u00f3<\/a>, \u00e1gua<\/td>\n<\/tr>\n<tr>\n<td>Aromas<\/td>\n<td>Sabores Original, Cenoura, Aveia, Algas, Trigo mourisco, Feij\u00e3o mungo e Feij\u00e3o vermelho<\/td>\n<\/tr>\n<tr>\n<td>Carater\u00edstica<\/td>\n<td>Sem cheiro, baixa caloria, baixo teor de carboidratos, sem gl\u00faten, sem a\u00e7\u00facar, sem gordura, sem OGM, rico em fibras<\/td>\n<\/tr>\n<tr>\n<td>Fun\u00e7\u00f5es<\/td>\n<td>Dieta vegetariana, perda de peso, aumentar a saciedade<\/td>\n<\/tr>\n<tr>\n<td>Fibra alimentar<\/td>\n<td>3g\/100g<\/td>\n<\/tr>\n<tr>\n<td>Calorias<\/td>\n<td>6Kcal\/100g<\/td>\n<\/tr>\n<tr>\n<td>Teor de gordura<\/td>\n<td>0<\/td>\n<\/tr>\n<tr>\n<td>Peso<\/td>\n<td>Personalizado<\/td>\n<\/tr>\n<tr>\n<td>Tempo de cozedura<\/td>\n<td>3 minutos<\/td>\n<\/tr>\n<tr>\n<td>Prazo de validade<\/td>\n<td>12 meses<\/td>\n<\/tr>\n<\/tbody>\n<\/table>\n<p><img fetchpriority=\"high\" decoding=\"async\" class=\"alignnone wp-image-4567 size-full\" src=\"https:\/\/sentaiyuanbio.com\/wp-content\/uploads\/2025\/03\/Mung-Bean-Konjac-Rice-2.webp\" alt=\"Arroz konjac de feij\u00e3o mungo, arroz shirataki konjac por atacado\" width=\"750\" height=\"400\" srcset=\"https:\/\/sentaiyuanbio.com\/wp-content\/uploads\/2025\/03\/Mung-Bean-Konjac-Rice-2.webp 750w, https:\/\/sentaiyuanbio.com\/wp-content\/uploads\/2025\/03\/Mung-Bean-Konjac-Rice-2-300x160.webp 300w, https:\/\/sentaiyuanbio.com\/wp-content\/uploads\/2025\/03\/Mung-Bean-Konjac-Rice-2-600x320.webp 600w\" sizes=\"(max-width: 750px) 100vw, 750px\" \/><img decoding=\"async\" class=\"alignnone wp-image-4573 size-full\" src=\"https:\/\/sentaiyuanbio.com\/wp-content\/uploads\/2025\/03\/Mung-Bean-Konjac-Rice-8.webp\" alt=\"Arroz konjac de feij\u00e3o mungo, arroz shirataki konjac por atacado\" width=\"750\" height=\"750\" srcset=\"https:\/\/sentaiyuanbio.com\/wp-content\/uploads\/2025\/03\/Mung-Bean-Konjac-Rice-8.webp 750w, https:\/\/sentaiyuanbio.com\/wp-content\/uploads\/2025\/03\/Mung-Bean-Konjac-Rice-8-600x600.webp 600w, https:\/\/sentaiyuanbio.com\/wp-content\/uploads\/2025\/03\/Mung-Bean-Konjac-Rice-8-100x100.webp 100w, https:\/\/sentaiyuanbio.com\/wp-content\/uploads\/2025\/03\/Mung-Bean-Konjac-Rice-8-300x300.webp 300w, https:\/\/sentaiyuanbio.com\/wp-content\/uploads\/2025\/03\/Mung-Bean-Konjac-Rice-8-150x150.webp 150w\" sizes=\"(max-width: 750px) 100vw, 750px\" \/><img decoding=\"async\" class=\"alignnone wp-image-4566 size-full\" src=\"https:\/\/sentaiyuanbio.com\/wp-content\/uploads\/2025\/03\/Mung-Bean-Konjac-Rice-1.webp\" alt=\"Arroz konjac de feij\u00e3o mungo, arroz shirataki konjac por atacado\" width=\"750\" height=\"1100\" srcset=\"https:\/\/sentaiyuanbio.com\/wp-content\/uploads\/2025\/03\/Mung-Bean-Konjac-Rice-1.webp 750w, https:\/\/sentaiyuanbio.com\/wp-content\/uploads\/2025\/03\/Mung-Bean-Konjac-Rice-1-205x300.webp 205w, https:\/\/sentaiyuanbio.com\/wp-content\/uploads\/2025\/03\/Mung-Bean-Konjac-Rice-1-698x1024.webp 698w, https:\/\/sentaiyuanbio.com\/wp-content\/uploads\/2025\/03\/Mung-Bean-Konjac-Rice-1-409x600.webp 409w, https:\/\/sentaiyuanbio.com\/wp-content\/uploads\/2025\/03\/Mung-Bean-Konjac-Rice-1-600x880.webp 600w\" sizes=\"(max-width: 750px) 100vw, 750px\" \/><\/p>","protected":false},"excerpt":{"rendered":"<p>Este arroz konjac de feij\u00e3o mungo n\u00e3o s\u00f3 tem vantagens nutricionais significativas como tamb\u00e9m oferece uma experi\u00eancia de sabor \u00fanica. O feij\u00e3o mungo \u00e9 rico em prote\u00ednas, fibras, fosfol\u00edpidos e v\u00e1rias vitaminas, que podem ajudar a regular o metabolismo e a melhorar a sa\u00fade intestinal.<\/p>","protected":false},"featured_media":4570,"template":"","meta":{"site-sidebar-layout":"default","site-content-layout":"","ast-site-content-layout":"default","site-content-style":"default","site-sidebar-style":"default","ast-global-header-display":"","ast-banner-title-visibility":"","ast-main-header-display":"","ast-hfb-above-header-display":"","ast-hfb-below-header-display":"","ast-hfb-mobile-header-display":"","site-post-title":"","ast-breadcrumbs-content":"","ast-featured-img":"","footer-sml-layout":"","ast-disable-related-posts":"","theme-transparent-header-meta":"default","adv-header-id-meta":"","stick-header-meta":"default","header-above-stick-meta":"","header-main-stick-meta":"","header-below-stick-meta":"","astra-migrate-meta-layouts":"set","ast-page-background-enabled":"default","ast-page-background-meta":{"desktop":{"background-color":"","background-image":"","background-repeat":"repeat","background-position":"center center","background-size":"auto","background-attachment":"scroll","background-type":"","background-media":"","overlay-type":"","overlay-color":"","overlay-opacity":"","overlay-gradient":""},"tablet":{"background-color":"","background-image":"","background-repeat":"repeat","background-position":"center center","background-size":"auto","background-attachment":"scroll","background-type":"","background-media":"","overlay-type":"","overlay-color":"","overlay-opacity":"","overlay-gradient":""},"mobile":{"background-color":"","background-image":"","background-repeat":"repeat","background-position":"center center","background-size":"auto","background-attachment":"scroll","background-type":"","background-media":"","overlay-type":"","overlay-color":"","overlay-opacity":"","overlay-gradient":""}},"ast-content-background-meta":{"desktop":{"background-color":"var(--ast-global-color-5)","background-image":"","background-repeat":"repeat","background-position":"center center","background-size":"auto","background-attachment":"scroll","background-type":"","background-media":"","overlay-type":"","overlay-color":"","overlay-opacity":"","overlay-gradient":""},"tablet":{"background-color":"var(--ast-global-color-5)","background-image":"","background-repeat":"repeat","background-position":"center center","background-size":"auto","background-attachment":"scroll","background-type":"","background-media":"","overlay-type":"","overlay-color":"","overlay-opacity":"","overlay-gradient":""},"mobile":{"background-color":"var(--ast-global-color-5)","background-image":"","background-repeat":"repeat","background-position":"center center","background-size":"auto","background-attachment":"scroll","background-type":"","background-media":"","overlay-type":"","overlay-color":"","overlay-opacity":"","overlay-gradient":""}}},"product_brand":[],"product_cat":[250],"product_tag":[],"class_list":{"0":"post-4565","1":"product","2":"type-product","3":"status-publish","4":"has-post-thumbnail","6":"product_cat-wet-shirataki-rice","7":"desktop-align-left","8":"tablet-align-left","9":"mobile-align-left","10":"ast-product-gallery-layout-horizontal-slider","11":"ast-product-tabs-layout-horizontal","13":"first","14":"instock","15":"shipping-taxable","16":"product-type-simple"},"_links":{"self":[{"href":"https:\/\/sentaiyuanbio.com\/pt\/wp-json\/wp\/v2\/product\/4565","targetHints":{"allow":["GET"]}}],"collection":[{"href":"https:\/\/sentaiyuanbio.com\/pt\/wp-json\/wp\/v2\/product"}],"about":[{"href":"https:\/\/sentaiyuanbio.com\/pt\/wp-json\/wp\/v2\/types\/product"}],"version-history":[{"count":0,"href":"https:\/\/sentaiyuanbio.com\/pt\/wp-json\/wp\/v2\/product\/4565\/revisions"}],"wp:featuredmedia":[{"embeddable":true,"href":"https:\/\/sentaiyuanbio.com\/pt\/wp-json\/wp\/v2\/media\/4570"}],"wp:attachment":[{"href":"https:\/\/sentaiyuanbio.com\/pt\/wp-json\/wp\/v2\/media?parent=4565"}],"wp:term":[{"taxonomy":"product_brand","embeddable":true,"href":"https:\/\/sentaiyuanbio.com\/pt\/wp-json\/wp\/v2\/product_brand?post=4565"},{"taxonomy":"product_cat","embeddable":true,"href":"https:\/\/sentaiyuanbio.com\/pt\/wp-json\/wp\/v2\/product_cat?post=4565"},{"taxonomy":"product_tag","embeddable":true,"href":"https:\/\/sentaiyuanbio.com\/pt\/wp-json\/wp\/v2\/product_tag?post=4565"}],"curies":[{"name":"wp","href":"https:\/\/api.w.org\/{rel}","templated":true}]}}