{"id":4574,"date":"2025-03-05T03:42:02","date_gmt":"2025-03-05T03:42:02","guid":{"rendered":"https:\/\/sentaiyuanbio.com\/?post_type=product&#038;p=4574"},"modified":"2025-03-05T09:57:01","modified_gmt":"2025-03-05T09:57:01","slug":"arroz-konjac-de-cenoura-a-granel-por-atacado","status":"publish","type":"product","link":"https:\/\/sentaiyuanbio.com\/pt\/produto\/arroz-konjac-de-cenoura-a-granel-por-atacado\/","title":{"rendered":"Arroz Konjac de Cenoura a granel, Arroz Shirataki Instant\u00e2neo por atacado"},"content":{"rendered":"<h2>Descri\u00e7\u00e3o do Arroz Konjac com Cenoura<\/h2>\n<p>O arroz konjac \u00e9 tamb\u00e9m conhecido como arroz Shirataki. Qual \u00e9 a origem do arroz Shirataki? Como o nome sugere, o arroz Shirataki \u00e9 origin\u00e1rio do Jap\u00e3o. S\u00e3o feitos a partir da raiz de konjac, tamb\u00e9m conhecida como inhame konjac ou <a href=\"https:\/\/herbsocietyblog.wordpress.com\/2022\/11\/14\/devils-tongue-amorphophallus-konjac\/\" target=\"_blank\" rel=\"noopener\">l\u00edngua do diabo<\/a>. T\u00eam uma textura gelatinosa e s\u00e3o uma boa fonte da fibra alimentar glucomanano. Para fazer o arroz, a fibra glucomanano \u00e9 extra\u00edda da raiz de konjac e misturada com \u00e1gua e \u00e1gua de cal.<\/p>\n<p>Isto cria uma subst\u00e2ncia gelatinosa chamada konjac, que \u00e9 transformada numa subst\u00e2ncia semelhante ao arroz. O arroz acabado \u00e9 composto por 97% de \u00e1gua e 3% de fibra indigesta, o que o torna um arroz sem calorias. Este arroz ganhou a alcunha de \u201carroz milagroso\u201d e \u00e9 completamente paleo e sem calorias. Quase n\u00e3o t\u00eam sabor por si s\u00f3, mas t\u00eam um ligeiro cheiro a peixe quando embalados h\u00famidos. Isto deve-se ao facto de serem embalados com \u00e1gua, que pode ser facilmente lavada.<\/p>\n<table>\n<tbody>\n<tr>\n<td>Nome do produto<\/td>\n<td>Arroz Konjac de Cenoura a granel, Arroz Shirataki Instant\u00e2neo por atacado<\/td>\n<\/tr>\n<tr>\n<td>Ingrediente prim\u00e1rio<\/td>\n<td><a href=\"https:\/\/sentaiyuanbio.com\/pt\/produto\/farinha-de-inhame-konjac-inhame-konjac-em-po\/\" target=\"_blank\" rel=\"noopener\">P\u00f3 de konjac<\/a>, Cenoura em p\u00f3, \u00e1gua<\/td>\n<\/tr>\n<tr>\n<td>Aromas<\/td>\n<td>Sabores Original, Cenoura, Aveia, Algas, Trigo mourisco, Feij\u00e3o mungo e Feij\u00e3o vermelho<\/td>\n<\/tr>\n<tr>\n<td>Carater\u00edstica<\/td>\n<td>Sem cheiro, baixa caloria, baixo teor de carboidratos, sem gl\u00faten, sem a\u00e7\u00facar, sem gordura, sem OGM, rico em fibras<\/td>\n<\/tr>\n<tr>\n<td>Fun\u00e7\u00f5es<\/td>\n<td>Dieta vegetariana, perda de peso, aumentar a saciedade<\/td>\n<\/tr>\n<tr>\n<td>Fibra alimentar<\/td>\n<td>3g\/100g<\/td>\n<\/tr>\n<tr>\n<td>Calorias<\/td>\n<td>6Kcal\/100g<\/td>\n<\/tr>\n<tr>\n<td>Teor de gordura<\/td>\n<td>0<\/td>\n<\/tr>\n<tr>\n<td>Peso<\/td>\n<td>Personalizado<\/td>\n<\/tr>\n<tr>\n<td>Tempo de cozedura<\/td>\n<td>3 minutos<\/td>\n<\/tr>\n<tr>\n<td>Prazo de validade<\/td>\n<td>12 meses<\/td>\n<\/tr>\n<\/tbody>\n<\/table>\n<p>Pode utiliz\u00e1-lo para fazer uma variedade de iguarias, como bolinhas de arroz konjac de cenoura, papas de arroz konjac e at\u00e9 salada de arroz konjac, com legumes frescos e molhos saud\u00e1veis, que podem satisfazer o seu paladar e cuidar da sua sa\u00fade. Quer seja ao pequeno-almo\u00e7o, almo\u00e7o ou jantar, este arroz konjac com sabor a cenoura \u00e9 a sua melhor escolha.<\/p>\n<p><img fetchpriority=\"high\" decoding=\"async\" class=\"alignnone wp-image-4580 size-full\" src=\"https:\/\/sentaiyuanbio.com\/wp-content\/uploads\/2025\/03\/Carrot-Konjac-Rice-6.webp\" alt=\"Arroz Konjac de cenoura\" width=\"750\" height=\"400\" srcset=\"https:\/\/sentaiyuanbio.com\/wp-content\/uploads\/2025\/03\/Carrot-Konjac-Rice-6.webp 750w, https:\/\/sentaiyuanbio.com\/wp-content\/uploads\/2025\/03\/Carrot-Konjac-Rice-6-300x160.webp 300w, https:\/\/sentaiyuanbio.com\/wp-content\/uploads\/2025\/03\/Carrot-Konjac-Rice-6-600x320.webp 600w\" sizes=\"(max-width: 750px) 100vw, 750px\" \/><img decoding=\"async\" class=\"alignnone wp-image-4581 size-full\" src=\"https:\/\/sentaiyuanbio.com\/wp-content\/uploads\/2025\/03\/Carrot-Konjac-Rice-9.webp\" alt=\"Arroz Konjac de cenoura\" width=\"750\" height=\"750\" srcset=\"https:\/\/sentaiyuanbio.com\/wp-content\/uploads\/2025\/03\/Carrot-Konjac-Rice-9.webp 750w, https:\/\/sentaiyuanbio.com\/wp-content\/uploads\/2025\/03\/Carrot-Konjac-Rice-9-600x600.webp 600w, https:\/\/sentaiyuanbio.com\/wp-content\/uploads\/2025\/03\/Carrot-Konjac-Rice-9-100x100.webp 100w, https:\/\/sentaiyuanbio.com\/wp-content\/uploads\/2025\/03\/Carrot-Konjac-Rice-9-300x300.webp 300w, https:\/\/sentaiyuanbio.com\/wp-content\/uploads\/2025\/03\/Carrot-Konjac-Rice-9-150x150.webp 150w\" sizes=\"(max-width: 750px) 100vw, 750px\" \/><img decoding=\"async\" class=\"alignnone wp-image-4583 size-full\" src=\"https:\/\/sentaiyuanbio.com\/wp-content\/uploads\/2025\/03\/Carrot-Konjac-Rice-8.webp\" alt=\"Arroz Konjac de cenoura\" width=\"750\" height=\"770\" srcset=\"https:\/\/sentaiyuanbio.com\/wp-content\/uploads\/2025\/03\/Carrot-Konjac-Rice-8.webp 750w, https:\/\/sentaiyuanbio.com\/wp-content\/uploads\/2025\/03\/Carrot-Konjac-Rice-8-292x300.webp 292w, https:\/\/sentaiyuanbio.com\/wp-content\/uploads\/2025\/03\/Carrot-Konjac-Rice-8-584x600.webp 584w, https:\/\/sentaiyuanbio.com\/wp-content\/uploads\/2025\/03\/Carrot-Konjac-Rice-8-600x616.webp 600w\" sizes=\"(max-width: 750px) 100vw, 750px\" \/><\/p>\n<style>.embed-container { position: relative; padding-bottom: 56.25%; height: 0; overflow: hidden; max-width: 100%; } .embed-container iframe, .embed-container object, .embed-container embed { position: absolute; top: 0; left: 0; width: 100%; height: 100%; }<\/style>\n<div class=\"embed-container\"><iframe src=\"https:\/\/www.youtube.com\/embed\/IHFal7LWjK0\" frameborder=\"0\" allowfullscreen=\"allowfullscreen\"><\/iframe><\/div>","protected":false},"excerpt":{"rendered":"<p>Este arroz konjac de cenoura n\u00e3o s\u00f3 tem vantagens nutricionais significativas, como tamb\u00e9m proporciona uma experi\u00eancia de sabor \u00fanica. As cenouras s\u00e3o ricas em vitamina A e fibras, o que pode ajudar a melhorar a vis\u00e3o e aumentar a imunidade. O arroz konjac \u00e9 baixo em calorias e hidratos de carbono, o que \u00e9 muito adequado para pessoas que querem perder gordura e controlar o seu peso.<\/p>","protected":false},"featured_media":4575,"template":"","meta":{"site-sidebar-layout":"default","site-content-layout":"","ast-site-content-layout":"default","site-content-style":"default","site-sidebar-style":"default","ast-global-header-display":"","ast-banner-title-visibility":"","ast-main-header-display":"","ast-hfb-above-header-display":"","ast-hfb-below-header-display":"","ast-hfb-mobile-header-display":"","site-post-title":"","ast-breadcrumbs-content":"","ast-featured-img":"","footer-sml-layout":"","ast-disable-related-posts":"","theme-transparent-header-meta":"default","adv-header-id-meta":"","stick-header-meta":"default","header-above-stick-meta":"","header-main-stick-meta":"","header-below-stick-meta":"","astra-migrate-meta-layouts":"set","ast-page-background-enabled":"default","ast-page-background-meta":{"desktop":{"background-color":"","background-image":"","background-repeat":"repeat","background-position":"center center","background-size":"auto","background-attachment":"scroll","background-type":"","background-media":"","overlay-type":"","overlay-color":"","overlay-opacity":"","overlay-gradient":""},"tablet":{"background-color":"","background-image":"","background-repeat":"repeat","background-position":"center center","background-size":"auto","background-attachment":"scroll","background-type":"","background-media":"","overlay-type":"","overlay-color":"","overlay-opacity":"","overlay-gradient":""},"mobile":{"background-color":"","background-image":"","background-repeat":"repeat","background-position":"center center","background-size":"auto","background-attachment":"scroll","background-type":"","background-media":"","overlay-type":"","overlay-color":"","overlay-opacity":"","overlay-gradient":""}},"ast-content-background-meta":{"desktop":{"background-color":"var(--ast-global-color-5)","background-image":"","background-repeat":"repeat","background-position":"center center","background-size":"auto","background-attachment":"scroll","background-type":"","background-media":"","overlay-type":"","overlay-color":"","overlay-opacity":"","overlay-gradient":""},"tablet":{"background-color":"var(--ast-global-color-5)","background-image":"","background-repeat":"repeat","background-position":"center center","background-size":"auto","background-attachment":"scroll","background-type":"","background-media":"","overlay-type":"","overlay-color":"","overlay-opacity":"","overlay-gradient":""},"mobile":{"background-color":"var(--ast-global-color-5)","background-image":"","background-repeat":"repeat","background-position":"center center","background-size":"auto","background-attachment":"scroll","background-type":"","background-media":"","overlay-type":"","overlay-color":"","overlay-opacity":"","overlay-gradient":""}}},"product_brand":[],"product_cat":[250],"product_tag":[],"class_list":{"0":"post-4574","1":"product","2":"type-product","3":"status-publish","4":"has-post-thumbnail","6":"product_cat-wet-shirataki-rice","7":"desktop-align-left","8":"tablet-align-left","9":"mobile-align-left","10":"ast-product-gallery-layout-horizontal-slider","11":"ast-product-tabs-layout-horizontal","13":"first","14":"instock","15":"shipping-taxable","16":"product-type-simple"},"_links":{"self":[{"href":"https:\/\/sentaiyuanbio.com\/pt\/wp-json\/wp\/v2\/product\/4574","targetHints":{"allow":["GET"]}}],"collection":[{"href":"https:\/\/sentaiyuanbio.com\/pt\/wp-json\/wp\/v2\/product"}],"about":[{"href":"https:\/\/sentaiyuanbio.com\/pt\/wp-json\/wp\/v2\/types\/product"}],"version-history":[{"count":0,"href":"https:\/\/sentaiyuanbio.com\/pt\/wp-json\/wp\/v2\/product\/4574\/revisions"}],"wp:featuredmedia":[{"embeddable":true,"href":"https:\/\/sentaiyuanbio.com\/pt\/wp-json\/wp\/v2\/media\/4575"}],"wp:attachment":[{"href":"https:\/\/sentaiyuanbio.com\/pt\/wp-json\/wp\/v2\/media?parent=4574"}],"wp:term":[{"taxonomy":"product_brand","embeddable":true,"href":"https:\/\/sentaiyuanbio.com\/pt\/wp-json\/wp\/v2\/product_brand?post=4574"},{"taxonomy":"product_cat","embeddable":true,"href":"https:\/\/sentaiyuanbio.com\/pt\/wp-json\/wp\/v2\/product_cat?post=4574"},{"taxonomy":"product_tag","embeddable":true,"href":"https:\/\/sentaiyuanbio.com\/pt\/wp-json\/wp\/v2\/product_tag?post=4574"}],"curies":[{"name":"wp","href":"https:\/\/api.w.org\/{rel}","templated":true}]}}