{"id":4604,"date":"2025-03-05T07:21:43","date_gmt":"2025-03-05T07:21:43","guid":{"rendered":"https:\/\/sentaiyuanbio.com\/?post_type=product&#038;p=4604"},"modified":"2025-03-05T09:07:34","modified_gmt":"2025-03-05T09:07:34","slug":"arroz-de-substituicao-de-refeicao-de-feijao-vermelho-konjac","status":"publish","type":"product","link":"https:\/\/sentaiyuanbio.com\/pt\/produto\/arroz-de-substituicao-de-refeicao-de-feijao-vermelho-konjac\/","title":{"rendered":"Arroz de substitui\u00e7\u00e3o de farinha de feij\u00e3o vermelho Konjac, arroz multigr\u00e3os Konjac"},"content":{"rendered":"<h2>Carater\u00edsticas principais do arroz de substitui\u00e7\u00e3o de farinha de feij\u00e3o vermelho Konjac<\/h2>\n<ol>\n<li>Baixo teor de calorias<\/li>\n<li>Baixo teor de hidratos de carbono<\/li>\n<li>Alto teor de fibras<\/li>\n<li>Sem gl\u00faten<\/li>\n<li>Textura gelatinosa<\/li>\n<li>Praticamente sem sabor<\/li>\n<li>R\u00e1pido e f\u00e1cil de preparar<\/li>\n<li>Promove a saciedade<\/li>\n<li>Adequado para v\u00e1rias restri\u00e7\u00f5es alimentares<\/li>\n<li>Pode ajudar na gest\u00e3o do peso<\/li>\n<\/ol>\n<table>\n<tbody>\n<tr>\n<td>Nome do produto<\/td>\n<td>Arroz de substitui\u00e7\u00e3o de farinha de feij\u00e3o vermelho Konjac, arroz multigr\u00e3os Konjac<\/td>\n<\/tr>\n<tr>\n<td>Ingrediente prim\u00e1rio<\/td>\n<td>\u00c1gua, <a href=\"https:\/\/sentaiyuanbio.com\/pt\/produto\/arroz-konjac\/\" target=\"_blank\" rel=\"noopener\">Arroz konjac<\/a>, Arroz de aveia, <a href=\"https:\/\/www.yuzubakes.com\/recipes\/barley-rice\" target=\"_blank\" rel=\"noopener\">Arroz de cevada<\/a>, Feij\u00e3o vermelho<\/td>\n<\/tr>\n<tr>\n<td>Aromas<\/td>\n<td>Original, Cenoura, Aveia, Algas marinhas<\/td>\n<\/tr>\n<tr>\n<td>Carater\u00edstica<\/td>\n<td>Sem cheiro, baixa caloria, baixo teor de carboidratos, sem gl\u00faten, sem a\u00e7\u00facar, sem gordura, sem OGM, rico em fibras<\/td>\n<\/tr>\n<tr>\n<td>Fun\u00e7\u00f5es<\/td>\n<td>Dieta vegetariana, perda de peso, aumentar a saciedade<\/td>\n<\/tr>\n<tr>\n<td>Fibra alimentar<\/td>\n<td>3,4g\/100g<\/td>\n<\/tr>\n<tr>\n<td>Calorias<\/td>\n<td>6Kcal\/100g<\/td>\n<\/tr>\n<tr>\n<td>Teor de gordura<\/td>\n<td>0<\/td>\n<\/tr>\n<tr>\n<td>Peso<\/td>\n<td>Personalizado<\/td>\n<\/tr>\n<tr>\n<td>Tempo de cozedura<\/td>\n<td>3 minutos<\/td>\n<\/tr>\n<tr>\n<td>Prazo de validade<\/td>\n<td>12 meses<\/td>\n<\/tr>\n<tr>\n<td>Embalagem<\/td>\n<td>Saco interior + bolsa de p\u00e9\/caixa de papel<\/td>\n<\/tr>\n<tr>\n<td>Certificados<\/td>\n<td>IFS, BRC, KOSHER, HALAL, HACCP<\/td>\n<\/tr>\n<\/tbody>\n<\/table>\n<p>\u00c9 importante notar que a textura e o sabor do arroz substituto da farinha de feij\u00e3o vermelho konjac \u00e9 diferente do arroz tradicional. Pode levar algum tempo at\u00e9 que algumas pessoas se habituem a esta textura e sabor \u00fanicos. Recomenda-se que experimente diferentes receitas e m\u00e9todos de cozedura para encontrar a melhor forma de o incorporar nas refei\u00e7\u00f5es.<\/p>\n<p>Pode utiliz\u00e1-lo para fazer uma variedade de iguarias, como bolinhos de arroz konjac, papas de arroz konjac e at\u00e9 salada de arroz konjac, com legumes frescos e molhos saud\u00e1veis, que podem satisfazer o seu paladar e cuidar da sua sa\u00fade. Quer seja ao pequeno-almo\u00e7o, almo\u00e7o ou jantar, este arroz konjac substituto de refei\u00e7\u00e3o de feij\u00e3o vermelho \u00e9 a sua melhor escolha.<\/p>\n<p><img fetchpriority=\"high\" decoding=\"async\" class=\"alignnone wp-image-4605 size-full\" src=\"https:\/\/sentaiyuanbio.com\/wp-content\/uploads\/2025\/03\/Konjac-Red-Bean-Meal-Replacement-Rice-1.webp\" alt=\"Arroz de substitui\u00e7\u00e3o de refei\u00e7\u00e3o de feij\u00e3o vermelho konjac\" width=\"750\" height=\"400\" srcset=\"https:\/\/sentaiyuanbio.com\/wp-content\/uploads\/2025\/03\/Konjac-Red-Bean-Meal-Replacement-Rice-1.webp 750w, https:\/\/sentaiyuanbio.com\/wp-content\/uploads\/2025\/03\/Konjac-Red-Bean-Meal-Replacement-Rice-1-300x160.webp 300w, https:\/\/sentaiyuanbio.com\/wp-content\/uploads\/2025\/03\/Konjac-Red-Bean-Meal-Replacement-Rice-1-600x320.webp 600w\" sizes=\"(max-width: 750px) 100vw, 750px\" \/><img decoding=\"async\" class=\"alignnone wp-image-4612 size-full\" src=\"https:\/\/sentaiyuanbio.com\/wp-content\/uploads\/2025\/03\/Konjac-Red-Bean-Meal-Replacement-Rice-8.webp\" alt=\"Arroz de substitui\u00e7\u00e3o de refei\u00e7\u00e3o de feij\u00e3o vermelho konjac\" width=\"750\" height=\"750\" srcset=\"https:\/\/sentaiyuanbio.com\/wp-content\/uploads\/2025\/03\/Konjac-Red-Bean-Meal-Replacement-Rice-8.webp 750w, https:\/\/sentaiyuanbio.com\/wp-content\/uploads\/2025\/03\/Konjac-Red-Bean-Meal-Replacement-Rice-8-600x600.webp 600w, https:\/\/sentaiyuanbio.com\/wp-content\/uploads\/2025\/03\/Konjac-Red-Bean-Meal-Replacement-Rice-8-100x100.webp 100w, https:\/\/sentaiyuanbio.com\/wp-content\/uploads\/2025\/03\/Konjac-Red-Bean-Meal-Replacement-Rice-8-300x300.webp 300w, https:\/\/sentaiyuanbio.com\/wp-content\/uploads\/2025\/03\/Konjac-Red-Bean-Meal-Replacement-Rice-8-150x150.webp 150w\" sizes=\"(max-width: 750px) 100vw, 750px\" \/><img decoding=\"async\" class=\"alignnone wp-image-4606 size-full\" src=\"https:\/\/sentaiyuanbio.com\/wp-content\/uploads\/2025\/03\/Konjac-Red-Bean-Meal-Replacement-Rice-2.webp\" alt=\"Arroz de substitui\u00e7\u00e3o de refei\u00e7\u00e3o de feij\u00e3o vermelho konjac\" width=\"750\" height=\"1100\" srcset=\"https:\/\/sentaiyuanbio.com\/wp-content\/uploads\/2025\/03\/Konjac-Red-Bean-Meal-Replacement-Rice-2.webp 750w, https:\/\/sentaiyuanbio.com\/wp-content\/uploads\/2025\/03\/Konjac-Red-Bean-Meal-Replacement-Rice-2-205x300.webp 205w, https:\/\/sentaiyuanbio.com\/wp-content\/uploads\/2025\/03\/Konjac-Red-Bean-Meal-Replacement-Rice-2-698x1024.webp 698w, https:\/\/sentaiyuanbio.com\/wp-content\/uploads\/2025\/03\/Konjac-Red-Bean-Meal-Replacement-Rice-2-409x600.webp 409w, https:\/\/sentaiyuanbio.com\/wp-content\/uploads\/2025\/03\/Konjac-Red-Bean-Meal-Replacement-Rice-2-600x880.webp 600w\" sizes=\"(max-width: 750px) 100vw, 750px\" \/><\/p>\n<h2>Como cozinhar<\/h2>\n<style>.embed-container { position: relative; padding-bottom: 56.25%; height: 0; overflow: hidden; max-width: 100%; } .embed-container iframe, .embed-container object, .embed-container embed { position: absolute; top: 0; left: 0; width: 100%; height: 100%; }<\/style>\n<div class=\"embed-container\"><iframe src=\"https:\/\/www.youtube.com\/embed\/aAjZbURZGV8\" frameborder=\"0\" allowfullscreen=\"allowfullscreen\"><\/iframe><\/div>","protected":false},"excerpt":{"rendered":"<p>Este arroz de substitui\u00e7\u00e3o de refei\u00e7\u00e3o de feij\u00e3o vermelho konjac n\u00e3o s\u00f3 tem vantagens nutricionais significativas, como tamb\u00e9m proporciona uma experi\u00eancia de sabor \u00fanica. O arroz konjac \u00e9 pobre em calorias e hidratos de carbono, sendo muito adequado para pessoas que querem perder gordura e controlar o seu peso. O feij\u00e3o vermelho \u00e9 rico em prote\u00ednas, fibras e m\u00faltiplas vitaminas, que podem ajudar a regular o metabolismo do corpo e melhorar a sa\u00fade intestinal.<\/p>","protected":false},"featured_media":4611,"template":"","meta":{"site-sidebar-layout":"default","site-content-layout":"","ast-site-content-layout":"default","site-content-style":"default","site-sidebar-style":"default","ast-global-header-display":"","ast-banner-title-visibility":"","ast-main-header-display":"","ast-hfb-above-header-display":"","ast-hfb-below-header-display":"","ast-hfb-mobile-header-display":"","site-post-title":"","ast-breadcrumbs-content":"","ast-featured-img":"","footer-sml-layout":"","ast-disable-related-posts":"","theme-transparent-header-meta":"default","adv-header-id-meta":"","stick-header-meta":"default","header-above-stick-meta":"","header-main-stick-meta":"","header-below-stick-meta":"","astra-migrate-meta-layouts":"set","ast-page-background-enabled":"default","ast-page-background-meta":{"desktop":{"background-color":"","background-image":"","background-repeat":"repeat","background-position":"center center","background-size":"auto","background-attachment":"scroll","background-type":"","background-media":"","overlay-type":"","overlay-color":"","overlay-opacity":"","overlay-gradient":""},"tablet":{"background-color":"","background-image":"","background-repeat":"repeat","background-position":"center center","background-size":"auto","background-attachment":"scroll","background-type":"","background-media":"","overlay-type":"","overlay-color":"","overlay-opacity":"","overlay-gradient":""},"mobile":{"background-color":"","background-image":"","background-repeat":"repeat","background-position":"center center","background-size":"auto","background-attachment":"scroll","background-type":"","background-media":"","overlay-type":"","overlay-color":"","overlay-opacity":"","overlay-gradient":""}},"ast-content-background-meta":{"desktop":{"background-color":"var(--ast-global-color-5)","background-image":"","background-repeat":"repeat","background-position":"center center","background-size":"auto","background-attachment":"scroll","background-type":"","background-media":"","overlay-type":"","overlay-color":"","overlay-opacity":"","overlay-gradient":""},"tablet":{"background-color":"var(--ast-global-color-5)","background-image":"","background-repeat":"repeat","background-position":"center center","background-size":"auto","background-attachment":"scroll","background-type":"","background-media":"","overlay-type":"","overlay-color":"","overlay-opacity":"","overlay-gradient":""},"mobile":{"background-color":"var(--ast-global-color-5)","background-image":"","background-repeat":"repeat","background-position":"center center","background-size":"auto","background-attachment":"scroll","background-type":"","background-media":"","overlay-type":"","overlay-color":"","overlay-opacity":"","overlay-gradient":""}}},"product_brand":[],"product_cat":[250],"product_tag":[],"class_list":{"0":"post-4604","1":"product","2":"type-product","3":"status-publish","4":"has-post-thumbnail","6":"product_cat-wet-shirataki-rice","7":"desktop-align-left","8":"tablet-align-left","9":"mobile-align-left","10":"ast-product-gallery-layout-horizontal-slider","11":"ast-product-tabs-layout-horizontal","13":"first","14":"instock","15":"shipping-taxable","16":"product-type-simple"},"_links":{"self":[{"href":"https:\/\/sentaiyuanbio.com\/pt\/wp-json\/wp\/v2\/product\/4604","targetHints":{"allow":["GET"]}}],"collection":[{"href":"https:\/\/sentaiyuanbio.com\/pt\/wp-json\/wp\/v2\/product"}],"about":[{"href":"https:\/\/sentaiyuanbio.com\/pt\/wp-json\/wp\/v2\/types\/product"}],"version-history":[{"count":0,"href":"https:\/\/sentaiyuanbio.com\/pt\/wp-json\/wp\/v2\/product\/4604\/revisions"}],"wp:featuredmedia":[{"embeddable":true,"href":"https:\/\/sentaiyuanbio.com\/pt\/wp-json\/wp\/v2\/media\/4611"}],"wp:attachment":[{"href":"https:\/\/sentaiyuanbio.com\/pt\/wp-json\/wp\/v2\/media?parent=4604"}],"wp:term":[{"taxonomy":"product_brand","embeddable":true,"href":"https:\/\/sentaiyuanbio.com\/pt\/wp-json\/wp\/v2\/product_brand?post=4604"},{"taxonomy":"product_cat","embeddable":true,"href":"https:\/\/sentaiyuanbio.com\/pt\/wp-json\/wp\/v2\/product_cat?post=4604"},{"taxonomy":"product_tag","embeddable":true,"href":"https:\/\/sentaiyuanbio.com\/pt\/wp-json\/wp\/v2\/product_tag?post=4604"}],"curies":[{"name":"wp","href":"https:\/\/api.w.org\/{rel}","templated":true}]}}