{"id":4677,"date":"2025-03-06T07:42:48","date_gmt":"2025-03-06T07:42:48","guid":{"rendered":"https:\/\/sentaiyuanbio.com\/?post_type=product&#038;p=4677"},"modified":"2025-03-06T07:42:48","modified_gmt":"2025-03-06T07:42:48","slug":"lasanha-konjac-massa-de-lasanha-shirataki","status":"publish","type":"product","link":"https:\/\/sentaiyuanbio.com\/pt\/produto\/lasanha-konjac-massa-de-lasanha-shirataki\/","title":{"rendered":"Lasanha de konjac, massa de lasanha shirataki"},"content":{"rendered":"<h2>Lasanha de Konjac (Massa de Lasanha Shirataki) Descri\u00e7\u00e3o<\/h2>\n<p class=\"translation-block\">O principal componente nutricional da lasanha de konjac \u00e9 o <a href=\"https:\/\/sentaiyuanbio.com\/pt\/produto\/fabricante-de-goma-konjac\/\" target=\"_blank\" rel=\"noopener\">glucomanano<\/a>, uma fibra alimentar sol\u00favel altamente viscosa. N\u00e3o cont\u00e9m quase nenhuma gordura, a\u00e7\u00facar, amido ou prote\u00edna e \u00e9 muito pobre em calorias e hidratos de carbono. Este alimento rico em fibras pode ajudar a promover a sa\u00fade digestiva, reduzir os n\u00edveis de a\u00e7\u00facar e colesterol no sangue e proporcionar uma sensa\u00e7\u00e3o de saciedade, o que pode ajudar a controlar o peso. \u00c9 uma alternativa saud\u00e1vel \u00e0s dietas baixas em hidratos de carbono.<\/p>\n<p>Em termos de sabor, ap\u00f3s uma cozedura adequada, a lasanha de konjac pode apresentar uma textura semelhante \u00e0 do esparguete tradicional, suave e n\u00e3o pegajosa.<\/p>\n<p class=\"translation-block\">Pode combin\u00e1-lo com uma variedade de ingredientes, como molho de tomate italiano, <a href=\"https:\/\/therecipecritic.com\/garlic-parmesan-sauce\/\" target=\"_blank\" rel=\"noopener\">queijo parmes\u00e3o com alho<\/a>, ou molhos para fritar ao estilo asi\u00e1tico para criar pratos saud\u00e1veis e deliciosos.<\/p>\n<p>Por exemplo, coloque a Lasanha Konjac em camadas com molho de tomate e salsicha, legumes assados e queijo para formar uma lasanha com baixo teor de hidratos de carbono que \u00e9 simultaneamente saborosa e nutritiva.<\/p>\n<table>\n<tbody>\n<tr>\n<td>Nome do produto<\/td>\n<td>Lasanha de konjac, massa de lasanha shirataki<\/td>\n<\/tr>\n<tr>\n<td>Ingrediente prim\u00e1rio<\/td>\n<td>P\u00f3 de konjac, \u00e1gua<\/td>\n<\/tr>\n<tr>\n<td>Aromas<\/td>\n<td>Original, Cenoura, Tomate, Aveia, Espinafres, Algas, Soja, Ab\u00f3bora e muito mais<\/td>\n<\/tr>\n<tr>\n<td>Carater\u00edstica<\/td>\n<td>Sem cheiro, baixa caloria, baixo teor de carboidratos, sem gl\u00faten, sem a\u00e7\u00facar, sem gordura, sem OGM, rico em fibras<\/td>\n<\/tr>\n<tr>\n<td>Fun\u00e7\u00f5es<\/td>\n<td>Dieta vegetariana, perda de peso, aumentar a saciedade<\/td>\n<\/tr>\n<tr>\n<td>Fibra alimentar<\/td>\n<td>3,4g\/100g<\/td>\n<\/tr>\n<tr>\n<td>Calorias<\/td>\n<td>6Kcal\/100g<\/td>\n<\/tr>\n<tr>\n<td>Teor de gordura<\/td>\n<td>0<\/td>\n<\/tr>\n<tr>\n<td>Peso<\/td>\n<td>Personalizado<\/td>\n<\/tr>\n<tr>\n<td>Tempo de cozedura<\/td>\n<td>3 minutos<\/td>\n<\/tr>\n<tr>\n<td>Prazo de validade<\/td>\n<td>12 meses<\/td>\n<\/tr>\n<tr>\n<td>Embalagem<\/td>\n<td>Saco interior + bolsa de p\u00e9\/caixa de papel<\/td>\n<\/tr>\n<tr>\n<td>Certificados<\/td>\n<td>IFS, BRC, KOSHER, HALAL, HACCP<\/td>\n<\/tr>\n<\/tbody>\n<\/table>","protected":false},"excerpt":{"rendered":"<p>A lasanha de konjac, tamb\u00e9m conhecida como massa de lasanha shirataki, \u00e9 uma alternativa saud\u00e1vel com poucas calorias e poucos hidratos de carbono. \u00c9 rica em fibra alimentar, especialmente glucano manitol, que pode ajudar a regular os n\u00edveis de a\u00e7\u00facar e colesterol no sangue e promover a sa\u00fade digestiva.<\/p>","protected":false},"featured_media":4678,"template":"","meta":{"site-sidebar-layout":"default","site-content-layout":"","ast-site-content-layout":"default","site-content-style":"default","site-sidebar-style":"default","ast-global-header-display":"","ast-banner-title-visibility":"","ast-main-header-display":"","ast-hfb-above-header-display":"","ast-hfb-below-header-display":"","ast-hfb-mobile-header-display":"","site-post-title":"","ast-breadcrumbs-content":"","ast-featured-img":"","footer-sml-layout":"","ast-disable-related-posts":"","theme-transparent-header-meta":"default","adv-header-id-meta":"","stick-header-meta":"default","header-above-stick-meta":"","header-main-stick-meta":"","header-below-stick-meta":"","astra-migrate-meta-layouts":"set","ast-page-background-enabled":"default","ast-page-background-meta":{"desktop":{"background-color":"","background-image":"","background-repeat":"repeat","background-position":"center center","background-size":"auto","background-attachment":"scroll","background-type":"","background-media":"","overlay-type":"","overlay-color":"","overlay-opacity":"","overlay-gradient":""},"tablet":{"background-color":"","background-image":"","background-repeat":"repeat","background-position":"center center","background-size":"auto","background-attachment":"scroll","background-type":"","background-media":"","overlay-type":"","overlay-color":"","overlay-opacity":"","overlay-gradient":""},"mobile":{"background-color":"","background-image":"","background-repeat":"repeat","background-position":"center center","background-size":"auto","background-attachment":"scroll","background-type":"","background-media":"","overlay-type":"","overlay-color":"","overlay-opacity":"","overlay-gradient":""}},"ast-content-background-meta":{"desktop":{"background-color":"var(--ast-global-color-5)","background-image":"","background-repeat":"repeat","background-position":"center center","background-size":"auto","background-attachment":"scroll","background-type":"","background-media":"","overlay-type":"","overlay-color":"","overlay-opacity":"","overlay-gradient":""},"tablet":{"background-color":"var(--ast-global-color-5)","background-image":"","background-repeat":"repeat","background-position":"center center","background-size":"auto","background-attachment":"scroll","background-type":"","background-media":"","overlay-type":"","overlay-color":"","overlay-opacity":"","overlay-gradient":""},"mobile":{"background-color":"var(--ast-global-color-5)","background-image":"","background-repeat":"repeat","background-position":"center center","background-size":"auto","background-attachment":"scroll","background-type":"","background-media":"","overlay-type":"","overlay-color":"","overlay-opacity":"","overlay-gradient":""}}},"product_brand":[],"product_cat":[22],"product_tag":[],"class_list":{"0":"post-4677","1":"product","2":"type-product","3":"status-publish","4":"has-post-thumbnail","6":"product_cat-konjac-pasta","7":"desktop-align-left","8":"tablet-align-left","9":"mobile-align-left","10":"ast-product-gallery-layout-horizontal-slider","11":"ast-product-tabs-layout-horizontal","13":"first","14":"instock","15":"shipping-taxable","16":"product-type-simple"},"_links":{"self":[{"href":"https:\/\/sentaiyuanbio.com\/pt\/wp-json\/wp\/v2\/product\/4677","targetHints":{"allow":["GET"]}}],"collection":[{"href":"https:\/\/sentaiyuanbio.com\/pt\/wp-json\/wp\/v2\/product"}],"about":[{"href":"https:\/\/sentaiyuanbio.com\/pt\/wp-json\/wp\/v2\/types\/product"}],"version-history":[{"count":0,"href":"https:\/\/sentaiyuanbio.com\/pt\/wp-json\/wp\/v2\/product\/4677\/revisions"}],"wp:featuredmedia":[{"embeddable":true,"href":"https:\/\/sentaiyuanbio.com\/pt\/wp-json\/wp\/v2\/media\/4678"}],"wp:attachment":[{"href":"https:\/\/sentaiyuanbio.com\/pt\/wp-json\/wp\/v2\/media?parent=4677"}],"wp:term":[{"taxonomy":"product_brand","embeddable":true,"href":"https:\/\/sentaiyuanbio.com\/pt\/wp-json\/wp\/v2\/product_brand?post=4677"},{"taxonomy":"product_cat","embeddable":true,"href":"https:\/\/sentaiyuanbio.com\/pt\/wp-json\/wp\/v2\/product_cat?post=4677"},{"taxonomy":"product_tag","embeddable":true,"href":"https:\/\/sentaiyuanbio.com\/pt\/wp-json\/wp\/v2\/product_tag?post=4677"}],"curies":[{"name":"wp","href":"https:\/\/api.w.org\/{rel}","templated":true}]}}