{"id":4687,"date":"2025-03-06T09:08:15","date_gmt":"2025-03-06T09:08:15","guid":{"rendered":"https:\/\/sentaiyuanbio.com\/?post_type=product&#038;p=4687"},"modified":"2026-04-20T08:20:31","modified_gmt":"2026-04-20T08:20:31","slug":"konjac-penne-macarrao-shirataki-penne","status":"publish","type":"product","link":"https:\/\/sentaiyuanbio.com\/pt\/produto\/konjac-penne-macarrao-shirataki-penne\/","title":{"rendered":"Konjac Penne, fabricante de Shirataki Noodles Penne"},"content":{"rendered":"<h2>Konjac Penne, Macarr\u00e3o Shirataki Penne Carater\u00edsticas principais<\/h2>\n<p>Poucas calorias e poucos hidratos de carbono: O penne konjac \u00e9 muito baixo em calorias e hidratos de carbono, o que o torna adequado para pessoas com uma dieta baixa em calorias ou hidratos de carbono. \u00c9 frequentemente utilizado como substituto da massa normal em planos de controlo de peso e de alimenta\u00e7\u00e3o consciente das calorias.<\/p>\n<p>Leve, mas saciante: Sendo uma excelente fonte de fibra, este pequeno pacote ajuda-o a sentir-se saciado durante mais tempo e minimiza o desejo de comer snacks pouco saud\u00e1veis.<\/p>\n<p>Sem gl\u00faten: Naturalmente sem gl\u00faten, \u00e9 adequado para pessoas com intoler\u00e2ncia ao gl\u00faten ou doen\u00e7a cel\u00edaca. Constitui uma alternativa para as pessoas que precisam de evitar os cereais que cont\u00eam gl\u00faten.<\/p>\n<p>Textura em gel: A fibra glucomanano da massa absorve \u00e1gua e incha, dando-lhe uma textura gelatinosa quando cozinhada, criando uma textura mastig\u00e1vel \u00fanica.<\/p>\n<p>Sabor neutro: Ao contr\u00e1rio de outros produtos em conserva, n\u00e3o tem um odor pungente e tem um sabor neutro que absorve o sabor dos molhos, temperos e outros ingredientes utilizados nos pratos. Esta versatilidade torna-o ideal para uma variedade de receitas de massas.<\/p>\n<p class=\"translation-block\">Baixo \u00edndice glic\u00e9mico: Tem um <a href=\"https:\/\/www.verywellhealth.com\/glycemic-index-chart-for-common-foods-1087476\" target=\"_blank\" rel=\"noopener\">\u00edndice glic\u00e9mico baixo<\/a>, o que significa que provoca um aumento lento e gradual dos n\u00edveis de a\u00e7\u00facar no sangue em compara\u00e7\u00e3o com os alimentos com mais hidratos de carbono. Esta propriedade \u00e9 ben\u00e9fica para as pessoas que procuram controlar os seus n\u00edveis de a\u00e7\u00facar no sangue.<\/p>\n<table>\n<tbody>\n<tr>\n<td>Nome do produto<\/td>\n<td>Penne de konjac, Penne de massa Shirataki<\/td>\n<\/tr>\n<tr>\n<td>Ingrediente prim\u00e1rio<\/td>\n<td>P\u00f3 de konjac, \u00e1gua<\/td>\n<\/tr>\n<tr>\n<td>Aromas<\/td>\n<td>Original, Cenoura, Tomate, Aveia, Espinafres, Algas, Soja, Ab\u00f3bora e muito mais<\/td>\n<\/tr>\n<tr>\n<td>Carater\u00edstica<\/td>\n<td>Sem cheiro, baixa caloria, baixo teor de carboidratos, sem gl\u00faten, sem a\u00e7\u00facar, sem gordura, sem OGM, rico em fibras<\/td>\n<\/tr>\n<tr>\n<td>Fun\u00e7\u00f5es<\/td>\n<td>Dieta vegetariana, perda de peso, aumentar a saciedade<\/td>\n<\/tr>\n<tr>\n<td>Fibra alimentar<\/td>\n<td>3,4g\/100g<\/td>\n<\/tr>\n<tr>\n<td>Calorias<\/td>\n<td>6Kcal\/100g<\/td>\n<\/tr>\n<tr>\n<td>Teor de gordura<\/td>\n<td>0<\/td>\n<\/tr>\n<tr>\n<td>Peso<\/td>\n<td>Personalizado<\/td>\n<\/tr>\n<tr>\n<td>Tempo de cozedura<\/td>\n<td>3 minutos<\/td>\n<\/tr>\n<tr>\n<td>Prazo de validade<\/td>\n<td>12 meses<\/td>\n<\/tr>\n<tr>\n<td>Embalagem<\/td>\n<td>Saco interior + bolsa de p\u00e9\/caixa de papel<\/td>\n<\/tr>\n<tr>\n<td>Certificados<\/td>\n<td>IFS, BRC, KOSHER, HALAL, HACCP<\/td>\n<\/tr>\n<\/tbody>\n<\/table>\n<p><img fetchpriority=\"high\" decoding=\"async\" class=\"alignnone wp-image-4696 size-full\" src=\"https:\/\/sentaiyuanbio.com\/wp-content\/uploads\/2025\/03\/Konjac-Penne-1-1.webp\" alt=\"Macarr\u00e3o Shirataki Penne\" width=\"600\" height=\"600\" srcset=\"https:\/\/sentaiyuanbio.com\/wp-content\/uploads\/2025\/03\/Konjac-Penne-1-1.webp 600w, https:\/\/sentaiyuanbio.com\/wp-content\/uploads\/2025\/03\/Konjac-Penne-1-1-100x100.webp 100w, https:\/\/sentaiyuanbio.com\/wp-content\/uploads\/2025\/03\/Konjac-Penne-1-1-300x300.webp 300w, https:\/\/sentaiyuanbio.com\/wp-content\/uploads\/2025\/03\/Konjac-Penne-1-1-150x150.webp 150w\" sizes=\"(max-width: 600px) 100vw, 600px\" \/><\/p>\n<h2>Receita de Penne Cl\u00e1ssico com Konjac<\/h2>\n<h3>1. Massa Shirataki penne com molho de tomate \u00e0 italiana<\/h3>\n<p>Ingredientes: Massa penne konjac, molho de tomate, alho, azeite, manjeric\u00e3o fresco, queijo parmes\u00e3o ralado<\/p>\n<p>Passos: Passe o penne por \u00e1gua e escorra-o. Aque\u00e7a o azeite num tacho e salteie o alho. Deite o molho de tomate e deixe cozinhar at\u00e9 engrossar. Adicione o penne \u00e0 frigideira e frite-o uniformemente. Polvilhe com queijo parmes\u00e3o ralado e manjeric\u00e3o fresco e sirva.<\/p>\n<h3>2. Penne Shirataki e salada de legumes<\/h3>\n<p>Ingredientes: Massa de fettuccine konjac, cenouras, pepinos, pimentos vermelhos, pasta de s\u00e9samo, molho de soja e vinagre.<\/p>\n<p>Passos: Passe o penne por \u00e1gua e escorra-o. Corte as cenouras, os pepinos e os pimentos vermelhos em peda\u00e7os. Misture o penne e os legumes cortados numa tigela. Misture a pasta de s\u00e9samo, o molho de soja e o vinagre at\u00e9 formar um tempero e deite numa tigela para misturar bem. Leve ao frigor\u00edfico e sirva.<\/p>\n<h3>3. Caril de frango com penne Shirataki<\/h3>\n<p>Ingredientes: Penne konjac, peito de frango, caril em p\u00f3, leite de coco, cebola e alho.<\/p>\n<p>Passos: Passe o penne por \u00e1gua e escorra-o. Num tacho, aque\u00e7a o azeite e refogue a cebola e o alho. Adicione o peito de frango e deixe cozinhar at\u00e9 mudar de cor. Deite o caril em p\u00f3 e o leite de coco e cozinhe at\u00e9 o molho engrossar. Adicione o penne \u00e0 frigideira e frite-o uniformemente. Sirva quente.<\/p>\n<h2>4. Penne konjac e queijo gratinado<\/h2>\n<p>Ingredientes: Massa Shirataki penne, queijo ralado, ovos, manteiga, sal e pimenta.<\/p>\n<p>Passos: Passe o penne por \u00e1gua e escorra-o. Aque\u00e7a a manteiga numa frigideira, adicione o queijo ralado e mexa at\u00e9 derreter. Adicione o penne \u00e0 frigideira e mexa bem. Parta os ovos para uma tigela e mexa bem. Coloque a mistura de penne num tabuleiro de ir ao forno e verta a mistura de ovos. Cozer no forno at\u00e9 ficar dourado.<\/p>\n<style>.embed-container { position: relative; padding-bottom: 56.25%; height: 0; overflow: hidden; max-width: 100%; } .embed-container iframe, .embed-container object, .embed-container embed { position: absolute; top: 0; left: 0; width: 100%; height: 100%; }<\/style>\n<div class=\"embed-container\"><iframe src=\"https:\/\/www.youtube.com\/embed\/mkNGaZF29no\" frameborder=\"0\" allowfullscreen=\"allowfullscreen\"><\/iframe><\/div>","protected":false},"excerpt":{"rendered":"<p class=\"translation-block\">O penne konjac, ou Shirataki penne, \u00e9 um macarr\u00e3o saud\u00e1vel com poucas calorias e hidratos de carbono, feito de <a href=\"https:\/\/sentaiyuanbio.com\/pt\/konjac\/\" target=\"_blank\" rel=\"noopener\">konjac<\/a>. A sua textura \u00fanica, mastig\u00e1vel e suave, absorve perfeitamente os molhos e d\u00e1 sabor a diferentes ingredientes. Quer seja servido frio, frito, ou com sopa clara ou molho de tomate italiano, pode facilmente criar uma refei\u00e7\u00e3o saud\u00e1vel deliciosa e com pouca carga.<\/p>","protected":false},"featured_media":4688,"template":"","meta":{"site-sidebar-layout":"default","site-content-layout":"","ast-site-content-layout":"default","site-content-style":"default","site-sidebar-style":"default","ast-global-header-display":"","ast-banner-title-visibility":"","ast-main-header-display":"","ast-hfb-above-header-display":"","ast-hfb-below-header-display":"","ast-hfb-mobile-header-display":"","site-post-title":"","ast-breadcrumbs-content":"","ast-featured-img":"","footer-sml-layout":"","ast-disable-related-posts":"","theme-transparent-header-meta":"default","adv-header-id-meta":"","stick-header-meta":"default","header-above-stick-meta":"","header-main-stick-meta":"","header-below-stick-meta":"","astra-migrate-meta-layouts":"set","ast-page-background-enabled":"default","ast-page-background-meta":{"desktop":{"background-color":"","background-image":"","background-repeat":"repeat","background-position":"center center","background-size":"auto","background-attachment":"scroll","background-type":"","background-media":"","overlay-type":"","overlay-color":"","overlay-opacity":"","overlay-gradient":""},"tablet":{"background-color":"","background-image":"","background-repeat":"repeat","background-position":"center center","background-size":"auto","background-attachment":"scroll","background-type":"","background-media":"","overlay-type":"","overlay-color":"","overlay-opacity":"","overlay-gradient":""},"mobile":{"background-color":"","background-image":"","background-repeat":"repeat","background-position":"center center","background-size":"auto","background-attachment":"scroll","background-type":"","background-media":"","overlay-type":"","overlay-color":"","overlay-opacity":"","overlay-gradient":""}},"ast-content-background-meta":{"desktop":{"background-color":"var(--ast-global-color-5)","background-image":"","background-repeat":"repeat","background-position":"center center","background-size":"auto","background-attachment":"scroll","background-type":"","background-media":"","overlay-type":"","overlay-color":"","overlay-opacity":"","overlay-gradient":""},"tablet":{"background-color":"var(--ast-global-color-5)","background-image":"","background-repeat":"repeat","background-position":"center center","background-size":"auto","background-attachment":"scroll","background-type":"","background-media":"","overlay-type":"","overlay-color":"","overlay-opacity":"","overlay-gradient":""},"mobile":{"background-color":"var(--ast-global-color-5)","background-image":"","background-repeat":"repeat","background-position":"center center","background-size":"auto","background-attachment":"scroll","background-type":"","background-media":"","overlay-type":"","overlay-color":"","overlay-opacity":"","overlay-gradient":""}}},"product_brand":[],"product_cat":[22],"product_tag":[],"class_list":{"0":"post-4687","1":"product","2":"type-product","3":"status-publish","4":"has-post-thumbnail","6":"product_cat-konjac-pasta","7":"desktop-align-left","8":"tablet-align-left","9":"mobile-align-left","10":"ast-product-gallery-layout-horizontal-slider","11":"ast-product-tabs-layout-horizontal","13":"first","14":"instock","15":"shipping-taxable","16":"product-type-simple"},"_links":{"self":[{"href":"https:\/\/sentaiyuanbio.com\/pt\/wp-json\/wp\/v2\/product\/4687","targetHints":{"allow":["GET"]}}],"collection":[{"href":"https:\/\/sentaiyuanbio.com\/pt\/wp-json\/wp\/v2\/product"}],"about":[{"href":"https:\/\/sentaiyuanbio.com\/pt\/wp-json\/wp\/v2\/types\/product"}],"version-history":[{"count":1,"href":"https:\/\/sentaiyuanbio.com\/pt\/wp-json\/wp\/v2\/product\/4687\/revisions"}],"predecessor-version":[{"id":6157,"href":"https:\/\/sentaiyuanbio.com\/pt\/wp-json\/wp\/v2\/product\/4687\/revisions\/6157"}],"wp:featuredmedia":[{"embeddable":true,"href":"https:\/\/sentaiyuanbio.com\/pt\/wp-json\/wp\/v2\/media\/4688"}],"wp:attachment":[{"href":"https:\/\/sentaiyuanbio.com\/pt\/wp-json\/wp\/v2\/media?parent=4687"}],"wp:term":[{"taxonomy":"product_brand","embeddable":true,"href":"https:\/\/sentaiyuanbio.com\/pt\/wp-json\/wp\/v2\/product_brand?post=4687"},{"taxonomy":"product_cat","embeddable":true,"href":"https:\/\/sentaiyuanbio.com\/pt\/wp-json\/wp\/v2\/product_cat?post=4687"},{"taxonomy":"product_tag","embeddable":true,"href":"https:\/\/sentaiyuanbio.com\/pt\/wp-json\/wp\/v2\/product_tag?post=4687"}],"curies":[{"name":"wp","href":"https:\/\/api.w.org\/{rel}","templated":true}]}}