{"id":4845,"date":"2025-05-12T08:51:26","date_gmt":"2025-05-12T08:51:26","guid":{"rendered":"https:\/\/sentaiyuanbio.com\/?post_type=product&#038;p=4845"},"modified":"2026-01-06T02:17:18","modified_gmt":"2026-01-06T02:17:18","slug":"pacote-de-sabor-a-caril-picante-pho","status":"publish","type":"product","link":"https:\/\/sentaiyuanbio.com\/pt\/produto\/pacote-de-sabor-a-caril-picante-pho\/","title":{"rendered":"Melhor sabor a caril picante Pho, pacote de massa Pho"},"content":{"rendered":"<h2>Ingredientes do sabor a caril picante do Pho<\/h2>\n<p>Massa de konjac: \u00c1gua, <a href=\"https:\/\/sentaiyuanbio.com\/pt\/categoria-produto\/fibra-alimentar-de-konjac\/\" target=\"_blank\" rel=\"noopener\">P\u00f3 de konjac<\/a>, \u00c1cido c\u00edtrico.<br \/>\nTempero picante para caril: Sal, a\u00e7\u00facar branco granulado, malagueta em p\u00f3, alho em p\u00f3, cebola em p\u00f3, caril em p\u00f3, \u00f3leo de soja, amido, <a href=\"https:\/\/biospringer.com\/en\/yeast-extract\/\" target=\"_blank\" rel=\"noopener\">Extrato de levedura<\/a>, Prote\u00edna vegetal em p\u00f3 hidrolisada com \u00e1cido, tomate em p\u00f3, 5\u2032-Ribonucle\u00f3tido diss\u00f3dico, aromatizante alimentar.<br \/>\nLegumes: Cebolinha verde, Cenoura.<br \/>\nCont\u00e9m: Produtos de soja.<br \/>\nCuidado: A ch\u00e1vena e a sopa estar\u00e3o QUENTES. Fora do alcance das crian\u00e7as.<br \/>\nArmazenamento: Conservar \u00e0 temperatura ambiente num local fresco e seco. Manter afastado da luz forte e do calor.<\/p>\n<h2>Factos nutricionais<\/h2>\n<table border=\"1\" cellspacing=\"1\">\n<tbody>\n<tr>\n<td colspan=\"2\" align=\"center\">Factos nutricionais 3.77 OZ (107g)<\/td>\n<\/tr>\n<tr>\n<td align=\"center\" width=\"284\"><b>Energia<\/b><\/td>\n<td align=\"center\" width=\"284\">15 kcal<\/td>\n<\/tr>\n<tr>\n<td align=\"center\" width=\"284\"><b>Prote\u00edna<\/b><\/td>\n<td align=\"center\" width=\"284\">0g<\/td>\n<\/tr>\n<tr>\n<td align=\"center\" width=\"284\"><b>Gordura total<\/b><\/td>\n<td align=\"center\" width=\"284\">0g<\/td>\n<\/tr>\n<tr>\n<td align=\"center\" width=\"284\"><b>Hidratos de carbono totais<\/b><\/td>\n<td align=\"center\" width=\"284\">3g<\/td>\n<\/tr>\n<tr>\n<td align=\"center\" width=\"284\"><b>Fibra alimentar<\/b><\/td>\n<td align=\"center\" width=\"284\">2g<\/td>\n<\/tr>\n<tr>\n<td align=\"center\" width=\"284\"><b>S\u00f3dio<\/b><\/td>\n<td align=\"center\" width=\"284\">300mg<\/td>\n<\/tr>\n<tr>\n<td align=\"center\" width=\"284\"><b>Vitamina D<\/b><\/td>\n<td align=\"center\" width=\"284\">0<\/td>\n<\/tr>\n<tr>\n<td align=\"center\" width=\"284\"><b>C\u00e1lcio<\/b><\/td>\n<td align=\"center\" width=\"284\">7,2 mg<\/td>\n<\/tr>\n<tr>\n<td align=\"center\" width=\"284\"><b>lron<\/b><\/td>\n<td align=\"center\" width=\"284\">0,16 mg<\/td>\n<\/tr>\n<tr>\n<td align=\"center\" width=\"284\"><b>Pot\u00e1ssio<\/b><\/td>\n<td align=\"center\" width=\"284\">31,6 mg<\/td>\n<\/tr>\n<\/tbody>\n<\/table>\n<h2>INSTRU\u00c7\u00d5ES DE COZEDURA R\u00c1PIDA \/ F\u00c1CIL \/ SABOROSA<\/h2>\n<p>Escorra a \u00e1gua do pacote e esvazie o conte\u00fado do saco de massa para a ch\u00e1vena.<br \/>\nAdicionar o tempero.<br \/>\nDeitar diretamente a \u00e1gua a ferver.<br \/>\nOu adicione \u00e1gua fria at\u00e9 \u00e0 linha de \u00e1gua e leve ao micro-ondas durante 2 minutos.<\/p>\n<p><img fetchpriority=\"high\" decoding=\"async\" class=\"alignnone wp-image-4938 size-full\" src=\"https:\/\/sentaiyuanbio.com\/wp-content\/uploads\/2025\/05\/Pho-Noodles-Package-Spicy-Curry1.webp\" alt=\"Pacote de noodles Pho com caril picante\" width=\"750\" height=\"789\" srcset=\"https:\/\/sentaiyuanbio.com\/wp-content\/uploads\/2025\/05\/Pho-Noodles-Package-Spicy-Curry1.webp 750w, https:\/\/sentaiyuanbio.com\/wp-content\/uploads\/2025\/05\/Pho-Noodles-Package-Spicy-Curry1-285x300.webp 285w, https:\/\/sentaiyuanbio.com\/wp-content\/uploads\/2025\/05\/Pho-Noodles-Package-Spicy-Curry1-570x600.webp 570w, https:\/\/sentaiyuanbio.com\/wp-content\/uploads\/2025\/05\/Pho-Noodles-Package-Spicy-Curry1-600x631.webp 600w\" sizes=\"(max-width: 750px) 100vw, 750px\" \/> <img decoding=\"async\" class=\"alignnone wp-image-4939 size-full\" src=\"https:\/\/sentaiyuanbio.com\/wp-content\/uploads\/2025\/05\/Pho-Noodles-Package-Spicy-Curry2.webp\" alt=\"Pacote de noodles Pho com caril picante\" width=\"750\" height=\"559\" srcset=\"https:\/\/sentaiyuanbio.com\/wp-content\/uploads\/2025\/05\/Pho-Noodles-Package-Spicy-Curry2.webp 750w, https:\/\/sentaiyuanbio.com\/wp-content\/uploads\/2025\/05\/Pho-Noodles-Package-Spicy-Curry2-300x224.webp 300w, https:\/\/sentaiyuanbio.com\/wp-content\/uploads\/2025\/05\/Pho-Noodles-Package-Spicy-Curry2-600x447.webp 600w\" sizes=\"(max-width: 750px) 100vw, 750px\" \/> <img decoding=\"async\" class=\"alignnone wp-image-4940 size-full\" src=\"https:\/\/sentaiyuanbio.com\/wp-content\/uploads\/2025\/05\/Pho-Noodles-Package-Spicy-Curry3.webp\" alt=\"Pacote de noodles Pho com caril picante\" width=\"750\" height=\"631\" srcset=\"https:\/\/sentaiyuanbio.com\/wp-content\/uploads\/2025\/05\/Pho-Noodles-Package-Spicy-Curry3.webp 750w, https:\/\/sentaiyuanbio.com\/wp-content\/uploads\/2025\/05\/Pho-Noodles-Package-Spicy-Curry3-300x252.webp 300w, https:\/\/sentaiyuanbio.com\/wp-content\/uploads\/2025\/05\/Pho-Noodles-Package-Spicy-Curry3-600x505.webp 600w\" sizes=\"(max-width: 750px) 100vw, 750px\" \/> <img loading=\"lazy\" decoding=\"async\" class=\"alignnone wp-image-4941 size-full\" src=\"https:\/\/sentaiyuanbio.com\/wp-content\/uploads\/2025\/05\/Pho-Noodles-Package-Spicy-Curry4.webp\" alt=\"Pacote de noodles Pho com caril picante\" width=\"750\" height=\"689\" srcset=\"https:\/\/sentaiyuanbio.com\/wp-content\/uploads\/2025\/05\/Pho-Noodles-Package-Spicy-Curry4.webp 750w, https:\/\/sentaiyuanbio.com\/wp-content\/uploads\/2025\/05\/Pho-Noodles-Package-Spicy-Curry4-300x276.webp 300w, https:\/\/sentaiyuanbio.com\/wp-content\/uploads\/2025\/05\/Pho-Noodles-Package-Spicy-Curry4-600x551.webp 600w\" sizes=\"(max-width: 750px) 100vw, 750px\" \/> <img loading=\"lazy\" decoding=\"async\" class=\"alignnone wp-image-4942 size-full\" src=\"https:\/\/sentaiyuanbio.com\/wp-content\/uploads\/2025\/05\/Pho-Noodles-Package-Spicy-Curry5.webp\" alt=\"Pacote de noodles Pho com caril picante\" width=\"750\" height=\"458\" srcset=\"https:\/\/sentaiyuanbio.com\/wp-content\/uploads\/2025\/05\/Pho-Noodles-Package-Spicy-Curry5.webp 750w, https:\/\/sentaiyuanbio.com\/wp-content\/uploads\/2025\/05\/Pho-Noodles-Package-Spicy-Curry5-300x183.webp 300w, https:\/\/sentaiyuanbio.com\/wp-content\/uploads\/2025\/05\/Pho-Noodles-Package-Spicy-Curry5-600x366.webp 600w\" sizes=\"(max-width: 750px) 100vw, 750px\" \/> <img loading=\"lazy\" decoding=\"async\" class=\"alignnone wp-image-4943 size-full\" src=\"https:\/\/sentaiyuanbio.com\/wp-content\/uploads\/2025\/05\/Pho-Noodles-Package-Spicy-Curry6.webp\" alt=\"Pacote de noodles Pho com caril picante\" width=\"750\" height=\"594\" srcset=\"https:\/\/sentaiyuanbio.com\/wp-content\/uploads\/2025\/05\/Pho-Noodles-Package-Spicy-Curry6.webp 750w, https:\/\/sentaiyuanbio.com\/wp-content\/uploads\/2025\/05\/Pho-Noodles-Package-Spicy-Curry6-300x238.webp 300w, https:\/\/sentaiyuanbio.com\/wp-content\/uploads\/2025\/05\/Pho-Noodles-Package-Spicy-Curry6-600x475.webp 600w\" sizes=\"(max-width: 750px) 100vw, 750px\" \/> <img loading=\"lazy\" decoding=\"async\" class=\"alignnone wp-image-4944 size-full\" src=\"https:\/\/sentaiyuanbio.com\/wp-content\/uploads\/2025\/05\/Pho-Noodles-Package-Spicy-Curry7.webp\" alt=\"Pacote de noodles Pho com caril picante\" width=\"750\" height=\"590\" srcset=\"https:\/\/sentaiyuanbio.com\/wp-content\/uploads\/2025\/05\/Pho-Noodles-Package-Spicy-Curry7.webp 750w, https:\/\/sentaiyuanbio.com\/wp-content\/uploads\/2025\/05\/Pho-Noodles-Package-Spicy-Curry7-300x236.webp 300w, https:\/\/sentaiyuanbio.com\/wp-content\/uploads\/2025\/05\/Pho-Noodles-Package-Spicy-Curry7-600x472.webp 600w\" sizes=\"(max-width: 750px) 100vw, 750px\" \/><\/p>","protected":false},"excerpt":{"rendered":"<p>O Hethstia Pho Spicy Curry Flavor \u00e9 uma deliciosa e aut\u00eantica vers\u00e3o dos tradicionais noodles de arroz vietnamitas. Utilizamos um caldo picante \u00e0 base de caril que \u00e9 perfeitamente misturado com pimenta em p\u00f3 Sichuan Sentaiyuan e cebola em p\u00f3. Experimente a sopa de massa de arroz vietnamita perfeita que nunca experimentou antes. Cada colherada proporciona um sabor indescrit\u00edvel que capta verdadeiramente a ess\u00eancia da autenticidade e \u00e9 uma \u00f3ptima alternativa \u00e0 tradicional massa ramen!<\/p>","protected":false},"featured_media":4846,"template":"","meta":{"site-sidebar-layout":"default","site-content-layout":"","ast-site-content-layout":"default","site-content-style":"default","site-sidebar-style":"default","ast-global-header-display":"","ast-banner-title-visibility":"","ast-main-header-display":"","ast-hfb-above-header-display":"","ast-hfb-below-header-display":"","ast-hfb-mobile-header-display":"","site-post-title":"","ast-breadcrumbs-content":"","ast-featured-img":"","footer-sml-layout":"","ast-disable-related-posts":"","theme-transparent-header-meta":"default","adv-header-id-meta":"","stick-header-meta":"default","header-above-stick-meta":"","header-main-stick-meta":"","header-below-stick-meta":"","astra-migrate-meta-layouts":"set","ast-page-background-enabled":"default","ast-page-background-meta":{"desktop":{"background-color":"","background-image":"","background-repeat":"repeat","background-position":"center center","background-size":"auto","background-attachment":"scroll","background-type":"","background-media":"","overlay-type":"","overlay-color":"","overlay-opacity":"","overlay-gradient":""},"tablet":{"background-color":"","background-image":"","background-repeat":"repeat","background-position":"center center","background-size":"auto","background-attachment":"scroll","background-type":"","background-media":"","overlay-type":"","overlay-color":"","overlay-opacity":"","overlay-gradient":""},"mobile":{"background-color":"","background-image":"","background-repeat":"repeat","background-position":"center center","background-size":"auto","background-attachment":"scroll","background-type":"","background-media":"","overlay-type":"","overlay-color":"","overlay-opacity":"","overlay-gradient":""}},"ast-content-background-meta":{"desktop":{"background-color":"var(--ast-global-color-5)","background-image":"","background-repeat":"repeat","background-position":"center center","background-size":"auto","background-attachment":"scroll","background-type":"","background-media":"","overlay-type":"","overlay-color":"","overlay-opacity":"","overlay-gradient":""},"tablet":{"background-color":"var(--ast-global-color-5)","background-image":"","background-repeat":"repeat","background-position":"center center","background-size":"auto","background-attachment":"scroll","background-type":"","background-media":"","overlay-type":"","overlay-color":"","overlay-opacity":"","overlay-gradient":""},"mobile":{"background-color":"var(--ast-global-color-5)","background-image":"","background-repeat":"repeat","background-position":"center center","background-size":"auto","background-attachment":"scroll","background-type":"","background-media":"","overlay-type":"","overlay-color":"","overlay-opacity":"","overlay-gradient":""}}},"product_brand":[],"product_cat":[23,251],"product_tag":[32],"class_list":{"0":"post-4845","1":"product","2":"type-product","3":"status-publish","4":"has-post-thumbnail","6":"product_cat-instant-konjac-noodles","7":"product_cat-instant-pho-noodles-wholesale","8":"product_tag-konjac-pasta","9":"desktop-align-left","10":"tablet-align-left","11":"mobile-align-left","12":"ast-product-gallery-layout-horizontal-slider","13":"ast-product-tabs-layout-horizontal","15":"first","16":"instock","17":"shipping-taxable","18":"product-type-simple"},"_links":{"self":[{"href":"https:\/\/sentaiyuanbio.com\/pt\/wp-json\/wp\/v2\/product\/4845","targetHints":{"allow":["GET"]}}],"collection":[{"href":"https:\/\/sentaiyuanbio.com\/pt\/wp-json\/wp\/v2\/product"}],"about":[{"href":"https:\/\/sentaiyuanbio.com\/pt\/wp-json\/wp\/v2\/types\/product"}],"version-history":[{"count":0,"href":"https:\/\/sentaiyuanbio.com\/pt\/wp-json\/wp\/v2\/product\/4845\/revisions"}],"wp:featuredmedia":[{"embeddable":true,"href":"https:\/\/sentaiyuanbio.com\/pt\/wp-json\/wp\/v2\/media\/4846"}],"wp:attachment":[{"href":"https:\/\/sentaiyuanbio.com\/pt\/wp-json\/wp\/v2\/media?parent=4845"}],"wp:term":[{"taxonomy":"product_brand","embeddable":true,"href":"https:\/\/sentaiyuanbio.com\/pt\/wp-json\/wp\/v2\/product_brand?post=4845"},{"taxonomy":"product_cat","embeddable":true,"href":"https:\/\/sentaiyuanbio.com\/pt\/wp-json\/wp\/v2\/product_cat?post=4845"},{"taxonomy":"product_tag","embeddable":true,"href":"https:\/\/sentaiyuanbio.com\/pt\/wp-json\/wp\/v2\/product_tag?post=4845"}],"curies":[{"name":"wp","href":"https:\/\/api.w.org\/{rel}","templated":true}]}}