{"id":4860,"date":"2025-05-13T06:46:28","date_gmt":"2025-05-13T06:46:28","guid":{"rendered":"https:\/\/sentaiyuanbio.com\/?post_type=product&#038;p=4860"},"modified":"2025-06-13T02:37:09","modified_gmt":"2025-06-13T02:37:09","slug":"pho-bowl-instantaneo-sabor-a-carne","status":"publish","type":"product","link":"https:\/\/sentaiyuanbio.com\/pt\/produto\/pho-bowl-instantaneo-sabor-a-carne\/","title":{"rendered":"Tigela de Pho instant\u00e2neo, pacotes de Pho instant\u00e2neo com sabor a carne 107g"},"content":{"rendered":"<h2>Descri\u00e7\u00e3o do sabor a carne de vaca do Instant Pho Bowl<\/h2>\n<p>O nosso Instant Pho Bowl Beef Flavor, criado por especialistas, combina na perfei\u00e7\u00e3o um caldo de carne rico com carne de vaca nunca frita e selada a v\u00e1cuo. <a href=\"https:\/\/sentaiyuanbio.com\/pt\/categoria-produto\/massa-konjac\/\" target=\"_blank\" rel=\"noopener\">massa konjac<\/a>. A textura reconfortante das cebolinhas, cenouras e macarr\u00e3o konjac tenro eleva a sua experi\u00eancia gastron\u00f3mica.<\/p>\n<p>Quer seja um viajante atarefado ou esteja \u00e0 procura de uma fuga r\u00e1pida da rotina di\u00e1ria, desfrute deste prato meticulosamente confeccionado. Delicie-se com este prato aut\u00eantico que capta a ess\u00eancia da cultura alimentar asi\u00e1tica e desfrute de uma experi\u00eancia gastron\u00f3mica conveniente.<\/p>\n<p>Explore os outros incr\u00edveis cl\u00e1ssicos asi\u00e1ticos do Hethstia, como o Chicken Instant Pho Bowl, o Spicy Curry Pho Bowl, o Miso Pho Bowl e o Laksa Instant Pho Bowl.<\/p>\n<ul>\n<li>Premium Konjac Noodles - Os nossos noodles s\u00e3o perfeitamente formulados para absorver o sabor umami do caldo, deixando-os macios e mastig\u00e1veis, n\u00e3o encharcados!<\/li>\n<li>R\u00e1pido e f\u00e1cil - Os nossos noodles cozinham-se em apenas 3 minutos! Basta adicionar \u00e1gua quente!<\/li>\n<li>Mais saud\u00e1vel - Sem gl\u00faten, sem OGM, sem colesterol e sem gorduras trans.<\/li>\n<li>Simples, descomplicado - Adicione as suas ervas favoritas a esta tigela de massa instant\u00e2nea, ou saboreie-a simples!<\/li>\n<\/ul>\n<h2>Pacotes de Pudim Instant\u00e2neo Ingredientes do Sabor a Carne<\/h2>\n<p><strong>Ingredientes:<\/strong> Massa de konjac: \u00c1gua, <a href=\"https:\/\/sentaiyuanbio.com\/pt\/categoria-produto\/fibra-alimentar-de-konjac\/\" target=\"_blank\" rel=\"noopener\">P\u00f3 de konjac<\/a>, \u00c1cido c\u00edtrico;<br \/>\n<strong>Tempero para carne de vaca:<\/strong> Sal, aroma alimentar, glutamato monoss\u00f3dico (MSG), a\u00e7\u00facar branco granulado, extrato de levedura, cebola em p\u00f3, cinco especiarias em p\u00f3, 5\u2032-Ribonucle\u00f3tido diss\u00f3dico, prote\u00edna vegetal hidrolisada, alho em p\u00f3, corante caramelo, cebola verde desidratada, gengibre em p\u00f3, pimenta preta em p\u00f3, pimenta branca em p\u00f3, <a href=\"https:\/\/www.healthline.com\/health\/food-nutrition\/is-silicon-dioxide-in-supplements-safe\" target=\"_blank\" rel=\"noopener\">Di\u00f3xido de sil\u00edcio<\/a>, <a href=\"https:\/\/pmc.ncbi.nlm.nih.gov\/articles\/PMC6409436\/\" target=\"_blank\" rel=\"noopener\">Maltodextrina<\/a><br \/>\n<strong>Legumes:<\/strong> Cebolinha verde, Cenoura.<br \/>\n<strong>Cont\u00e9m:<\/strong> Produtos de soja.<br \/>\n<strong>Cuidado:<\/strong> A ch\u00e1vena e a sopa estar\u00e3o QUENTES. Fora do alcance das crian\u00e7as.<br \/>\n<strong>Armazenamento:<\/strong> Conservar \u00e0 temperatura ambiente num local fresco e seco. Manter afastado da luz e do calor fortes.<\/p>\n<h2>O que dizem os utilizadores<\/h2>\n<p>Esta tigela de pho instant\u00e2neo \u00e9 uma \u00f3ptima maneira de apreciar o pho em casa. Posso acrescentar cebolas verdes picadas, coentros ou manjeric\u00e3o para completar o sabor. Gosto de cobrir a minha tigela com alguns vegetais frescos, como rebentos de feij\u00e3o e alface. \u00c9 uma forma r\u00e1pida e f\u00e1cil de satisfazer os meus desejos de pho.<\/p>\n<h2>Factos nutricionais<\/h2>\n<table border=\"1\" cellspacing=\"1\">\n<tbody>\n<tr>\n<td colspan=\"2\" align=\"center\">Factos nutricionais 3.77 OZ (107g)<\/td>\n<\/tr>\n<tr>\n<td align=\"center\" width=\"284\"><b>Energia<\/b><\/td>\n<td align=\"center\" width=\"284\">10kcal<\/td>\n<\/tr>\n<tr>\n<td align=\"center\" width=\"284\"><b>Prote\u00edna<\/b><\/td>\n<td align=\"center\" width=\"284\">&lt; 1g<\/td>\n<\/tr>\n<tr>\n<td align=\"center\" width=\"284\"><b>Gordura total<\/b><\/td>\n<td align=\"center\" width=\"284\">0g<\/td>\n<\/tr>\n<tr>\n<td align=\"center\" width=\"284\"><b>Hidratos de carbono totais<\/b><\/td>\n<td align=\"center\" width=\"284\">2g<\/td>\n<\/tr>\n<tr>\n<td align=\"center\" width=\"284\"><b>Fibra alimentar<\/b><\/td>\n<td align=\"center\" width=\"284\">2g<\/td>\n<\/tr>\n<tr>\n<td align=\"center\" width=\"284\"><b>S\u00f3dio<\/b><\/td>\n<td align=\"center\" width=\"284\">460mg<\/td>\n<\/tr>\n<tr>\n<td align=\"center\" width=\"284\"><b>Vitamina D<\/b><\/td>\n<td align=\"center\" width=\"284\">0<\/td>\n<\/tr>\n<tr>\n<td align=\"center\" width=\"284\"><b>C\u00e1lcio<\/b><\/td>\n<td align=\"center\" width=\"284\">5,8 mg<\/td>\n<\/tr>\n<tr>\n<td align=\"center\" width=\"284\"><b>lron<\/b><\/td>\n<td align=\"center\" width=\"284\">0,1 mg<\/td>\n<\/tr>\n<tr>\n<td align=\"center\" width=\"284\"><b>Pot\u00e1ssio<\/b><\/td>\n<td align=\"center\" width=\"284\">16,55mg<\/td>\n<\/tr>\n<\/tbody>\n<\/table>\n<h2>Instru\u00e7\u00f5es de cozedura<\/h2>\n<p>Escorra a \u00e1gua do pacote e esvazie o conte\u00fado do saco de massa para a ch\u00e1vena.<br \/>\nAdicionar o tempero.<br \/>\nDeitar diretamente a \u00e1gua a ferver.<br \/>\nOu adicione \u00e1gua fria at\u00e9 \u00e0 linha de \u00e1gua e leve ao micro-ondas durante 2 minutos.<\/p>\n<p><img fetchpriority=\"high\" decoding=\"async\" class=\"alignnone wp-image-4929 size-full\" src=\"https:\/\/sentaiyuanbio.com\/wp-content\/uploads\/2025\/05\/Instant-Pho-Packets1.webp\" alt=\"Pacotes de Pudim Instant\u00e2neo com Sabor a Carne\" width=\"750\" height=\"578\" srcset=\"https:\/\/sentaiyuanbio.com\/wp-content\/uploads\/2025\/05\/Instant-Pho-Packets1.webp 750w, https:\/\/sentaiyuanbio.com\/wp-content\/uploads\/2025\/05\/Instant-Pho-Packets1-300x231.webp 300w, https:\/\/sentaiyuanbio.com\/wp-content\/uploads\/2025\/05\/Instant-Pho-Packets1-600x462.webp 600w\" sizes=\"(max-width: 750px) 100vw, 750px\" \/> <img decoding=\"async\" class=\"alignnone wp-image-4930 size-full\" src=\"https:\/\/sentaiyuanbio.com\/wp-content\/uploads\/2025\/05\/Instant-Pho-Packets2.webp\" alt=\"Pacotes de Pudim Instant\u00e2neo com Sabor a Carne\" width=\"750\" height=\"451\" srcset=\"https:\/\/sentaiyuanbio.com\/wp-content\/uploads\/2025\/05\/Instant-Pho-Packets2.webp 750w, https:\/\/sentaiyuanbio.com\/wp-content\/uploads\/2025\/05\/Instant-Pho-Packets2-300x180.webp 300w, https:\/\/sentaiyuanbio.com\/wp-content\/uploads\/2025\/05\/Instant-Pho-Packets2-600x361.webp 600w\" sizes=\"(max-width: 750px) 100vw, 750px\" \/> <img decoding=\"async\" class=\"alignnone wp-image-4931 size-full\" src=\"https:\/\/sentaiyuanbio.com\/wp-content\/uploads\/2025\/05\/Instant-Pho-Packets3.webp\" alt=\"Pacotes de Pudim Instant\u00e2neo com Sabor a Carne\" width=\"750\" height=\"442\" srcset=\"https:\/\/sentaiyuanbio.com\/wp-content\/uploads\/2025\/05\/Instant-Pho-Packets3.webp 750w, https:\/\/sentaiyuanbio.com\/wp-content\/uploads\/2025\/05\/Instant-Pho-Packets3-300x177.webp 300w, https:\/\/sentaiyuanbio.com\/wp-content\/uploads\/2025\/05\/Instant-Pho-Packets3-600x354.webp 600w\" sizes=\"(max-width: 750px) 100vw, 750px\" \/> <img loading=\"lazy\" decoding=\"async\" class=\"alignnone wp-image-4932 size-full\" src=\"https:\/\/sentaiyuanbio.com\/wp-content\/uploads\/2025\/05\/Instant-Pho-Packets4.webp\" alt=\"Pacotes de Pudim Instant\u00e2neo com Sabor a Carne\" width=\"750\" height=\"542\" srcset=\"https:\/\/sentaiyuanbio.com\/wp-content\/uploads\/2025\/05\/Instant-Pho-Packets4.webp 750w, https:\/\/sentaiyuanbio.com\/wp-content\/uploads\/2025\/05\/Instant-Pho-Packets4-300x217.webp 300w, https:\/\/sentaiyuanbio.com\/wp-content\/uploads\/2025\/05\/Instant-Pho-Packets4-600x434.webp 600w\" sizes=\"(max-width: 750px) 100vw, 750px\" \/> <img loading=\"lazy\" decoding=\"async\" class=\"alignnone wp-image-4933 size-full\" src=\"https:\/\/sentaiyuanbio.com\/wp-content\/uploads\/2025\/05\/Instant-Pho-Packets5.webp\" alt=\"Pacotes de Pudim Instant\u00e2neo com Sabor a Carne\" width=\"750\" height=\"561\" srcset=\"https:\/\/sentaiyuanbio.com\/wp-content\/uploads\/2025\/05\/Instant-Pho-Packets5.webp 750w, https:\/\/sentaiyuanbio.com\/wp-content\/uploads\/2025\/05\/Instant-Pho-Packets5-300x224.webp 300w, https:\/\/sentaiyuanbio.com\/wp-content\/uploads\/2025\/05\/Instant-Pho-Packets5-600x449.webp 600w\" sizes=\"(max-width: 750px) 100vw, 750px\" \/> <img loading=\"lazy\" decoding=\"async\" class=\"alignnone wp-image-4934 size-full\" src=\"https:\/\/sentaiyuanbio.com\/wp-content\/uploads\/2025\/05\/Instant-Pho-Packets6.webp\" alt=\"Pacotes de Pudim Instant\u00e2neo com Sabor a Carne\" width=\"750\" height=\"631\" srcset=\"https:\/\/sentaiyuanbio.com\/wp-content\/uploads\/2025\/05\/Instant-Pho-Packets6.webp 750w, https:\/\/sentaiyuanbio.com\/wp-content\/uploads\/2025\/05\/Instant-Pho-Packets6-300x252.webp 300w, https:\/\/sentaiyuanbio.com\/wp-content\/uploads\/2025\/05\/Instant-Pho-Packets6-600x505.webp 600w\" sizes=\"(max-width: 750px) 100vw, 750px\" \/> <img loading=\"lazy\" decoding=\"async\" class=\"alignnone wp-image-4935 size-full\" src=\"https:\/\/sentaiyuanbio.com\/wp-content\/uploads\/2025\/05\/Instant-Pho-Packets7.webp\" alt=\"Pacotes de Pudim Instant\u00e2neo com Sabor a Carne\" width=\"750\" height=\"634\" srcset=\"https:\/\/sentaiyuanbio.com\/wp-content\/uploads\/2025\/05\/Instant-Pho-Packets7.webp 750w, https:\/\/sentaiyuanbio.com\/wp-content\/uploads\/2025\/05\/Instant-Pho-Packets7-300x254.webp 300w, https:\/\/sentaiyuanbio.com\/wp-content\/uploads\/2025\/05\/Instant-Pho-Packets7-600x507.webp 600w\" sizes=\"(max-width: 750px) 100vw, 750px\" \/><\/p>","protected":false},"excerpt":{"rendered":"<p>O nosso pho instant\u00e2neo com sabor a carne de vaca \u00e9 temperado com uma variedade de especiarias, incluindo chili, pimenta, cebola em p\u00f3 e cinco especiarias em p\u00f3, para um sabor rico e delicioso.<br \/>\nCombinados com massa konjac, absorvem o sabor umami e deixam as suas papilas gustativas a querer mais. Cada embalagem de pacotes de pho instant\u00e2neo cont\u00e9m macarr\u00e3o konjac e pacotes de tempero para carne.<\/p>","protected":false},"featured_media":4861,"template":"","meta":{"site-sidebar-layout":"default","site-content-layout":"","ast-site-content-layout":"default","site-content-style":"default","site-sidebar-style":"default","ast-global-header-display":"","ast-banner-title-visibility":"","ast-main-header-display":"","ast-hfb-above-header-display":"","ast-hfb-below-header-display":"","ast-hfb-mobile-header-display":"","site-post-title":"","ast-breadcrumbs-content":"","ast-featured-img":"","footer-sml-layout":"","ast-disable-related-posts":"","theme-transparent-header-meta":"default","adv-header-id-meta":"","stick-header-meta":"default","header-above-stick-meta":"","header-main-stick-meta":"","header-below-stick-meta":"","astra-migrate-meta-layouts":"set","ast-page-background-enabled":"default","ast-page-background-meta":{"desktop":{"background-color":"","background-image":"","background-repeat":"repeat","background-position":"center center","background-size":"auto","background-attachment":"scroll","background-type":"","background-media":"","overlay-type":"","overlay-color":"","overlay-opacity":"","overlay-gradient":""},"tablet":{"background-color":"","background-image":"","background-repeat":"repeat","background-position":"center center","background-size":"auto","background-attachment":"scroll","background-type":"","background-media":"","overlay-type":"","overlay-color":"","overlay-opacity":"","overlay-gradient":""},"mobile":{"background-color":"","background-image":"","background-repeat":"repeat","background-position":"center center","background-size":"auto","background-attachment":"scroll","background-type":"","background-media":"","overlay-type":"","overlay-color":"","overlay-opacity":"","overlay-gradient":""}},"ast-content-background-meta":{"desktop":{"background-color":"var(--ast-global-color-5)","background-image":"","background-repeat":"repeat","background-position":"center center","background-size":"auto","background-attachment":"scroll","background-type":"","background-media":"","overlay-type":"","overlay-color":"","overlay-opacity":"","overlay-gradient":""},"tablet":{"background-color":"var(--ast-global-color-5)","background-image":"","background-repeat":"repeat","background-position":"center center","background-size":"auto","background-attachment":"scroll","background-type":"","background-media":"","overlay-type":"","overlay-color":"","overlay-opacity":"","overlay-gradient":""},"mobile":{"background-color":"var(--ast-global-color-5)","background-image":"","background-repeat":"repeat","background-position":"center center","background-size":"auto","background-attachment":"scroll","background-type":"","background-media":"","overlay-type":"","overlay-color":"","overlay-opacity":"","overlay-gradient":""}}},"product_brand":[],"product_cat":[23,251],"product_tag":[],"class_list":{"0":"post-4860","1":"product","2":"type-product","3":"status-publish","4":"has-post-thumbnail","6":"product_cat-instant-konjac-noodles","7":"product_cat-instant-pho-noodles-wholesale","8":"desktop-align-left","9":"tablet-align-left","10":"mobile-align-left","11":"ast-product-gallery-layout-horizontal-slider","12":"ast-product-tabs-layout-horizontal","14":"first","15":"instock","16":"shipping-taxable","17":"product-type-simple"},"_links":{"self":[{"href":"https:\/\/sentaiyuanbio.com\/pt\/wp-json\/wp\/v2\/product\/4860","targetHints":{"allow":["GET"]}}],"collection":[{"href":"https:\/\/sentaiyuanbio.com\/pt\/wp-json\/wp\/v2\/product"}],"about":[{"href":"https:\/\/sentaiyuanbio.com\/pt\/wp-json\/wp\/v2\/types\/product"}],"version-history":[{"count":0,"href":"https:\/\/sentaiyuanbio.com\/pt\/wp-json\/wp\/v2\/product\/4860\/revisions"}],"wp:featuredmedia":[{"embeddable":true,"href":"https:\/\/sentaiyuanbio.com\/pt\/wp-json\/wp\/v2\/media\/4861"}],"wp:attachment":[{"href":"https:\/\/sentaiyuanbio.com\/pt\/wp-json\/wp\/v2\/media?parent=4860"}],"wp:term":[{"taxonomy":"product_brand","embeddable":true,"href":"https:\/\/sentaiyuanbio.com\/pt\/wp-json\/wp\/v2\/product_brand?post=4860"},{"taxonomy":"product_cat","embeddable":true,"href":"https:\/\/sentaiyuanbio.com\/pt\/wp-json\/wp\/v2\/product_cat?post=4860"},{"taxonomy":"product_tag","embeddable":true,"href":"https:\/\/sentaiyuanbio.com\/pt\/wp-json\/wp\/v2\/product_tag?post=4860"}],"curies":[{"name":"wp","href":"https:\/\/api.w.org\/{rel}","templated":true}]}}