{"id":4870,"date":"2025-05-13T09:24:20","date_gmt":"2025-05-13T09:24:20","guid":{"rendered":"https:\/\/sentaiyuanbio.com\/?post_type=product&#038;p=4870"},"modified":"2025-06-13T08:42:58","modified_gmt":"2025-06-13T08:42:58","slug":"macarrao-instantaneo-pho-sabor-miso","status":"publish","type":"product","link":"https:\/\/sentaiyuanbio.com\/pt\/produto\/macarrao-instantaneo-pho-sabor-miso\/","title":{"rendered":"Macarr\u00e3o instant\u00e2neo Pho com sabor a miss\u00f4, macarr\u00e3o Pho embalado 122g"},"content":{"rendered":"<h2>Pho Instant Noodles Sabor a Miso Descri\u00e7\u00e3o<\/h2>\n<p>A Hethstia \u00e9 uma mestre do aut\u00eantico macarr\u00e3o; mistura na perfei\u00e7\u00e3o os sabores salgados da cebola, cenoura, alho e molho de soja, bem como o p\u00f3 de cinco especiarias, com o macarr\u00e3o pho suave e adiciona simplesmente \u00e1gua a ferver para recriar o sabor a miso de dar \u00e1gua na boca do macarr\u00e3o instant\u00e2neo pho. Servido com legumes estaladi\u00e7os, recomendamos uma pitada de lima e a sua escolha de carne de vaca fatiada ou cogumelos para completar este prato de massa suculento e f\u00e1cil de preparar.<br \/>\nOs noodles instant\u00e2neos s\u00e3o f\u00e1ceis de embalar num copo, o que os torna perfeitos para viajar.<\/p>\n<p>N\u00e3o OGM e sem gl\u00faten. Desfrute de deliciosos noodles de arroz com miso em 180 segundos!<\/p>\n<h2>Ingredientes do macarr\u00e3o Pho embalado<\/h2>\n<p><strong>Ingredientes:<\/strong> Massa de konjac: \u00c1gua, <a href=\"https:\/\/sentaiyuanbio.com\/pt\/categoria-produto\/fibra-alimentar-de-konjac\/\" target=\"_blank\" rel=\"noopener\">P\u00f3 de konjac<\/a>, \u00c1cido c\u00edtrico.<br \/>\n<strong>Molho:<\/strong> Molho Miso (\u00e1gua, soja - n\u00e3o OGM, arroz, sal alimentar, \u00e1lcool alimentar), \u00e1gua, a\u00e7\u00facar branco granulado, <a href=\"https:\/\/en.wikipedia.org\/wiki\/Kombu\" target=\"_blank\" rel=\"noopener\">Kunbu<\/a> molho (\u00e1gua, algas secas, sal comest\u00edvel), prote\u00edna vegetal hidrolisada com \u00e1cido, sal comest\u00edvel, intensificador de sabor (<a href=\"https:\/\/foodadditives.net\/flavor-enhancer\/disodium-5-ribonucleotides\/\" target=\"_blank\" rel=\"noopener\">5\u2032- ribonucle\u00f3tido diss\u00f3dico<\/a>).<br \/>\n<strong>Legumes:<\/strong> Cebolinha verde, Cenoura.<br \/>\n<strong>Cont\u00e9m:<\/strong> Produtos de soja.<br \/>\n<strong>Cuidado:<\/strong> A ch\u00e1vena e a sopa estar\u00e3o QUENTES. Fora do alcance das crian\u00e7as.<br \/>\n<strong>Armazenamento:<\/strong> Conservar \u00e0 temperatura ambiente num local fresco e seco. Manter afastado da luz e do calor fortes.<\/p>\n<h2>Factos nutricionais<\/h2>\n<table border=\"1\" cellspacing=\"1\">\n<tbody>\n<tr>\n<td colspan=\"2\" align=\"center\">Factos nutricionais 4.31 OZ (122g)<\/td>\n<\/tr>\n<tr>\n<td align=\"center\" width=\"284\"><b>Energia<\/b><\/td>\n<td align=\"center\" width=\"284\">20 kcal<\/td>\n<\/tr>\n<tr>\n<td align=\"center\" width=\"284\"><b>Prote\u00edna<\/b><\/td>\n<td align=\"center\" width=\"284\">0g<\/td>\n<\/tr>\n<tr>\n<td align=\"center\" width=\"284\"><b>Gordura total<\/b><\/td>\n<td align=\"center\" width=\"284\">0g<\/td>\n<\/tr>\n<tr>\n<td align=\"center\" width=\"284\"><b>Hidratos de carbono totais<\/b><\/td>\n<td align=\"center\" width=\"284\">3g<\/td>\n<\/tr>\n<tr>\n<td align=\"center\" width=\"284\"><b>Fibra alimentar<\/b><\/td>\n<td align=\"center\" width=\"284\">1g<\/td>\n<\/tr>\n<tr>\n<td align=\"center\" width=\"284\"><b>S\u00f3dio<\/b><\/td>\n<td align=\"center\" width=\"284\">660mg<\/td>\n<\/tr>\n<tr>\n<td align=\"center\" width=\"284\"><b>Vitamina D<\/b><\/td>\n<td align=\"center\" width=\"284\">0<\/td>\n<\/tr>\n<tr>\n<td align=\"center\" width=\"284\"><b>C\u00e1lcio<\/b><\/td>\n<td align=\"center\" width=\"284\">10mg<\/td>\n<\/tr>\n<tr>\n<td align=\"center\" width=\"284\"><b>lron<\/b><\/td>\n<td align=\"center\" width=\"284\">0mg<\/td>\n<\/tr>\n<tr>\n<td align=\"center\" width=\"284\"><b>Pot\u00e1ssio<\/b><\/td>\n<td align=\"center\" width=\"284\">91,4 mg<\/td>\n<\/tr>\n<\/tbody>\n<\/table>\n<p><img fetchpriority=\"high\" decoding=\"async\" class=\"alignnone wp-image-4879 size-full\" src=\"https:\/\/sentaiyuanbio.com\/wp-content\/uploads\/2025\/05\/packaged-pho-noodles-2.webp\" alt=\"massa de pho embalada\" width=\"600\" height=\"450\" srcset=\"https:\/\/sentaiyuanbio.com\/wp-content\/uploads\/2025\/05\/packaged-pho-noodles-2.webp 600w, https:\/\/sentaiyuanbio.com\/wp-content\/uploads\/2025\/05\/packaged-pho-noodles-2-300x225.webp 300w\" sizes=\"(max-width: 600px) 100vw, 600px\" \/>\u00a0<img decoding=\"async\" class=\"alignnone wp-image-4882 size-full\" style=\"font-weight: inherit;\" src=\"https:\/\/sentaiyuanbio.com\/wp-content\/uploads\/2025\/05\/pho-instant-noodles-miso-flavor-2.webp\" alt=\"macarr\u00e3o instant\u00e2neo pho sabor miso\" width=\"600\" height=\"450\" srcset=\"https:\/\/sentaiyuanbio.com\/wp-content\/uploads\/2025\/05\/pho-instant-noodles-miso-flavor-2.webp 600w, https:\/\/sentaiyuanbio.com\/wp-content\/uploads\/2025\/05\/pho-instant-noodles-miso-flavor-2-300x225.webp 300w\" sizes=\"(max-width: 600px) 100vw, 600px\" \/><img decoding=\"async\" class=\"alignnone wp-image-4880 size-full\" style=\"font-style: inherit; font-weight: inherit;\" src=\"https:\/\/sentaiyuanbio.com\/wp-content\/uploads\/2025\/05\/packaged-pho-noodles-3.webp\" alt=\"massa de pho embalada\" width=\"600\" height=\"450\" srcset=\"https:\/\/sentaiyuanbio.com\/wp-content\/uploads\/2025\/05\/packaged-pho-noodles-3.webp 600w, https:\/\/sentaiyuanbio.com\/wp-content\/uploads\/2025\/05\/packaged-pho-noodles-3-300x225.webp 300w\" sizes=\"(max-width: 600px) 100vw, 600px\" \/> <img loading=\"lazy\" decoding=\"async\" class=\"alignnone wp-image-4881 size-full\" style=\"font-style: inherit; font-weight: inherit;\" src=\"https:\/\/sentaiyuanbio.com\/wp-content\/uploads\/2025\/05\/pho-instant-noodles-miso-flavor-1.webp\" alt=\"macarr\u00e3o instant\u00e2neo pho sabor miso\" width=\"600\" height=\"450\" srcset=\"https:\/\/sentaiyuanbio.com\/wp-content\/uploads\/2025\/05\/pho-instant-noodles-miso-flavor-1.webp 600w, https:\/\/sentaiyuanbio.com\/wp-content\/uploads\/2025\/05\/pho-instant-noodles-miso-flavor-1-300x225.webp 300w\" sizes=\"(max-width: 600px) 100vw, 600px\" \/> <img loading=\"lazy\" decoding=\"async\" class=\"alignnone wp-image-4878 size-full\" style=\"font-style: inherit; font-weight: inherit;\" src=\"https:\/\/sentaiyuanbio.com\/wp-content\/uploads\/2025\/05\/packaged-pho-noodles-1.webp\" alt=\"massa de pho embalada\" width=\"600\" height=\"450\" srcset=\"https:\/\/sentaiyuanbio.com\/wp-content\/uploads\/2025\/05\/packaged-pho-noodles-1.webp 600w, https:\/\/sentaiyuanbio.com\/wp-content\/uploads\/2025\/05\/packaged-pho-noodles-1-300x225.webp 300w\" sizes=\"(max-width: 600px) 100vw, 600px\" \/><\/p>","protected":false},"excerpt":{"rendered":"<p>A Hethstia \u00e9 uma marca chinesa de massa instant\u00e2nea com uma variedade de sabores. Os noodles instant\u00e2neos s\u00e3o um alimento b\u00e1sico quotidiano, especialmente nos pa\u00edses asi\u00e1ticos, e s\u00e3o populares pelo seu sabor delicioso e prepara\u00e7\u00e3o r\u00e1pida e f\u00e1cil.  Hethstia Instant Noodles apresenta um Pacote de Tempero Miso para Noodles Instant\u00e2neos Pho Vietnamita com lima. Basta deitar \u00e1gua quente sobre os noodles Pho, adicionar o pacote de temperos e desfrutar do delicioso caldo em 3-4 minutos.<\/p>","protected":false},"featured_media":4871,"template":"","meta":{"site-sidebar-layout":"default","site-content-layout":"","ast-site-content-layout":"default","site-content-style":"default","site-sidebar-style":"default","ast-global-header-display":"","ast-banner-title-visibility":"","ast-main-header-display":"","ast-hfb-above-header-display":"","ast-hfb-below-header-display":"","ast-hfb-mobile-header-display":"","site-post-title":"","ast-breadcrumbs-content":"","ast-featured-img":"","footer-sml-layout":"","ast-disable-related-posts":"","theme-transparent-header-meta":"default","adv-header-id-meta":"","stick-header-meta":"default","header-above-stick-meta":"","header-main-stick-meta":"","header-below-stick-meta":"","astra-migrate-meta-layouts":"set","ast-page-background-enabled":"default","ast-page-background-meta":{"desktop":{"background-color":"","background-image":"","background-repeat":"repeat","background-position":"center center","background-size":"auto","background-attachment":"scroll","background-type":"","background-media":"","overlay-type":"","overlay-color":"","overlay-opacity":"","overlay-gradient":""},"tablet":{"background-color":"","background-image":"","background-repeat":"repeat","background-position":"center center","background-size":"auto","background-attachment":"scroll","background-type":"","background-media":"","overlay-type":"","overlay-color":"","overlay-opacity":"","overlay-gradient":""},"mobile":{"background-color":"","background-image":"","background-repeat":"repeat","background-position":"center center","background-size":"auto","background-attachment":"scroll","background-type":"","background-media":"","overlay-type":"","overlay-color":"","overlay-opacity":"","overlay-gradient":""}},"ast-content-background-meta":{"desktop":{"background-color":"var(--ast-global-color-5)","background-image":"","background-repeat":"repeat","background-position":"center center","background-size":"auto","background-attachment":"scroll","background-type":"","background-media":"","overlay-type":"","overlay-color":"","overlay-opacity":"","overlay-gradient":""},"tablet":{"background-color":"var(--ast-global-color-5)","background-image":"","background-repeat":"repeat","background-position":"center center","background-size":"auto","background-attachment":"scroll","background-type":"","background-media":"","overlay-type":"","overlay-color":"","overlay-opacity":"","overlay-gradient":""},"mobile":{"background-color":"var(--ast-global-color-5)","background-image":"","background-repeat":"repeat","background-position":"center center","background-size":"auto","background-attachment":"scroll","background-type":"","background-media":"","overlay-type":"","overlay-color":"","overlay-opacity":"","overlay-gradient":""}}},"product_brand":[],"product_cat":[23,251],"product_tag":[],"class_list":{"0":"post-4870","1":"product","2":"type-product","3":"status-publish","4":"has-post-thumbnail","6":"product_cat-instant-konjac-noodles","7":"product_cat-instant-pho-noodles-wholesale","8":"desktop-align-left","9":"tablet-align-left","10":"mobile-align-left","11":"ast-product-gallery-layout-horizontal-slider","12":"ast-product-tabs-layout-horizontal","14":"first","15":"instock","16":"shipping-taxable","17":"product-type-simple"},"_links":{"self":[{"href":"https:\/\/sentaiyuanbio.com\/pt\/wp-json\/wp\/v2\/product\/4870","targetHints":{"allow":["GET"]}}],"collection":[{"href":"https:\/\/sentaiyuanbio.com\/pt\/wp-json\/wp\/v2\/product"}],"about":[{"href":"https:\/\/sentaiyuanbio.com\/pt\/wp-json\/wp\/v2\/types\/product"}],"version-history":[{"count":0,"href":"https:\/\/sentaiyuanbio.com\/pt\/wp-json\/wp\/v2\/product\/4870\/revisions"}],"wp:featuredmedia":[{"embeddable":true,"href":"https:\/\/sentaiyuanbio.com\/pt\/wp-json\/wp\/v2\/media\/4871"}],"wp:attachment":[{"href":"https:\/\/sentaiyuanbio.com\/pt\/wp-json\/wp\/v2\/media?parent=4870"}],"wp:term":[{"taxonomy":"product_brand","embeddable":true,"href":"https:\/\/sentaiyuanbio.com\/pt\/wp-json\/wp\/v2\/product_brand?post=4870"},{"taxonomy":"product_cat","embeddable":true,"href":"https:\/\/sentaiyuanbio.com\/pt\/wp-json\/wp\/v2\/product_cat?post=4870"},{"taxonomy":"product_tag","embeddable":true,"href":"https:\/\/sentaiyuanbio.com\/pt\/wp-json\/wp\/v2\/product_tag?post=4870"}],"curies":[{"name":"wp","href":"https:\/\/api.w.org\/{rel}","templated":true}]}}