{"id":4892,"date":"2025-05-15T07:10:03","date_gmt":"2025-05-15T07:10:03","guid":{"rendered":"https:\/\/sentaiyuanbio.com\/?post_type=product&#038;p=4892"},"modified":"2025-06-13T08:38:43","modified_gmt":"2025-06-13T08:38:43","slug":"pho-laksa-vietnamita-instantaneo","status":"publish","type":"product","link":"https:\/\/sentaiyuanbio.com\/pt\/produto\/pho-laksa-vietnamita-instantaneo\/","title":{"rendered":"Pho Laksa vietnamita instant\u00e2neo, macarr\u00e3o para tigela de Pho instant\u00e2neo"},"content":{"rendered":"<h2>Descri\u00e7\u00e3o do Instant Vietnamese Pho Laksa<\/h2>\n<p>Tradicionalmente, o pho requer horas de cozedura lenta com ossos de carne de vaca ou de galinha e especiarias como anis estrelado, canela e cravinho para obter um caldo rico e rico.<\/p>\n<p>O Pho Laksa Vietnamita Instant\u00e2neo simplifica o processo, condensando a ess\u00eancia deste prato ic\u00f3nico num conjunto pr\u00e9-embalado que pode ser preparado em minutos.<\/p>\n<p>Os nossos noodles instant\u00e2neos para tigela pho proporcionam uma op\u00e7\u00e3o de refei\u00e7\u00e3o r\u00e1pida, deliciosa e satisfat\u00f3ria para pessoas ocupadas, estudantes e viajantes.<\/p>\n<p>Quer seja apreciado simples ou com ervas frescas e coberturas, o macarr\u00e3o instant\u00e2neo pho \u00e9 uma ponte gourmet entre tradi\u00e7\u00e3o e conveni\u00eancia.<\/p>\n<p>Noodles pho vegan e sem gl\u00faten, noodles premium n\u00e3o fritos, sem sabores artificiais, sem conservantes adicionados, produzidos em Sichuan, China, desfrute de noodles deliciosos em apenas alguns minutos ou adicione a sua escolha de marisco\/vegetais\/carne de porco\/carne de vaca\/cozinhados.<\/p>\n<h2>Factos nutricionais<\/h2>\n<table border=\"1\" cellspacing=\"1\">\n<tbody>\n<tr>\n<td colspan=\"2\" align=\"center\">Factos nutricionais 4.31 OZ (122g)<\/td>\n<\/tr>\n<tr>\n<td align=\"center\" width=\"284\"><b>Energia<\/b><\/td>\n<td align=\"center\" width=\"284\">50kcal<\/td>\n<\/tr>\n<tr>\n<td align=\"center\" width=\"284\"><b>Prote\u00edna<\/b><\/td>\n<td align=\"center\" width=\"284\">0g<\/td>\n<\/tr>\n<tr>\n<td align=\"center\" width=\"284\"><b>Gordura total<\/b><\/td>\n<td align=\"center\" width=\"284\">1.5g<\/td>\n<\/tr>\n<tr>\n<td align=\"center\" width=\"284\"><b>Hidratos de carbono totais<\/b><\/td>\n<td align=\"center\" width=\"284\">3g<\/td>\n<\/tr>\n<tr>\n<td align=\"center\" width=\"284\"><b>Fibra alimentar<\/b><\/td>\n<td align=\"center\" width=\"284\">1g<\/td>\n<\/tr>\n<tr>\n<td align=\"center\" width=\"284\"><b>S\u00f3dio<\/b><\/td>\n<td align=\"center\" width=\"284\">500mg<\/td>\n<\/tr>\n<tr>\n<td align=\"center\" width=\"284\"><b>Vitamina D<\/b><\/td>\n<td align=\"center\" width=\"284\">0<\/td>\n<\/tr>\n<tr>\n<td align=\"center\" width=\"284\"><b>C\u00e1lcio<\/b><\/td>\n<td align=\"center\" width=\"284\">10mg<\/td>\n<\/tr>\n<tr>\n<td align=\"center\" width=\"284\"><b>lron<\/b><\/td>\n<td align=\"center\" width=\"284\">0,7 mg<\/td>\n<\/tr>\n<tr>\n<td align=\"center\" width=\"284\"><b>Pot\u00e1ssio<\/b><\/td>\n<td align=\"center\" width=\"284\">30mg<\/td>\n<\/tr>\n<\/tbody>\n<\/table>\n<p>&nbsp;<\/p>\n<p><img fetchpriority=\"high\" decoding=\"async\" class=\"alignnone wp-image-4987 size-full\" src=\"https:\/\/sentaiyuanbio.com\/wp-content\/uploads\/2025\/05\/Instant-Pho-Bowl-Noodles-01.webp\" alt=\"Macarr\u00e3o instant\u00e2neo para tigela Pho\" width=\"750\" height=\"584\" srcset=\"https:\/\/sentaiyuanbio.com\/wp-content\/uploads\/2025\/05\/Instant-Pho-Bowl-Noodles-01.webp 750w, https:\/\/sentaiyuanbio.com\/wp-content\/uploads\/2025\/05\/Instant-Pho-Bowl-Noodles-01-300x234.webp 300w, https:\/\/sentaiyuanbio.com\/wp-content\/uploads\/2025\/05\/Instant-Pho-Bowl-Noodles-01-600x467.webp 600w\" sizes=\"(max-width: 750px) 100vw, 750px\" \/> <img decoding=\"async\" class=\"alignnone wp-image-4988 size-full\" src=\"https:\/\/sentaiyuanbio.com\/wp-content\/uploads\/2025\/05\/Instant-Pho-Bowl-Noodles_02.webp\" alt=\"Macarr\u00e3o instant\u00e2neo para tigela Pho\" width=\"750\" height=\"594\" srcset=\"https:\/\/sentaiyuanbio.com\/wp-content\/uploads\/2025\/05\/Instant-Pho-Bowl-Noodles_02.webp 750w, https:\/\/sentaiyuanbio.com\/wp-content\/uploads\/2025\/05\/Instant-Pho-Bowl-Noodles_02-300x238.webp 300w, https:\/\/sentaiyuanbio.com\/wp-content\/uploads\/2025\/05\/Instant-Pho-Bowl-Noodles_02-600x475.webp 600w\" sizes=\"(max-width: 750px) 100vw, 750px\" \/> <img decoding=\"async\" class=\"alignnone wp-image-4989 size-full\" src=\"https:\/\/sentaiyuanbio.com\/wp-content\/uploads\/2025\/05\/Instant-Pho-Bowl-Noodles_03.webp\" alt=\"Macarr\u00e3o instant\u00e2neo para tigela Pho\" width=\"750\" height=\"453\" srcset=\"https:\/\/sentaiyuanbio.com\/wp-content\/uploads\/2025\/05\/Instant-Pho-Bowl-Noodles_03.webp 750w, https:\/\/sentaiyuanbio.com\/wp-content\/uploads\/2025\/05\/Instant-Pho-Bowl-Noodles_03-300x181.webp 300w, https:\/\/sentaiyuanbio.com\/wp-content\/uploads\/2025\/05\/Instant-Pho-Bowl-Noodles_03-600x362.webp 600w\" sizes=\"(max-width: 750px) 100vw, 750px\" \/> <img loading=\"lazy\" decoding=\"async\" class=\"alignnone wp-image-4990 size-full\" src=\"https:\/\/sentaiyuanbio.com\/wp-content\/uploads\/2025\/05\/Instant-Pho-Bowl-Noodles_04.webp\" alt=\"Macarr\u00e3o instant\u00e2neo para tigela Pho\" width=\"750\" height=\"445\" srcset=\"https:\/\/sentaiyuanbio.com\/wp-content\/uploads\/2025\/05\/Instant-Pho-Bowl-Noodles_04.webp 750w, https:\/\/sentaiyuanbio.com\/wp-content\/uploads\/2025\/05\/Instant-Pho-Bowl-Noodles_04-300x178.webp 300w, https:\/\/sentaiyuanbio.com\/wp-content\/uploads\/2025\/05\/Instant-Pho-Bowl-Noodles_04-600x356.webp 600w\" sizes=\"(max-width: 750px) 100vw, 750px\" \/> <img loading=\"lazy\" decoding=\"async\" class=\"alignnone wp-image-4991 size-full\" src=\"https:\/\/sentaiyuanbio.com\/wp-content\/uploads\/2025\/05\/Instant-Pho-Bowl-Noodles_05.webp\" alt=\"Macarr\u00e3o instant\u00e2neo para tigela Pho\" width=\"750\" height=\"581\" srcset=\"https:\/\/sentaiyuanbio.com\/wp-content\/uploads\/2025\/05\/Instant-Pho-Bowl-Noodles_05.webp 750w, https:\/\/sentaiyuanbio.com\/wp-content\/uploads\/2025\/05\/Instant-Pho-Bowl-Noodles_05-300x232.webp 300w, https:\/\/sentaiyuanbio.com\/wp-content\/uploads\/2025\/05\/Instant-Pho-Bowl-Noodles_05-600x465.webp 600w\" sizes=\"(max-width: 750px) 100vw, 750px\" \/> <img loading=\"lazy\" decoding=\"async\" class=\"alignnone wp-image-4992 size-full\" src=\"https:\/\/sentaiyuanbio.com\/wp-content\/uploads\/2025\/05\/Instant-Pho-Bowl-Noodles_06.webp\" alt=\"Macarr\u00e3o instant\u00e2neo para tigela Pho\" width=\"750\" height=\"526\" srcset=\"https:\/\/sentaiyuanbio.com\/wp-content\/uploads\/2025\/05\/Instant-Pho-Bowl-Noodles_06.webp 750w, https:\/\/sentaiyuanbio.com\/wp-content\/uploads\/2025\/05\/Instant-Pho-Bowl-Noodles_06-300x210.webp 300w, https:\/\/sentaiyuanbio.com\/wp-content\/uploads\/2025\/05\/Instant-Pho-Bowl-Noodles_06-600x421.webp 600w\" sizes=\"(max-width: 750px) 100vw, 750px\" \/><\/p>","protected":false},"excerpt":{"rendered":"<p>Ingredientes: Massa de konjac: \u00c1gua, <a href=\"https:\/\/sentaiyuanbio.com\/pt\/produto\/glucomanano-de-raiz-de-konjac\/\" target=\"_blank\" rel=\"noopener\">P\u00f3 de konjac<\/a>, \u00c1cido c\u00edtrico;<br \/>\nMolho: \u00c1gua, a\u00e7\u00facar branco granulado, cebola, sal comest\u00edvel, pasta de caril (alho, erva-cidreira, sal comest\u00edvel, cebolinha, galanga, malagueta vermelha seca, sementes de coentros, casca de lima, caril em p\u00f3, cominhos, canela, curcuma, cardamomo, noz-moscada), leite de coco, \u00f3leo de soja, alho, gengibre, glutamato monoss\u00f3dico(<a href=\"https:\/\/www.mayoclinic.org\/healthy-lifestyle\/nutrition-and-healthy-eating\/expert-answers\/monosodium-glutamate\/faq-20058196\" target=\"_blank\" rel=\"noopener\">MSG<\/a>), coco em p\u00f3, caril em p\u00f3 (curcuma, malagueta, semente de coentros, pimenta preta, cominhos, alho, semente de aipo, casca de laranja, cravinho, canela, alca\u00e7uz, noz-moscada, salva), especiarias (malagueta, semente de coentros), adipato de amido acetilado, extrato de levedura, \u00e1cido c\u00edtrico, aroma alimentar (\u00f3leo de colza, triglic\u00e9ridos de cadeia m\u00e9dia, oleorresina de aneto, vitamina E).<br \/>\nLegumes: Cebolinha verde, Cenoura.<br \/>\nCont\u00e9m: Produtos de soja.<\/p>","protected":false},"featured_media":4893,"template":"","meta":{"site-sidebar-layout":"default","site-content-layout":"","ast-site-content-layout":"default","site-content-style":"default","site-sidebar-style":"default","ast-global-header-display":"","ast-banner-title-visibility":"","ast-main-header-display":"","ast-hfb-above-header-display":"","ast-hfb-below-header-display":"","ast-hfb-mobile-header-display":"","site-post-title":"","ast-breadcrumbs-content":"","ast-featured-img":"","footer-sml-layout":"","ast-disable-related-posts":"","theme-transparent-header-meta":"default","adv-header-id-meta":"","stick-header-meta":"default","header-above-stick-meta":"","header-main-stick-meta":"","header-below-stick-meta":"","astra-migrate-meta-layouts":"set","ast-page-background-enabled":"default","ast-page-background-meta":{"desktop":{"background-color":"","background-image":"","background-repeat":"repeat","background-position":"center center","background-size":"auto","background-attachment":"scroll","background-type":"","background-media":"","overlay-type":"","overlay-color":"","overlay-opacity":"","overlay-gradient":""},"tablet":{"background-color":"","background-image":"","background-repeat":"repeat","background-position":"center center","background-size":"auto","background-attachment":"scroll","background-type":"","background-media":"","overlay-type":"","overlay-color":"","overlay-opacity":"","overlay-gradient":""},"mobile":{"background-color":"","background-image":"","background-repeat":"repeat","background-position":"center center","background-size":"auto","background-attachment":"scroll","background-type":"","background-media":"","overlay-type":"","overlay-color":"","overlay-opacity":"","overlay-gradient":""}},"ast-content-background-meta":{"desktop":{"background-color":"var(--ast-global-color-5)","background-image":"","background-repeat":"repeat","background-position":"center center","background-size":"auto","background-attachment":"scroll","background-type":"","background-media":"","overlay-type":"","overlay-color":"","overlay-opacity":"","overlay-gradient":""},"tablet":{"background-color":"var(--ast-global-color-5)","background-image":"","background-repeat":"repeat","background-position":"center center","background-size":"auto","background-attachment":"scroll","background-type":"","background-media":"","overlay-type":"","overlay-color":"","overlay-opacity":"","overlay-gradient":""},"mobile":{"background-color":"var(--ast-global-color-5)","background-image":"","background-repeat":"repeat","background-position":"center center","background-size":"auto","background-attachment":"scroll","background-type":"","background-media":"","overlay-type":"","overlay-color":"","overlay-opacity":"","overlay-gradient":""}}},"product_brand":[],"product_cat":[23,251],"product_tag":[],"class_list":{"0":"post-4892","1":"product","2":"type-product","3":"status-publish","4":"has-post-thumbnail","6":"product_cat-instant-konjac-noodles","7":"product_cat-instant-pho-noodles-wholesale","8":"desktop-align-left","9":"tablet-align-left","10":"mobile-align-left","11":"ast-product-gallery-layout-horizontal-slider","12":"ast-product-tabs-layout-horizontal","14":"first","15":"instock","16":"shipping-taxable","17":"product-type-simple"},"_links":{"self":[{"href":"https:\/\/sentaiyuanbio.com\/pt\/wp-json\/wp\/v2\/product\/4892","targetHints":{"allow":["GET"]}}],"collection":[{"href":"https:\/\/sentaiyuanbio.com\/pt\/wp-json\/wp\/v2\/product"}],"about":[{"href":"https:\/\/sentaiyuanbio.com\/pt\/wp-json\/wp\/v2\/types\/product"}],"version-history":[{"count":0,"href":"https:\/\/sentaiyuanbio.com\/pt\/wp-json\/wp\/v2\/product\/4892\/revisions"}],"wp:featuredmedia":[{"embeddable":true,"href":"https:\/\/sentaiyuanbio.com\/pt\/wp-json\/wp\/v2\/media\/4893"}],"wp:attachment":[{"href":"https:\/\/sentaiyuanbio.com\/pt\/wp-json\/wp\/v2\/media?parent=4892"}],"wp:term":[{"taxonomy":"product_brand","embeddable":true,"href":"https:\/\/sentaiyuanbio.com\/pt\/wp-json\/wp\/v2\/product_brand?post=4892"},{"taxonomy":"product_cat","embeddable":true,"href":"https:\/\/sentaiyuanbio.com\/pt\/wp-json\/wp\/v2\/product_cat?post=4892"},{"taxonomy":"product_tag","embeddable":true,"href":"https:\/\/sentaiyuanbio.com\/pt\/wp-json\/wp\/v2\/product_tag?post=4892"}],"curies":[{"name":"wp","href":"https:\/\/api.w.org\/{rel}","templated":true}]}}