{"id":5131,"date":"2025-06-17T02:57:36","date_gmt":"2025-06-17T02:57:36","guid":{"rendered":"https:\/\/sentaiyuanbio.com\/?post_type=product&#038;p=5131"},"modified":"2025-06-17T02:57:36","modified_gmt":"2025-06-17T02:57:36","slug":"macarrao-ramen-de-alta-proteina-a-granel","status":"publish","type":"product","link":"https:\/\/sentaiyuanbio.com\/pt\/produto\/macarrao-ramen-de-alta-proteina-a-granel\/","title":{"rendered":"Massa Ramen com elevado teor proteico Sabor a Caril Picante a Granel"},"content":{"rendered":"<p>Os nossos noodles de ramen com elevado teor de prote\u00ednas foram concebidos para facilitar a obten\u00e7\u00e3o de um estilo de vida mais saud\u00e1vel e aumentar os seus objectivos de ingest\u00e3o de prote\u00ednas.<br \/>\nA derradeira combina\u00e7\u00e3o de prote\u00edna, conveni\u00eancia e variedade - a nossa combina\u00e7\u00e3o de massa instant\u00e2nea de ramen com prote\u00edna saud\u00e1vel inclui quatro deliciosas massas instant\u00e2neas \u00e0 base de plantas: Sabor a frango, sabor a couve picante, sabor a caril picante e sabor a carne de vaca.<\/p>\n<h2>Ingredientes para os Noodles Ramen de Alta Prote\u00edna com Sabor a Caril Picante<\/h2>\n<p><strong>Ingredientes:<\/strong><br \/>\n<strong>Ramen:<\/strong> Gl\u00faten de trigo vital, Prote\u00edna de ervilha, Farinha de trigo, Farinha de trigo sarraceno, Fibra de ervilha em p\u00f3, Amido de tapioca, <a href=\"https:\/\/sentaiyuanbio.com\/pt\/produto\/farinha-de-inhame-konjac-inhame-konjac-em-po\/\" target=\"_blank\" rel=\"noopener\">Farinha de konjac<\/a>, <a href=\"https:\/\/hethstia.com\/konjac-powder-vs-xanthan-gum\/\" target=\"_blank\" rel=\"noopener\">Goma xantana<\/a>, <a href=\"https:\/\/pubchem.ncbi.nlm.nih.gov\/compound\/Sodium-Carbonate\" target=\"_blank\" rel=\"noopener\">Carbonato de s\u00f3dio<\/a>.<\/p>\n<p><strong>Tempero picante para caril:<\/strong> Sal, malagueta em p\u00f3, alho em p\u00f3, cebola em p\u00f3, caril em p\u00f3, \u00f3leo de soja, amido, extrato de levedura, prote\u00edna vegetal hidrolisada com \u00e1cido em p\u00f3, tomate em p\u00f3, 5\u2032-Ribonucle\u00f3tido diss\u00f3dico, aroma alimentar.<\/p>\n<p><strong>Legumes:<\/strong> Cebolinha verde, Cenoura.<\/p>\n<p><strong>Cont\u00e9m:<\/strong> Trigo, produtos de soja.<\/p>\n<p><strong>Prazo de validade:<\/strong> 24 meses.<\/p>\n<p><strong>Armazenamento:<\/strong> Conservar \u00e0 temperatura ambiente num local fresco e seco. Manter afastado da luz e do calor fortes.<\/p>\n<h3>Factos nutricionais - Por\u00e7\u00e3o de 1 saco (66g)<\/h3>\n<table border=\"1\" cellspacing=\"1\">\n<tbody>\n<tr>\n<td align=\"center\" width=\"284\">Energia<\/td>\n<td align=\"center\" width=\"284\">220 Kcal<\/td>\n<\/tr>\n<tr>\n<td align=\"center\" width=\"284\">Hidratos de carbono totais<\/td>\n<td align=\"center\" width=\"284\">18g<\/td>\n<\/tr>\n<tr>\n<td align=\"center\" width=\"284\">Gordura total<\/td>\n<td align=\"center\" width=\"284\">2g<\/td>\n<\/tr>\n<tr>\n<td align=\"center\" width=\"284\">Prote\u00edna<\/td>\n<td align=\"center\" width=\"284\">32g<\/td>\n<\/tr>\n<tr>\n<td align=\"center\" width=\"284\">Fibra alimentar<\/td>\n<td align=\"center\" width=\"284\">4g<\/td>\n<\/tr>\n<tr>\n<td align=\"center\" width=\"284\">S\u00f3dio<\/td>\n<td align=\"center\" width=\"284\">660 mg<\/td>\n<\/tr>\n<tr>\n<td align=\"center\" width=\"284\">Ferro<\/td>\n<td align=\"center\" width=\"284\">5,5 mg<\/td>\n<\/tr>\n<tr>\n<td align=\"center\" width=\"284\">Pot\u00e1ssio<\/td>\n<td align=\"center\" width=\"284\">177 mg<\/td>\n<\/tr>\n<tr>\n<td align=\"center\" width=\"284\">C\u00e1lcio<\/td>\n<td align=\"center\" width=\"284\">53 mg<\/td>\n<\/tr>\n<\/tbody>\n<\/table>\n<p><img fetchpriority=\"high\" decoding=\"async\" class=\"alignnone wp-image-5140 size-full\" title=\"ramen com alto teor de prote\u00ednas e baixo teor de carboidratos\" src=\"https:\/\/sentaiyuanbio.com\/wp-content\/uploads\/2025\/06\/high-protein-low-carb-ramen_1.webp\" alt=\"ramen com alto teor de prote\u00ednas e baixo teor de carboidratos\" width=\"750\" height=\"522\" srcset=\"https:\/\/sentaiyuanbio.com\/wp-content\/uploads\/2025\/06\/high-protein-low-carb-ramen_1.webp 750w, https:\/\/sentaiyuanbio.com\/wp-content\/uploads\/2025\/06\/high-protein-low-carb-ramen_1-300x209.webp 300w, https:\/\/sentaiyuanbio.com\/wp-content\/uploads\/2025\/06\/high-protein-low-carb-ramen_1-600x418.webp 600w\" sizes=\"(max-width: 750px) 100vw, 750px\" \/> <img decoding=\"async\" class=\"alignnone wp-image-5141 size-full\" title=\"ramen com alto teor de prote\u00ednas e baixo teor de carboidratos\" src=\"https:\/\/sentaiyuanbio.com\/wp-content\/uploads\/2025\/06\/high-protein-low-carb-ramen_2.webp\" alt=\"ramen com alto teor de prote\u00ednas e baixo teor de carboidratos\" width=\"750\" height=\"416\" srcset=\"https:\/\/sentaiyuanbio.com\/wp-content\/uploads\/2025\/06\/high-protein-low-carb-ramen_2.webp 750w, https:\/\/sentaiyuanbio.com\/wp-content\/uploads\/2025\/06\/high-protein-low-carb-ramen_2-300x166.webp 300w, https:\/\/sentaiyuanbio.com\/wp-content\/uploads\/2025\/06\/high-protein-low-carb-ramen_2-600x333.webp 600w\" sizes=\"(max-width: 750px) 100vw, 750px\" \/> <img decoding=\"async\" class=\"alignnone wp-image-5142 size-full\" title=\"ramen com alto teor de prote\u00ednas e baixo teor de carboidratos\" src=\"https:\/\/sentaiyuanbio.com\/wp-content\/uploads\/2025\/06\/high-protein-low-carb-ramen_3.webp\" alt=\"ramen com alto teor de prote\u00ednas e baixo teor de carboidratos\" width=\"750\" height=\"666\" srcset=\"https:\/\/sentaiyuanbio.com\/wp-content\/uploads\/2025\/06\/high-protein-low-carb-ramen_3.webp 750w, https:\/\/sentaiyuanbio.com\/wp-content\/uploads\/2025\/06\/high-protein-low-carb-ramen_3-300x266.webp 300w, https:\/\/sentaiyuanbio.com\/wp-content\/uploads\/2025\/06\/high-protein-low-carb-ramen_3-600x533.webp 600w\" sizes=\"(max-width: 750px) 100vw, 750px\" \/> <img loading=\"lazy\" decoding=\"async\" class=\"alignnone wp-image-5143 size-full\" title=\"ramen proteico saud\u00e1vel\" src=\"https:\/\/sentaiyuanbio.com\/wp-content\/uploads\/2025\/06\/high-protein-low-carb-ramen_4.webp\" alt=\"ramen proteico saud\u00e1vel\" width=\"750\" height=\"565\" srcset=\"https:\/\/sentaiyuanbio.com\/wp-content\/uploads\/2025\/06\/high-protein-low-carb-ramen_4.webp 750w, https:\/\/sentaiyuanbio.com\/wp-content\/uploads\/2025\/06\/high-protein-low-carb-ramen_4-300x226.webp 300w, https:\/\/sentaiyuanbio.com\/wp-content\/uploads\/2025\/06\/high-protein-low-carb-ramen_4-600x452.webp 600w\" sizes=\"(max-width: 750px) 100vw, 750px\" \/> <img loading=\"lazy\" decoding=\"async\" class=\"alignnone wp-image-5144 size-full\" title=\"ramen proteico saud\u00e1vel\" src=\"https:\/\/sentaiyuanbio.com\/wp-content\/uploads\/2025\/06\/high-protein-low-carb-ramen_5.webp\" alt=\"ramen proteico saud\u00e1vel\" width=\"750\" height=\"602\" srcset=\"https:\/\/sentaiyuanbio.com\/wp-content\/uploads\/2025\/06\/high-protein-low-carb-ramen_5.webp 750w, https:\/\/sentaiyuanbio.com\/wp-content\/uploads\/2025\/06\/high-protein-low-carb-ramen_5-300x241.webp 300w, https:\/\/sentaiyuanbio.com\/wp-content\/uploads\/2025\/06\/high-protein-low-carb-ramen_5-600x482.webp 600w\" sizes=\"(max-width: 750px) 100vw, 750px\" \/> <img loading=\"lazy\" decoding=\"async\" class=\"alignnone wp-image-5145 size-full\" title=\"ramen proteico saud\u00e1vel\" src=\"https:\/\/sentaiyuanbio.com\/wp-content\/uploads\/2025\/06\/high-protein-low-carb-ramen_6.webp\" alt=\"ramen proteico saud\u00e1vel\" width=\"750\" height=\"524\" srcset=\"https:\/\/sentaiyuanbio.com\/wp-content\/uploads\/2025\/06\/high-protein-low-carb-ramen_6.webp 750w, https:\/\/sentaiyuanbio.com\/wp-content\/uploads\/2025\/06\/high-protein-low-carb-ramen_6-300x210.webp 300w, https:\/\/sentaiyuanbio.com\/wp-content\/uploads\/2025\/06\/high-protein-low-carb-ramen_6-600x419.webp 600w\" sizes=\"(max-width: 750px) 100vw, 750px\" \/> <img loading=\"lazy\" decoding=\"async\" class=\"alignnone wp-image-5146 size-full\" title=\"ramen proteico saud\u00e1vel\" src=\"https:\/\/sentaiyuanbio.com\/wp-content\/uploads\/2025\/06\/high-protein-low-carb-ramen_7.webp\" alt=\"ramen proteico saud\u00e1vel\" width=\"750\" height=\"555\" srcset=\"https:\/\/sentaiyuanbio.com\/wp-content\/uploads\/2025\/06\/high-protein-low-carb-ramen_7.webp 750w, https:\/\/sentaiyuanbio.com\/wp-content\/uploads\/2025\/06\/high-protein-low-carb-ramen_7-300x222.webp 300w, https:\/\/sentaiyuanbio.com\/wp-content\/uploads\/2025\/06\/high-protein-low-carb-ramen_7-600x444.webp 600w\" sizes=\"(max-width: 750px) 100vw, 750px\" \/><\/p>","protected":false},"excerpt":{"rendered":"<p>Atinja os seus objectivos de prote\u00edna com uma tigela de ramen com que se pode sentir bem. Sentaiyuan apresenta o primeiro ramen proteico saud\u00e1vel, com 32 gramas de prote\u00edna vegetal 100%, equivalente a 5 ovos. \u00c9 tamb\u00e9m enriquecido com uma vasta gama de micronutrientes necess\u00e1rios ao corpo humano. Em apenas 5 minutos, pode desfrutar de uma tigela nutritiva de ramen saud\u00e1vel. \u00c9 ideal para uma refei\u00e7\u00e3o p\u00f3s-treino ou proteica, e pode combin\u00e1-lo com os seus ingredientes favoritos ou com\u00ea-lo sozinho.<\/p>","protected":false},"featured_media":5132,"template":"","meta":{"site-sidebar-layout":"default","site-content-layout":"","ast-site-content-layout":"default","site-content-style":"default","site-sidebar-style":"default","ast-global-header-display":"","ast-banner-title-visibility":"","ast-main-header-display":"","ast-hfb-above-header-display":"","ast-hfb-below-header-display":"","ast-hfb-mobile-header-display":"","site-post-title":"","ast-breadcrumbs-content":"","ast-featured-img":"","footer-sml-layout":"","ast-disable-related-posts":"","theme-transparent-header-meta":"default","adv-header-id-meta":"","stick-header-meta":"default","header-above-stick-meta":"","header-main-stick-meta":"","header-below-stick-meta":"","astra-migrate-meta-layouts":"set","ast-page-background-enabled":"default","ast-page-background-meta":{"desktop":{"background-color":"","background-image":"","background-repeat":"repeat","background-position":"center center","background-size":"auto","background-attachment":"scroll","background-type":"","background-media":"","overlay-type":"","overlay-color":"","overlay-opacity":"","overlay-gradient":""},"tablet":{"background-color":"","background-image":"","background-repeat":"repeat","background-position":"center center","background-size":"auto","background-attachment":"scroll","background-type":"","background-media":"","overlay-type":"","overlay-color":"","overlay-opacity":"","overlay-gradient":""},"mobile":{"background-color":"","background-image":"","background-repeat":"repeat","background-position":"center center","background-size":"auto","background-attachment":"scroll","background-type":"","background-media":"","overlay-type":"","overlay-color":"","overlay-opacity":"","overlay-gradient":""}},"ast-content-background-meta":{"desktop":{"background-color":"var(--ast-global-color-5)","background-image":"","background-repeat":"repeat","background-position":"center center","background-size":"auto","background-attachment":"scroll","background-type":"","background-media":"","overlay-type":"","overlay-color":"","overlay-opacity":"","overlay-gradient":""},"tablet":{"background-color":"var(--ast-global-color-5)","background-image":"","background-repeat":"repeat","background-position":"center center","background-size":"auto","background-attachment":"scroll","background-type":"","background-media":"","overlay-type":"","overlay-color":"","overlay-opacity":"","overlay-gradient":""},"mobile":{"background-color":"var(--ast-global-color-5)","background-image":"","background-repeat":"repeat","background-position":"center center","background-size":"auto","background-attachment":"scroll","background-type":"","background-media":"","overlay-type":"","overlay-color":"","overlay-opacity":"","overlay-gradient":""}}},"product_brand":[],"product_cat":[248],"product_tag":[],"class_list":{"0":"post-5131","1":"product","2":"type-product","3":"status-publish","4":"has-post-thumbnail","6":"product_cat-low-carb-high-protein-noodles","7":"desktop-align-left","8":"tablet-align-left","9":"mobile-align-left","10":"ast-product-gallery-layout-horizontal-slider","11":"ast-product-tabs-layout-horizontal","13":"first","14":"instock","15":"shipping-taxable","16":"product-type-simple"},"_links":{"self":[{"href":"https:\/\/sentaiyuanbio.com\/pt\/wp-json\/wp\/v2\/product\/5131","targetHints":{"allow":["GET"]}}],"collection":[{"href":"https:\/\/sentaiyuanbio.com\/pt\/wp-json\/wp\/v2\/product"}],"about":[{"href":"https:\/\/sentaiyuanbio.com\/pt\/wp-json\/wp\/v2\/types\/product"}],"version-history":[{"count":0,"href":"https:\/\/sentaiyuanbio.com\/pt\/wp-json\/wp\/v2\/product\/5131\/revisions"}],"wp:featuredmedia":[{"embeddable":true,"href":"https:\/\/sentaiyuanbio.com\/pt\/wp-json\/wp\/v2\/media\/5132"}],"wp:attachment":[{"href":"https:\/\/sentaiyuanbio.com\/pt\/wp-json\/wp\/v2\/media?parent=5131"}],"wp:term":[{"taxonomy":"product_brand","embeddable":true,"href":"https:\/\/sentaiyuanbio.com\/pt\/wp-json\/wp\/v2\/product_brand?post=5131"},{"taxonomy":"product_cat","embeddable":true,"href":"https:\/\/sentaiyuanbio.com\/pt\/wp-json\/wp\/v2\/product_cat?post=5131"},{"taxonomy":"product_tag","embeddable":true,"href":"https:\/\/sentaiyuanbio.com\/pt\/wp-json\/wp\/v2\/product_tag?post=5131"}],"curies":[{"name":"wp","href":"https:\/\/api.w.org\/{rel}","templated":true}]}}