{"id":5160,"date":"2025-06-17T07:11:05","date_gmt":"2025-06-17T07:11:05","guid":{"rendered":"https:\/\/sentaiyuanbio.com\/?post_type=product&#038;p=5160"},"modified":"2025-06-17T07:15:57","modified_gmt":"2025-06-17T07:15:57","slug":"massa-proteica-instantanea","status":"publish","type":"product","link":"https:\/\/sentaiyuanbio.com\/pt\/produto\/massa-proteica-instantanea\/","title":{"rendered":"Macarr\u00e3o instant\u00e2neo proteico, macarr\u00e3o de esparguete com elevado teor proteico e sabor a Kimchi picante"},"content":{"rendered":"<p>Sentaiyuan reinterpretou a cozinha asi\u00e1tica de uma forma mais nutritiva. Come\u00e7\u00e1mos com noodles proteicos instant\u00e2neos ricos, reconfortantes, saborosos e memor\u00e1veis.<\/p>\n<p>O nosso \u00fanico objetivo: criar um ramen mais nutritivo e delicioso, recriando o sabor satisfat\u00f3rio da massa de esparguete proteica atrav\u00e9s de ingredientes de melhor qualidade e sabores cuidadosamente elaborados.<\/p>\n<h2>Noodles proteicos instant\u00e2neos Ingredientes:<\/h2>\n<p>Ramen: Gl\u00faten de trigo vital, prote\u00edna de ervilha, farinha de trigo, farinha de trigo sarraceno, fibra de ervilha em p\u00f3, amido de tapioca, <a href=\"https:\/\/sentaiyuanbio.com\/pt\/produto\/po-de-konjac\/\" target=\"_blank\" rel=\"noopener\">P\u00f3 de konjac<\/a>, Goma xantana, carbonato de s\u00f3dio.<\/p>\n<p>Tempero picante para caril: Sal, chili em p\u00f3, alho em p\u00f3, cebola em p\u00f3, caril em p\u00f3, \u00f3leo de soja, amido, extrato de levedura, prote\u00edna vegetal hidrolisada com \u00e1cido em p\u00f3, tomate em p\u00f3, <a href=\"https:\/\/www.atamanchemicals.com\/disodium-5--ribonucleotide_u26322\/\" target=\"_blank\" rel=\"noopener\">5\u2032-Ribonucle\u00f3tido diss\u00f3dico<\/a>, Aromatizante alimentar.<\/p>\n<p>Legumes: Cebolinha verde, Cenoura.<\/p>\n<p>Cont\u00e9m: Trigo, produtos de soja.<\/p>\n<p>Armazenamento: Conservar num local fresco e seco. Manter ao abrigo da luz e do calor.<\/p>\n<h3>Factos nutricionais - Por\u00e7\u00e3o de 1 saco (66g)<\/h3>\n<table border=\"1\" cellspacing=\"1\">\n<tbody>\n<tr>\n<td align=\"center\" width=\"284\">Energia<\/td>\n<td align=\"center\" width=\"284\">200 Kcal<\/td>\n<\/tr>\n<tr>\n<td align=\"center\" width=\"284\">Hidratos de carbono totais<\/td>\n<td align=\"center\" width=\"284\">20g<\/td>\n<\/tr>\n<tr>\n<td align=\"center\" width=\"284\">Gordura total<\/td>\n<td align=\"center\" width=\"284\">1.5g<\/td>\n<\/tr>\n<tr>\n<td align=\"center\" width=\"284\">Prote\u00edna<\/td>\n<td align=\"center\" width=\"284\">32g<\/td>\n<\/tr>\n<tr>\n<td align=\"center\" width=\"284\">Fibra alimentar<\/td>\n<td align=\"center\" width=\"284\">4g<\/td>\n<\/tr>\n<tr>\n<td align=\"center\" width=\"284\">S\u00f3dio<\/td>\n<td align=\"center\" width=\"284\">580 mg<\/td>\n<\/tr>\n<tr>\n<td align=\"center\" width=\"284\">Ferro<\/td>\n<td align=\"center\" width=\"284\">4,5 mg<\/td>\n<\/tr>\n<tr>\n<td align=\"center\" width=\"284\">Pot\u00e1ssio<\/td>\n<td align=\"center\" width=\"284\">172 mg<\/td>\n<\/tr>\n<tr>\n<td align=\"center\" width=\"284\">C\u00e1lcio<\/td>\n<td align=\"center\" width=\"284\">41 mg<\/td>\n<\/tr>\n<\/tbody>\n<\/table>\n<p><img fetchpriority=\"high\" decoding=\"async\" class=\"alignnone wp-image-5169 size-full\" title=\"Massa de esparguete rica em prote\u00ednas\" src=\"https:\/\/sentaiyuanbio.com\/wp-content\/uploads\/2025\/06\/High-Protein-Spaghetti-Noodles_1.webp\" alt=\"Massa de esparguete rica em prote\u00ednas\" width=\"750\" height=\"577\" srcset=\"https:\/\/sentaiyuanbio.com\/wp-content\/uploads\/2025\/06\/High-Protein-Spaghetti-Noodles_1.webp 750w, https:\/\/sentaiyuanbio.com\/wp-content\/uploads\/2025\/06\/High-Protein-Spaghetti-Noodles_1-300x231.webp 300w, https:\/\/sentaiyuanbio.com\/wp-content\/uploads\/2025\/06\/High-Protein-Spaghetti-Noodles_1-600x462.webp 600w\" sizes=\"(max-width: 750px) 100vw, 750px\" \/> <img decoding=\"async\" class=\"alignnone wp-image-5170 size-full\" title=\"Massa de esparguete rica em prote\u00ednas\" src=\"https:\/\/sentaiyuanbio.com\/wp-content\/uploads\/2025\/06\/High-Protein-Spaghetti-Noodles_2.webp\" alt=\"Massa de esparguete rica em prote\u00ednas\" width=\"750\" height=\"476\" srcset=\"https:\/\/sentaiyuanbio.com\/wp-content\/uploads\/2025\/06\/High-Protein-Spaghetti-Noodles_2.webp 750w, https:\/\/sentaiyuanbio.com\/wp-content\/uploads\/2025\/06\/High-Protein-Spaghetti-Noodles_2-300x190.webp 300w, https:\/\/sentaiyuanbio.com\/wp-content\/uploads\/2025\/06\/High-Protein-Spaghetti-Noodles_2-600x381.webp 600w\" sizes=\"(max-width: 750px) 100vw, 750px\" \/> <img decoding=\"async\" class=\"alignnone wp-image-5171 size-full\" title=\"Massa de esparguete rica em prote\u00ednas\" src=\"https:\/\/sentaiyuanbio.com\/wp-content\/uploads\/2025\/06\/High-Protein-Spaghetti-Noodles_3.webp\" alt=\"Massa de esparguete rica em prote\u00ednas\" width=\"750\" height=\"575\" srcset=\"https:\/\/sentaiyuanbio.com\/wp-content\/uploads\/2025\/06\/High-Protein-Spaghetti-Noodles_3.webp 750w, https:\/\/sentaiyuanbio.com\/wp-content\/uploads\/2025\/06\/High-Protein-Spaghetti-Noodles_3-300x230.webp 300w, https:\/\/sentaiyuanbio.com\/wp-content\/uploads\/2025\/06\/High-Protein-Spaghetti-Noodles_3-600x460.webp 600w\" sizes=\"(max-width: 750px) 100vw, 750px\" \/> <img loading=\"lazy\" decoding=\"async\" class=\"alignnone wp-image-5172 size-full\" title=\"Massa de esparguete rica em prote\u00ednas\" src=\"https:\/\/sentaiyuanbio.com\/wp-content\/uploads\/2025\/06\/High-Protein-Spaghetti-Noodles_4.webp\" alt=\"Massa de esparguete rica em prote\u00ednas\" width=\"750\" height=\"597\" srcset=\"https:\/\/sentaiyuanbio.com\/wp-content\/uploads\/2025\/06\/High-Protein-Spaghetti-Noodles_4.webp 750w, https:\/\/sentaiyuanbio.com\/wp-content\/uploads\/2025\/06\/High-Protein-Spaghetti-Noodles_4-300x239.webp 300w, https:\/\/sentaiyuanbio.com\/wp-content\/uploads\/2025\/06\/High-Protein-Spaghetti-Noodles_4-600x478.webp 600w\" sizes=\"(max-width: 750px) 100vw, 750px\" \/> <img loading=\"lazy\" decoding=\"async\" class=\"alignnone wp-image-5173 size-full\" title=\"Massa de esparguete rica em prote\u00ednas\" src=\"https:\/\/sentaiyuanbio.com\/wp-content\/uploads\/2025\/06\/High-Protein-Spaghetti-Noodles_5.webp\" alt=\"Massa de esparguete rica em prote\u00ednas\" width=\"750\" height=\"600\" srcset=\"https:\/\/sentaiyuanbio.com\/wp-content\/uploads\/2025\/06\/High-Protein-Spaghetti-Noodles_5.webp 750w, https:\/\/sentaiyuanbio.com\/wp-content\/uploads\/2025\/06\/High-Protein-Spaghetti-Noodles_5-300x240.webp 300w, https:\/\/sentaiyuanbio.com\/wp-content\/uploads\/2025\/06\/High-Protein-Spaghetti-Noodles_5-600x480.webp 600w\" sizes=\"(max-width: 750px) 100vw, 750px\" \/> <img loading=\"lazy\" decoding=\"async\" class=\"alignnone wp-image-5174 size-full\" title=\"Massa de esparguete rica em prote\u00ednas\" src=\"https:\/\/sentaiyuanbio.com\/wp-content\/uploads\/2025\/06\/High-Protein-Spaghetti-Noodles_6.webp\" alt=\"Massa de esparguete rica em prote\u00ednas\" width=\"750\" height=\"601\" srcset=\"https:\/\/sentaiyuanbio.com\/wp-content\/uploads\/2025\/06\/High-Protein-Spaghetti-Noodles_6.webp 750w, https:\/\/sentaiyuanbio.com\/wp-content\/uploads\/2025\/06\/High-Protein-Spaghetti-Noodles_6-300x240.webp 300w, https:\/\/sentaiyuanbio.com\/wp-content\/uploads\/2025\/06\/High-Protein-Spaghetti-Noodles_6-600x481.webp 600w\" sizes=\"(max-width: 750px) 100vw, 750px\" \/> <img loading=\"lazy\" decoding=\"async\" class=\"alignnone wp-image-5175 size-full\" title=\"Massa de esparguete rica em prote\u00ednas\" src=\"https:\/\/sentaiyuanbio.com\/wp-content\/uploads\/2025\/06\/High-Protein-Spaghetti-Noodles_7.webp\" alt=\"Massa de esparguete rica em prote\u00ednas\" width=\"750\" height=\"479\" srcset=\"https:\/\/sentaiyuanbio.com\/wp-content\/uploads\/2025\/06\/High-Protein-Spaghetti-Noodles_7.webp 750w, https:\/\/sentaiyuanbio.com\/wp-content\/uploads\/2025\/06\/High-Protein-Spaghetti-Noodles_7-300x192.webp 300w, https:\/\/sentaiyuanbio.com\/wp-content\/uploads\/2025\/06\/High-Protein-Spaghetti-Noodles_7-600x383.webp 600w\" sizes=\"(max-width: 750px) 100vw, 750px\" \/><\/p>","protected":false},"excerpt":{"rendered":"<p>Sentaiyuan apresenta estes surpreendentemente saud\u00e1veis noodles proteicos instant\u00e2neos que cont\u00eam 32 gramas de prote\u00edna, quase tanto como um batido de prote\u00edna normal, e s\u00e3o 100% ramen vegan \u00e0 base de plantas. Estes noodles de esparguete com elevado teor proteico est\u00e3o a disputar o primeiro lugar nas listas de guloseimas obrigat\u00f3rias dos entusiastas do fitness, porque s\u00e3o saborosos, f\u00e1ceis de preparar e incrivelmente saud\u00e1veis. O que \u00e9 ainda mais empolgante \u00e9 que com este novo sabor, Spicy Kimchi, os noodles s\u00e3o mais macios, Q-tier, mastig\u00e1veis, mais f\u00e1ceis de comer e demoram menos tempo a cozinhar.<\/p>","protected":false},"featured_media":5161,"template":"","meta":{"site-sidebar-layout":"default","site-content-layout":"","ast-site-content-layout":"default","site-content-style":"default","site-sidebar-style":"default","ast-global-header-display":"","ast-banner-title-visibility":"","ast-main-header-display":"","ast-hfb-above-header-display":"","ast-hfb-below-header-display":"","ast-hfb-mobile-header-display":"","site-post-title":"","ast-breadcrumbs-content":"","ast-featured-img":"","footer-sml-layout":"","ast-disable-related-posts":"","theme-transparent-header-meta":"default","adv-header-id-meta":"","stick-header-meta":"default","header-above-stick-meta":"","header-main-stick-meta":"","header-below-stick-meta":"","astra-migrate-meta-layouts":"set","ast-page-background-enabled":"default","ast-page-background-meta":{"desktop":{"background-color":"","background-image":"","background-repeat":"repeat","background-position":"center center","background-size":"auto","background-attachment":"scroll","background-type":"","background-media":"","overlay-type":"","overlay-color":"","overlay-opacity":"","overlay-gradient":""},"tablet":{"background-color":"","background-image":"","background-repeat":"repeat","background-position":"center center","background-size":"auto","background-attachment":"scroll","background-type":"","background-media":"","overlay-type":"","overlay-color":"","overlay-opacity":"","overlay-gradient":""},"mobile":{"background-color":"","background-image":"","background-repeat":"repeat","background-position":"center center","background-size":"auto","background-attachment":"scroll","background-type":"","background-media":"","overlay-type":"","overlay-color":"","overlay-opacity":"","overlay-gradient":""}},"ast-content-background-meta":{"desktop":{"background-color":"var(--ast-global-color-5)","background-image":"","background-repeat":"repeat","background-position":"center center","background-size":"auto","background-attachment":"scroll","background-type":"","background-media":"","overlay-type":"","overlay-color":"","overlay-opacity":"","overlay-gradient":""},"tablet":{"background-color":"var(--ast-global-color-5)","background-image":"","background-repeat":"repeat","background-position":"center center","background-size":"auto","background-attachment":"scroll","background-type":"","background-media":"","overlay-type":"","overlay-color":"","overlay-opacity":"","overlay-gradient":""},"mobile":{"background-color":"var(--ast-global-color-5)","background-image":"","background-repeat":"repeat","background-position":"center center","background-size":"auto","background-attachment":"scroll","background-type":"","background-media":"","overlay-type":"","overlay-color":"","overlay-opacity":"","overlay-gradient":""}}},"product_brand":[],"product_cat":[248],"product_tag":[],"class_list":{"0":"post-5160","1":"product","2":"type-product","3":"status-publish","4":"has-post-thumbnail","6":"product_cat-low-carb-high-protein-noodles","7":"desktop-align-left","8":"tablet-align-left","9":"mobile-align-left","10":"ast-product-gallery-layout-horizontal-slider","11":"ast-product-tabs-layout-horizontal","13":"first","14":"instock","15":"shipping-taxable","16":"product-type-simple"},"_links":{"self":[{"href":"https:\/\/sentaiyuanbio.com\/pt\/wp-json\/wp\/v2\/product\/5160","targetHints":{"allow":["GET"]}}],"collection":[{"href":"https:\/\/sentaiyuanbio.com\/pt\/wp-json\/wp\/v2\/product"}],"about":[{"href":"https:\/\/sentaiyuanbio.com\/pt\/wp-json\/wp\/v2\/types\/product"}],"version-history":[{"count":0,"href":"https:\/\/sentaiyuanbio.com\/pt\/wp-json\/wp\/v2\/product\/5160\/revisions"}],"wp:featuredmedia":[{"embeddable":true,"href":"https:\/\/sentaiyuanbio.com\/pt\/wp-json\/wp\/v2\/media\/5161"}],"wp:attachment":[{"href":"https:\/\/sentaiyuanbio.com\/pt\/wp-json\/wp\/v2\/media?parent=5160"}],"wp:term":[{"taxonomy":"product_brand","embeddable":true,"href":"https:\/\/sentaiyuanbio.com\/pt\/wp-json\/wp\/v2\/product_brand?post=5160"},{"taxonomy":"product_cat","embeddable":true,"href":"https:\/\/sentaiyuanbio.com\/pt\/wp-json\/wp\/v2\/product_cat?post=5160"},{"taxonomy":"product_tag","embeddable":true,"href":"https:\/\/sentaiyuanbio.com\/pt\/wp-json\/wp\/v2\/product_tag?post=5160"}],"curies":[{"name":"wp","href":"https:\/\/api.w.org\/{rel}","templated":true}]}}