{"id":5180,"date":"2025-06-20T07:09:17","date_gmt":"2025-06-20T07:09:17","guid":{"rendered":"https:\/\/sentaiyuanbio.com\/?post_type=product&#038;p=5180"},"modified":"2025-06-20T08:25:42","modified_gmt":"2025-06-20T08:25:42","slug":"taca-de-massa-com-alto-teor-proteico-caril-picante","status":"publish","type":"product","link":"https:\/\/sentaiyuanbio.com\/pt\/produto\/taca-de-massa-com-alto-teor-proteico-caril-picante\/","title":{"rendered":"Cup Noodles com elevado teor proteico com sabor a caril picante 32 g de prote\u00edna por dose"},"content":{"rendered":"<h2>Cup Noodles com elevado teor proteico e sabor a caril picante Ingredientes<\/h2>\n<p><strong>Ramen:<\/strong> Gl\u00faten de trigo vital, prote\u00edna de ervilha, farinha de trigo, farinha de trigo sarraceno, fibra de ervilha em p\u00f3, amido de tapioca, farinha de konjac, goma xantana, carbonato de s\u00f3dio.<\/p>\n<p><strong>Tempero picante para caril:<\/strong> Sal, malagueta em p\u00f3, alho em p\u00f3, cebola em p\u00f3, caril em p\u00f3, \u00f3leo de soja, amido, extrato de levedura, prote\u00edna vegetal hidrolisada com \u00e1cido em p\u00f3, tomate em p\u00f3, <a href=\"https:\/\/foodadditives.net\/flavor-enhancer\/disodium-5-ribonucleotides\/\" target=\"_blank\" rel=\"noopener\">5\u2032-Ribonucle\u00f3tido diss\u00f3dico<\/a>, Aromatizante alimentar.<\/p>\n<p><strong>Legumes:<\/strong> Cebolinha verde, Cenoura.<\/p>\n<p><strong>Cont\u00e9m:<\/strong> Trigo, produtos de soja.<\/p>\n<h3>Factos nutricionais - Por\u00e7\u00e3o de 1 saco (66g)<\/h3>\n<table border=\"1\" cellspacing=\"1\">\n<tbody>\n<tr>\n<td align=\"center\" width=\"284\">Energia<\/td>\n<td align=\"center\" width=\"284\">220 Kcal<\/td>\n<\/tr>\n<tr>\n<td align=\"center\" width=\"284\">Hidratos de carbono totais<\/td>\n<td align=\"center\" width=\"284\">18g<\/td>\n<\/tr>\n<tr>\n<td align=\"center\" width=\"284\">Gordura total<\/td>\n<td align=\"center\" width=\"284\">2g<\/td>\n<\/tr>\n<tr>\n<td align=\"center\" width=\"284\">Prote\u00edna<\/td>\n<td align=\"center\" width=\"284\">32g<\/td>\n<\/tr>\n<tr>\n<td align=\"center\" width=\"284\">Fibra alimentar<\/td>\n<td align=\"center\" width=\"284\">4g<\/td>\n<\/tr>\n<tr>\n<td align=\"center\" width=\"284\">S\u00f3dio<\/td>\n<td align=\"center\" width=\"284\">660 mg<\/td>\n<\/tr>\n<tr>\n<td align=\"center\" width=\"284\">Ferro<\/td>\n<td align=\"center\" width=\"284\">5,5 mg<\/td>\n<\/tr>\n<tr>\n<td align=\"center\" width=\"284\">Pot\u00e1ssio<\/td>\n<td align=\"center\" width=\"284\">177 mg<\/td>\n<\/tr>\n<tr>\n<td align=\"center\" width=\"284\">C\u00e1lcio<\/td>\n<td align=\"center\" width=\"284\">53 mg<\/td>\n<\/tr>\n<\/tbody>\n<\/table>\n<h3>Hist\u00f3ria da marca Cup Noodles com elevado teor proteico<\/h3>\n<p>Em 2018, quando a equipa de I&amp;D da Sentaiyuan estava a inspecionar as bases de cultivo de konjac na regi\u00e3o tibetana do oeste de Sichuan, deparou-se com um h\u00e1bito alimentar especial dos pastores locais: misturam queijo de iaque em p\u00f3 em massa de cevada para fazer \u201cmassa energ\u00e9tica\u201d resistente ao armazenamento e rica em prote\u00ednas para pastar a longa dist\u00e2ncia. Esta receita simples, mas s\u00e1bia, duplica o teor proteico da massa, tornando-a altamente saciante e fornecendo energia duradoura, mesmo nos dias mais frios.<\/p>\n<p>Li, especialista cient\u00edfico da equipa: \u201cSe as pessoas modernas tamb\u00e9m puderem comer esta massa rica em prote\u00ednas, ser\u00e1 poss\u00edvel resolver o problema da \u2018depend\u00eancia de hidratos de carbono\u2019 prevalecente nas popula\u00e7\u00f5es urbanas?\u201d<\/p>\n<p>De volta ao laborat\u00f3rio, a equipa come\u00e7ou a experimentar a combina\u00e7\u00e3o de prote\u00ednas vegetais (por exemplo, prote\u00ednas de soja e de ervilha) com prote\u00ednas tradicionais de trigo, mas descobriu que o sabor era \u00e1spero e dif\u00edcil de aceitar pelo p\u00fablico em geral.<\/p>\n<p>At\u00e9 que uma \u201cexperi\u00eancia falhada\u201d fortuita - o investigador, por engano, extrudiu a alta temperatura o <a href=\"https:\/\/sentaiyuanbio.com\/pt\/produto\/fabricante-de-goma-konjac\/\" target=\"_blank\" rel=\"noopener\">goma konjac<\/a> e de prote\u00ednas, obteve-se acidentalmente a \u201cmassa proteica\u201d el\u00e1stica e gl\u00faten, cuja textura \u00e9 pr\u00f3xima da do esparguete, mas que cont\u00e9m tr\u00eas vezes mais prote\u00ednas do que a massa normal.<\/p>\n<p>N\u00e3o estamos a criar novos alimentos; estamos a descodificar a sabedoria nutricional dos nossos antepassados.<\/p>\n<p><img fetchpriority=\"high\" decoding=\"async\" class=\"alignnone wp-image-5199 size-full\" title=\"massa rica em prote\u00ednas \" src=\"https:\/\/sentaiyuanbio.com\/wp-content\/uploads\/2025\/06\/high-protein-noodles-1.webp\" alt=\"massa rica em prote\u00ednas \" width=\"750\" height=\"599\" srcset=\"https:\/\/sentaiyuanbio.com\/wp-content\/uploads\/2025\/06\/high-protein-noodles-1.webp 750w, https:\/\/sentaiyuanbio.com\/wp-content\/uploads\/2025\/06\/high-protein-noodles-1-300x240.webp 300w, https:\/\/sentaiyuanbio.com\/wp-content\/uploads\/2025\/06\/high-protein-noodles-1-600x479.webp 600w\" sizes=\"(max-width: 750px) 100vw, 750px\" \/> <img decoding=\"async\" class=\"alignnone wp-image-5200 size-full\" title=\"massa rica em prote\u00ednas \" src=\"https:\/\/sentaiyuanbio.com\/wp-content\/uploads\/2025\/06\/high-protein-noodles-2.webp\" alt=\"massa rica em prote\u00ednas \" width=\"750\" height=\"403\" srcset=\"https:\/\/sentaiyuanbio.com\/wp-content\/uploads\/2025\/06\/high-protein-noodles-2.webp 750w, https:\/\/sentaiyuanbio.com\/wp-content\/uploads\/2025\/06\/high-protein-noodles-2-300x161.webp 300w, https:\/\/sentaiyuanbio.com\/wp-content\/uploads\/2025\/06\/high-protein-noodles-2-600x322.webp 600w\" sizes=\"(max-width: 750px) 100vw, 750px\" \/> <img decoding=\"async\" class=\"alignnone wp-image-5201 size-full\" title=\"massa rica em prote\u00ednas \" src=\"https:\/\/sentaiyuanbio.com\/wp-content\/uploads\/2025\/06\/high-protein-noodles-3.webp\" alt=\"massa rica em prote\u00ednas \" width=\"750\" height=\"585\" srcset=\"https:\/\/sentaiyuanbio.com\/wp-content\/uploads\/2025\/06\/high-protein-noodles-3.webp 750w, https:\/\/sentaiyuanbio.com\/wp-content\/uploads\/2025\/06\/high-protein-noodles-3-300x234.webp 300w, https:\/\/sentaiyuanbio.com\/wp-content\/uploads\/2025\/06\/high-protein-noodles-3-600x468.webp 600w\" sizes=\"(max-width: 750px) 100vw, 750px\" \/> <img loading=\"lazy\" decoding=\"async\" class=\"alignnone wp-image-5202 size-full\" title=\"massa rica em prote\u00ednas \" src=\"https:\/\/sentaiyuanbio.com\/wp-content\/uploads\/2025\/06\/high-protein-noodles-4.webp\" alt=\"massa rica em prote\u00ednas \" width=\"750\" height=\"722\" srcset=\"https:\/\/sentaiyuanbio.com\/wp-content\/uploads\/2025\/06\/high-protein-noodles-4.webp 750w, https:\/\/sentaiyuanbio.com\/wp-content\/uploads\/2025\/06\/high-protein-noodles-4-300x289.webp 300w, https:\/\/sentaiyuanbio.com\/wp-content\/uploads\/2025\/06\/high-protein-noodles-4-600x578.webp 600w\" sizes=\"(max-width: 750px) 100vw, 750px\" \/> <img loading=\"lazy\" decoding=\"async\" class=\"alignnone wp-image-5203 size-full\" title=\"massa rica em prote\u00ednas \" src=\"https:\/\/sentaiyuanbio.com\/wp-content\/uploads\/2025\/06\/high-protein-noodles-5.webp\" alt=\"massa rica em prote\u00ednas \" width=\"750\" height=\"577\" srcset=\"https:\/\/sentaiyuanbio.com\/wp-content\/uploads\/2025\/06\/high-protein-noodles-5.webp 750w, https:\/\/sentaiyuanbio.com\/wp-content\/uploads\/2025\/06\/high-protein-noodles-5-300x231.webp 300w, https:\/\/sentaiyuanbio.com\/wp-content\/uploads\/2025\/06\/high-protein-noodles-5-600x462.webp 600w\" sizes=\"(max-width: 750px) 100vw, 750px\" \/> <img loading=\"lazy\" decoding=\"async\" class=\"alignnone wp-image-5204 size-full\" title=\"massa rica em prote\u00ednas \" src=\"https:\/\/sentaiyuanbio.com\/wp-content\/uploads\/2025\/06\/high-protein-noodles-6.webp\" alt=\"massa rica em prote\u00ednas \" width=\"750\" height=\"502\" srcset=\"https:\/\/sentaiyuanbio.com\/wp-content\/uploads\/2025\/06\/high-protein-noodles-6.webp 750w, https:\/\/sentaiyuanbio.com\/wp-content\/uploads\/2025\/06\/high-protein-noodles-6-300x201.webp 300w, https:\/\/sentaiyuanbio.com\/wp-content\/uploads\/2025\/06\/high-protein-noodles-6-600x402.webp 600w\" sizes=\"(max-width: 750px) 100vw, 750px\" \/><\/p>","protected":false},"excerpt":{"rendered":"<p>Sentaiyuan orgulha-se de apresentar a nova ch\u00e1vena de noodles com elevado teor proteico e sabor a caril picante - a combina\u00e7\u00e3o perfeita de del\u00edcias, conveni\u00eancia e nutri\u00e7\u00e3o para o ajudar a come\u00e7ar a sua vida ativa. Cada ch\u00e1vena de noodles cont\u00e9m 32 gramas de prote\u00edna e 220 kcal, e demora menos de 5 minutos a preparar, o que a torna uma escolha r\u00e1pida e saud\u00e1vel para pessoas ocupadas!<br \/>\nCri\u00e1mos um delicioso e nutritivo ramen \u00e0 base de plantas que \u00e9 significativamente menos prejudicial para o ambiente. \u00c9 bom para o nosso corpo e, juntos, podemos criar uma mudan\u00e7a duradoura!<\/p>","protected":false},"featured_media":5181,"template":"","meta":{"site-sidebar-layout":"default","site-content-layout":"","ast-site-content-layout":"default","site-content-style":"default","site-sidebar-style":"default","ast-global-header-display":"","ast-banner-title-visibility":"","ast-main-header-display":"","ast-hfb-above-header-display":"","ast-hfb-below-header-display":"","ast-hfb-mobile-header-display":"","site-post-title":"","ast-breadcrumbs-content":"","ast-featured-img":"","footer-sml-layout":"","ast-disable-related-posts":"","theme-transparent-header-meta":"default","adv-header-id-meta":"","stick-header-meta":"default","header-above-stick-meta":"","header-main-stick-meta":"","header-below-stick-meta":"","astra-migrate-meta-layouts":"set","ast-page-background-enabled":"default","ast-page-background-meta":{"desktop":{"background-color":"","background-image":"","background-repeat":"repeat","background-position":"center center","background-size":"auto","background-attachment":"scroll","background-type":"","background-media":"","overlay-type":"","overlay-color":"","overlay-opacity":"","overlay-gradient":""},"tablet":{"background-color":"","background-image":"","background-repeat":"repeat","background-position":"center center","background-size":"auto","background-attachment":"scroll","background-type":"","background-media":"","overlay-type":"","overlay-color":"","overlay-opacity":"","overlay-gradient":""},"mobile":{"background-color":"","background-image":"","background-repeat":"repeat","background-position":"center center","background-size":"auto","background-attachment":"scroll","background-type":"","background-media":"","overlay-type":"","overlay-color":"","overlay-opacity":"","overlay-gradient":""}},"ast-content-background-meta":{"desktop":{"background-color":"var(--ast-global-color-5)","background-image":"","background-repeat":"repeat","background-position":"center center","background-size":"auto","background-attachment":"scroll","background-type":"","background-media":"","overlay-type":"","overlay-color":"","overlay-opacity":"","overlay-gradient":""},"tablet":{"background-color":"var(--ast-global-color-5)","background-image":"","background-repeat":"repeat","background-position":"center center","background-size":"auto","background-attachment":"scroll","background-type":"","background-media":"","overlay-type":"","overlay-color":"","overlay-opacity":"","overlay-gradient":""},"mobile":{"background-color":"var(--ast-global-color-5)","background-image":"","background-repeat":"repeat","background-position":"center center","background-size":"auto","background-attachment":"scroll","background-type":"","background-media":"","overlay-type":"","overlay-color":"","overlay-opacity":"","overlay-gradient":""}}},"product_brand":[],"product_cat":[248],"product_tag":[],"class_list":{"0":"post-5180","1":"product","2":"type-product","3":"status-publish","4":"has-post-thumbnail","6":"product_cat-low-carb-high-protein-noodles","7":"desktop-align-left","8":"tablet-align-left","9":"mobile-align-left","10":"ast-product-gallery-layout-horizontal-slider","11":"ast-product-tabs-layout-horizontal","13":"first","14":"instock","15":"shipping-taxable","16":"product-type-simple"},"_links":{"self":[{"href":"https:\/\/sentaiyuanbio.com\/pt\/wp-json\/wp\/v2\/product\/5180","targetHints":{"allow":["GET"]}}],"collection":[{"href":"https:\/\/sentaiyuanbio.com\/pt\/wp-json\/wp\/v2\/product"}],"about":[{"href":"https:\/\/sentaiyuanbio.com\/pt\/wp-json\/wp\/v2\/types\/product"}],"version-history":[{"count":0,"href":"https:\/\/sentaiyuanbio.com\/pt\/wp-json\/wp\/v2\/product\/5180\/revisions"}],"wp:featuredmedia":[{"embeddable":true,"href":"https:\/\/sentaiyuanbio.com\/pt\/wp-json\/wp\/v2\/media\/5181"}],"wp:attachment":[{"href":"https:\/\/sentaiyuanbio.com\/pt\/wp-json\/wp\/v2\/media?parent=5180"}],"wp:term":[{"taxonomy":"product_brand","embeddable":true,"href":"https:\/\/sentaiyuanbio.com\/pt\/wp-json\/wp\/v2\/product_brand?post=5180"},{"taxonomy":"product_cat","embeddable":true,"href":"https:\/\/sentaiyuanbio.com\/pt\/wp-json\/wp\/v2\/product_cat?post=5180"},{"taxonomy":"product_tag","embeddable":true,"href":"https:\/\/sentaiyuanbio.com\/pt\/wp-json\/wp\/v2\/product_tag?post=5180"}],"curies":[{"name":"wp","href":"https:\/\/api.w.org\/{rel}","templated":true}]}}