{"id":5215,"date":"2025-06-24T07:08:22","date_gmt":"2025-06-24T07:08:22","guid":{"rendered":"https:\/\/sentaiyuanbio.com\/?post_type=product&#038;p=5215"},"modified":"2025-10-27T03:25:52","modified_gmt":"2025-10-27T03:25:52","slug":"chavena-de-massa-instantanea-rica-em-proteinas-62g","status":"publish","type":"product","link":"https:\/\/sentaiyuanbio.com\/pt\/produto\/chavena-de-massa-instantanea-rica-em-proteinas-62g\/","title":{"rendered":"Ta\u00e7a de Prote\u00edna Elevada Massa Instant\u00e2nea com Sabor a Kimchi Picante 1 Ta\u00e7a (62g)"},"content":{"rendered":"<p>Esta ch\u00e1vena de massa instant\u00e2nea rica em prote\u00ednas cont\u00e9m at\u00e9 32 gramas de prote\u00edna por por\u00e7\u00e3o e \u00e9 rica em vitaminas, minerais, fibras alimentares e outros nutrientes necess\u00e1rios para uma dieta saud\u00e1vel.<\/p>\n<p>N\u00e3o \u00e9 necess\u00e1rio colher nem agitar: adicione \u00e1gua a ferver ou aque\u00e7a no micro-ondas com \u00e1gua quente e desfrute da sua refei\u00e7\u00e3o instant\u00e2nea \u00e0 base de plantas.<\/p>\n<h2>Cup Noodles instant\u00e2neos com elevado teor proteico e sabor a Kimchi picante Ingredientes<\/h2>\n<p><strong>Ramen:<\/strong> Gl\u00faten de trigo vital, Prote\u00edna de ervilha, Farinha de trigo, Farinha de trigo sarraceno, Fibra de ervilha em p\u00f3, Amido de tapioca, <a href=\"https:\/\/sentaiyuanbio.com\/pt\/produto\/farinha-de-inhame-konjac-inhame-konjac-em-po\/\" target=\"_blank\" rel=\"noopener\">P\u00f3 de konjac<\/a>, Goma xantana, carbonato de s\u00f3dio.<\/p>\n<p><strong>Tempero picante para Kimchi:<\/strong> Sal comest\u00edvel, glutamato mono-s\u00f3dico (<a href=\"https:\/\/www.mayoclinic.org\/healthy-lifestyle\/nutrition-and-healthy-eating\/expert-answers\/monosodium-glutamate\/faq-20058196\" target=\"_blank\" rel=\"noopener\">MSG<\/a>), aroma comest\u00edvel, a\u00e7\u00facar branco granulado, couve em p\u00f3, prote\u00edna vegetal hidrolisada com \u00e1cido em p\u00f3, extrato de levedura, cebola em p\u00f3, malagueta em p\u00f3, cogumelos em p\u00f3, especiarias, \u00e1cido DL-m\u00e1lico, \u00e1cido c\u00edtrico, agente antiaglomerante.<\/p>\n<p><strong>Kimchi:<\/strong> Couve Napa, pimenta vermelha em p\u00f3, alho, gengibre, a\u00e7\u00facar.<\/p>\n<p><strong>Cont\u00e9m:<\/strong> Trigo, produtos de soja.<\/p>\n<h3>Informa\u00e7\u00e3o nutricional - Por\u00e7\u00e3o 1 ch\u00e1vena (66g)<\/h3>\n<table border=\"1\" cellspacing=\"1\">\n<tbody>\n<tr>\n<td align=\"center\" width=\"284\">Energia<\/td>\n<td align=\"center\" width=\"284\">200 Kcal<\/td>\n<\/tr>\n<tr>\n<td align=\"center\" width=\"284\">Hidratos de carbono totais<\/td>\n<td align=\"center\" width=\"284\">20g<\/td>\n<\/tr>\n<tr>\n<td align=\"center\" width=\"284\">Gordura total<\/td>\n<td align=\"center\" width=\"284\">1.5g<\/td>\n<\/tr>\n<tr>\n<td align=\"center\" width=\"284\">Prote\u00edna<\/td>\n<td align=\"center\" width=\"284\">32g<\/td>\n<\/tr>\n<tr>\n<td align=\"center\" width=\"284\">Fibra alimentar<\/td>\n<td align=\"center\" width=\"284\">4g<\/td>\n<\/tr>\n<tr>\n<td align=\"center\" width=\"284\">S\u00f3dio<\/td>\n<td align=\"center\" width=\"284\">580 mg<\/td>\n<\/tr>\n<tr>\n<td align=\"center\" width=\"284\">Ferro<\/td>\n<td align=\"center\" width=\"284\">4,5 mg<\/td>\n<\/tr>\n<tr>\n<td align=\"center\" width=\"284\">Pot\u00e1ssio<\/td>\n<td align=\"center\" width=\"284\">172 mg<\/td>\n<\/tr>\n<tr>\n<td align=\"center\" width=\"284\">C\u00e1lcio<\/td>\n<td align=\"center\" width=\"284\">41 mg<\/td>\n<\/tr>\n<\/tbody>\n<\/table>\n<h3>Hist\u00f3ria da marca de macarr\u00e3o instant\u00e2neo com alto teor de prote\u00ednas<\/h3>\n<p>Em 2018, a equipa Sentaiyuan descobriu uma receita tradicional de massa rica em prote\u00ednas no Tibete. Inspirada, a equipa desenvolveu uma massa de prote\u00edna konjac em borracha, semelhante a uma massa, atrav\u00e9s de uma descoberta acidental - misturando goma konjac e prote\u00ednas vegetais. O resultado: uma massa deliciosa, com baixo teor de hidratos de carbono, com 3x a prote\u00edna da massa normal.<\/p>\n<p><img fetchpriority=\"high\" decoding=\"async\" class=\"alignnone wp-image-5224 size-full\" title=\"Massa instant\u00e2nea rica em prote\u00ednas\" src=\"https:\/\/sentaiyuanbio.com\/wp-content\/uploads\/2025\/06\/Protein-Instant-Noodles-1.webp\" alt=\"Massa instant\u00e2nea proteica\" width=\"750\" height=\"563\" srcset=\"https:\/\/sentaiyuanbio.com\/wp-content\/uploads\/2025\/06\/Protein-Instant-Noodles-1.webp 750w, https:\/\/sentaiyuanbio.com\/wp-content\/uploads\/2025\/06\/Protein-Instant-Noodles-1-300x225.webp 300w, https:\/\/sentaiyuanbio.com\/wp-content\/uploads\/2025\/06\/Protein-Instant-Noodles-1-600x450.webp 600w\" sizes=\"(max-width: 750px) 100vw, 750px\" \/> <img decoding=\"async\" class=\"alignnone wp-image-5225 size-full\" title=\"Massa instant\u00e2nea rica em prote\u00ednas\" src=\"https:\/\/sentaiyuanbio.com\/wp-content\/uploads\/2025\/06\/Protein-Instant-Noodles-2.webp\" alt=\"Massa instant\u00e2nea proteica\" width=\"750\" height=\"615\" srcset=\"https:\/\/sentaiyuanbio.com\/wp-content\/uploads\/2025\/06\/Protein-Instant-Noodles-2.webp 750w, https:\/\/sentaiyuanbio.com\/wp-content\/uploads\/2025\/06\/Protein-Instant-Noodles-2-300x246.webp 300w, https:\/\/sentaiyuanbio.com\/wp-content\/uploads\/2025\/06\/Protein-Instant-Noodles-2-600x492.webp 600w\" sizes=\"(max-width: 750px) 100vw, 750px\" \/> <img decoding=\"async\" class=\"alignnone wp-image-5226 size-full\" title=\"Massa instant\u00e2nea rica em prote\u00ednas\" src=\"https:\/\/sentaiyuanbio.com\/wp-content\/uploads\/2025\/06\/Protein-Instant-Noodles-3.webp\" alt=\"Massa instant\u00e2nea proteica\" width=\"750\" height=\"615\" srcset=\"https:\/\/sentaiyuanbio.com\/wp-content\/uploads\/2025\/06\/Protein-Instant-Noodles-3.webp 750w, https:\/\/sentaiyuanbio.com\/wp-content\/uploads\/2025\/06\/Protein-Instant-Noodles-3-300x246.webp 300w, https:\/\/sentaiyuanbio.com\/wp-content\/uploads\/2025\/06\/Protein-Instant-Noodles-3-600x492.webp 600w\" sizes=\"(max-width: 750px) 100vw, 750px\" \/> <img loading=\"lazy\" decoding=\"async\" class=\"alignnone wp-image-5227 size-full\" title=\"Massa instant\u00e2nea rica em prote\u00ednas\" src=\"https:\/\/sentaiyuanbio.com\/wp-content\/uploads\/2025\/06\/Protein-Instant-Noodles-4.webp\" alt=\"Massa instant\u00e2nea proteica\" width=\"750\" height=\"612\" srcset=\"https:\/\/sentaiyuanbio.com\/wp-content\/uploads\/2025\/06\/Protein-Instant-Noodles-4.webp 750w, https:\/\/sentaiyuanbio.com\/wp-content\/uploads\/2025\/06\/Protein-Instant-Noodles-4-300x245.webp 300w, https:\/\/sentaiyuanbio.com\/wp-content\/uploads\/2025\/06\/Protein-Instant-Noodles-4-600x490.webp 600w\" sizes=\"(max-width: 750px) 100vw, 750px\" \/> <img loading=\"lazy\" decoding=\"async\" class=\"alignnone wp-image-5228 size-full\" title=\"Massa instant\u00e2nea rica em prote\u00ednas\" src=\"https:\/\/sentaiyuanbio.com\/wp-content\/uploads\/2025\/06\/Protein-Instant-Noodles-5.webp\" alt=\"Massa instant\u00e2nea rica em prote\u00ednas\" width=\"750\" height=\"589\" srcset=\"https:\/\/sentaiyuanbio.com\/wp-content\/uploads\/2025\/06\/Protein-Instant-Noodles-5.webp 750w, https:\/\/sentaiyuanbio.com\/wp-content\/uploads\/2025\/06\/Protein-Instant-Noodles-5-300x236.webp 300w, https:\/\/sentaiyuanbio.com\/wp-content\/uploads\/2025\/06\/Protein-Instant-Noodles-5-600x471.webp 600w\" sizes=\"(max-width: 750px) 100vw, 750px\" \/> <img loading=\"lazy\" decoding=\"async\" class=\"alignnone wp-image-5229 size-full\" title=\"Massa instant\u00e2nea rica em prote\u00ednas\" src=\"https:\/\/sentaiyuanbio.com\/wp-content\/uploads\/2025\/06\/Protein-Instant-Noodles-6.webp\" alt=\"Massa instant\u00e2nea rica em prote\u00ednas \" width=\"750\" height=\"478\" srcset=\"https:\/\/sentaiyuanbio.com\/wp-content\/uploads\/2025\/06\/Protein-Instant-Noodles-6.webp 750w, https:\/\/sentaiyuanbio.com\/wp-content\/uploads\/2025\/06\/Protein-Instant-Noodles-6-300x191.webp 300w, https:\/\/sentaiyuanbio.com\/wp-content\/uploads\/2025\/06\/Protein-Instant-Noodles-6-600x382.webp 600w\" sizes=\"(max-width: 750px) 100vw, 750px\" \/><\/p>","protected":false},"excerpt":{"rendered":"<p>Apresentamos o Cup Noodles Instant\u00e2neo de Alta Prote\u00edna com Sabor a Kimchi Picante com Plantas e Prote\u00ednas Puras. Desfrute do sabor rico, cheio e picante de kimchi sem absolutamente nenhum ingrediente animal.<br \/>\nNa Sentaiyuan, acreditamos que toda a gente merece ter acesso a refei\u00e7\u00f5es deliciosas, nutritivas e acess\u00edveis. \u00c9 por isso que criamos noodles com elevado teor de prote\u00ednas que combinam um sabor rico com uma verdadeira nutri\u00e7\u00e3o para um deleite delicioso que ir\u00e1 inflamar as suas papilas gustativas e nutrir o seu corpo e alma.<\/p>","protected":false},"featured_media":5216,"template":"","meta":{"site-sidebar-layout":"default","site-content-layout":"","ast-site-content-layout":"default","site-content-style":"default","site-sidebar-style":"default","ast-global-header-display":"","ast-banner-title-visibility":"","ast-main-header-display":"","ast-hfb-above-header-display":"","ast-hfb-below-header-display":"","ast-hfb-mobile-header-display":"","site-post-title":"","ast-breadcrumbs-content":"","ast-featured-img":"","footer-sml-layout":"","ast-disable-related-posts":"","theme-transparent-header-meta":"default","adv-header-id-meta":"","stick-header-meta":"default","header-above-stick-meta":"","header-main-stick-meta":"","header-below-stick-meta":"","astra-migrate-meta-layouts":"set","ast-page-background-enabled":"default","ast-page-background-meta":{"desktop":{"background-color":"","background-image":"","background-repeat":"repeat","background-position":"center center","background-size":"auto","background-attachment":"scroll","background-type":"","background-media":"","overlay-type":"","overlay-color":"","overlay-opacity":"","overlay-gradient":""},"tablet":{"background-color":"","background-image":"","background-repeat":"repeat","background-position":"center center","background-size":"auto","background-attachment":"scroll","background-type":"","background-media":"","overlay-type":"","overlay-color":"","overlay-opacity":"","overlay-gradient":""},"mobile":{"background-color":"","background-image":"","background-repeat":"repeat","background-position":"center center","background-size":"auto","background-attachment":"scroll","background-type":"","background-media":"","overlay-type":"","overlay-color":"","overlay-opacity":"","overlay-gradient":""}},"ast-content-background-meta":{"desktop":{"background-color":"var(--ast-global-color-5)","background-image":"","background-repeat":"repeat","background-position":"center center","background-size":"auto","background-attachment":"scroll","background-type":"","background-media":"","overlay-type":"","overlay-color":"","overlay-opacity":"","overlay-gradient":""},"tablet":{"background-color":"var(--ast-global-color-5)","background-image":"","background-repeat":"repeat","background-position":"center center","background-size":"auto","background-attachment":"scroll","background-type":"","background-media":"","overlay-type":"","overlay-color":"","overlay-opacity":"","overlay-gradient":""},"mobile":{"background-color":"var(--ast-global-color-5)","background-image":"","background-repeat":"repeat","background-position":"center center","background-size":"auto","background-attachment":"scroll","background-type":"","background-media":"","overlay-type":"","overlay-color":"","overlay-opacity":"","overlay-gradient":""}}},"product_brand":[],"product_cat":[248],"product_tag":[],"class_list":{"0":"post-5215","1":"product","2":"type-product","3":"status-publish","4":"has-post-thumbnail","6":"product_cat-low-carb-high-protein-noodles","7":"desktop-align-left","8":"tablet-align-left","9":"mobile-align-left","10":"ast-product-gallery-layout-horizontal-slider","11":"ast-product-tabs-layout-horizontal","13":"first","14":"instock","15":"shipping-taxable","16":"product-type-simple"},"_links":{"self":[{"href":"https:\/\/sentaiyuanbio.com\/pt\/wp-json\/wp\/v2\/product\/5215","targetHints":{"allow":["GET"]}}],"collection":[{"href":"https:\/\/sentaiyuanbio.com\/pt\/wp-json\/wp\/v2\/product"}],"about":[{"href":"https:\/\/sentaiyuanbio.com\/pt\/wp-json\/wp\/v2\/types\/product"}],"version-history":[{"count":0,"href":"https:\/\/sentaiyuanbio.com\/pt\/wp-json\/wp\/v2\/product\/5215\/revisions"}],"wp:featuredmedia":[{"embeddable":true,"href":"https:\/\/sentaiyuanbio.com\/pt\/wp-json\/wp\/v2\/media\/5216"}],"wp:attachment":[{"href":"https:\/\/sentaiyuanbio.com\/pt\/wp-json\/wp\/v2\/media?parent=5215"}],"wp:term":[{"taxonomy":"product_brand","embeddable":true,"href":"https:\/\/sentaiyuanbio.com\/pt\/wp-json\/wp\/v2\/product_brand?post=5215"},{"taxonomy":"product_cat","embeddable":true,"href":"https:\/\/sentaiyuanbio.com\/pt\/wp-json\/wp\/v2\/product_cat?post=5215"},{"taxonomy":"product_tag","embeddable":true,"href":"https:\/\/sentaiyuanbio.com\/pt\/wp-json\/wp\/v2\/product_tag?post=5215"}],"curies":[{"name":"wp","href":"https:\/\/api.w.org\/{rel}","templated":true}]}}