{"id":5356,"date":"2025-11-07T07:18:44","date_gmt":"2025-11-07T07:18:44","guid":{"rendered":"https:\/\/sentaiyuanbio.com\/?post_type=product&#038;p=5356"},"modified":"2025-11-13T07:12:02","modified_gmt":"2025-11-13T07:12:02","slug":"massa-rica-em-proteinas-com-frango-picante","status":"publish","type":"product","link":"https:\/\/sentaiyuanbio.com\/pt\/produto\/massa-rica-em-proteinas-com-frango-picante\/","title":{"rendered":"High Protein Noodles Spicy Chicken Flavor 29g de prote\u00edna por dose"},"content":{"rendered":"<h2>High Protein Noodles Spicy Chicken Flavor Declara\u00e7\u00e3o dos ingredientes<\/h2>\n<p><strong>Ingredientes do Ramen:<\/strong> Gl\u00faten de trigo vital 34.7%, Prote\u00edna de ervilha 23.6%, Farinha de trigo 17.5%, Farinha de trigo sarraceno 10.2%, Fibra de ervilha 6.7%, Amido de tapioca 4.5%, Sal 1.5%, <a href=\"https:\/\/sentaiyuanbio.com\/pt\/produto\/farinha-de-inhame-konjac-inhame-konjac-em-po\/\" target=\"_blank\" rel=\"noopener\">Farinha de konjac<\/a> 0.5%, <a href=\"https:\/\/hethstia.com\/konjac-powder-vs-xanthan-gum\/\" target=\"_blank\" rel=\"noopener\">Goma xantana<\/a> 0,6%(Espessante, E415), Carbonato de s\u00f3dio 0,2%(Regulador de acidez, E500).<\/p>\n<p><strong>Pacote de molho picante com sabor a galinha:<\/strong> \u00c1gua 41.6%, \u00f3leo de soja 18%, a\u00e7\u00facar 8%, molho de soja fermentado (\u00e1gua, soja, a\u00e7\u00facar, sal, trigo, cogumelo de palha) 6%, pimenta em p\u00f3 5.57%, sal 5%, glicose 4%, extrato de levedura 4%, cebola 3%, alho 3%, amido de milho 1%, oleorresina de Capsicum 0.38%, 5\u2032-ribonucle\u00f3tidos diss\u00f3dicos (intensificador de sabor, E635) 0,2%, aromatizante 0,2%, sorbato de pot\u00e1ssio (conservante, E202) 0,03%, extrato rico em tocofer\u00f3is (antioxidante, E306) 0,02%.<\/p>\n<h2>Factos nutricionais<\/h2>\n<table border=\"1\" cellspacing=\"1\">\n<tbody>\n<tr>\n<td align=\"center\" width=\"284\"><b>Artigos<\/b><\/td>\n<td align=\"center\" width=\"284\">por 80g<\/td>\n<td align=\"center\" width=\"284\">por 100g<\/td>\n<\/tr>\n<tr>\n<td align=\"center\" width=\"284\"><b>Energia<\/b><\/td>\n<td align=\"center\" width=\"284\">1090kJ\/258kcal<\/td>\n<td align=\"center\" width=\"284\">1363kJ\/323kcal<\/td>\n<\/tr>\n<tr>\n<td align=\"center\" width=\"284\"><b>Gordura total<\/b><\/td>\n<td align=\"center\" width=\"284\">4.5g<\/td>\n<td align=\"center\" width=\"284\">5.7g<\/td>\n<\/tr>\n<tr>\n<td align=\"center\" width=\"284\">- Gordura saturada<\/td>\n<td align=\"center\" width=\"284\">1.0g<\/td>\n<td align=\"center\" width=\"284\">1.3g<\/td>\n<\/tr>\n<tr>\n<td align=\"center\" width=\"284\">- Gordura trans<\/td>\n<td align=\"center\" width=\"284\">0g<\/td>\n<td align=\"center\" width=\"284\">0g<\/td>\n<\/tr>\n<tr>\n<td align=\"center\" width=\"284\"><b>S\u00f3dio<\/b><\/td>\n<td align=\"center\" width=\"284\">955 mg<\/td>\n<td align=\"center\" width=\"284\">1194 mg<\/td>\n<\/tr>\n<tr>\n<td align=\"center\" width=\"284\"><b>Sal<\/b><\/td>\n<td align=\"center\" width=\"284\">2.39 g<\/td>\n<td align=\"center\" width=\"284\">2.98 g<\/td>\n<\/tr>\n<tr>\n<td align=\"center\" width=\"284\"><b>Hidratos de carbono totais<\/b><\/td>\n<td align=\"center\" width=\"284\">23.9g<\/td>\n<td align=\"center\" width=\"284\">29.8g<\/td>\n<\/tr>\n<tr>\n<td align=\"center\" width=\"284\">- A\u00e7\u00facares totais<\/td>\n<td align=\"center\" width=\"284\">3.6g<\/td>\n<td align=\"center\" width=\"284\">4.5g<\/td>\n<\/tr>\n<tr>\n<td align=\"center\" width=\"284\">Fibra alimentar<\/td>\n<td align=\"center\" width=\"284\">3.8g<\/td>\n<td align=\"center\" width=\"284\">4.8g<\/td>\n<\/tr>\n<tr>\n<td align=\"center\" width=\"284\"><b>Prote\u00edna<\/b><\/td>\n<td align=\"center\" width=\"284\">28.6g<\/td>\n<td align=\"center\" width=\"284\">35.8g<\/td>\n<\/tr>\n<\/tbody>\n<\/table>\n<h2>Informa\u00e7\u00f5es sobre alerg\u00e9nios<\/h2>\n<table border=\"1\" cellspacing=\"1\">\n<tbody>\n<tr>\n<td align=\"center\" width=\"284\"><b>Componentes<\/b><\/td>\n<td align=\"center\" width=\"284\"><b>Cont\u00e9m (como ingrediente ou parte de ingrediente)<\/b><\/td>\n<td align=\"center\" width=\"284\"><b>Pode conter (resultante da transforma\u00e7\u00e3o)<\/b><\/td>\n<td align=\"center\" width=\"284\"><b>Pode conter (na empresa)<\/b><\/td>\n<\/tr>\n<tr>\n<td align=\"center\" width=\"284\"><b>Alerg\u00e9nio<\/b><\/td>\n<td align=\"center\" width=\"284\"><b>Sim\/N\u00e3o<\/b><\/td>\n<td align=\"center\" width=\"284\"><b>Sim\/N\u00e3o<\/b><\/td>\n<td align=\"center\" width=\"284\"><b>Sim\/N\u00e3o<\/b><\/td>\n<\/tr>\n<tr>\n<td align=\"center\" width=\"284\">Cereais (trigo, centeio, cevada, aveia, trigo mourisco, espelta, etc., ou as suas estirpes hibridizadas)<\/td>\n<td align=\"center\" width=\"284\">Sim<\/td>\n<td align=\"center\" width=\"284\">N\u00e3o<\/td>\n<td align=\"center\" width=\"284\">N\u00e3o<\/td>\n<\/tr>\n<tr>\n<td align=\"center\" width=\"284\">Crust\u00e1ceos e produtos derivados<\/td>\n<td align=\"center\" width=\"284\">N\u00e3o<\/td>\n<td align=\"center\" width=\"284\">N\u00e3o<\/td>\n<td align=\"center\" width=\"284\">N\u00e3o<\/td>\n<\/tr>\n<tr>\n<td align=\"center\" width=\"284\">Ovos e produtos derivados<\/td>\n<td align=\"center\" width=\"284\">N\u00e3o<\/td>\n<td align=\"center\" width=\"284\">N\u00e3o<\/td>\n<td align=\"center\" width=\"284\">N\u00e3o<\/td>\n<\/tr>\n<tr>\n<td align=\"center\" width=\"284\">Peixe e produtos derivados<\/td>\n<td align=\"center\" width=\"284\">N\u00e3o<\/td>\n<td align=\"center\" width=\"284\">N\u00e3o<\/td>\n<td align=\"center\" width=\"284\">N\u00e3o<\/td>\n<\/tr>\n<tr>\n<td align=\"center\" width=\"284\">Amendoins e produtos derivados<\/td>\n<td align=\"center\" width=\"284\">N\u00e3o<\/td>\n<td align=\"center\" width=\"284\">N\u00e3o<\/td>\n<td align=\"center\" width=\"284\">N\u00e3o<\/td>\n<\/tr>\n<tr>\n<td align=\"center\" width=\"284\">Soja e produtos derivados<\/td>\n<td align=\"center\" width=\"284\">Sim<\/td>\n<td align=\"center\" width=\"284\">N\u00e3o<\/td>\n<td align=\"center\" width=\"284\">N\u00e3o<\/td>\n<\/tr>\n<tr>\n<td align=\"center\" width=\"284\">Leite e produtos derivados (incluindo a lactose)<\/td>\n<td align=\"center\" width=\"284\">N\u00e3o<\/td>\n<td align=\"center\" width=\"284\">N\u00e3o<\/td>\n<td align=\"center\" width=\"284\">N\u00e3o<\/td>\n<\/tr>\n<tr>\n<td align=\"center\" width=\"284\">Frutos de casca rija, am\u00eandoas, avel\u00e3s, nozes, castanhas de caju, nozes pecan, castanhas do Brasil, pist\u00e1cios, macad\u00e2mia, nozes de Queensland e produtos derivados<\/td>\n<td align=\"center\" width=\"284\">N\u00e3o<\/td>\n<td align=\"center\" width=\"284\">N\u00e3o<\/td>\n<td align=\"center\" width=\"284\">N\u00e3o<\/td>\n<\/tr>\n<tr>\n<td align=\"center\" width=\"284\">Aipo e produtos derivados<\/td>\n<td align=\"center\" width=\"284\">N\u00e3o<\/td>\n<td align=\"center\" width=\"284\">N\u00e3o<\/td>\n<td align=\"center\" width=\"284\">N\u00e3o<\/td>\n<\/tr>\n<tr>\n<td align=\"center\" width=\"284\">Mostarda e produtos derivados<\/td>\n<td align=\"center\" width=\"284\">N\u00e3o<\/td>\n<td align=\"center\" width=\"284\">N\u00e3o<\/td>\n<td align=\"center\" width=\"284\">N\u00e3o<\/td>\n<\/tr>\n<tr>\n<td align=\"center\" width=\"284\">Sementes de s\u00e9samo e produtos derivados<\/td>\n<td align=\"center\" width=\"284\">N\u00e3o<\/td>\n<td align=\"center\" width=\"284\">N\u00e3o<\/td>\n<td align=\"center\" width=\"284\">N\u00e3o<\/td>\n<\/tr>\n<tr>\n<td align=\"center\" width=\"284\">Di\u00f3xido de enxofre e sulfitos em concentra\u00e7\u00f5es superiores a 10 mg\/kg ou 10 mg\/litro, expressos em SO2<\/td>\n<td align=\"center\" width=\"284\">N\u00e3o<\/td>\n<td align=\"center\" width=\"284\">N\u00e3o<\/td>\n<td align=\"center\" width=\"284\">N\u00e3o<\/td>\n<\/tr>\n<tr>\n<td align=\"center\" width=\"284\">Tremo\u00e7o e produtos derivados<\/td>\n<td align=\"center\" width=\"284\">N\u00e3o<\/td>\n<td align=\"center\" width=\"284\">N\u00e3o<\/td>\n<td align=\"center\" width=\"284\">N\u00e3o<\/td>\n<\/tr>\n<tr>\n<td align=\"center\" width=\"284\">Moluscos e produtos \u00e0 base de moluscos<\/td>\n<td align=\"center\" width=\"284\">N\u00e3o<\/td>\n<td align=\"center\" width=\"284\">N\u00e3o<\/td>\n<td align=\"center\" width=\"284\">N\u00e3o<\/td>\n<\/tr>\n<\/tbody>\n<\/table>\n<p><img fetchpriority=\"high\" decoding=\"async\" class=\"alignnone wp-image-5362 size-full\" title=\"Massa com elevado teor proteico\" src=\"https:\/\/sentaiyuanbio.com\/wp-content\/uploads\/2025\/11\/High-Protein-Noodles-1.webp\" alt=\"Massa com elevado teor proteico\" width=\"750\" height=\"600\" srcset=\"https:\/\/sentaiyuanbio.com\/wp-content\/uploads\/2025\/11\/High-Protein-Noodles-1.webp 750w, https:\/\/sentaiyuanbio.com\/wp-content\/uploads\/2025\/11\/High-Protein-Noodles-1-300x240.webp 300w, https:\/\/sentaiyuanbio.com\/wp-content\/uploads\/2025\/11\/High-Protein-Noodles-1-15x12.webp 15w, https:\/\/sentaiyuanbio.com\/wp-content\/uploads\/2025\/11\/High-Protein-Noodles-1-600x480.webp 600w\" sizes=\"(max-width: 750px) 100vw, 750px\" \/> <img decoding=\"async\" class=\"alignnone wp-image-5363 size-full\" title=\"Massa com elevado teor proteico\" src=\"https:\/\/sentaiyuanbio.com\/wp-content\/uploads\/2025\/11\/High-Protein-Noodles-2.webp\" alt=\"Massa com elevado teor proteico\" width=\"750\" height=\"533\" srcset=\"https:\/\/sentaiyuanbio.com\/wp-content\/uploads\/2025\/11\/High-Protein-Noodles-2.webp 750w, https:\/\/sentaiyuanbio.com\/wp-content\/uploads\/2025\/11\/High-Protein-Noodles-2-300x213.webp 300w, https:\/\/sentaiyuanbio.com\/wp-content\/uploads\/2025\/11\/High-Protein-Noodles-2-18x12.webp 18w, https:\/\/sentaiyuanbio.com\/wp-content\/uploads\/2025\/11\/High-Protein-Noodles-2-600x426.webp 600w\" sizes=\"(max-width: 750px) 100vw, 750px\" \/> <img decoding=\"async\" class=\"alignnone wp-image-5364 size-full\" title=\"Massa com elevado teor proteico\" src=\"https:\/\/sentaiyuanbio.com\/wp-content\/uploads\/2025\/11\/High-Protein-Noodles-3.webp\" alt=\"Massa com elevado teor proteico\" width=\"750\" height=\"667\" srcset=\"https:\/\/sentaiyuanbio.com\/wp-content\/uploads\/2025\/11\/High-Protein-Noodles-3.webp 750w, https:\/\/sentaiyuanbio.com\/wp-content\/uploads\/2025\/11\/High-Protein-Noodles-3-300x267.webp 300w, https:\/\/sentaiyuanbio.com\/wp-content\/uploads\/2025\/11\/High-Protein-Noodles-3-13x12.webp 13w, https:\/\/sentaiyuanbio.com\/wp-content\/uploads\/2025\/11\/High-Protein-Noodles-3-600x534.webp 600w\" sizes=\"(max-width: 750px) 100vw, 750px\" \/> <img loading=\"lazy\" decoding=\"async\" class=\"alignnone wp-image-5365 size-full\" title=\"Massa com elevado teor proteico\" src=\"https:\/\/sentaiyuanbio.com\/wp-content\/uploads\/2025\/11\/High-Protein-Noodles-4.webp\" alt=\"Massa com elevado teor proteico\" width=\"750\" height=\"660\" srcset=\"https:\/\/sentaiyuanbio.com\/wp-content\/uploads\/2025\/11\/High-Protein-Noodles-4.webp 750w, https:\/\/sentaiyuanbio.com\/wp-content\/uploads\/2025\/11\/High-Protein-Noodles-4-300x264.webp 300w, https:\/\/sentaiyuanbio.com\/wp-content\/uploads\/2025\/11\/High-Protein-Noodles-4-14x12.webp 14w, https:\/\/sentaiyuanbio.com\/wp-content\/uploads\/2025\/11\/High-Protein-Noodles-4-600x528.webp 600w\" sizes=\"(max-width: 750px) 100vw, 750px\" \/> <img loading=\"lazy\" decoding=\"async\" class=\"alignnone wp-image-5366 size-full\" title=\"Massa com elevado teor proteico\" src=\"https:\/\/sentaiyuanbio.com\/wp-content\/uploads\/2025\/11\/High-Protein-Noodles-5.webp\" alt=\"Massa com elevado teor proteico\" width=\"750\" height=\"668\" srcset=\"https:\/\/sentaiyuanbio.com\/wp-content\/uploads\/2025\/11\/High-Protein-Noodles-5.webp 750w, https:\/\/sentaiyuanbio.com\/wp-content\/uploads\/2025\/11\/High-Protein-Noodles-5-300x267.webp 300w, https:\/\/sentaiyuanbio.com\/wp-content\/uploads\/2025\/11\/High-Protein-Noodles-5-13x12.webp 13w, https:\/\/sentaiyuanbio.com\/wp-content\/uploads\/2025\/11\/High-Protein-Noodles-5-600x534.webp 600w\" sizes=\"(max-width: 750px) 100vw, 750px\" \/><\/p>","protected":false},"excerpt":{"rendered":"<p>Este ramen de frango picante com massa rica em prote\u00ednas cont\u00e9m 29 gramas de prote\u00ednas por por\u00e7\u00e3o. O macarr\u00e3o mastig\u00e1vel combinado com o tempero m\u00e9dio fornece a quantidade certa de est\u00edmulo para os amantes de especiarias. Prote\u00edna \u00e0 base de plantas, seca ao ar, com baixo teor de gordura, n\u00e3o frita, NON-GMO.<\/p>","protected":false},"featured_media":5357,"template":"","meta":{"site-sidebar-layout":"default","site-content-layout":"","ast-site-content-layout":"default","site-content-style":"default","site-sidebar-style":"default","ast-global-header-display":"","ast-banner-title-visibility":"","ast-main-header-display":"","ast-hfb-above-header-display":"","ast-hfb-below-header-display":"","ast-hfb-mobile-header-display":"","site-post-title":"","ast-breadcrumbs-content":"","ast-featured-img":"","footer-sml-layout":"","ast-disable-related-posts":"","theme-transparent-header-meta":"default","adv-header-id-meta":"","stick-header-meta":"default","header-above-stick-meta":"","header-main-stick-meta":"","header-below-stick-meta":"","astra-migrate-meta-layouts":"set","ast-page-background-enabled":"default","ast-page-background-meta":{"desktop":{"background-color":"","background-image":"","background-repeat":"repeat","background-position":"center center","background-size":"auto","background-attachment":"scroll","background-type":"","background-media":"","overlay-type":"","overlay-color":"","overlay-opacity":"","overlay-gradient":""},"tablet":{"background-color":"","background-image":"","background-repeat":"repeat","background-position":"center center","background-size":"auto","background-attachment":"scroll","background-type":"","background-media":"","overlay-type":"","overlay-color":"","overlay-opacity":"","overlay-gradient":""},"mobile":{"background-color":"","background-image":"","background-repeat":"repeat","background-position":"center center","background-size":"auto","background-attachment":"scroll","background-type":"","background-media":"","overlay-type":"","overlay-color":"","overlay-opacity":"","overlay-gradient":""}},"ast-content-background-meta":{"desktop":{"background-color":"var(--ast-global-color-5)","background-image":"","background-repeat":"repeat","background-position":"center center","background-size":"auto","background-attachment":"scroll","background-type":"","background-media":"","overlay-type":"","overlay-color":"","overlay-opacity":"","overlay-gradient":""},"tablet":{"background-color":"var(--ast-global-color-5)","background-image":"","background-repeat":"repeat","background-position":"center center","background-size":"auto","background-attachment":"scroll","background-type":"","background-media":"","overlay-type":"","overlay-color":"","overlay-opacity":"","overlay-gradient":""},"mobile":{"background-color":"var(--ast-global-color-5)","background-image":"","background-repeat":"repeat","background-position":"center center","background-size":"auto","background-attachment":"scroll","background-type":"","background-media":"","overlay-type":"","overlay-color":"","overlay-opacity":"","overlay-gradient":""}}},"product_brand":[],"product_cat":[248],"product_tag":[],"class_list":{"0":"post-5356","1":"product","2":"type-product","3":"status-publish","4":"has-post-thumbnail","6":"product_cat-low-carb-high-protein-noodles","7":"desktop-align-left","8":"tablet-align-left","9":"mobile-align-left","10":"ast-product-gallery-layout-horizontal-slider","11":"ast-product-tabs-layout-horizontal","13":"first","14":"instock","15":"shipping-taxable","16":"product-type-simple"},"_links":{"self":[{"href":"https:\/\/sentaiyuanbio.com\/pt\/wp-json\/wp\/v2\/product\/5356","targetHints":{"allow":["GET"]}}],"collection":[{"href":"https:\/\/sentaiyuanbio.com\/pt\/wp-json\/wp\/v2\/product"}],"about":[{"href":"https:\/\/sentaiyuanbio.com\/pt\/wp-json\/wp\/v2\/types\/product"}],"version-history":[{"count":0,"href":"https:\/\/sentaiyuanbio.com\/pt\/wp-json\/wp\/v2\/product\/5356\/revisions"}],"wp:featuredmedia":[{"embeddable":true,"href":"https:\/\/sentaiyuanbio.com\/pt\/wp-json\/wp\/v2\/media\/5357"}],"wp:attachment":[{"href":"https:\/\/sentaiyuanbio.com\/pt\/wp-json\/wp\/v2\/media?parent=5356"}],"wp:term":[{"taxonomy":"product_brand","embeddable":true,"href":"https:\/\/sentaiyuanbio.com\/pt\/wp-json\/wp\/v2\/product_brand?post=5356"},{"taxonomy":"product_cat","embeddable":true,"href":"https:\/\/sentaiyuanbio.com\/pt\/wp-json\/wp\/v2\/product_cat?post=5356"},{"taxonomy":"product_tag","embeddable":true,"href":"https:\/\/sentaiyuanbio.com\/pt\/wp-json\/wp\/v2\/product_tag?post=5356"}],"curies":[{"name":"wp","href":"https:\/\/api.w.org\/{rel}","templated":true}]}}