{"id":5376,"date":"2025-11-10T09:30:34","date_gmt":"2025-11-10T09:30:34","guid":{"rendered":"https:\/\/sentaiyuanbio.com\/?post_type=product&#038;p=5376"},"modified":"2025-11-13T07:19:14","modified_gmt":"2025-11-13T07:19:14","slug":"massa-rica-em-proteinas-frango-teriyaki","status":"publish","type":"product","link":"https:\/\/sentaiyuanbio.com\/pt\/produto\/massa-rica-em-proteinas-frango-teriyaki\/","title":{"rendered":"Massa com elevado teor proteico com sabor a frango Teriyaki, 60 g de Ramen, 20 g de molho"},"content":{"rendered":"<h2>High Protein Noodles Teriyaki Chicken Flavor Declara\u00e7\u00e3o dos ingredientes<\/h2>\n<p><strong>Ramen:<\/strong> Gl\u00faten de trigo vital 34.7%, Prote\u00edna de ervilha 23.6%, Farinha de trigo 17.5%, Farinha de trigo sarraceno 10.2%, Fibra de ervilha 6.7%, Amido de tapioca 4.5%, Sal 1.5%, <a href=\"https:\/\/sentaiyuanbio.com\/pt\/produto\/farinha-de-inhame-konjac-inhame-konjac-em-po\/\" target=\"_blank\" rel=\"noopener\">Farinha de konjac<\/a> 0.5%, <a href=\"https:\/\/hethstia.com\/konjac-powder-vs-xanthan-gum\/\" target=\"_blank\" rel=\"noopener\">Goma xantana<\/a> 0,6%(Espessante, E415), Carbonato de s\u00f3dio 0,2%(Regulador de acidez, E500).<\/p>\n<p><strong>Pacote de molho com sabor a frango Teriyaki:<\/strong> A\u00e7\u00facar 34%, pasta de trigo doce (\u00e1gua, farinha de trigo, sal, sorbato de pot\u00e1ssio (conservante, E202)) 25%, \u00f3leo de soja 11%, \u00e1gua 8.8%, sal 6%, molho de soja (\u00e1gua 42%, gr\u00e3os de soja 42%, sal 16%) 6%, vinagre de ma\u00e7\u00e3 (\u00e1gua, concentrado de sumo de espinheiro, concentrado de sumo de ma\u00e7\u00e3, sal) 4%, prote\u00edna de soja hidrolisada em p\u00f3 2%, gengibre 1%, extrato de levedura 1%, corante de caramelo (corante, E150a) 0.5%, Aromatizante 0.2%, Goma xantana (Espessante, E415) 0.2%, 5\u2032-ribonucle\u00f3tidos diss\u00f3dicos (Intensificador de sabor, E635) 0.2%, \u00c1cido c\u00edtrico (Regulador de acidez, E330) 0.1%.<\/p>\n<h2>Factos nutricionais<\/h2>\n<table border=\"1\" cellspacing=\"1\">\n<tbody>\n<tr>\n<td align=\"center\" width=\"284\"><b>Artigos<\/b><\/td>\n<td align=\"center\" width=\"284\">por 80g<\/td>\n<td align=\"center\" width=\"284\">por 100g<\/td>\n<\/tr>\n<tr>\n<td align=\"center\" width=\"284\"><b>Energia<\/b><\/td>\n<td align=\"center\" width=\"284\">1156kJ\/274kcal<\/td>\n<td align=\"center\" width=\"284\">1446kJ\/342kcal<\/td>\n<\/tr>\n<tr>\n<td align=\"center\" width=\"284\"><b>Gordura total<\/b><\/td>\n<td align=\"center\" width=\"284\">3.6g<\/td>\n<td align=\"center\" width=\"284\">4.5g<\/td>\n<\/tr>\n<tr>\n<td align=\"center\" width=\"284\">- Gordura saturada<\/td>\n<td align=\"center\" width=\"284\">0.7g<\/td>\n<td align=\"center\" width=\"284\">0.8g<\/td>\n<\/tr>\n<tr>\n<td align=\"center\" width=\"284\">- Gordura trans<\/td>\n<td align=\"center\" width=\"284\">0g<\/td>\n<td align=\"center\" width=\"284\">0g<\/td>\n<\/tr>\n<tr>\n<td align=\"center\" width=\"284\"><b>S\u00f3dio<\/b><\/td>\n<td align=\"center\" width=\"284\">1263 mg<\/td>\n<td align=\"center\" width=\"284\">1579 mg<\/td>\n<\/tr>\n<tr>\n<td align=\"center\" width=\"284\"><b>Sal<\/b><\/td>\n<td align=\"center\" width=\"284\">3.16 g<\/td>\n<td align=\"center\" width=\"284\">3.95 g<\/td>\n<\/tr>\n<tr>\n<td align=\"center\" width=\"284\"><b>Hidratos de carbono totais<\/b><\/td>\n<td align=\"center\" width=\"284\">29.8g<\/td>\n<td align=\"center\" width=\"284\">37.2g<\/td>\n<\/tr>\n<tr>\n<td align=\"center\" width=\"284\">- A\u00e7\u00facares totais<\/td>\n<td align=\"center\" width=\"284\">8.0g<\/td>\n<td align=\"center\" width=\"284\">10.0g<\/td>\n<\/tr>\n<tr>\n<td align=\"center\" width=\"284\">Fibra alimentar<\/td>\n<td align=\"center\" width=\"284\">3.8g<\/td>\n<td align=\"center\" width=\"284\">4.8g<\/td>\n<\/tr>\n<tr>\n<td align=\"center\" width=\"284\"><b>Prote\u00edna<\/b><\/td>\n<td align=\"center\" width=\"284\">28.6g<\/td>\n<td align=\"center\" width=\"284\">35.8g<\/td>\n<\/tr>\n<\/tbody>\n<\/table>\n<h2>Informa\u00e7\u00f5es sobre alerg\u00e9nios<\/h2>\n<table border=\"1\" cellspacing=\"1\">\n<tbody>\n<tr>\n<td align=\"center\" width=\"284\"><b>Componentes<\/b><\/td>\n<td align=\"center\" width=\"284\"><b>Cont\u00e9m (como ingrediente ou parte de ingrediente)<\/b><\/td>\n<td align=\"center\" width=\"284\"><b>Pode conter (resultante da transforma\u00e7\u00e3o)<\/b><\/td>\n<td align=\"center\" width=\"284\"><b>Pode conter (na empresa)<\/b><\/td>\n<\/tr>\n<tr>\n<td align=\"center\" width=\"284\"><b>Alerg\u00e9nio<\/b><\/td>\n<td align=\"center\" width=\"284\"><b>Sim\/N\u00e3o<\/b><\/td>\n<td align=\"center\" width=\"284\"><b>Sim\/N\u00e3o<\/b><\/td>\n<td align=\"center\" width=\"284\"><b>Sim\/N\u00e3o<\/b><\/td>\n<\/tr>\n<tr>\n<td align=\"center\" width=\"284\">Cereais (trigo, centeio, cevada, aveia, trigo mourisco, espelta, etc., ou as suas estirpes hibridizadas)<\/td>\n<td align=\"center\" width=\"284\">Sim<\/td>\n<td align=\"center\" width=\"284\">N\u00e3o<\/td>\n<td align=\"center\" width=\"284\">N\u00e3o<\/td>\n<\/tr>\n<tr>\n<td align=\"center\" width=\"284\">Crust\u00e1ceos e produtos derivados<\/td>\n<td align=\"center\" width=\"284\">N\u00e3o<\/td>\n<td align=\"center\" width=\"284\">N\u00e3o<\/td>\n<td align=\"center\" width=\"284\">N\u00e3o<\/td>\n<\/tr>\n<tr>\n<td align=\"center\" width=\"284\">Ovos e produtos derivados<\/td>\n<td align=\"center\" width=\"284\">N\u00e3o<\/td>\n<td align=\"center\" width=\"284\">N\u00e3o<\/td>\n<td align=\"center\" width=\"284\">N\u00e3o<\/td>\n<\/tr>\n<tr>\n<td align=\"center\" width=\"284\">Peixe e produtos derivados<\/td>\n<td align=\"center\" width=\"284\">N\u00e3o<\/td>\n<td align=\"center\" width=\"284\">N\u00e3o<\/td>\n<td align=\"center\" width=\"284\">N\u00e3o<\/td>\n<\/tr>\n<tr>\n<td align=\"center\" width=\"284\">Amendoins e produtos derivados<\/td>\n<td align=\"center\" width=\"284\">N\u00e3o<\/td>\n<td align=\"center\" width=\"284\">N\u00e3o<\/td>\n<td align=\"center\" width=\"284\">N\u00e3o<\/td>\n<\/tr>\n<tr>\n<td align=\"center\" width=\"284\">Soja e produtos derivados<\/td>\n<td align=\"center\" width=\"284\">Sim<\/td>\n<td align=\"center\" width=\"284\">N\u00e3o<\/td>\n<td align=\"center\" width=\"284\">N\u00e3o<\/td>\n<\/tr>\n<tr>\n<td align=\"center\" width=\"284\">Leite e produtos derivados (incluindo a lactose)<\/td>\n<td align=\"center\" width=\"284\">N\u00e3o<\/td>\n<td align=\"center\" width=\"284\">N\u00e3o<\/td>\n<td align=\"center\" width=\"284\">N\u00e3o<\/td>\n<\/tr>\n<tr>\n<td align=\"center\" width=\"284\">Frutos de casca rija, am\u00eandoas, avel\u00e3s, nozes, castanhas de caju, nozes pecan, castanhas do Brasil, pist\u00e1cios, macad\u00e2mia, nozes de Queensland e produtos derivados<\/td>\n<td align=\"center\" width=\"284\">N\u00e3o<\/td>\n<td align=\"center\" width=\"284\">N\u00e3o<\/td>\n<td align=\"center\" width=\"284\">N\u00e3o<\/td>\n<\/tr>\n<tr>\n<td align=\"center\" width=\"284\">Aipo e produtos derivados<\/td>\n<td align=\"center\" width=\"284\">N\u00e3o<\/td>\n<td align=\"center\" width=\"284\">N\u00e3o<\/td>\n<td align=\"center\" width=\"284\">N\u00e3o<\/td>\n<\/tr>\n<tr>\n<td align=\"center\" width=\"284\">Mostarda e produtos derivados<\/td>\n<td align=\"center\" width=\"284\">N\u00e3o<\/td>\n<td align=\"center\" width=\"284\">N\u00e3o<\/td>\n<td align=\"center\" width=\"284\">N\u00e3o<\/td>\n<\/tr>\n<tr>\n<td align=\"center\" width=\"284\">Sementes de s\u00e9samo e produtos derivados<\/td>\n<td align=\"center\" width=\"284\">N\u00e3o<\/td>\n<td align=\"center\" width=\"284\">N\u00e3o<\/td>\n<td align=\"center\" width=\"284\">N\u00e3o<\/td>\n<\/tr>\n<tr>\n<td align=\"center\" width=\"284\">Di\u00f3xido de enxofre e sulfitos em concentra\u00e7\u00f5es superiores a 10 mg\/kg ou 10 mg\/litro, expressos em SO2<\/td>\n<td align=\"center\" width=\"284\">N\u00e3o<\/td>\n<td align=\"center\" width=\"284\">N\u00e3o<\/td>\n<td align=\"center\" width=\"284\">N\u00e3o<\/td>\n<\/tr>\n<tr>\n<td align=\"center\" width=\"284\">Tremo\u00e7o e produtos derivados<\/td>\n<td align=\"center\" width=\"284\">N\u00e3o<\/td>\n<td align=\"center\" width=\"284\">N\u00e3o<\/td>\n<td align=\"center\" width=\"284\">N\u00e3o<\/td>\n<\/tr>\n<tr>\n<td align=\"center\" width=\"284\">Moluscos e produtos \u00e0 base de moluscos<\/td>\n<td align=\"center\" width=\"284\">N\u00e3o<\/td>\n<td align=\"center\" width=\"284\">N\u00e3o<\/td>\n<td align=\"center\" width=\"284\">N\u00e3o<\/td>\n<\/tr>\n<\/tbody>\n<\/table>\n<p><img fetchpriority=\"high\" decoding=\"async\" class=\"alignnone wp-image-5382 size-full\" title=\"Macarr\u00e3o com elevado teor proteico Frango Teriyaki\" src=\"https:\/\/sentaiyuanbio.com\/wp-content\/uploads\/2025\/11\/High-Protein-Noodles-Teriyaki-Chicken_1.webp\" alt=\"Macarr\u00e3o com elevado teor proteico Frango Teriyaki\" width=\"750\" height=\"600\" srcset=\"https:\/\/sentaiyuanbio.com\/wp-content\/uploads\/2025\/11\/High-Protein-Noodles-Teriyaki-Chicken_1.webp 750w, https:\/\/sentaiyuanbio.com\/wp-content\/uploads\/2025\/11\/High-Protein-Noodles-Teriyaki-Chicken_1-300x240.webp 300w, https:\/\/sentaiyuanbio.com\/wp-content\/uploads\/2025\/11\/High-Protein-Noodles-Teriyaki-Chicken_1-15x12.webp 15w, https:\/\/sentaiyuanbio.com\/wp-content\/uploads\/2025\/11\/High-Protein-Noodles-Teriyaki-Chicken_1-600x480.webp 600w\" sizes=\"(max-width: 750px) 100vw, 750px\" \/> <img decoding=\"async\" class=\"alignnone wp-image-5383 size-full\" title=\"Macarr\u00e3o com elevado teor proteico Frango Teriyaki\" src=\"https:\/\/sentaiyuanbio.com\/wp-content\/uploads\/2025\/11\/High-Protein-Noodles-Teriyaki-Chicken_2.webp\" alt=\"Macarr\u00e3o com elevado teor proteico Frango Teriyaki\" width=\"750\" height=\"533\" srcset=\"https:\/\/sentaiyuanbio.com\/wp-content\/uploads\/2025\/11\/High-Protein-Noodles-Teriyaki-Chicken_2.webp 750w, https:\/\/sentaiyuanbio.com\/wp-content\/uploads\/2025\/11\/High-Protein-Noodles-Teriyaki-Chicken_2-300x213.webp 300w, https:\/\/sentaiyuanbio.com\/wp-content\/uploads\/2025\/11\/High-Protein-Noodles-Teriyaki-Chicken_2-18x12.webp 18w, https:\/\/sentaiyuanbio.com\/wp-content\/uploads\/2025\/11\/High-Protein-Noodles-Teriyaki-Chicken_2-600x426.webp 600w\" sizes=\"(max-width: 750px) 100vw, 750px\" \/> <img decoding=\"async\" class=\"alignnone wp-image-5384 size-full\" title=\"Macarr\u00e3o com elevado teor proteico Frango Teriyaki\" src=\"https:\/\/sentaiyuanbio.com\/wp-content\/uploads\/2025\/11\/High-Protein-Noodles-Teriyaki-Chicken_3.webp\" alt=\"Macarr\u00e3o com elevado teor proteico Frango Teriyaki\" width=\"750\" height=\"667\" srcset=\"https:\/\/sentaiyuanbio.com\/wp-content\/uploads\/2025\/11\/High-Protein-Noodles-Teriyaki-Chicken_3.webp 750w, https:\/\/sentaiyuanbio.com\/wp-content\/uploads\/2025\/11\/High-Protein-Noodles-Teriyaki-Chicken_3-300x267.webp 300w, https:\/\/sentaiyuanbio.com\/wp-content\/uploads\/2025\/11\/High-Protein-Noodles-Teriyaki-Chicken_3-13x12.webp 13w, https:\/\/sentaiyuanbio.com\/wp-content\/uploads\/2025\/11\/High-Protein-Noodles-Teriyaki-Chicken_3-600x534.webp 600w\" sizes=\"(max-width: 750px) 100vw, 750px\" \/> <img loading=\"lazy\" decoding=\"async\" class=\"alignnone wp-image-5385 size-full\" title=\"Macarr\u00e3o com elevado teor proteico Frango Teriyaki\" src=\"https:\/\/sentaiyuanbio.com\/wp-content\/uploads\/2025\/11\/High-Protein-Noodles-Teriyaki-Chicken_4.webp\" alt=\"Macarr\u00e3o com elevado teor proteico Frango Teriyaki\" width=\"750\" height=\"660\" srcset=\"https:\/\/sentaiyuanbio.com\/wp-content\/uploads\/2025\/11\/High-Protein-Noodles-Teriyaki-Chicken_4.webp 750w, https:\/\/sentaiyuanbio.com\/wp-content\/uploads\/2025\/11\/High-Protein-Noodles-Teriyaki-Chicken_4-300x264.webp 300w, https:\/\/sentaiyuanbio.com\/wp-content\/uploads\/2025\/11\/High-Protein-Noodles-Teriyaki-Chicken_4-14x12.webp 14w, https:\/\/sentaiyuanbio.com\/wp-content\/uploads\/2025\/11\/High-Protein-Noodles-Teriyaki-Chicken_4-600x528.webp 600w\" sizes=\"(max-width: 750px) 100vw, 750px\" \/> <img loading=\"lazy\" decoding=\"async\" class=\"alignnone wp-image-5386 size-full\" title=\"Macarr\u00e3o com elevado teor proteico Frango Teriyaki\" src=\"https:\/\/sentaiyuanbio.com\/wp-content\/uploads\/2025\/11\/High-Protein-Noodles-Teriyaki-Chicken_5.webp\" alt=\"Macarr\u00e3o com elevado teor proteico Frango Teriyaki\" width=\"750\" height=\"668\" srcset=\"https:\/\/sentaiyuanbio.com\/wp-content\/uploads\/2025\/11\/High-Protein-Noodles-Teriyaki-Chicken_5.webp 750w, https:\/\/sentaiyuanbio.com\/wp-content\/uploads\/2025\/11\/High-Protein-Noodles-Teriyaki-Chicken_5-300x267.webp 300w, https:\/\/sentaiyuanbio.com\/wp-content\/uploads\/2025\/11\/High-Protein-Noodles-Teriyaki-Chicken_5-13x12.webp 13w, https:\/\/sentaiyuanbio.com\/wp-content\/uploads\/2025\/11\/High-Protein-Noodles-Teriyaki-Chicken_5-600x534.webp 600w\" sizes=\"(max-width: 750px) 100vw, 750px\" \/><\/p>","protected":false},"excerpt":{"rendered":"<p>Apetece-lhe uma refei\u00e7\u00e3o quente, deliciosa e saciante sem consumir demasiados hidratos de carbono? Este prato de massa rica em prote\u00ednas com sabor a frango teriyaki \u00e9 a escolha perfeita.<br \/>\nCada 100 gramas deste prato de noodles cont\u00e9m 35,8 gramas de prote\u00ednas e apenas 37,2 gramas de hidratos de carbono. Basta adicionar \u00e1gua quente a uma panela e cozinhar durante 5 minutos para desfrutar de uma deliciosa tigela de noodles sem culpa!<\/p>","protected":false},"featured_media":5378,"template":"","meta":{"site-sidebar-layout":"default","site-content-layout":"","ast-site-content-layout":"default","site-content-style":"default","site-sidebar-style":"default","ast-global-header-display":"","ast-banner-title-visibility":"","ast-main-header-display":"","ast-hfb-above-header-display":"","ast-hfb-below-header-display":"","ast-hfb-mobile-header-display":"","site-post-title":"","ast-breadcrumbs-content":"","ast-featured-img":"","footer-sml-layout":"","ast-disable-related-posts":"","theme-transparent-header-meta":"default","adv-header-id-meta":"","stick-header-meta":"default","header-above-stick-meta":"","header-main-stick-meta":"","header-below-stick-meta":"","astra-migrate-meta-layouts":"set","ast-page-background-enabled":"default","ast-page-background-meta":{"desktop":{"background-color":"","background-image":"","background-repeat":"repeat","background-position":"center center","background-size":"auto","background-attachment":"scroll","background-type":"","background-media":"","overlay-type":"","overlay-color":"","overlay-opacity":"","overlay-gradient":""},"tablet":{"background-color":"","background-image":"","background-repeat":"repeat","background-position":"center center","background-size":"auto","background-attachment":"scroll","background-type":"","background-media":"","overlay-type":"","overlay-color":"","overlay-opacity":"","overlay-gradient":""},"mobile":{"background-color":"","background-image":"","background-repeat":"repeat","background-position":"center center","background-size":"auto","background-attachment":"scroll","background-type":"","background-media":"","overlay-type":"","overlay-color":"","overlay-opacity":"","overlay-gradient":""}},"ast-content-background-meta":{"desktop":{"background-color":"var(--ast-global-color-5)","background-image":"","background-repeat":"repeat","background-position":"center center","background-size":"auto","background-attachment":"scroll","background-type":"","background-media":"","overlay-type":"","overlay-color":"","overlay-opacity":"","overlay-gradient":""},"tablet":{"background-color":"var(--ast-global-color-5)","background-image":"","background-repeat":"repeat","background-position":"center center","background-size":"auto","background-attachment":"scroll","background-type":"","background-media":"","overlay-type":"","overlay-color":"","overlay-opacity":"","overlay-gradient":""},"mobile":{"background-color":"var(--ast-global-color-5)","background-image":"","background-repeat":"repeat","background-position":"center center","background-size":"auto","background-attachment":"scroll","background-type":"","background-media":"","overlay-type":"","overlay-color":"","overlay-opacity":"","overlay-gradient":""}}},"product_brand":[],"product_cat":[248],"product_tag":[],"class_list":{"0":"post-5376","1":"product","2":"type-product","3":"status-publish","4":"has-post-thumbnail","6":"product_cat-low-carb-high-protein-noodles","7":"desktop-align-left","8":"tablet-align-left","9":"mobile-align-left","10":"ast-product-gallery-layout-horizontal-slider","11":"ast-product-tabs-layout-horizontal","13":"first","14":"instock","15":"shipping-taxable","16":"product-type-simple"},"_links":{"self":[{"href":"https:\/\/sentaiyuanbio.com\/pt\/wp-json\/wp\/v2\/product\/5376","targetHints":{"allow":["GET"]}}],"collection":[{"href":"https:\/\/sentaiyuanbio.com\/pt\/wp-json\/wp\/v2\/product"}],"about":[{"href":"https:\/\/sentaiyuanbio.com\/pt\/wp-json\/wp\/v2\/types\/product"}],"version-history":[{"count":0,"href":"https:\/\/sentaiyuanbio.com\/pt\/wp-json\/wp\/v2\/product\/5376\/revisions"}],"wp:featuredmedia":[{"embeddable":true,"href":"https:\/\/sentaiyuanbio.com\/pt\/wp-json\/wp\/v2\/media\/5378"}],"wp:attachment":[{"href":"https:\/\/sentaiyuanbio.com\/pt\/wp-json\/wp\/v2\/media?parent=5376"}],"wp:term":[{"taxonomy":"product_brand","embeddable":true,"href":"https:\/\/sentaiyuanbio.com\/pt\/wp-json\/wp\/v2\/product_brand?post=5376"},{"taxonomy":"product_cat","embeddable":true,"href":"https:\/\/sentaiyuanbio.com\/pt\/wp-json\/wp\/v2\/product_cat?post=5376"},{"taxonomy":"product_tag","embeddable":true,"href":"https:\/\/sentaiyuanbio.com\/pt\/wp-json\/wp\/v2\/product_tag?post=5376"}],"curies":[{"name":"wp","href":"https:\/\/api.w.org\/{rel}","templated":true}]}}