{"id":5403,"date":"2025-11-12T06:12:29","date_gmt":"2025-11-12T06:12:29","guid":{"rendered":"https:\/\/sentaiyuanbio.com\/?post_type=product&#038;p=5403"},"modified":"2025-11-12T06:47:59","modified_gmt":"2025-11-12T06:47:59","slug":"ramen-teriyaki-com-alto-teor-de-proteinas-e-baixo-teor-de-carboidratos","status":"publish","type":"product","link":"https:\/\/sentaiyuanbio.com\/pt\/produto\/ramen-teriyaki-com-alto-teor-de-proteinas-e-baixo-teor-de-carboidratos\/","title":{"rendered":"Ramen com baixo teor de hidratos de carbono e elevado teor proteico com sabor a carne de vaca Teriyaki, Prote\u00edna para Ramen"},"content":{"rendered":"<h2>Ramen com baixo teor de prote\u00ednas e hidratos de carbono com sabor a carne Teriyaki Declara\u00e7\u00e3o dos ingredientes<\/h2>\n<p><strong>Ramen:<\/strong> Gl\u00faten de trigo vital 34.7%, Prote\u00edna de ervilha 23.6%, Farinha de trigo 17.5%, Farinha de trigo sarraceno 10.2%, Fibra de ervilha 6.7%, Amido de tapioca 4.5%, Sal 1.5%, <a href=\"https:\/\/sentaiyuanbio.com\/pt\/produto\/farinha-de-inhame-konjac-inhame-konjac-em-po\/\" target=\"_blank\" rel=\"noopener\">Farinha de konjac<\/a> 0.5%, <a href=\"https:\/\/hethstia.com\/konjac-powder-vs-xanthan-gum\/\" target=\"_blank\" rel=\"noopener\">Goma xantana<\/a> 0,6%(Espessante, E415), Carbonato de s\u00f3dio 0,2%(Regulador de acidez, E500).<\/p>\n<p><strong>Pacote de molho com sabor a carne Teriyaki:<\/strong> Pasta de trigo doce (\u00e1gua, farinha de trigo, sal, sorbato de pot\u00e1ssio (conservante, E202)) 30%, a\u00e7\u00facar 28%, molho de soja (\u00e1gua 42%, gr\u00e3os de soja 42%, sal 16%) 12%, \u00e1gua 9.8%, sal 6%, \u00f3leo de soja 5%, vinagre de ma\u00e7\u00e3 (\u00e1gua, concentrado de sumo de espinheiro, concentrado de sumo de ma\u00e7\u00e3, sal) 4%, prote\u00edna de soja hidrolisada em p\u00f3 2%, extrato de levedura 2%, corante de caramelo (corante, E150a) 0,5%, goma xantana (espessante, E415) 0,3%, 5\u2032-ribonucle\u00f3tidos diss\u00f3dicos (intensificador de sabor, E635)<br \/>\n0,2%, Aromatizante 0,2%.<\/p>\n<h2>Factos nutricionais<\/h2>\n<table border=\"1\" cellspacing=\"1\">\n<tbody>\n<tr>\n<td align=\"center\" width=\"284\"><b>Artigos<\/b><\/td>\n<td align=\"center\" width=\"284\">por 80g<\/td>\n<td align=\"center\" width=\"284\">por 100g<\/td>\n<\/tr>\n<tr>\n<td align=\"center\" width=\"284\"><b>Energia<\/b><\/td>\n<td align=\"center\" width=\"284\">1112kJ\/263kcal<\/td>\n<td align=\"center\" width=\"284\">1390kJ\/329kcal<\/td>\n<\/tr>\n<tr>\n<td align=\"center\" width=\"284\"><b>Gordura total<\/b><\/td>\n<td align=\"center\" width=\"284\">2.6g<\/td>\n<td align=\"center\" width=\"284\">3.3g<\/td>\n<\/tr>\n<tr>\n<td align=\"center\" width=\"284\">- Gordura saturada<\/td>\n<td align=\"center\" width=\"284\">0.6g<\/td>\n<td align=\"center\" width=\"284\">0.7g<\/td>\n<\/tr>\n<tr>\n<td align=\"center\" width=\"284\">- Gordura trans<\/td>\n<td align=\"center\" width=\"284\">0g<\/td>\n<td align=\"center\" width=\"284\">0g<\/td>\n<\/tr>\n<tr>\n<td align=\"center\" width=\"284\"><b>S\u00f3dio<\/b><\/td>\n<td align=\"center\" width=\"284\">1267 mg<\/td>\n<td align=\"center\" width=\"284\">1584 mg<\/td>\n<\/tr>\n<tr>\n<td align=\"center\" width=\"284\"><b>Sal<\/b><\/td>\n<td align=\"center\" width=\"284\">3.17 g<\/td>\n<td align=\"center\" width=\"284\">3.96 g<\/td>\n<\/tr>\n<tr>\n<td align=\"center\" width=\"284\"><b>Hidratos de carbono totais<\/b><\/td>\n<td align=\"center\" width=\"284\">29.0g<\/td>\n<td align=\"center\" width=\"284\">36.3g<\/td>\n<\/tr>\n<tr>\n<td align=\"center\" width=\"284\">- A\u00e7\u00facares totais<\/td>\n<td align=\"center\" width=\"284\">7.8g<\/td>\n<td align=\"center\" width=\"284\">9.7g<\/td>\n<\/tr>\n<tr>\n<td align=\"center\" width=\"284\">Fibra alimentar<\/td>\n<td align=\"center\" width=\"284\">3.8g<\/td>\n<td align=\"center\" width=\"284\">4.8g<\/td>\n<\/tr>\n<tr>\n<td align=\"center\" width=\"284\"><b>Prote\u00edna<\/b><\/td>\n<td align=\"center\" width=\"284\">28.9g<\/td>\n<td align=\"center\" width=\"284\">36.1g<\/td>\n<\/tr>\n<\/tbody>\n<\/table>\n<h2>Informa\u00e7\u00f5es sobre alerg\u00e9nios<\/h2>\n<table border=\"1\" cellspacing=\"1\">\n<tbody>\n<tr>\n<td align=\"center\" width=\"284\"><b>Componentes<\/b><\/td>\n<td align=\"center\" width=\"284\"><b>Cont\u00e9m (como ingrediente ou parte de ingrediente)<\/b><\/td>\n<td align=\"center\" width=\"284\"><b>Pode conter (resultante da transforma\u00e7\u00e3o)<\/b><\/td>\n<td align=\"center\" width=\"284\"><b>Pode conter (na empresa)<\/b><\/td>\n<\/tr>\n<tr>\n<td align=\"center\" width=\"284\"><b>Alerg\u00e9nio<\/b><\/td>\n<td align=\"center\" width=\"284\"><b>Sim\/N\u00e3o<\/b><\/td>\n<td align=\"center\" width=\"284\"><b>Sim\/N\u00e3o<\/b><\/td>\n<td align=\"center\" width=\"284\"><b>Sim\/N\u00e3o<\/b><\/td>\n<\/tr>\n<tr>\n<td align=\"center\" width=\"284\">Cereais (trigo, centeio, cevada, aveia, trigo mourisco, espelta, etc., ou as suas estirpes hibridizadas)<\/td>\n<td align=\"center\" width=\"284\">Sim<\/td>\n<td align=\"center\" width=\"284\">N\u00e3o<\/td>\n<td align=\"center\" width=\"284\">N\u00e3o<\/td>\n<\/tr>\n<tr>\n<td align=\"center\" width=\"284\">Crust\u00e1ceos e produtos derivados<\/td>\n<td align=\"center\" width=\"284\">N\u00e3o<\/td>\n<td align=\"center\" width=\"284\">N\u00e3o<\/td>\n<td align=\"center\" width=\"284\">N\u00e3o<\/td>\n<\/tr>\n<tr>\n<td align=\"center\" width=\"284\">Ovos e produtos derivados<\/td>\n<td align=\"center\" width=\"284\">N\u00e3o<\/td>\n<td align=\"center\" width=\"284\">N\u00e3o<\/td>\n<td align=\"center\" width=\"284\">N\u00e3o<\/td>\n<\/tr>\n<tr>\n<td align=\"center\" width=\"284\">Peixe e produtos derivados<\/td>\n<td align=\"center\" width=\"284\">N\u00e3o<\/td>\n<td align=\"center\" width=\"284\">N\u00e3o<\/td>\n<td align=\"center\" width=\"284\">N\u00e3o<\/td>\n<\/tr>\n<tr>\n<td align=\"center\" width=\"284\">Amendoins e produtos derivados<\/td>\n<td align=\"center\" width=\"284\">N\u00e3o<\/td>\n<td align=\"center\" width=\"284\">N\u00e3o<\/td>\n<td align=\"center\" width=\"284\">N\u00e3o<\/td>\n<\/tr>\n<tr>\n<td align=\"center\" width=\"284\">Soja e produtos derivados<\/td>\n<td align=\"center\" width=\"284\">Sim<\/td>\n<td align=\"center\" width=\"284\">N\u00e3o<\/td>\n<td align=\"center\" width=\"284\">N\u00e3o<\/td>\n<\/tr>\n<tr>\n<td align=\"center\" width=\"284\">Leite e produtos derivados (incluindo a lactose)<\/td>\n<td align=\"center\" width=\"284\">N\u00e3o<\/td>\n<td align=\"center\" width=\"284\">N\u00e3o<\/td>\n<td align=\"center\" width=\"284\">N\u00e3o<\/td>\n<\/tr>\n<tr>\n<td align=\"center\" width=\"284\">Frutos de casca rija, am\u00eandoas, avel\u00e3s, nozes, castanhas de caju, nozes pecan, castanhas do Brasil, pist\u00e1cios, macad\u00e2mia, nozes de Queensland e produtos derivados<\/td>\n<td align=\"center\" width=\"284\">N\u00e3o<\/td>\n<td align=\"center\" width=\"284\">N\u00e3o<\/td>\n<td align=\"center\" width=\"284\">N\u00e3o<\/td>\n<\/tr>\n<tr>\n<td align=\"center\" width=\"284\">Aipo e produtos derivados<\/td>\n<td align=\"center\" width=\"284\">N\u00e3o<\/td>\n<td align=\"center\" width=\"284\">N\u00e3o<\/td>\n<td align=\"center\" width=\"284\">N\u00e3o<\/td>\n<\/tr>\n<tr>\n<td align=\"center\" width=\"284\">Mostarda e produtos derivados<\/td>\n<td align=\"center\" width=\"284\">N\u00e3o<\/td>\n<td align=\"center\" width=\"284\">N\u00e3o<\/td>\n<td align=\"center\" width=\"284\">N\u00e3o<\/td>\n<\/tr>\n<tr>\n<td align=\"center\" width=\"284\">Sementes de s\u00e9samo e produtos derivados<\/td>\n<td align=\"center\" width=\"284\">N\u00e3o<\/td>\n<td align=\"center\" width=\"284\">N\u00e3o<\/td>\n<td align=\"center\" width=\"284\">N\u00e3o<\/td>\n<\/tr>\n<tr>\n<td align=\"center\" width=\"284\">Di\u00f3xido de enxofre e sulfitos em concentra\u00e7\u00f5es superiores a 10 mg\/kg ou 10 mg\/litro, expressos em SO2<\/td>\n<td align=\"center\" width=\"284\">N\u00e3o<\/td>\n<td align=\"center\" width=\"284\">N\u00e3o<\/td>\n<td align=\"center\" width=\"284\">N\u00e3o<\/td>\n<\/tr>\n<tr>\n<td align=\"center\" width=\"284\">Tremo\u00e7o e produtos derivados<\/td>\n<td align=\"center\" width=\"284\">N\u00e3o<\/td>\n<td align=\"center\" width=\"284\">N\u00e3o<\/td>\n<td align=\"center\" width=\"284\">N\u00e3o<\/td>\n<\/tr>\n<tr>\n<td align=\"center\" width=\"284\">Moluscos e produtos \u00e0 base de moluscos<\/td>\n<td align=\"center\" width=\"284\">N\u00e3o<\/td>\n<td align=\"center\" width=\"284\">N\u00e3o<\/td>\n<td align=\"center\" width=\"284\">N\u00e3o<\/td>\n<\/tr>\n<\/tbody>\n<\/table>\n<p><img fetchpriority=\"high\" decoding=\"async\" class=\"alignnone wp-image-5413 size-full\" title=\"Alta prote\u00edna para Ramen\" src=\"https:\/\/sentaiyuanbio.com\/wp-content\/uploads\/2025\/11\/Protein-For-Ramen_1.webp\" alt=\"Alta prote\u00edna para Ramen\" width=\"750\" height=\"600\" srcset=\"https:\/\/sentaiyuanbio.com\/wp-content\/uploads\/2025\/11\/Protein-For-Ramen_1.webp 750w, https:\/\/sentaiyuanbio.com\/wp-content\/uploads\/2025\/11\/Protein-For-Ramen_1-300x240.webp 300w, https:\/\/sentaiyuanbio.com\/wp-content\/uploads\/2025\/11\/Protein-For-Ramen_1-15x12.webp 15w, https:\/\/sentaiyuanbio.com\/wp-content\/uploads\/2025\/11\/Protein-For-Ramen_1-600x480.webp 600w\" sizes=\"(max-width: 750px) 100vw, 750px\" \/> <img decoding=\"async\" class=\"alignnone wp-image-5414 size-full\" title=\"Alta prote\u00edna para Ramen\" src=\"https:\/\/sentaiyuanbio.com\/wp-content\/uploads\/2025\/11\/Protein-For-Ramen_2.webp\" alt=\"Alta prote\u00edna para Ramen\" width=\"750\" height=\"533\" srcset=\"https:\/\/sentaiyuanbio.com\/wp-content\/uploads\/2025\/11\/Protein-For-Ramen_2.webp 750w, https:\/\/sentaiyuanbio.com\/wp-content\/uploads\/2025\/11\/Protein-For-Ramen_2-300x213.webp 300w, https:\/\/sentaiyuanbio.com\/wp-content\/uploads\/2025\/11\/Protein-For-Ramen_2-18x12.webp 18w, https:\/\/sentaiyuanbio.com\/wp-content\/uploads\/2025\/11\/Protein-For-Ramen_2-600x426.webp 600w\" sizes=\"(max-width: 750px) 100vw, 750px\" \/> <img decoding=\"async\" class=\"alignnone wp-image-5415 size-full\" title=\"Alta prote\u00edna para Ramen\" src=\"https:\/\/sentaiyuanbio.com\/wp-content\/uploads\/2025\/11\/Protein-For-Ramen_3.webp\" alt=\"Alta prote\u00edna para Ramen\" width=\"750\" height=\"667\" srcset=\"https:\/\/sentaiyuanbio.com\/wp-content\/uploads\/2025\/11\/Protein-For-Ramen_3.webp 750w, https:\/\/sentaiyuanbio.com\/wp-content\/uploads\/2025\/11\/Protein-For-Ramen_3-300x267.webp 300w, https:\/\/sentaiyuanbio.com\/wp-content\/uploads\/2025\/11\/Protein-For-Ramen_3-13x12.webp 13w, https:\/\/sentaiyuanbio.com\/wp-content\/uploads\/2025\/11\/Protein-For-Ramen_3-600x534.webp 600w\" sizes=\"(max-width: 750px) 100vw, 750px\" \/> <img loading=\"lazy\" decoding=\"async\" class=\"alignnone wp-image-5416 size-full\" title=\"Alta prote\u00edna para Ramen\" src=\"https:\/\/sentaiyuanbio.com\/wp-content\/uploads\/2025\/11\/Protein-For-Ramen_4.webp\" alt=\"Alta prote\u00edna para Ramen\" width=\"750\" height=\"660\" srcset=\"https:\/\/sentaiyuanbio.com\/wp-content\/uploads\/2025\/11\/Protein-For-Ramen_4.webp 750w, https:\/\/sentaiyuanbio.com\/wp-content\/uploads\/2025\/11\/Protein-For-Ramen_4-300x264.webp 300w, https:\/\/sentaiyuanbio.com\/wp-content\/uploads\/2025\/11\/Protein-For-Ramen_4-14x12.webp 14w, https:\/\/sentaiyuanbio.com\/wp-content\/uploads\/2025\/11\/Protein-For-Ramen_4-600x528.webp 600w\" sizes=\"(max-width: 750px) 100vw, 750px\" \/> <img loading=\"lazy\" decoding=\"async\" class=\"alignnone wp-image-5417 size-full\" title=\"Alta prote\u00edna para Ramen\" src=\"https:\/\/sentaiyuanbio.com\/wp-content\/uploads\/2025\/11\/Protein-For-Ramen_5.webp\" alt=\"Alta prote\u00edna para Ramen\" width=\"750\" height=\"668\" srcset=\"https:\/\/sentaiyuanbio.com\/wp-content\/uploads\/2025\/11\/Protein-For-Ramen_5.webp 750w, https:\/\/sentaiyuanbio.com\/wp-content\/uploads\/2025\/11\/Protein-For-Ramen_5-300x267.webp 300w, https:\/\/sentaiyuanbio.com\/wp-content\/uploads\/2025\/11\/Protein-For-Ramen_5-13x12.webp 13w, https:\/\/sentaiyuanbio.com\/wp-content\/uploads\/2025\/11\/Protein-For-Ramen_5-600x534.webp 600w\" sizes=\"(max-width: 750px) 100vw, 750px\" \/><\/p>","protected":false},"excerpt":{"rendered":"<p>Se quiser fazer ramen com menos calorias com o m\u00e9todo mais simples, ent\u00e3o tem de experimentar o meu 5-Minute High Protein Low Carb Ramen Teriyaki Beef Flavor. Este pacote de molho ramen cont\u00e9m a carne de vaca teriyaki cl\u00e1ssica favorita de todos, combinada com um saboroso caldo de carne e coberta com cebolas verdes frescas, sementes de s\u00e9samo e flocos de pimenta. Desfrute de um almo\u00e7o delicioso em apenas alguns minutos!<\/p>","protected":false},"featured_media":5412,"template":"","meta":{"site-sidebar-layout":"default","site-content-layout":"","ast-site-content-layout":"default","site-content-style":"default","site-sidebar-style":"default","ast-global-header-display":"","ast-banner-title-visibility":"","ast-main-header-display":"","ast-hfb-above-header-display":"","ast-hfb-below-header-display":"","ast-hfb-mobile-header-display":"","site-post-title":"","ast-breadcrumbs-content":"","ast-featured-img":"","footer-sml-layout":"","ast-disable-related-posts":"","theme-transparent-header-meta":"default","adv-header-id-meta":"","stick-header-meta":"default","header-above-stick-meta":"","header-main-stick-meta":"","header-below-stick-meta":"","astra-migrate-meta-layouts":"set","ast-page-background-enabled":"default","ast-page-background-meta":{"desktop":{"background-color":"","background-image":"","background-repeat":"repeat","background-position":"center center","background-size":"auto","background-attachment":"scroll","background-type":"","background-media":"","overlay-type":"","overlay-color":"","overlay-opacity":"","overlay-gradient":""},"tablet":{"background-color":"","background-image":"","background-repeat":"repeat","background-position":"center center","background-size":"auto","background-attachment":"scroll","background-type":"","background-media":"","overlay-type":"","overlay-color":"","overlay-opacity":"","overlay-gradient":""},"mobile":{"background-color":"","background-image":"","background-repeat":"repeat","background-position":"center center","background-size":"auto","background-attachment":"scroll","background-type":"","background-media":"","overlay-type":"","overlay-color":"","overlay-opacity":"","overlay-gradient":""}},"ast-content-background-meta":{"desktop":{"background-color":"var(--ast-global-color-5)","background-image":"","background-repeat":"repeat","background-position":"center center","background-size":"auto","background-attachment":"scroll","background-type":"","background-media":"","overlay-type":"","overlay-color":"","overlay-opacity":"","overlay-gradient":""},"tablet":{"background-color":"var(--ast-global-color-5)","background-image":"","background-repeat":"repeat","background-position":"center center","background-size":"auto","background-attachment":"scroll","background-type":"","background-media":"","overlay-type":"","overlay-color":"","overlay-opacity":"","overlay-gradient":""},"mobile":{"background-color":"var(--ast-global-color-5)","background-image":"","background-repeat":"repeat","background-position":"center center","background-size":"auto","background-attachment":"scroll","background-type":"","background-media":"","overlay-type":"","overlay-color":"","overlay-opacity":"","overlay-gradient":""}}},"product_brand":[],"product_cat":[248],"product_tag":[],"class_list":{"0":"post-5403","1":"product","2":"type-product","3":"status-publish","4":"has-post-thumbnail","6":"product_cat-low-carb-high-protein-noodles","7":"desktop-align-left","8":"tablet-align-left","9":"mobile-align-left","10":"ast-product-gallery-layout-horizontal-slider","11":"ast-product-tabs-layout-horizontal","13":"first","14":"instock","15":"shipping-taxable","16":"product-type-simple"},"_links":{"self":[{"href":"https:\/\/sentaiyuanbio.com\/pt\/wp-json\/wp\/v2\/product\/5403","targetHints":{"allow":["GET"]}}],"collection":[{"href":"https:\/\/sentaiyuanbio.com\/pt\/wp-json\/wp\/v2\/product"}],"about":[{"href":"https:\/\/sentaiyuanbio.com\/pt\/wp-json\/wp\/v2\/types\/product"}],"version-history":[{"count":0,"href":"https:\/\/sentaiyuanbio.com\/pt\/wp-json\/wp\/v2\/product\/5403\/revisions"}],"wp:featuredmedia":[{"embeddable":true,"href":"https:\/\/sentaiyuanbio.com\/pt\/wp-json\/wp\/v2\/media\/5412"}],"wp:attachment":[{"href":"https:\/\/sentaiyuanbio.com\/pt\/wp-json\/wp\/v2\/media?parent=5403"}],"wp:term":[{"taxonomy":"product_brand","embeddable":true,"href":"https:\/\/sentaiyuanbio.com\/pt\/wp-json\/wp\/v2\/product_brand?post=5403"},{"taxonomy":"product_cat","embeddable":true,"href":"https:\/\/sentaiyuanbio.com\/pt\/wp-json\/wp\/v2\/product_cat?post=5403"},{"taxonomy":"product_tag","embeddable":true,"href":"https:\/\/sentaiyuanbio.com\/pt\/wp-json\/wp\/v2\/product_tag?post=5403"}],"curies":[{"name":"wp","href":"https:\/\/api.w.org\/{rel}","templated":true}]}}