{"id":5973,"date":"2026-03-26T03:38:13","date_gmt":"2026-03-26T03:38:13","guid":{"rendered":"https:\/\/sentaiyuanbio.com\/"},"modified":"2026-03-26T03:39:27","modified_gmt":"2026-03-26T03:39:27","slug":"fabricante-de-geleia-de-konjac-de-mirtilo","status":"publish","type":"product","link":"https:\/\/sentaiyuanbio.com\/pt\/produto\/fabricante-de-geleia-de-konjac-de-mirtilo\/","title":{"rendered":"Geleia de Konjac de Mirtilo, Fabricante de Geleia de Konjac"},"content":{"rendered":"<h2>1. Ingredientes da geleia de konjac de mirtilo<\/h2>\n<p>\u00c1gua, sumo concentrado de mirtilo, eritritol, <a href=\"https:\/\/sentaiyuanbio.com\/pt\/produto\/po-de-konjac\/\" target=\"_blank\" rel=\"noopener\">P\u00f3 de konjac<\/a>, Carragenina, vitamina C, \u00e1cido c\u00edtrico, cloreto de pot\u00e1ssio, sorbato de pot\u00e1ssio.<\/p>\n<h2>2. Especifica\u00e7\u00f5es da geleia Konjac de mirtilo: Peso e tamanho<\/h2>\n<p>Tamanho do produto: Personaliz\u00e1vel<br \/>\nPeso drenado: Personaliz\u00e1vel<br \/>\nPeso l\u00edquido: 150g<br \/>\nPeso bruto: 155g<br \/>\nTipo de embalagem: Bolsa de p\u00e9<\/p>\n<h2>3. Especifica\u00e7\u00f5es f\u00edsicas da geleia Konjac de mirtilo<\/h2>\n<p>Cor: azul<br \/>\nSabor: Sabor a mirtilo<br \/>\nTextura: Suave e macia<br \/>\nAspeto f\u00edsico: Gel semi-fluido<\/p>\n<h2>4. Carater\u00edsticas do produto<\/h2>\n<p>Tipo instant\u00e2neo\/tipo pr\u00e9-cozinhado: Tipo instant\u00e2neo<br \/>\nSem gl\u00faten: Sim<br \/>\nSem OGM: Sim<br \/>\nN\u00e3o alerg\u00e9nico: Sim<br \/>\nSem aditivos: Sim<br \/>\nOrg\u00e2nico dispon\u00edvel: N\u00e3o<\/p>\n<h2>5. Outras especifica\u00e7\u00f5es<\/h2>\n<p>Prazo de validade: 18 meses<br \/>\nArmazenamento: Conservar em local fresco e seco. Servir preferencialmente fresco. Conservar no frigor\u00edfico depois de aberto e consumir no prazo de 1 dia.<\/p>\n<table border=\"1\" cellspacing=\"1\">\n<tbody>\n<tr>\n<td width=\"284\"><b>A\u00e7\u00facar total<\/b><\/td>\n<td width=\"284\">0g\/150ml<\/td>\n<\/tr>\n<tr>\n<td width=\"284\"><b>Vitamina C<\/b><\/td>\n<td width=\"284\">375mg\/150ml<\/td>\n<\/tr>\n<tr>\n<td width=\"284\"><b>Prote\u00edna<\/b><\/td>\n<td width=\"284\">0g\/150ml<\/td>\n<\/tr>\n<tr>\n<td width=\"284\"><b>C\u00e1lcio<\/b><\/td>\n<td width=\"284\">15mg\/150ml<\/td>\n<\/tr>\n<tr>\n<td width=\"284\"><b>Pot\u00e1ssio<\/b><\/td>\n<td width=\"284\">60mg\/150ml<\/td>\n<\/tr>\n<tr>\n<td width=\"284\"><b>Energia<\/b><\/td>\n<td width=\"284\">5 kcal\/150ml<\/td>\n<\/tr>\n<tr>\n<td width=\"284\"><b>Hidratos de carbono totais<\/b><\/td>\n<td width=\"284\">6g\/150ml<\/td>\n<\/tr>\n<tr>\n<td width=\"284\"><b>S\u00f3dio<\/b><\/td>\n<td width=\"284\">15mg\/150ml<\/td>\n<\/tr>\n<tr>\n<td width=\"284\"><b>Gordura total<\/b><\/td>\n<td width=\"284\">0g<\/td>\n<\/tr>\n<\/tbody>\n<\/table>\n<p><img fetchpriority=\"high\" decoding=\"async\" class=\"alignnone wp-image-5984 size-full\" title=\"Geleia de konjac a granel Blueberry\" src=\"https:\/\/sentaiyuanbio.com\/wp-content\/uploads\/2026\/03\/Konjac-Jelly-Bulk-Blueberry-1.webp\" alt=\"Geleia de konjac a granel Blueberry\" width=\"750\" height=\"620\" srcset=\"https:\/\/sentaiyuanbio.com\/wp-content\/uploads\/2026\/03\/Konjac-Jelly-Bulk-Blueberry-1.webp 750w, https:\/\/sentaiyuanbio.com\/wp-content\/uploads\/2026\/03\/Konjac-Jelly-Bulk-Blueberry-1-300x248.webp 300w, https:\/\/sentaiyuanbio.com\/wp-content\/uploads\/2026\/03\/Konjac-Jelly-Bulk-Blueberry-1-15x12.webp 15w, https:\/\/sentaiyuanbio.com\/wp-content\/uploads\/2026\/03\/Konjac-Jelly-Bulk-Blueberry-1-600x496.webp 600w\" sizes=\"(max-width: 750px) 100vw, 750px\" \/><br \/>\n<img decoding=\"async\" class=\"alignnone wp-image-5982 size-full\" title=\"Geleia de konjac a granel Blueberry\" src=\"https:\/\/sentaiyuanbio.com\/wp-content\/uploads\/2026\/03\/Konjac-Jelly-Bulk-Blueberry-2.webp\" alt=\"Geleia de konjac a granel Blueberry\" width=\"750\" height=\"621\" srcset=\"https:\/\/sentaiyuanbio.com\/wp-content\/uploads\/2026\/03\/Konjac-Jelly-Bulk-Blueberry-2.webp 750w, https:\/\/sentaiyuanbio.com\/wp-content\/uploads\/2026\/03\/Konjac-Jelly-Bulk-Blueberry-2-300x248.webp 300w, https:\/\/sentaiyuanbio.com\/wp-content\/uploads\/2026\/03\/Konjac-Jelly-Bulk-Blueberry-2-14x12.webp 14w, https:\/\/sentaiyuanbio.com\/wp-content\/uploads\/2026\/03\/Konjac-Jelly-Bulk-Blueberry-2-600x497.webp 600w\" sizes=\"(max-width: 750px) 100vw, 750px\" \/><br \/>\n<img decoding=\"async\" class=\"alignnone wp-image-5983 size-full\" title=\"Geleia de konjac a granel Blueberry\" src=\"https:\/\/sentaiyuanbio.com\/wp-content\/uploads\/2026\/03\/Konjac-Jelly-Bulk-Blueberry-3.webp\" alt=\"Geleia de konjac a granel Blueberry\" width=\"750\" height=\"620\" srcset=\"https:\/\/sentaiyuanbio.com\/wp-content\/uploads\/2026\/03\/Konjac-Jelly-Bulk-Blueberry-3.webp 750w, https:\/\/sentaiyuanbio.com\/wp-content\/uploads\/2026\/03\/Konjac-Jelly-Bulk-Blueberry-3-300x248.webp 300w, https:\/\/sentaiyuanbio.com\/wp-content\/uploads\/2026\/03\/Konjac-Jelly-Bulk-Blueberry-3-15x12.webp 15w, https:\/\/sentaiyuanbio.com\/wp-content\/uploads\/2026\/03\/Konjac-Jelly-Bulk-Blueberry-3-600x496.webp 600w\" sizes=\"(max-width: 750px) 100vw, 750px\" \/><br \/>\n<img loading=\"lazy\" decoding=\"async\" class=\"alignnone wp-image-5980 size-full\" title=\"Geleia de konjac a granel Blueberry\" src=\"https:\/\/sentaiyuanbio.com\/wp-content\/uploads\/2026\/03\/Konjac-Jelly-Bulk-Blueberry-4.webp\" alt=\"Geleia de konjac a granel Blueberry\" width=\"750\" height=\"557\" srcset=\"https:\/\/sentaiyuanbio.com\/wp-content\/uploads\/2026\/03\/Konjac-Jelly-Bulk-Blueberry-4.webp 750w, https:\/\/sentaiyuanbio.com\/wp-content\/uploads\/2026\/03\/Konjac-Jelly-Bulk-Blueberry-4-300x223.webp 300w, https:\/\/sentaiyuanbio.com\/wp-content\/uploads\/2026\/03\/Konjac-Jelly-Bulk-Blueberry-4-16x12.webp 16w, https:\/\/sentaiyuanbio.com\/wp-content\/uploads\/2026\/03\/Konjac-Jelly-Bulk-Blueberry-4-600x446.webp 600w\" sizes=\"(max-width: 750px) 100vw, 750px\" \/><br \/>\n<img loading=\"lazy\" decoding=\"async\" class=\"alignnone wp-image-5981 size-full\" title=\"Geleia de konjac a granel Blueberry\" src=\"https:\/\/sentaiyuanbio.com\/wp-content\/uploads\/2026\/03\/Konjac-Jelly-Bulk-Blueberry-5.webp\" alt=\"Geleia de konjac a granel Blueberry\" width=\"750\" height=\"555\" srcset=\"https:\/\/sentaiyuanbio.com\/wp-content\/uploads\/2026\/03\/Konjac-Jelly-Bulk-Blueberry-5.webp 750w, https:\/\/sentaiyuanbio.com\/wp-content\/uploads\/2026\/03\/Konjac-Jelly-Bulk-Blueberry-5-300x222.webp 300w, https:\/\/sentaiyuanbio.com\/wp-content\/uploads\/2026\/03\/Konjac-Jelly-Bulk-Blueberry-5-16x12.webp 16w, https:\/\/sentaiyuanbio.com\/wp-content\/uploads\/2026\/03\/Konjac-Jelly-Bulk-Blueberry-5-600x444.webp 600w\" sizes=\"(max-width: 750px) 100vw, 750px\" \/><\/p>","protected":false},"excerpt":{"rendered":"<p>Para al\u00e9m do sabor delicioso, esta geleia de konjac de mirtilo \u00e9 uma fonte poderosa de benef\u00edcios para a sa\u00fade, concebida para apoiar o seu corpo de dentro para fora.<\/p>\n<p>Naturalmente rico em fibras sol\u00faveis, ajuda a digest\u00e3o e estimula o metabolismo, mantendo um perfil de zero hidratos de carbono que se encaixa perfeitamente em qualquer plano de controlo de peso. Tamb\u00e9m melhor\u00e1mos a f\u00f3rmula com vitamina C para apoiar a sa\u00fade imunit\u00e1ria.<\/p>","protected":false},"featured_media":5976,"template":"","meta":{"site-sidebar-layout":"default","site-content-layout":"","ast-site-content-layout":"default","site-content-style":"default","site-sidebar-style":"default","ast-global-header-display":"","ast-banner-title-visibility":"","ast-main-header-display":"","ast-hfb-above-header-display":"","ast-hfb-below-header-display":"","ast-hfb-mobile-header-display":"","site-post-title":"","ast-breadcrumbs-content":"","ast-featured-img":"","footer-sml-layout":"","ast-disable-related-posts":"","theme-transparent-header-meta":"default","adv-header-id-meta":"","stick-header-meta":"default","header-above-stick-meta":"","header-main-stick-meta":"","header-below-stick-meta":"","astra-migrate-meta-layouts":"set","ast-page-background-enabled":"default","ast-page-background-meta":{"desktop":{"background-color":"","background-image":"","background-repeat":"repeat","background-position":"center center","background-size":"auto","background-attachment":"scroll","background-type":"","background-media":"","overlay-type":"","overlay-color":"","overlay-opacity":"","overlay-gradient":""},"tablet":{"background-color":"","background-image":"","background-repeat":"repeat","background-position":"center center","background-size":"auto","background-attachment":"scroll","background-type":"","background-media":"","overlay-type":"","overlay-color":"","overlay-opacity":"","overlay-gradient":""},"mobile":{"background-color":"","background-image":"","background-repeat":"repeat","background-position":"center center","background-size":"auto","background-attachment":"scroll","background-type":"","background-media":"","overlay-type":"","overlay-color":"","overlay-opacity":"","overlay-gradient":""}},"ast-content-background-meta":{"desktop":{"background-color":"var(--ast-global-color-5)","background-image":"","background-repeat":"repeat","background-position":"center center","background-size":"auto","background-attachment":"scroll","background-type":"","background-media":"","overlay-type":"","overlay-color":"","overlay-opacity":"","overlay-gradient":""},"tablet":{"background-color":"var(--ast-global-color-5)","background-image":"","background-repeat":"repeat","background-position":"center center","background-size":"auto","background-attachment":"scroll","background-type":"","background-media":"","overlay-type":"","overlay-color":"","overlay-opacity":"","overlay-gradient":""},"mobile":{"background-color":"var(--ast-global-color-5)","background-image":"","background-repeat":"repeat","background-position":"center center","background-size":"auto","background-attachment":"scroll","background-type":"","background-media":"","overlay-type":"","overlay-color":"","overlay-opacity":"","overlay-gradient":""}}},"product_brand":[],"product_cat":[52],"product_tag":[],"class_list":{"0":"post-5973","1":"product","2":"type-product","3":"status-publish","4":"has-post-thumbnail","6":"product_cat-konjac-powder-jelly","7":"desktop-align-left","8":"tablet-align-left","9":"mobile-align-left","10":"ast-product-gallery-layout-horizontal-slider","11":"ast-product-tabs-layout-horizontal","13":"first","14":"instock","15":"shipping-taxable","16":"product-type-simple"},"_links":{"self":[{"href":"https:\/\/sentaiyuanbio.com\/pt\/wp-json\/wp\/v2\/product\/5973","targetHints":{"allow":["GET"]}}],"collection":[{"href":"https:\/\/sentaiyuanbio.com\/pt\/wp-json\/wp\/v2\/product"}],"about":[{"href":"https:\/\/sentaiyuanbio.com\/pt\/wp-json\/wp\/v2\/types\/product"}],"version-history":[{"count":3,"href":"https:\/\/sentaiyuanbio.com\/pt\/wp-json\/wp\/v2\/product\/5973\/revisions"}],"predecessor-version":[{"id":5987,"href":"https:\/\/sentaiyuanbio.com\/pt\/wp-json\/wp\/v2\/product\/5973\/revisions\/5987"}],"wp:featuredmedia":[{"embeddable":true,"href":"https:\/\/sentaiyuanbio.com\/pt\/wp-json\/wp\/v2\/media\/5976"}],"wp:attachment":[{"href":"https:\/\/sentaiyuanbio.com\/pt\/wp-json\/wp\/v2\/media?parent=5973"}],"wp:term":[{"taxonomy":"product_brand","embeddable":true,"href":"https:\/\/sentaiyuanbio.com\/pt\/wp-json\/wp\/v2\/product_brand?post=5973"},{"taxonomy":"product_cat","embeddable":true,"href":"https:\/\/sentaiyuanbio.com\/pt\/wp-json\/wp\/v2\/product_cat?post=5973"},{"taxonomy":"product_tag","embeddable":true,"href":"https:\/\/sentaiyuanbio.com\/pt\/wp-json\/wp\/v2\/product_tag?post=5973"}],"curies":[{"name":"wp","href":"https:\/\/api.w.org\/{rel}","templated":true}]}}