{"id":6254,"date":"2026-05-13T06:22:00","date_gmt":"2026-05-13T06:22:00","guid":{"rendered":"https:\/\/sentaiyuanbio.com\/"},"modified":"2026-05-13T06:22:48","modified_gmt":"2026-05-13T06:22:48","slug":"ramen-de-udon-com-elevado-teor-proteico-e-sabor-a-tonkotsu","status":"publish","type":"product","link":"https:\/\/sentaiyuanbio.com\/pt\/produto\/ramen-de-udon-com-elevado-teor-proteico-e-sabor-a-tonkotsu\/","title":{"rendered":"Ramen Udon com elevado teor proteico e sabor a Tonkotsu"},"content":{"rendered":"<h2>Tonkotsu Flavor Ingrediente de Ramen Udon com elevado teor proteico<\/h2>\n<p><strong>Ingredientes do Ramen: <\/strong> Gl\u00faten de Trigo Vital, Farinha de Trigo, Prote\u00edna de Ervilha, Amido de Tapioca, Fibra de Ervilha, Amido de Batata, Farinha de Arroz Glutinoso, <a href=\"https:\/\/hethstia.com\/konjac-powder-vs-xanthan-gum\/\" target=\"_blank\" rel=\"noopener\">Goma xantana<\/a>, <a href=\"https:\/\/sentaiyuanbio.com\/pt\/produto\/farinha-de-inhame-konjac-inhame-konjac-em-po\/\" target=\"_blank\" rel=\"noopener\">Farinha de konjac<\/a>, sal, carbonato de s\u00f3dio.<\/p>\n<p><strong>Tempero com sabor a Tonkotsu:<\/strong> Sal, glutamato monoss\u00f3dico, a\u00e7\u00facar, creme n\u00e3o l\u00e1cteo (xarope de glucose, \u00f3leo de palma refinado, octenilsuccinato de amido e s\u00f3dio, mono e diglic\u00e9ridos de \u00e1cidos gordos, fosfato dipot\u00e1ssico, di\u00f3xido de sil\u00edcio),<br \/>\nMolho de soja em p\u00f3 (molho de soja fermentado (\u00e1gua, soja, trigo, sal), maltodextrina, sal, glutamato monoss\u00f3dico, cor de caramelo, 5\u2032-Ribonucle\u00f3tidos diss\u00f3dicos), alho em p\u00f3, extrato de levedura, Prote\u00edna de soja hidrolisada em p\u00f3 (prote\u00edna de soja hidrolisada com \u00e1cido, maltodextrina), coco em p\u00f3, cebola em p\u00f3, gengibre em p\u00f3, goma de guar, 5\u2032-Ribonucle\u00f3tidos diss\u00f3dicos, pimenta preta em p\u00f3, di\u00f3xido de sil\u00edcio.<\/p>\n<p><strong>Pacote de \u00f3leo de alho preto:<\/strong> \u00d3leo de soja, \u00f3leo de alho preto, alho.<\/p>\n<p><strong>Legumes:<\/strong> Cenoura seca, Cebola verde seca.<\/p>\n<p><strong>Cont\u00e9m:<\/strong> Trigo, Soja.<\/p>\n<table border=\"1\" cellspacing=\"1\">\n<tbody>\n<tr>\n<td align=\"center\" width=\"284\"><b>Energia<\/b><\/td>\n<td align=\"center\" width=\"284\">230kcal<\/td>\n<\/tr>\n<tr>\n<td align=\"center\" width=\"284\"><b>Gordura total<\/b><\/td>\n<td align=\"center\" width=\"284\">4g<\/td>\n<\/tr>\n<tr>\n<td align=\"center\" width=\"284\"><b>S\u00f3dio<\/b><\/td>\n<td align=\"center\" width=\"284\">760mg<\/td>\n<\/tr>\n<tr>\n<td align=\"center\" width=\"284\"><b>Hidratos de carbono totais<\/b><\/td>\n<td align=\"center\" width=\"284\">29g<\/td>\n<\/tr>\n<tr>\n<td align=\"center\" width=\"284\"><b>Fibra alimentar<\/b><\/td>\n<td align=\"center\" width=\"284\">3g<\/td>\n<\/tr>\n<tr>\n<td align=\"center\" width=\"284\"><b>A\u00e7\u00facar total<\/b><\/td>\n<td align=\"center\" width=\"284\">1g<\/td>\n<\/tr>\n<tr>\n<td align=\"center\" width=\"284\"><b>Prote\u00edna<\/b><\/td>\n<td align=\"center\" width=\"284\">22g<\/td>\n<\/tr>\n<\/tbody>\n<\/table>\n<p><img fetchpriority=\"high\" decoding=\"async\" class=\"alignnone wp-image-6263 size-full\" title=\"Ramen Udon com elevado teor proteico e sabor a Tonkotsu\" src=\"https:\/\/sentaiyuanbio.com\/wp-content\/uploads\/2026\/05\/udon-noodles-tonkotsu_1.webp\" alt=\"Ramen Udon com elevado teor proteico e sabor a Tonkotsu\" width=\"750\" height=\"677\" srcset=\"https:\/\/sentaiyuanbio.com\/wp-content\/uploads\/2026\/05\/udon-noodles-tonkotsu_1.webp 750w, https:\/\/sentaiyuanbio.com\/wp-content\/uploads\/2026\/05\/udon-noodles-tonkotsu_1-300x271.webp 300w, https:\/\/sentaiyuanbio.com\/wp-content\/uploads\/2026\/05\/udon-noodles-tonkotsu_1-13x12.webp 13w, https:\/\/sentaiyuanbio.com\/wp-content\/uploads\/2026\/05\/udon-noodles-tonkotsu_1-600x542.webp 600w\" sizes=\"(max-width: 750px) 100vw, 750px\" \/> <img decoding=\"async\" class=\"alignnone wp-image-6264 size-full\" title=\"Udon Ramen Fabricante\" src=\"https:\/\/sentaiyuanbio.com\/wp-content\/uploads\/2026\/05\/udon-noodles-tonkotsu_2.webp\" alt=\"Udon Ramen Fabricante\" width=\"750\" height=\"595\" srcset=\"https:\/\/sentaiyuanbio.com\/wp-content\/uploads\/2026\/05\/udon-noodles-tonkotsu_2.webp 750w, https:\/\/sentaiyuanbio.com\/wp-content\/uploads\/2026\/05\/udon-noodles-tonkotsu_2-300x238.webp 300w, https:\/\/sentaiyuanbio.com\/wp-content\/uploads\/2026\/05\/udon-noodles-tonkotsu_2-15x12.webp 15w, https:\/\/sentaiyuanbio.com\/wp-content\/uploads\/2026\/05\/udon-noodles-tonkotsu_2-600x476.webp 600w\" sizes=\"(max-width: 750px) 100vw, 750px\" \/> <img decoding=\"async\" class=\"alignnone wp-image-6265 size-full\" title=\"Udon Ramen Fabricante\" src=\"https:\/\/sentaiyuanbio.com\/wp-content\/uploads\/2026\/05\/udon-noodles-tonkotsu_3.webp\" alt=\"Udon Ramen Fabricante\" width=\"750\" height=\"585\" srcset=\"https:\/\/sentaiyuanbio.com\/wp-content\/uploads\/2026\/05\/udon-noodles-tonkotsu_3.webp 750w, https:\/\/sentaiyuanbio.com\/wp-content\/uploads\/2026\/05\/udon-noodles-tonkotsu_3-300x234.webp 300w, https:\/\/sentaiyuanbio.com\/wp-content\/uploads\/2026\/05\/udon-noodles-tonkotsu_3-15x12.webp 15w, https:\/\/sentaiyuanbio.com\/wp-content\/uploads\/2026\/05\/udon-noodles-tonkotsu_3-600x468.webp 600w\" sizes=\"(max-width: 750px) 100vw, 750px\" \/> <img loading=\"lazy\" decoding=\"async\" class=\"alignnone wp-image-6266 size-full\" title=\"Udon Ramen Fabricante\" src=\"https:\/\/sentaiyuanbio.com\/wp-content\/uploads\/2026\/05\/udon-noodles-tonkotsu_4.webp\" alt=\"Udon Ramen Fabricante\" width=\"750\" height=\"608\" srcset=\"https:\/\/sentaiyuanbio.com\/wp-content\/uploads\/2026\/05\/udon-noodles-tonkotsu_4.webp 750w, https:\/\/sentaiyuanbio.com\/wp-content\/uploads\/2026\/05\/udon-noodles-tonkotsu_4-300x243.webp 300w, https:\/\/sentaiyuanbio.com\/wp-content\/uploads\/2026\/05\/udon-noodles-tonkotsu_4-15x12.webp 15w, https:\/\/sentaiyuanbio.com\/wp-content\/uploads\/2026\/05\/udon-noodles-tonkotsu_4-600x486.webp 600w\" sizes=\"(max-width: 750px) 100vw, 750px\" \/> <img loading=\"lazy\" decoding=\"async\" class=\"alignnone wp-image-6267 size-full\" title=\"Udon Ramen Fabricante\" src=\"https:\/\/sentaiyuanbio.com\/wp-content\/uploads\/2026\/05\/udon-noodles-tonkotsu_5.webp\" alt=\"Udon Ramen Fabricante\" width=\"750\" height=\"584\" srcset=\"https:\/\/sentaiyuanbio.com\/wp-content\/uploads\/2026\/05\/udon-noodles-tonkotsu_5.webp 750w, https:\/\/sentaiyuanbio.com\/wp-content\/uploads\/2026\/05\/udon-noodles-tonkotsu_5-300x234.webp 300w, https:\/\/sentaiyuanbio.com\/wp-content\/uploads\/2026\/05\/udon-noodles-tonkotsu_5-15x12.webp 15w, https:\/\/sentaiyuanbio.com\/wp-content\/uploads\/2026\/05\/udon-noodles-tonkotsu_5-600x467.webp 600w\" sizes=\"(max-width: 750px) 100vw, 750px\" \/> <img loading=\"lazy\" decoding=\"async\" class=\"alignnone wp-image-6268 size-full\" title=\"Udon Ramen Fabricante\" src=\"https:\/\/sentaiyuanbio.com\/wp-content\/uploads\/2026\/05\/udon-noodles-tonkotsu_6.webp\" alt=\"Udon Ramen Fabricante\" width=\"750\" height=\"551\" srcset=\"https:\/\/sentaiyuanbio.com\/wp-content\/uploads\/2026\/05\/udon-noodles-tonkotsu_6.webp 750w, https:\/\/sentaiyuanbio.com\/wp-content\/uploads\/2026\/05\/udon-noodles-tonkotsu_6-300x220.webp 300w, https:\/\/sentaiyuanbio.com\/wp-content\/uploads\/2026\/05\/udon-noodles-tonkotsu_6-16x12.webp 16w, https:\/\/sentaiyuanbio.com\/wp-content\/uploads\/2026\/05\/udon-noodles-tonkotsu_6-600x441.webp 600w\" sizes=\"(max-width: 750px) 100vw, 750px\" \/> <img loading=\"lazy\" decoding=\"async\" class=\"alignnone wp-image-6269 size-full\" title=\"Udon Ramen Fabricante\" src=\"https:\/\/sentaiyuanbio.com\/wp-content\/uploads\/2026\/05\/udon-noodles-tonkotsu_7.webp\" alt=\"Udon Ramen Fabricante\" width=\"750\" height=\"601\" srcset=\"https:\/\/sentaiyuanbio.com\/wp-content\/uploads\/2026\/05\/udon-noodles-tonkotsu_7.webp 750w, https:\/\/sentaiyuanbio.com\/wp-content\/uploads\/2026\/05\/udon-noodles-tonkotsu_7-300x240.webp 300w, https:\/\/sentaiyuanbio.com\/wp-content\/uploads\/2026\/05\/udon-noodles-tonkotsu_7-15x12.webp 15w, https:\/\/sentaiyuanbio.com\/wp-content\/uploads\/2026\/05\/udon-noodles-tonkotsu_7-600x481.webp 600w\" sizes=\"(max-width: 750px) 100vw, 750px\" \/><\/p>","protected":false},"excerpt":{"rendered":"<p>Massa Udon de Alta Prote\u00edna com Sabor Tonkotsu - Uma op\u00e7\u00e3o de massa saud\u00e1vel e rica em prote\u00ednas. Inclui um pacote de \u00f3leo de alho preto (ingredientes: \u00f3leo de soja, \u00f3leo de alho preto, alho) e um pacote de vegetais (ingredientes: cenouras desidratadas, cebolas verdes desidratadas). Cada por\u00e7\u00e3o (peso l\u00edquido de 2,29 on\u00e7as \/ 65 g) cont\u00e9m 22 gramas de prote\u00edna. Destaques do produto: Naturalmente seco ao ar, baixo teor de gordura, n\u00e3o frito, n\u00e3o OGM, baixo teor de carboidratos.<\/p>","protected":false},"featured_media":6260,"template":"","meta":{"site-sidebar-layout":"default","site-content-layout":"","ast-site-content-layout":"default","site-content-style":"default","site-sidebar-style":"default","ast-global-header-display":"","ast-banner-title-visibility":"","ast-main-header-display":"","ast-hfb-above-header-display":"","ast-hfb-below-header-display":"","ast-hfb-mobile-header-display":"","site-post-title":"","ast-breadcrumbs-content":"","ast-featured-img":"","footer-sml-layout":"","ast-disable-related-posts":"","theme-transparent-header-meta":"default","adv-header-id-meta":"","stick-header-meta":"default","header-above-stick-meta":"","header-main-stick-meta":"","header-below-stick-meta":"","astra-migrate-meta-layouts":"set","ast-page-background-enabled":"default","ast-page-background-meta":{"desktop":{"background-color":"","background-image":"","background-repeat":"repeat","background-position":"center center","background-size":"auto","background-attachment":"scroll","background-type":"","background-media":"","overlay-type":"","overlay-color":"","overlay-opacity":"","overlay-gradient":""},"tablet":{"background-color":"","background-image":"","background-repeat":"repeat","background-position":"center center","background-size":"auto","background-attachment":"scroll","background-type":"","background-media":"","overlay-type":"","overlay-color":"","overlay-opacity":"","overlay-gradient":""},"mobile":{"background-color":"","background-image":"","background-repeat":"repeat","background-position":"center center","background-size":"auto","background-attachment":"scroll","background-type":"","background-media":"","overlay-type":"","overlay-color":"","overlay-opacity":"","overlay-gradient":""}},"ast-content-background-meta":{"desktop":{"background-color":"var(--ast-global-color-5)","background-image":"","background-repeat":"repeat","background-position":"center center","background-size":"auto","background-attachment":"scroll","background-type":"","background-media":"","overlay-type":"","overlay-color":"","overlay-opacity":"","overlay-gradient":""},"tablet":{"background-color":"var(--ast-global-color-5)","background-image":"","background-repeat":"repeat","background-position":"center center","background-size":"auto","background-attachment":"scroll","background-type":"","background-media":"","overlay-type":"","overlay-color":"","overlay-opacity":"","overlay-gradient":""},"mobile":{"background-color":"var(--ast-global-color-5)","background-image":"","background-repeat":"repeat","background-position":"center center","background-size":"auto","background-attachment":"scroll","background-type":"","background-media":"","overlay-type":"","overlay-color":"","overlay-opacity":"","overlay-gradient":""}}},"product_brand":[],"product_cat":[255],"product_tag":[],"class_list":{"0":"post-6254","1":"product","2":"type-product","3":"status-publish","4":"has-post-thumbnail","6":"product_cat-high-protein-udon-noodles","7":"desktop-align-left","8":"tablet-align-left","9":"mobile-align-left","10":"ast-product-gallery-layout-horizontal-slider","11":"ast-product-tabs-layout-horizontal","13":"first","14":"instock","15":"shipping-taxable","16":"product-type-simple"},"_links":{"self":[{"href":"https:\/\/sentaiyuanbio.com\/pt\/wp-json\/wp\/v2\/product\/6254","targetHints":{"allow":["GET"]}}],"collection":[{"href":"https:\/\/sentaiyuanbio.com\/pt\/wp-json\/wp\/v2\/product"}],"about":[{"href":"https:\/\/sentaiyuanbio.com\/pt\/wp-json\/wp\/v2\/types\/product"}],"version-history":[{"count":3,"href":"https:\/\/sentaiyuanbio.com\/pt\/wp-json\/wp\/v2\/product\/6254\/revisions"}],"predecessor-version":[{"id":6272,"href":"https:\/\/sentaiyuanbio.com\/pt\/wp-json\/wp\/v2\/product\/6254\/revisions\/6272"}],"wp:featuredmedia":[{"embeddable":true,"href":"https:\/\/sentaiyuanbio.com\/pt\/wp-json\/wp\/v2\/media\/6260"}],"wp:attachment":[{"href":"https:\/\/sentaiyuanbio.com\/pt\/wp-json\/wp\/v2\/media?parent=6254"}],"wp:term":[{"taxonomy":"product_brand","embeddable":true,"href":"https:\/\/sentaiyuanbio.com\/pt\/wp-json\/wp\/v2\/product_brand?post=6254"},{"taxonomy":"product_cat","embeddable":true,"href":"https:\/\/sentaiyuanbio.com\/pt\/wp-json\/wp\/v2\/product_cat?post=6254"},{"taxonomy":"product_tag","embeddable":true,"href":"https:\/\/sentaiyuanbio.com\/pt\/wp-json\/wp\/v2\/product_tag?post=6254"}],"curies":[{"name":"wp","href":"https:\/\/api.w.org\/{rel}","templated":true}]}}