{"id":6273,"date":"2026-05-13T07:34:03","date_gmt":"2026-05-13T07:34:03","guid":{"rendered":"https:\/\/sentaiyuanbio.com\/"},"modified":"2026-05-13T07:34:04","modified_gmt":"2026-05-13T07:34:04","slug":"ramen-de-udon-com-elevado-teor-proteico-e-sabor-a-caril","status":"publish","type":"product","link":"https:\/\/sentaiyuanbio.com\/pt\/produto\/ramen-de-udon-com-elevado-teor-proteico-e-sabor-a-caril\/","title":{"rendered":"Ramen Udon com elevado teor proteico e sabor a caril"},"content":{"rendered":"<h2>Informa\u00e7\u00f5es sobre o Ramen Udon com elevado teor proteico e sabor a caril<\/h2>\n<p><strong>Ramen:<\/strong> Gl\u00faten de Trigo Vital, Farinha de Trigo, Prote\u00edna de Ervilha, Amido de Tapioca, Fibra de Ervilha, Amido de Batata, Farinha de Arroz Glutinoso, Goma Xantana, <a href=\"https:\/\/sentaiyuanbio.com\/pt\/categoria-produto\/fibra-alimentar-de-konjac\/\" target=\"_blank\" rel=\"noopener\">Farinha de konjac<\/a>, sal, carbonato de s\u00f3dio.<\/p>\n<p><strong>Tempero para caril:<\/strong> Sal, glutamato monoss\u00f3dico, maltodextrina, caril em p\u00f3, a\u00e7\u00facar, malagueta em p\u00f3, extrato de levedura, amido de milho, coco em p\u00f3, curcuma em p\u00f3, goma xantana, 5\u2032-Ribonucle\u00f3tidos diss\u00f3dicos.<\/p>\n<p><strong>Legumes:<\/strong> Cenoura seca, Cebola verde seca.<\/p>\n<p><strong>Informa\u00e7\u00f5es sobre alerg\u00e9nios:<\/strong> Cont\u00e9m trigo.<\/p>\n<table border=\"1\" cellspacing=\"1\">\n<tbody>\n<tr>\n<td align=\"center\" width=\"284\"><b>Energia<\/b><\/td>\n<td align=\"center\" width=\"284\">210kcal<\/td>\n<\/tr>\n<tr>\n<td align=\"center\" width=\"284\"><b>Gordura total<\/b><\/td>\n<td align=\"center\" width=\"284\">1g<\/td>\n<\/tr>\n<tr>\n<td align=\"center\" width=\"284\"><b>S\u00f3dio<\/b><\/td>\n<td align=\"center\" width=\"284\">790mg<\/td>\n<\/tr>\n<tr>\n<td align=\"center\" width=\"284\"><b>Hidratos de carbono totais<\/b><\/td>\n<td align=\"center\" width=\"284\">30g<\/td>\n<\/tr>\n<tr>\n<td align=\"center\" width=\"284\"><b>Fibra alimentar<\/b><\/td>\n<td align=\"center\" width=\"284\">3g<\/td>\n<\/tr>\n<tr>\n<td align=\"center\" width=\"284\"><b>A\u00e7\u00facar total<\/b><\/td>\n<td align=\"center\" width=\"284\">1g<\/td>\n<\/tr>\n<tr>\n<td align=\"center\" width=\"284\"><b>Prote\u00edna<\/b><\/td>\n<td align=\"center\" width=\"284\">22g<\/td>\n<\/tr>\n<\/tbody>\n<\/table>\n<p><img fetchpriority=\"high\" decoding=\"async\" class=\"alignnone wp-image-6282 size-full\" title=\"Udon Ramen Fabricante\" src=\"https:\/\/sentaiyuanbio.com\/wp-content\/uploads\/2026\/05\/Udon-Ramen_1.webp\" alt=\"Udon Ramen Fabricante\" width=\"750\" height=\"661\" srcset=\"https:\/\/sentaiyuanbio.com\/wp-content\/uploads\/2026\/05\/Udon-Ramen_1.webp 750w, https:\/\/sentaiyuanbio.com\/wp-content\/uploads\/2026\/05\/Udon-Ramen_1-300x264.webp 300w, https:\/\/sentaiyuanbio.com\/wp-content\/uploads\/2026\/05\/Udon-Ramen_1-14x12.webp 14w, https:\/\/sentaiyuanbio.com\/wp-content\/uploads\/2026\/05\/Udon-Ramen_1-600x529.webp 600w\" sizes=\"(max-width: 750px) 100vw, 750px\" \/> <img decoding=\"async\" class=\"alignnone wp-image-6283 size-full\" title=\"Udon Ramen Fabricante\" src=\"https:\/\/sentaiyuanbio.com\/wp-content\/uploads\/2026\/05\/Udon-Ramen_2.webp\" alt=\"Udon Ramen Fabricante\" width=\"750\" height=\"592\" srcset=\"https:\/\/sentaiyuanbio.com\/wp-content\/uploads\/2026\/05\/Udon-Ramen_2.webp 750w, https:\/\/sentaiyuanbio.com\/wp-content\/uploads\/2026\/05\/Udon-Ramen_2-300x237.webp 300w, https:\/\/sentaiyuanbio.com\/wp-content\/uploads\/2026\/05\/Udon-Ramen_2-15x12.webp 15w, https:\/\/sentaiyuanbio.com\/wp-content\/uploads\/2026\/05\/Udon-Ramen_2-600x474.webp 600w\" sizes=\"(max-width: 750px) 100vw, 750px\" \/> <img decoding=\"async\" class=\"alignnone wp-image-6284 size-full\" title=\"Udon Ramen Fabricante\" src=\"https:\/\/sentaiyuanbio.com\/wp-content\/uploads\/2026\/05\/Udon-Ramen_3.webp\" alt=\"Udon Ramen Fabricante\" width=\"750\" height=\"549\" srcset=\"https:\/\/sentaiyuanbio.com\/wp-content\/uploads\/2026\/05\/Udon-Ramen_3.webp 750w, https:\/\/sentaiyuanbio.com\/wp-content\/uploads\/2026\/05\/Udon-Ramen_3-300x220.webp 300w, https:\/\/sentaiyuanbio.com\/wp-content\/uploads\/2026\/05\/Udon-Ramen_3-16x12.webp 16w, https:\/\/sentaiyuanbio.com\/wp-content\/uploads\/2026\/05\/Udon-Ramen_3-600x439.webp 600w\" sizes=\"(max-width: 750px) 100vw, 750px\" \/> <img loading=\"lazy\" decoding=\"async\" class=\"alignnone wp-image-6285 size-full\" title=\"Udon Ramen Fabricante\" src=\"https:\/\/sentaiyuanbio.com\/wp-content\/uploads\/2026\/05\/Udon-Ramen_4.webp\" alt=\"Udon Ramen Fabricante\" width=\"750\" height=\"612\" srcset=\"https:\/\/sentaiyuanbio.com\/wp-content\/uploads\/2026\/05\/Udon-Ramen_4.webp 750w, https:\/\/sentaiyuanbio.com\/wp-content\/uploads\/2026\/05\/Udon-Ramen_4-300x245.webp 300w, https:\/\/sentaiyuanbio.com\/wp-content\/uploads\/2026\/05\/Udon-Ramen_4-15x12.webp 15w, https:\/\/sentaiyuanbio.com\/wp-content\/uploads\/2026\/05\/Udon-Ramen_4-600x490.webp 600w\" sizes=\"(max-width: 750px) 100vw, 750px\" \/> <img loading=\"lazy\" decoding=\"async\" class=\"alignnone wp-image-6286 size-full\" title=\"Udon Ramen Fabricante\" src=\"https:\/\/sentaiyuanbio.com\/wp-content\/uploads\/2026\/05\/Udon-Ramen_5.webp\" alt=\"Udon Ramen Fabricante\" width=\"750\" height=\"593\" srcset=\"https:\/\/sentaiyuanbio.com\/wp-content\/uploads\/2026\/05\/Udon-Ramen_5.webp 750w, https:\/\/sentaiyuanbio.com\/wp-content\/uploads\/2026\/05\/Udon-Ramen_5-300x237.webp 300w, https:\/\/sentaiyuanbio.com\/wp-content\/uploads\/2026\/05\/Udon-Ramen_5-15x12.webp 15w, https:\/\/sentaiyuanbio.com\/wp-content\/uploads\/2026\/05\/Udon-Ramen_5-600x474.webp 600w\" sizes=\"(max-width: 750px) 100vw, 750px\" \/> <img loading=\"lazy\" decoding=\"async\" class=\"alignnone wp-image-6287 size-full\" title=\"Udon Ramen Fabricante\" src=\"https:\/\/sentaiyuanbio.com\/wp-content\/uploads\/2026\/05\/Udon-Ramen_6.webp\" alt=\"Udon Ramen Fabricante\" width=\"750\" height=\"615\" srcset=\"https:\/\/sentaiyuanbio.com\/wp-content\/uploads\/2026\/05\/Udon-Ramen_6.webp 750w, https:\/\/sentaiyuanbio.com\/wp-content\/uploads\/2026\/05\/Udon-Ramen_6-300x246.webp 300w, https:\/\/sentaiyuanbio.com\/wp-content\/uploads\/2026\/05\/Udon-Ramen_6-15x12.webp 15w, https:\/\/sentaiyuanbio.com\/wp-content\/uploads\/2026\/05\/Udon-Ramen_6-600x492.webp 600w\" sizes=\"(max-width: 750px) 100vw, 750px\" \/> <img loading=\"lazy\" decoding=\"async\" class=\"alignnone wp-image-6288 size-full\" title=\"Udon Ramen Fabricante\" src=\"https:\/\/sentaiyuanbio.com\/wp-content\/uploads\/2026\/05\/Udon-Ramen_7.webp\" alt=\"Udon Ramen Fabricante\" width=\"750\" height=\"600\" srcset=\"https:\/\/sentaiyuanbio.com\/wp-content\/uploads\/2026\/05\/Udon-Ramen_7.webp 750w, https:\/\/sentaiyuanbio.com\/wp-content\/uploads\/2026\/05\/Udon-Ramen_7-300x240.webp 300w, https:\/\/sentaiyuanbio.com\/wp-content\/uploads\/2026\/05\/Udon-Ramen_7-15x12.webp 15w, https:\/\/sentaiyuanbio.com\/wp-content\/uploads\/2026\/05\/Udon-Ramen_7-600x480.webp 600w\" sizes=\"(max-width: 750px) 100vw, 750px\" \/><\/p>","protected":false},"excerpt":{"rendered":"<p>A Sentaiyuan orgulha-se de apresentar o novo Udon Ramen de Alta Prote\u00edna com Sabor a Caril - a combina\u00e7\u00e3o perfeita de del\u00edcias, conveni\u00eancia e nutri\u00e7\u00e3o para o ajudar a come\u00e7ar a sua vida ativa. Cada ch\u00e1vena de massa cont\u00e9m 22 gramas de prote\u00edna e 210 kcal. Pronto a preparar e a cozinhar durante 6-8 minutos - a escolha r\u00e1pida e saud\u00e1vel ideal para pessoas ocupadas!<\/p>\n<p>Cri\u00e1mos um delicioso e nutritivo ramen 100% \u00e0 base de plantas que \u00e9 significativamente menos prejudicial para o ambiente. \u00c9 bom para o nosso corpo e, juntos, podemos criar uma mudan\u00e7a duradoura!<\/p>","protected":false},"featured_media":6280,"template":"","meta":{"site-sidebar-layout":"default","site-content-layout":"","ast-site-content-layout":"default","site-content-style":"default","site-sidebar-style":"default","ast-global-header-display":"","ast-banner-title-visibility":"","ast-main-header-display":"","ast-hfb-above-header-display":"","ast-hfb-below-header-display":"","ast-hfb-mobile-header-display":"","site-post-title":"","ast-breadcrumbs-content":"","ast-featured-img":"","footer-sml-layout":"","ast-disable-related-posts":"","theme-transparent-header-meta":"default","adv-header-id-meta":"","stick-header-meta":"default","header-above-stick-meta":"","header-main-stick-meta":"","header-below-stick-meta":"","astra-migrate-meta-layouts":"set","ast-page-background-enabled":"default","ast-page-background-meta":{"desktop":{"background-color":"","background-image":"","background-repeat":"repeat","background-position":"center center","background-size":"auto","background-attachment":"scroll","background-type":"","background-media":"","overlay-type":"","overlay-color":"","overlay-opacity":"","overlay-gradient":""},"tablet":{"background-color":"","background-image":"","background-repeat":"repeat","background-position":"center center","background-size":"auto","background-attachment":"scroll","background-type":"","background-media":"","overlay-type":"","overlay-color":"","overlay-opacity":"","overlay-gradient":""},"mobile":{"background-color":"","background-image":"","background-repeat":"repeat","background-position":"center center","background-size":"auto","background-attachment":"scroll","background-type":"","background-media":"","overlay-type":"","overlay-color":"","overlay-opacity":"","overlay-gradient":""}},"ast-content-background-meta":{"desktop":{"background-color":"var(--ast-global-color-5)","background-image":"","background-repeat":"repeat","background-position":"center center","background-size":"auto","background-attachment":"scroll","background-type":"","background-media":"","overlay-type":"","overlay-color":"","overlay-opacity":"","overlay-gradient":""},"tablet":{"background-color":"var(--ast-global-color-5)","background-image":"","background-repeat":"repeat","background-position":"center center","background-size":"auto","background-attachment":"scroll","background-type":"","background-media":"","overlay-type":"","overlay-color":"","overlay-opacity":"","overlay-gradient":""},"mobile":{"background-color":"var(--ast-global-color-5)","background-image":"","background-repeat":"repeat","background-position":"center center","background-size":"auto","background-attachment":"scroll","background-type":"","background-media":"","overlay-type":"","overlay-color":"","overlay-opacity":"","overlay-gradient":""}}},"product_brand":[],"product_cat":[255],"product_tag":[],"class_list":{"0":"post-6273","1":"product","2":"type-product","3":"status-publish","4":"has-post-thumbnail","6":"product_cat-high-protein-udon-noodles","7":"desktop-align-left","8":"tablet-align-left","9":"mobile-align-left","10":"ast-product-gallery-layout-horizontal-slider","11":"ast-product-tabs-layout-horizontal","13":"first","14":"instock","15":"shipping-taxable","16":"product-type-simple"},"_links":{"self":[{"href":"https:\/\/sentaiyuanbio.com\/pt\/wp-json\/wp\/v2\/product\/6273","targetHints":{"allow":["GET"]}}],"collection":[{"href":"https:\/\/sentaiyuanbio.com\/pt\/wp-json\/wp\/v2\/product"}],"about":[{"href":"https:\/\/sentaiyuanbio.com\/pt\/wp-json\/wp\/v2\/types\/product"}],"version-history":[{"count":2,"href":"https:\/\/sentaiyuanbio.com\/pt\/wp-json\/wp\/v2\/product\/6273\/revisions"}],"predecessor-version":[{"id":6290,"href":"https:\/\/sentaiyuanbio.com\/pt\/wp-json\/wp\/v2\/product\/6273\/revisions\/6290"}],"wp:featuredmedia":[{"embeddable":true,"href":"https:\/\/sentaiyuanbio.com\/pt\/wp-json\/wp\/v2\/media\/6280"}],"wp:attachment":[{"href":"https:\/\/sentaiyuanbio.com\/pt\/wp-json\/wp\/v2\/media?parent=6273"}],"wp:term":[{"taxonomy":"product_brand","embeddable":true,"href":"https:\/\/sentaiyuanbio.com\/pt\/wp-json\/wp\/v2\/product_brand?post=6273"},{"taxonomy":"product_cat","embeddable":true,"href":"https:\/\/sentaiyuanbio.com\/pt\/wp-json\/wp\/v2\/product_cat?post=6273"},{"taxonomy":"product_tag","embeddable":true,"href":"https:\/\/sentaiyuanbio.com\/pt\/wp-json\/wp\/v2\/product_tag?post=6273"}],"curies":[{"name":"wp","href":"https:\/\/api.w.org\/{rel}","templated":true}]}}